{"id":7283,"date":"2018-07-26T11:08:50","date_gmt":"2018-07-26T11:08:50","guid":{"rendered":"http:\/\/europeanmoving.co.uk\/?page_id=7283"},"modified":"2020-11-03T15:23:52","modified_gmt":"2020-11-03T15:23:52","slug":"internationaux","status":"publish","type":"page","link":"https:\/\/europeanmoving.co.uk\/sv\/internationaux\/","title":{"rendered":"D\u00e9m\u00e9nagements internationaux"},"content":{"rendered":"<h1 class=\"title-heading-left\"><strong><span>Europeiska och internationella flytt<\/span><\/strong><\/h1>\n<p><img src=\"https:\/\/europeanmoving.info\/wp-content\/uploads\/2018\/07\/international-removals-european-moving.jpg\" \/><\/p>\n<p><span>Flytta till Frankrike, Spanien, Belgien, Italien eller kanske lite mer \u00e4ventyrligt och l\u00e4ngre bort?\u00a0Budapest i Ungern, Grekland eller en baltisk stat?\u00a0Du kommer att beh\u00f6va ett internationellt flyttf\u00f6retag f\u00f6r att se till att din utflykt \u00f6ver hela Europa fungerar effektivt och smidigt.<\/span><br \/>\n<strong><span>Om du planerar att ta bort dina internationella utflyttningar, l\u00e5t oss bjuda in dig att kolla v\u00e5r flyttguide: Det hj\u00e4lper dig att planera och f\u00f6rbereda din flytt.<\/span><\/strong><br \/>\n<span>Planera inf\u00f6r evenemanget s\u00e5 har du en mycket st\u00f6rre chans till framg\u00e5ngsrika och incidentfria internationella borttagningar.\u00a0Att till exempel k\u00e4nna till volymen och vikten p\u00e5 ditt drag g\u00f6r att du kan best\u00e4mma hur m\u00e5nga sk\u00e5pbilar du beh\u00f6ver.\u00a0P\u00e5 samma s\u00e4tt m\u00e4ngden f\u00f6rpackningsmaterial f\u00f6r den potentiellt h\u00f6ga k\u00f6rstr\u00e4ckan \u00f6ver hela Europa;\u00a0L\u00e5dor, plastf\u00f6rpackningar mm har alla en plats.<\/span><br \/>\n<span>Dina internationella flyttningar b\u00f6rjar vid ditt nuvarande hem.\u00a0Var noga med att planera din f\u00f6rpackning s\u00e5 att f\u00f6rem\u00e5l som du snabbt beh\u00f6ver i ditt nya EU-hem blir l\u00e4tta att komma \u00e5t.\u00a0Se till att dina v\u00e4rdefulla tillh\u00f6righeter \u00e4r v\u00e4lpackade.\u00a0Att flytta hus till Europa \u00e4r en potentiellt l\u00e5ng och utmanande resa, du kan inte riktigt \u00f6verpacka och skydda.<\/span><br \/>\n<span>\u00c4ven om det \u00e4r allm\u00e4nt k\u00e4nt att gratis resa \u00f6ver hela Europa \u00e4r normalt, finns det fortfarande \u00f6verv\u00e4ganden som v\u00e4gtullar, mjuka gr\u00e4nskontroller av laster samt lokala problem som broar och tunnlar f\u00f6r att potentiellt kunna navigera i stora europeiska flyttbilar.\u00a0L\u00e5t oss ta hand om alla dessa potentiella problem f\u00f6r dig.<\/span><\/p>\n<p><span>Kostnader f\u00f6r internationella flyttningar \u00e4r potentiellt ett problem f\u00f6r m\u00e5nga m\u00e4nniskor och av den anledningen erbjuder vi tv\u00e5 tj\u00e4nster f\u00f6r dina internationella flyttningar.<\/span><\/p>\n<h2><strong><span>Internationella flyttar: EasyMoves<\/span><\/strong><\/h2>\n<p><span>Riktar sig fr\u00e4mst till de med ett st\u00f6rre antal f\u00f6rem\u00e5l som ska flyttas \u00f6ver hela Europa, best\u00e5ende av upp till fyra europeiska flyttbilar.\u00a05 timmars laddningstid &#8211; vilket \u00e4r gott och hj\u00e4lp fr\u00e5n v\u00e5ra f\u00f6rare och moverassistenter vid lastning av sk\u00e5pbilarna.<\/span><\/p>\n<h2><strong><span>Internationella flyttar: Load &amp; Go<\/span><\/strong><\/h2>\n<p><span>L\u00e4mplig f\u00f6r de m\u00e4nniskor som arbetar med en budget f\u00f6r att transportera maximala belopp \u00f6ver hela Europa till l\u00e4gsta m\u00f6jliga priser.<\/span><\/p>\n","protected":false},"excerpt":{"rendered":"<p>Europeiska och internationella flytt Flytta till Frankrike, Spanien, Belgien, Italien eller kanske lite mer \u00e4ventyrligt och l\u00e4ngre bort?\u00a0Budapest i Ungern, Grekland eller en baltisk stat?\u00a0Du kommer att beh\u00f6va ett internationellt flyttf\u00f6retag f\u00f6r att se till att din utflykt \u00f6ver hela Europa fungerar effektivt och smidigt. Om du planerar att ta bort dina internationella utflyttningar, l\u00e5t [&hellip;]<\/p>\n","protected":false},"author":13,"featured_media":0,"parent":0,"menu_order":0,"comment_status":"closed","ping_status":"closed","template":"","meta":[],"yst_prominent_words":[4309,12231,5853,12700,12112,12164],"_links":{"self":[{"href":"https:\/\/europeanmoving.co.uk\/sv\/wp-json\/wp\/v2\/pages\/7283"}],"collection":[{"href":"https:\/\/europeanmoving.co.uk\/sv\/wp-json\/wp\/v2\/pages"}],"about":[{"href":"https:\/\/europeanmoving.co.uk\/sv\/wp-json\/wp\/v2\/types\/page"}],"author":[{"embeddable":true,"href":"https:\/\/europeanmoving.co.uk\/sv\/wp-json\/wp\/v2\/users\/13"}],"replies":[{"embeddable":true,"href":"https:\/\/europeanmoving.co.uk\/sv\/wp-json\/wp\/v2\/comments?post=7283"}],"version-history":[{"count":7,"href":"https:\/\/europeanmoving.co.uk\/sv\/wp-json\/wp\/v2\/pages\/7283\/revisions"}],"predecessor-version":[{"id":23206,"href":"https:\/\/europeanmoving.co.uk\/sv\/wp-json\/wp\/v2\/pages\/7283\/revisions\/23206"}],"wp:attachment":[{"href":"https:\/\/europeanmoving.co.uk\/sv\/wp-json\/wp\/v2\/media?parent=7283"}],"wp:term":[{"taxonomy":"yst_prominent_words","embeddable":true,"href":"https:\/\/europeanmoving.co.uk\/sv\/wp-json\/wp\/v2\/yst_prominent_words?post=7283"}],"curies":[{"name":"wp","href":"https:\/\/api.w.org\/{rel}","templated":true}]}}