{"id":22328,"date":"2020-09-18T09:15:24","date_gmt":"2020-09-18T09:15:24","guid":{"rendered":"http:\/\/europeanmoving.im\/?page_id=22328"},"modified":"2020-09-18T09:15:24","modified_gmt":"2020-09-18T09:15:24","slug":"prissattningsdetaljer","status":"publish","type":"page","link":"https:\/\/europeanmoving.co.uk\/sv\/prissattningsdetaljer\/","title":{"rendered":"Priss\u00e4ttningsdetaljer"},"content":{"rendered":"<p>&nbsp;<\/p>\n<h1 data-fontsize=\"30\" data-lineheight=\"42\"><span>Viktigt: Det angivna priset baseras p\u00e5 antingen kubik kapacitet eller vikt (beroende p\u00e5 vilket som \u00e4r st\u00f6rst)<\/span><\/h1>\n<p><strong><span>Till exempel:<\/span><\/strong><span>\u00a0Dina varor f\u00e5r endast ha 10 m\u00b3 kubik kapacitet men v\u00e4ga 1000 kg, i vilket fall detta kommer att vara en full belastning p\u00e5 vikten.\u00a0Se f\u00f6ljande &#8211;\u00a0<\/span><\/p>\n<p><strong><span>Full belastning<\/span><\/strong><span>\u00a0= 20 m\u00b3 eller 1000 kg (beroende p\u00e5 vilket som \u00e4r st\u00f6rst)<\/span><\/p>\n<p><strong><span>Delbelastningar<\/span><\/strong><span>\u00a0= Varje enhet best\u00e5r av 1 m\u00b3 eller 50 kg (beroende p\u00e5 vilket som \u00e4r st\u00f6rst)<\/span><\/p>\n<h1 data-fontsize=\"30\" data-lineheight=\"42\"><u><strong><span>Extra arbetskraft f\u00f6r\u00a0<\/span><\/strong><\/u><u><strong><span>Storbritannien<\/span><\/strong><\/u><\/h1>\n<p><strong><span>1 hj\u00e4lpare = 200 \u00a3 + moms<\/span><\/strong><\/p>\n<p><strong><span>2 hj\u00e4lpare = \u00a3 350 + moms<\/span><\/strong><\/p>\n<p><strong><span>3 hj\u00e4lpare = \u00a3 500 + moms<\/span><\/strong><\/p>\n<p>&nbsp;<\/p>\n<h1 data-fontsize=\"30\" data-lineheight=\"42\"><u><strong><span>Extra arbetskraft f\u00f6r alla andra europeiska l\u00e4nder (\u00a0<\/span><\/strong><\/u><u><strong><span>icke\u00a0<\/span><span>Storbritannien\u00a0<\/span><\/strong><\/u><u><strong><span>)<\/span><\/strong><\/u><\/h1>\n<p><strong><span>1 hj\u00e4lpare = \u20ac 250 + moms<\/span><\/strong><\/p>\n<p><strong><span>2 hj\u00e4lpare = 450 \u20ac + moms<\/span><\/strong><\/p>\n<p><strong><span>3 hj\u00e4lpare = 600 \u20ac + moms<\/span><\/strong><\/p>\n<p>&nbsp;<\/p>\n<p><span>Finns i de flesta st\u00e4der och st\u00f6rre kustst\u00e4der, prata med din flyttkoordinator f\u00f6r mer information p\u00e5 +44 203 9662905 eller mejl\u00a0<\/span><a href=\"mailto:europeanmoving@europeanmoving.org\"><span>europeanmoving@europeanmoving.org<\/span><\/a><\/p>\n<p>&nbsp;<\/p>\n<h1 data-fontsize=\"30\" data-lineheight=\"42\"><span style=\"font-size: x-large;\"><strong><u><span>F\u00f6rpackningstj\u00e4nster.<\/span><\/u><\/strong><\/span><\/h1>\n<p><strong><span>1 sk\u00e5pbil = 1375 \u20ac \/ 1235 \u00a3 + moms<\/span><\/strong><\/p>\n<p><strong><span>2 sk\u00e5pbilar = 2695 \u20ac \/ 2420 \u00a3 + moms<\/span><\/strong><\/p>\n<p><strong><span>3 sk\u00e5pbilar = 3850 \u20ac \/ 3450 \u00a3 + moms<\/span><\/strong><\/p>\n<p>&nbsp;<\/p>\n<p><em><strong><span>Inkluderar hj\u00e4lp med lastning av sk\u00e5pbilen<\/span><\/strong><\/em><\/p>\n<p><span>Tj\u00e4nsten inkluderar allt f\u00f6rpackningsmaterial p\u00e5 insamlingsdagen. Tala med din flyttkoordinator f\u00f6r mer information p\u00e5 +44 203 9662905 eller mejl\u00a0<\/span><a href=\"mailto:europeanmoving@europeanmoving.org\"><span>europeanmoving@europeanmoving.org<\/span><\/a><\/p>\n<p>&nbsp;<\/p>\n<h1 data-fontsize=\"30\" data-lineheight=\"42\"><span style=\"font-size: x-large;\"><strong><u><span>Uppackning vid leverans<\/span><\/u><\/strong><\/span><\/h1>\n<p><strong><span>1 sk\u00e5pbil = 1100 \u20ac \/ 995 \u00a3 + moms<\/span><\/strong><\/p>\n<p><strong><span>2 sk\u00e5pbilar = \u20ac 2200 \/ \u00a3 1950 + moms<\/span><\/strong><\/p>\n<p><strong><span>3 sk\u00e5pbilar = \u20ac 3300 \/ \u00a3 2950 + moms<\/span><\/strong><\/p>\n<p>&nbsp;<\/p>\n<p>&nbsp;<\/p>\n<p><em><strong><span>Inkluderar hj\u00e4lp med lossning av sk\u00e5pbilen<\/span><\/strong><\/em><\/p>\n<p><span>Prata med din flyttkoordinator f\u00f6r mer information p\u00e5 +44 203 9662905 eller mejl\u00a0<\/span><a href=\"mailto:europeanmoving@europeanmoving.org\"><span>europeanmoving@europeanmoving.org<\/span><\/a><\/p>\n<p><strong><span>Endast tillg\u00e4ngligt i Storbritannien och Irland, andra l\u00e4nder tillg\u00e4ngliga p\u00e5 beg\u00e4ran<\/span><\/strong><\/p>\n<p>&nbsp;<\/p>\n<h1 data-fontsize=\"30\" data-lineheight=\"42\"><span style=\"font-size: x-large;\"><strong><a href=\"https:\/\/europeanmoving.co.uk\/international-load-and-go-transport-only-service\/?utm_source=emailNiftyQuote&amp;utm_medium=loadNgo&amp;utm_campaign=a&amp;utm_term=b&amp;utm_content=c\"><u><span>Load N Go &#8211; insamling och leverans av v\u00e4garna<\/span><\/u><\/a><\/strong><\/span><\/h1>\n<p>&nbsp;<\/p>\n<p><span>Detta \u00e4r v\u00e5r l\u00e4gsta kostnadsl\u00f6sning och riktar sig till kunder med mindre delbelastningar som kan b\u00e4ra alla sina tillh\u00f6righeter till och fr\u00e5n sk\u00e5pbilen eller f\u00f6r kunder som har gott om hj\u00e4lp med b\u00e5de insamling och leverans f\u00f6r att g\u00f6ra lastning och lossning &#8211;\u00a0<\/span><strong><span>f\u00f6raren hj\u00e4lper bara till och fr\u00e5n sk\u00e5pbilen.<\/span><\/strong><\/p>\n<h1 data-fontsize=\"30\" data-lineheight=\"42\"><a href=\"https:\/\/europeanmoving.co.uk\/international-removal-service-easy-moves\/?utm_source=emailNiftyQuote&amp;utm_medium=easyMoves&amp;utm_campaign=a&amp;utm_term=b&amp;utm_content=c\"><span style=\"font-size: x-large;\"><strong><u><span>EasyMoves &#8211; hj\u00e4lp fr\u00e5n f\u00f6raren &#8211; endast bottenv\u00e5ningen<\/span><\/u><\/strong><\/span><\/a><\/h1>\n<p>&nbsp;<\/p>\n<p><span>V\u00e5r mest popul\u00e4ra l\u00e5gkostnadsl\u00f6sning riktar sig till kunder med st\u00f6rre f\u00f6rem\u00e5l eller fullborttagning.\u00a0Var och en av v\u00e5ra Luton-sk\u00e5pbilar levereras med en f\u00f6rare som hj\u00e4lper till med lastnings- och lossningsrummet till rummet &#8211; endast bottenv\u00e5ningen.\u00a0Det rekommenderas att f\u00f6r varje Luton-sk\u00e5pbil och chauff\u00f6r som tillhandah\u00e5lls av oss att kunden ska tillhandah\u00e5lla minst en arbetsf\u00f6rm\u00e5ga som kan hj\u00e4lpa till.\u00a0Till exempel: 1 sk\u00e5pbil = 1 extra hj\u00e4lpare eller 2 sk\u00e5pbilar = 2 extra hj\u00e4lpare<\/span><\/p>\n<p>&nbsp;<\/p>\n<h1 data-fontsize=\"30\" data-lineheight=\"42\"><a href=\"https:\/\/europeanmoving.co.uk\/?utm_source=emailNiftyQuote&amp;utm_medium=loadingUnloadingTimes&amp;utm_campaign=a&amp;utm_term=b&amp;utm_content=c\"><span style=\"font-size: x-large;\"><strong><u><span>Lastning och lossningstider<\/span><\/u><\/strong><\/span><\/a><\/h1>\n<p>&nbsp;<\/p>\n<ul>\n<li><span>Fullbelastning (1 sk\u00e5pbil eller mer) = 5 timmars lastning och 3 timmars lossning<\/span><\/li>\n<li><span>Delbelastningar (mindre \u00e4n 16 m\u00b3) = 3 timmars lastning och 3 timmars lossning<\/span><\/li>\n<\/ul>\n<h1 data-fontsize=\"30\" data-lineheight=\"42\"><a href=\"https:\/\/europeanmoving.co.uk\/?utm_source=emailNiftyQuote&amp;utm_medium=collectionDayTimes&amp;utm_campaign=a&amp;utm_term=b&amp;utm_content=c\"><span style=\"font-size: x-large;\"><strong><u><span>Samlingsdag och tider<\/span><\/u><\/strong><\/span><\/a><\/h1>\n<p>&nbsp;<\/p>\n<p><u><strong><span>Delbelastningar<\/span><\/strong>\u00a0\u00a0<\/u><\/p>\n<p>&nbsp;<\/p>\n<p><strong><span>Insamling<\/span><\/strong><span>\u00a0&#8211; Flexibel insamling 3 &#8211; 14 p\u00e5 varandra f\u00f6ljande arbetsdagar, beroende p\u00e5 vald tj\u00e4nst.<\/span><\/p>\n<p><strong><span>Leverans\u00a0<\/span><\/strong><span>\u00a0\u00a0 &#8211; Mellan 1 dag och 2 veckor, beroende p\u00e5 vald tj\u00e4nst &#8211; du kan inte v\u00e4lja ett specifikt datum mellan denna tidsram.<\/span><\/p>\n<p><span>Vi kr\u00e4ver att n\u00e5gon \u00e4r tillg\u00e4nglig mellan kl. 08.00 och 18.00 f\u00f6r b\u00e5de upph\u00e4mtning och leverans.\u00a0<\/span><\/p>\n<p>&nbsp;<\/p>\n<p><strong><span>Observera<\/span><\/strong><span>\u00a0: Om du har f\u00e5tt en ca.\u00a0n\u00e4r detta har gjorts s\u00e5 i god tro \u00e4r det viktigt att n\u00e5gon \u00e4r tillg\u00e4nglig hela dagen, eftersom f\u00f6rseningar ibland kan uppst\u00e5 p\u00e5 grund av flera upph\u00e4mtningar och avl\u00e4mningar.<\/span><\/p>\n<p>&nbsp;<\/p>\n<p><u><strong><span>Full last<\/span><\/strong>\u00a0<\/u><\/p>\n<p>&nbsp;<\/p>\n<p><span>H\u00e4mtningsdag efter eget val m\u00e5ndag till l\u00f6rdag och direkt leverans (beroende p\u00e5 avst\u00e5nd)<\/span><\/p>\n<p><span>Vi erbjuder dig ett val mellan morgontid eller eftermiddag f\u00f6r att m\u00f6jligg\u00f6ra trafikproblem eller f\u00f6rseningar, dessa \u00e4r f\u00f6ljande:\u00a0<\/span><\/p>\n<p><strong><span>Morgon<\/span><\/strong><span>\u00a0&#8211; 08.00 &#8211; 12.00<\/span><\/p>\n<p><strong><span>Eftermiddag<\/span><\/strong><span>\u00a0&#8211; 12 &#8211; 16<\/span><\/p>\n<p><strong><span>Observera:<\/span><\/strong><span>\u00a0Dina varor skickas direkt till leveransdestinationen fr\u00e5n insamling och d\u00e4rf\u00f6r m\u00e5ste n\u00e5gon vara tillg\u00e4nglig f\u00f6r att ta emot dina varor n\u00e4r de anl\u00e4nder.\u00a0<\/span><\/p>\n<p><span>Om du beh\u00f6ver extra tid f\u00f6r att ta dig till din destination kan vi erbjuda f\u00f6ljande alternativ, men kom ih\u00e5g att det\u00a0<\/span><strong><span>billigaste<\/span><\/strong><span>\u00a0s\u00e4ttet att skicka dina varor \u00e4r direkt.<\/span><\/p>\n<p>&nbsp;<\/p>\n<p><strong><span>1.<\/span><\/strong><span>\u00a0Vi kan h\u00e5lla dina varor p\u00e5 sk\u00e5pbilen i\u00a0<\/span><strong><span>h\u00f6gst<\/span><\/strong><span>\u00a0tv\u00e5 dagar, kostnaden blir\u00a0<\/span><strong><span>minst<\/span><\/strong><span>\u00a0\u20ac 200 eller \u00a3 180 per dag.\u00a0Prata med en av v\u00e5ra flyttkoordinatorer f\u00f6r mer information.<\/span><\/p>\n<p>&nbsp;<\/p>\n<p><strong><span>2.<\/span><\/strong><span>\u00a0Om din f\u00f6rs\u00e4ndelse passerar en av v\u00e5ra dep\u00e5er i Folkestone, Storbritannien eller Luxemburg kan vi ordna att ta dina varor till lagring, se f\u00f6ljande kostnader f\u00f6r denna tj\u00e4nst &#8211;<\/span><br \/>\n<span>F\u00f6r insamling och leveranser till och fr\u00e5n Venedig, inkluderar priset endast upp till n\u00e4rmaste punkt som sk\u00e5pbilen kan komma \u00e5t.\u00a0T\u00e4nk p\u00e5 att detta vanligtvis \u00e4r den st\u00f6rsta parkeringen p\u00e5 \u00f6n, d\u00e4rf\u00f6r m\u00e5ste du (som kund) ordna den lokala delen av din insamling eller leverans med b\u00e5t om det beh\u00f6vs.\u00a0Detta g\u00e4ller f\u00f6r alla \u00f6ar d\u00e4r vi har vissa restriktioner f\u00f6r v\u00e4gtransport.<\/span><\/p>\n<p><strong><em><span>Observera: Under augusti kan vi inte garantera att delbelastningar levereras inom angiven tid och kan ta l\u00e4ngre tid.<\/span><\/em><\/strong><\/p>\n<p><em><span>Alla tider och tider anges i god tro, men p\u00e5 grund av verksamhetens karakt\u00e4r och de l\u00e5nga avst\u00e5nd som f\u00f6rarna t\u00e4cker f\u00f6rseningar kan ibland uppst\u00e5.\u00a0Vi kommer alltid att f\u00f6rs\u00f6ka hitta en alternativ l\u00f6sning om m\u00f6jligt, men f\u00f6r klarg\u00f6rande erbjuder vi inte kompensation f\u00f6r sena insamlingar eller leveranser<\/span><\/em><\/p>\n<h1 data-fontsize=\"30\" data-lineheight=\"42\"><a href=\"https:\/\/europeanmoving.co.uk\/international-storage-solutions-for-goods\/?utm_source=emailNiftyQuote&amp;utm_medium=storage&amp;utm_campaign=a&amp;utm_term=b&amp;utm_content=c\"><span style=\"font-size: x-large;\"><strong><u><span>Lagring &#8211; alla priser \u00e4r\u00a0inklusive\u00a0<\/span><span>moms<\/span><\/u><\/strong><\/span><\/a><\/h1>\n<p><span>F\u00f6r lagringspriser, klicka h\u00e4r:\u00a0\u00a0<\/span><strong><a href=\"https:\/\/europeanmoving.co.uk\/international-storage-solutions-for-goods\/\"><span>https:\/\/europeanmoving.co.uk\/international-storage-solutions-for-goods\/<\/span><\/a><\/strong><\/p>\n<h1 title=\"Klicka f\u00f6r att \u00e4ndra\" data-fontsize=\"30\" data-lineheight=\"42\"><\/h1>\n<h1 data-fontsize=\"30\" data-lineheight=\"42\"><a href=\"https:\/\/europeanmoving.co.uk\/?utm_source=emailNiftyQuote&amp;utm_medium=packingProtectingYourGoods&amp;utm_campaign=a&amp;utm_term=b&amp;utm_content=c\"><span style=\"font-size: x-large;\"><strong><u><span>Packa och skydda dina varor<\/span><\/u><\/strong><\/span><\/a><\/h1>\n<p data-pd-redactor=\"\"><span>L\u00e4s v\u00e5r Movers Guide s\u00e5 att du kan se till att dina f\u00f6rem\u00e5l \u00e4r f\u00f6rpackade ordentligt:<\/span><\/p>\n<p data-pd-redactor=\"\"><span>http:\/\/europeanmoving.co.uk\/transportation-and-movers-guide<\/span><\/p>\n<p data-pd-redactor=\"\">\n<p data-pd-redactor=\"\"><span>V\u00e5ra sk\u00e5pbilar\u00a0<\/span><strong><span>levereras INTE<\/span><\/strong><span>\u00a0med filtar eller lastutrustning, dessa m\u00e5ste tillhandah\u00e5llas av kunden om det beh\u00f6vs<\/span><\/p>\n<p data-pd-redactor=\"\">\n<p data-pd-redactor=\"\"><span>V\u00e5ra sk\u00e5pbilar\u00a0<\/span><strong><span>levereras INTE<\/span><\/strong><span>\u00a0\u00a0med bakliftar som standard (du m\u00e5ste beg\u00e4ra detta vid bokningen och det \u00e4r beroende av tillg\u00e4nglighet)<\/span><\/p>\n<p data-pd-redactor=\"\">\n<p data-pd-redactor=\"\">\n<h1 data-fontsize=\"30\" data-lineheight=\"42\"><a href=\"https:\/\/europeanmoving.co.uk\/international-movers-and-removers-insurance\/?utm_source=emailNiftyQuote&amp;utm_medium=insurance&amp;utm_campaign=a&amp;utm_term=b&amp;utm_content=c\"><span style=\"font-size: x-large;\"><strong><u><span>F\u00f6rs\u00e4kring<\/span><\/u><\/strong><\/span><\/a><\/h1>\n<p data-pd-redactor=\"\"><span>V\u00e5r offert exkluderar f\u00f6rs\u00e4kringsskydd, men snarare \u00e4n att f\u00f6rs\u00f6ka s\u00e4lja dig on\u00f6dig f\u00f6rs\u00e4kring som de flesta av v\u00e5ra konkurrenter g\u00f6r f\u00f6r ytterligare 3% bara f\u00f6r att hitta v\u00e5r din f\u00f6rs\u00e4kring har en hel lista med begr\u00e4nsningar vi erbjuder \u00a3 40 per artikel eller l\u00e5daskadest\u00e5nd upp till \u00a3 10.000 per s\u00e4ndning.\u00a0Detta \u00e4r enbart vid en total f\u00f6rlust eller en saknad sak efter bevis p\u00e5 ett undertecknat lager.\u00a0Du kanske ocks\u00e5 uppt\u00e4cker att du redan har en f\u00f6rs\u00e4kring p\u00e5 plats under din hush\u00e5llspolicy eller kommer att kunna l\u00e4gga till borttagningsf\u00f6rs\u00e4kring i din hush\u00e5llspolicy f\u00f6r cirka \u00a3 30 och om inte s\u00e5 finns det m\u00e5nga tredjepartsleverant\u00f6rer p\u00e5 internet som kan hj\u00e4lpa till mycket l\u00e4gre priser \u00e4n \u00e4n de 3% som ofta citeras av de flesta flyttf\u00f6retag.\u00a0Se v\u00e5r\u00a0<\/span><strong><a href=\"https:\/\/europeanmoving.co.uk\/international-movers-and-removers-insurance\/?utm_source=emailNiftyQuote&amp;utm_medium=insurance&amp;utm_campaign=a&amp;utm_term=b&amp;utm_content=c\"><span>F\u00d6RS\u00c4KRINGSSIDA<\/span><\/a>\u00a0<\/strong><span>p\u00e5 v\u00e5r hemsida f\u00f6r fullst\u00e4ndig information d\u00e4r du ocks\u00e5 hittar n\u00e5gra f\u00f6rslag om du vill s\u00f6ka fullst\u00e4ndig t\u00e4ckning.\u00a0<\/span><\/p>\n<p data-pd-redactor=\"\"><strong><span>Det finns inget skydd f\u00f6r allm\u00e4nna sprickor eller transportskador hos oss eller v\u00e5ra f\u00f6rs\u00e4kringsgivare, s\u00e5 se till att dina saker \u00e4r v\u00e4l skyddade och att din hush\u00e5llsf\u00f6rs\u00e4kring t\u00e4cker dig f\u00f6r s\u00e5dana \u00e4renden, de flesta har redan t\u00e4ckning men kontrollera det finstilta.<\/span><\/strong><\/p>\n<p data-pd-redactor=\"\">\n<h1 data-fontsize=\"30\" data-lineheight=\"42\"><a href=\"https:\/\/europeanmoving.co.uk\/?utm_source=emailNiftyQuote&amp;utm_medium=inventory3-5DaysBeforeCollection&amp;utm_campaign=a&amp;utm_term=b&amp;utm_content=c\"><span style=\"font-size: x-large;\"><strong><u><span>Inventar 3-5 dagar f\u00f6re upph\u00e4mtning<\/span><\/u><\/strong><\/span><\/a><\/h1>\n<p><span>Du m\u00e5ste skicka ett slutligt inventering \u00e5t oss minst tre till fem arbetsdagar f\u00f6re flytten.\u00a0Skriv ocks\u00e5 ut tv\u00e5 papperskopior, en f\u00f6r dig sj\u00e4lv och en f\u00f6r f\u00f6raren.\u00a0Alla varor m\u00e5ste kontrolleras p\u00e5 och avkryssas av sk\u00e5pbilen vid h\u00e4mtning och leverans, du sj\u00e4lv och f\u00f6raren m\u00e5ste underteckna b\u00e5da exemplaren.\u00a0<\/span><\/p>\n<h1 data-fontsize=\"30\" data-lineheight=\"42\"><a href=\"https:\/\/europeanmoving.co.uk\/?utm_source=emailNiftyQuote&amp;utm_medium=excessiveWeight&amp;utm_campaign=a&amp;utm_term=b&amp;utm_content=c\"><span style=\"font-size: x-large;\"><strong><u><span>\u00d6verdriven vikt<\/span><\/u><\/strong><\/span><\/a><\/h1>\n<p data-pd-redactor=\"\">\n<p><em><strong><span>Varje sk\u00e5pbil kan ha max 1000 kg (full last)<\/span><\/strong><\/em><\/p>\n<p><em><strong><span>eller 50 kg per m3 (delbelastning)<\/span><\/strong><\/em><br \/>\n<strong><span>Om din belastning blir \u00f6verviktig vid insamlingen kommer du att debiteras enligt f\u00f6ljande &#8211;<\/span><\/strong><\/p>\n<p>&nbsp;<\/p>\n<p><u><strong><span>DELLADDNINGAR\u00a0<\/span><\/strong><\/u><strong>\u00a0\u00a0<\/strong><\/p>\n<p><strong><span>Varje enhet best\u00e5r av 1 m eller 50 kg (beroende p\u00e5 vilken som n\u00e5s f\u00f6rst)<\/span><\/strong><\/p>\n<p><strong><span>Du kommer att debiteras f\u00f6r varje ytterligare enhet i f\u00f6rh\u00e5llande till din ursprungliga bokning<\/span><\/strong><\/p>\n<p>&nbsp;<\/p>\n<p><u><strong><span>FULLBELASTNING<\/span><\/strong><\/u><strong><span>\u00a0\u00a0(20m3 eller 1000kgs, beroende p\u00e5 vilket som \u00e4r st\u00f6rst)<\/span><\/strong><\/p>\n<p>&nbsp;<\/p>\n<p><strong><span>Om dina varor \u00f6verstiger 20m3 eller 1000kgs har du m\u00f6jlighet att antingen boka en extra dellast f\u00f6r en annan tid eller en extra sk\u00e5pbil \/ er beroende p\u00e5 resten av varan kvar.\u00a0Vi kan vanligtvis ordna ytterligare sk\u00e5pbilar antingen samma dag eller n\u00e4sta dag.<\/span><\/strong><\/p>\n<p>&nbsp;<\/p>\n<p data-pd-redactor=\"\"><strong data-redactor-tag=\"strong\"><span>F\u00f6r h\u00f6g vikt p\u00e5 grund av \u00f6verbelastning av sk\u00e5pbilarna \u00e4r kundens ansvar, alla b\u00f6ter av polis, VOSA eller andra utl\u00e4ndska myndigheter kommer att beh\u00f6va betalas av kunden innan fordonen skickas till lossningsdestinationen.\u00a0Avgifter f\u00f6r \u00e5tervinning av \u00f6verbelastade varor tillkommer ocks\u00e5.<\/span><\/strong><\/p>\n<p data-pd-redactor=\"\">\n<h1 data-fontsize=\"30\" data-lineheight=\"42\"><a href=\"https:\/\/europeanmoving.co.uk\/?utm_source=emailNiftyQuote&amp;utm_medium=ferryTollCrossingCharges&amp;utm_campaign=a&amp;utm_term=b&amp;utm_content=c\"><span style=\"font-size: x-large;\"><strong><u><span>Avgifter f\u00f6r f\u00e4rja och v\u00e4gtrafik<\/span><\/u><\/strong><\/span><\/a><\/h1>\n<p><span>Alla v\u00e4gtullar och f\u00e4rjetrafik p\u00e5 fastlandet ing\u00e5r i offerten.\u00a0N\u00e5gra av de mer avl\u00e4gsna eller obskyra \u00f6arna eller destinationerna\u00a0\u00a0<\/span><strong><span>ing\u00e5r dock inte<\/span><\/strong><span>\u00a0(inklusive n\u00e5gra av de grekiska \u00f6arna).\u00a0Om du \u00e4r os\u00e4ker kan du prata med en av v\u00e5ra erfarna flyttkoordinatorer.<\/span><\/p>\n<p><em><span>** I vissa fall f\u00f6r mindre f\u00f6rs\u00e4ndelser, vanligtvis under 5 m\u00b3, kan dina varor skickas p\u00e5 en palltj\u00e4nst **<\/span><\/em><\/p>\n<p><em><span>** I s\u00e4llsynta fall om dina varor transporteras till n\u00e5gra av de mindre europeiska \u00f6arna kan dina varor skickas med fraktcontainer &#8211; eventuella extra kostnader som anv\u00e4nds av denna tj\u00e4nst t\u00e4cks av European Moving **<\/span><\/em><\/p>\n<p>&nbsp;<\/p>\n<p>&nbsp;<\/p>\n<h1 data-fontsize=\"30\" data-lineheight=\"42\"><a href=\"https:\/\/europeanmoving.co.uk\/?utm_source=emailNiftyQuote&amp;utm_medium=customsClearance&amp;utm_campaign=a&amp;utm_term=b&amp;utm_content=c\"><span style=\"font-size: x-large;\"><strong><u><span>Tullklarering<\/span><\/u><\/strong><\/span><\/a><\/h1>\n<p><span>V\u00e5ra erbjudanden inkluderar tullklareringsavgifter.\u00a0Vi ordnar detta p\u00e5 dina v\u00e4gnar f\u00f6r b\u00e5de Schweiz och Norge, s\u00e5vida du inte f\u00f6redrar att ordna tullklarering sj\u00e4lv (med ett tullorgan).\u00a0Denna tj\u00e4nst inkluderar inga skatter eller avgifter som kan beh\u00f6va betalas.\u00a0Kontakta din flyttkoordinator om du inte beh\u00f6ver den h\u00e4r tj\u00e4nsten.<\/span><\/p>\n<p><strong><span>** F\u00f6r alla andra l\u00e4nder som har tullkonsekvenser (inklusive Turkiet, Kanarie\u00f6arna och Gr\u00f6nland) \u00e4r det kundernas ansvar att g\u00f6ra arrangemang f\u00f6re upph\u00e4mtning.\u00a0Vi kommer inte att kunna h\u00e4mta dina varor utan r\u00e4tt pappersarbete **<\/span><\/strong><\/p>\n<p>&nbsp;<\/p>\n<p><strong><span>Vanliga fr\u00e5gor &#8211; Kolla in v\u00e5ra vanliga fr\u00e5gor<\/span><\/strong><span>\u00a0p\u00e5 v\u00e5r webbplats: http:\/\/europeanmoving.co.uk\/moving-faqs-for-international-removals<\/span><\/p>\n<p><span>Har du en offert redan fr\u00e5n en annan leverant\u00f6r och vill se om vi kan matcha eller sl\u00e5 priset?<\/span><\/p>\n<p><span>Vi erbjuder en prismatchgaranti d\u00e4r vi g\u00f6r v\u00e5rt b\u00e4sta f\u00f6r att matcha n\u00e5got liknande f\u00f6r liknande pris som erbjuds av ett annat f\u00f6retag.\u00a0V\u00e4nligen skicka oss en kopia av offerten eller en sk\u00e4rmdump \/ grepp om budet till f\u00f6ljande e-postadress:\u00a0<\/span><strong><a href=\"mailto:PriceMatch@europeanmoving.co.uk\"><span>PriceMatch@europeanmoving.co.uk<\/span><\/a><\/strong><\/p>\n<h1 data-fontsize=\"30\" data-lineheight=\"42\"><a href=\"https:\/\/europeanmoving.co.uk\/live-chat\/?utm_source=emailNiftyQuote&amp;utm_medium=liveChat&amp;utm_campaign=a&amp;utm_term=b&amp;utm_content=c\"><span style=\"font-size: x-large;\"><strong><u><span>Fr\u00e5gor<\/span><\/u><\/strong><\/span><\/a><\/h1>\n<p><span>Om du har n\u00e5gra fr\u00e5gor, tveka inte att\u00a0<\/span><strong><a href=\"mailto:europeanmoving@europeanmoving.org?subject=European%20Moving%20-%20Quote%20Question\"><span>kontakta oss<\/span><\/a><span>\u00a0.\u00a0<\/span><\/strong><span>Du \u00e4r v\u00e4lkommen att skicka ett e-postmeddelande eller kontakta oss p\u00e5 v\u00e5r\u00a0<\/span><strong><a href=\"https:\/\/europeanmoving.co.uk\/live-chat\/?utm_source=emailNiftyQuote&amp;utm_medium=liveChat&amp;utm_campaign=a&amp;utm_term=b&amp;utm_content=c\"><span>livechatt<\/span><\/a><\/strong><span>\u00a0p\u00e5 v\u00e5r\u00a0<\/span><strong><a href=\"http:\/\/europeanmoving.co.uk\/?utm_source=emailNiftyQuote&amp;utm_medium=website&amp;utm_campaign=a&amp;utm_term=b&amp;utm_content=c\"><span>webbplats<\/span><\/a><\/strong><span>\u00a0\u00a0eller p\u00e5 Whatsapp p\u00e5\u00a0<\/span><strong><a href=\"https:\/\/api.whatsapp.com\/send?phone=447747713598&amp;text=I%27d%20like%20to%20request%20a%20free%20no%20obligation%20quote\"><span>+44 7747 713 598<\/span><\/a>\u00a0<\/strong><span>\u00a0s\u00e5 ringer vi dig mer \u00e4n g\u00e4rna tillbaka.<\/span><\/p>\n<p>&nbsp;<\/p>\n<p><em><span>Denna webbplats och alla tillh\u00f6rande dom\u00e4nnamn och dess inneh\u00e5ll \u00e4gs av European Moving Holdings Limited, Dubai och drivs av European Moving Limited, Malta.\u00a0Om du beh\u00f6ver lokal f\u00f6retagsinformation och momsnummer f\u00f6r v\u00e5ra franska, brittiska och irl\u00e4ndska f\u00f6retag, se din f\u00f6rs\u00e4ljningsfaktura.\u00a0Alla transaktioner som g\u00f6rs p\u00e5 denna webbplats, tillh\u00f6rande IT-infrastruktur eller via telefon klassas som digitala transaktioner f\u00f6r moms\u00e4ndam\u00e5l.<\/span><\/em><\/p>\n<p><em><span>Denna webbplats och alla tillh\u00f6rande dom\u00e4nnamn och dess inneh\u00e5ll \u00e4gs av European Moving Holdings Limited, Dubai och drivs av European Moving Limited, Malta.\u00a0Om du beh\u00f6ver lokal f\u00f6retagsinformation och momsnummer f\u00f6r v\u00e5ra franska, brittiska och irl\u00e4ndska f\u00f6retag, se din f\u00f6rs\u00e4ljningsfaktura.\u00a0Alla transaktioner som g\u00f6rs p\u00e5 denna webbplats, tillh\u00f6rande IT-infrastruktur eller via telefon klassas som digitala transaktioner f\u00f6r moms\u00e4ndam\u00e5l.<\/span><\/em><\/p>\n","protected":false},"excerpt":{"rendered":"<p>&nbsp; Viktigt: Det angivna priset baseras p\u00e5 antingen kubik kapacitet eller vikt (beroende p\u00e5 vilket som \u00e4r st\u00f6rst) Till exempel:\u00a0Dina varor f\u00e5r endast ha 10 m\u00b3 kubik kapacitet men v\u00e4ga 1000 kg, i vilket fall detta kommer att vara en full belastning p\u00e5 vikten.\u00a0Se f\u00f6ljande &#8211;\u00a0 Full belastning\u00a0= 20 m\u00b3 eller 1000 kg (beroende p\u00e5 [&hellip;]<\/p>\n","protected":false},"author":13,"featured_media":0,"parent":0,"menu_order":0,"comment_status":"closed","ping_status":"closed","template":"","meta":[],"yst_prominent_words":[12149,12112,12106],"_links":{"self":[{"href":"https:\/\/europeanmoving.co.uk\/sv\/wp-json\/wp\/v2\/pages\/22328"}],"collection":[{"href":"https:\/\/europeanmoving.co.uk\/sv\/wp-json\/wp\/v2\/pages"}],"about":[{"href":"https:\/\/europeanmoving.co.uk\/sv\/wp-json\/wp\/v2\/types\/page"}],"author":[{"embeddable":true,"href":"https:\/\/europeanmoving.co.uk\/sv\/wp-json\/wp\/v2\/users\/13"}],"replies":[{"embeddable":true,"href":"https:\/\/europeanmoving.co.uk\/sv\/wp-json\/wp\/v2\/comments?post=22328"}],"version-history":[{"count":1,"href":"https:\/\/europeanmoving.co.uk\/sv\/wp-json\/wp\/v2\/pages\/22328\/revisions"}],"predecessor-version":[{"id":22332,"href":"https:\/\/europeanmoving.co.uk\/sv\/wp-json\/wp\/v2\/pages\/22328\/revisions\/22332"}],"wp:attachment":[{"href":"https:\/\/europeanmoving.co.uk\/sv\/wp-json\/wp\/v2\/media?parent=22328"}],"wp:term":[{"taxonomy":"yst_prominent_words","embeddable":true,"href":"https:\/\/europeanmoving.co.uk\/sv\/wp-json\/wp\/v2\/yst_prominent_words?post=22328"}],"curies":[{"name":"wp","href":"https:\/\/api.w.org\/{rel}","templated":true}]}}