{"id":22300,"date":"2020-09-18T08:44:39","date_gmt":"2020-09-18T08:44:39","guid":{"rendered":"http:\/\/europeanmoving.im\/?page_id=22300"},"modified":"2020-09-18T08:44:39","modified_gmt":"2020-09-18T08:44:39","slug":"european-aviation-parts-transport","status":"publish","type":"page","link":"https:\/\/europeanmoving.co.uk\/sv\/transporthjalp\/european-aviation-parts-transport\/","title":{"rendered":"European Aviation Parts Transport"},"content":{"rendered":"<p><span>Under de senaste decennierna har luftfart blivit ett av de viktigaste inslagen i moderna framsteg.\u00a0Med det uppst\u00e5r ocks\u00e5 behovet av en effektiv transport.<\/span><\/p>\n<p><strong><span>Transport av europeiska flygdelar: Vad f\u00f6r?<\/span><\/strong><br \/>\n<span>Flygplan har ett brett anv\u00e4ndningsomr\u00e5de &#8211; att flytta m\u00e4nniskor och varor, jordbruk, nationell s\u00e4kerhet etc., vilket inneb\u00e4r att utbudet av delar \u00e4r lika stort.\u00a0Och ju l\u00e4ttare, desto b\u00e4ttre.<\/span><\/p>\n<p><span>Lyckligtvis kan marknaden v\u00e4l underl\u00e4tta kundernas krav n\u00e4r det g\u00e4ller ultral\u00e4tta flygdelar.<\/span><\/p>\n<p><span>Men medan kurirtj\u00e4nster \u00e4r en del av m\u00e5nga stora tillverkningsf\u00f6retag, s\u00e5 \u00e4r det inte alltid fallet f\u00f6r mindre eller privatpersoner.\u00a0En tillf\u00f6rlitlig transportservice, helst med erfarenhet fr\u00e5n f\u00e4ltet, kommer att visa sig gynnsam i s\u00e5dana tider.<\/span><\/p>\n<p><span>Det \u00e4r h\u00e4r v\u00e5r europeiska luftfartsdelstj\u00e4nst kommer in. Vi transporterar de ultral\u00e4tta flygdelarna du beh\u00f6ver, s\u00e4kert och till ett pris som passar dina f\u00f6rv\u00e4ntningar.\u00a0Och det \u00e4r inte allt!<\/span><br \/>\n<span>Om du distribuerar flygdelar till privata flygplan och vill utvidga din verksamhet ut\u00f6ver den lokala marknaden kan vi hj\u00e4lpa dig genom att ta hand om den internationella transporten.<\/span><\/p>\n<p><strong><span>Europeisk luftfartsdelstransport: Hur fungerar det?<\/span><\/strong><br \/>\n<span>Snabb och l\u00e4tt som en f\u00e5gel.<\/span><br \/>\n<span>Fyll bara i onlineformul\u00e4ret eller ring oss.\u00a0V\u00e5rt dedikerade team av transportkoordinatorer tar dina uppgifter och ger dig en gratis offert f\u00f6r dina behov.\u00a0V\u00e5ra f\u00f6rare korsar Europa varje dag.\u00a0Det betyder att vi ska samla in dina flygdelar fr\u00e5n Storbritannien och ta med dem till dig i Spanien eller fr\u00e5n Tyskland till Grekland.<\/span><\/p>\n<p><span>Att flyga var en av m\u00e4nsklighetens st\u00f6rsta dr\u00f6mmar, uppn\u00e5dd genom luftens fantastiska uppfinning.\u00a0Nu, som en del av vardagen, \u00e4r det av yttersta vikt att forts\u00e4tta utvecklingen och f\u00f6rb\u00e4ttringen av denna dr\u00f6m.<\/span><\/p>\n","protected":false},"excerpt":{"rendered":"<p>Under de senaste decennierna har luftfart blivit ett av de viktigaste inslagen i moderna framsteg.\u00a0Med det uppst\u00e5r ocks\u00e5 behovet av en effektiv transport. Transport av europeiska flygdelar: Vad f\u00f6r? Flygplan har ett brett anv\u00e4ndningsomr\u00e5de &#8211; att flytta m\u00e4nniskor och varor, jordbruk, nationell s\u00e4kerhet etc., vilket inneb\u00e4r att utbudet av delar \u00e4r lika stort.\u00a0Och ju l\u00e4ttare, [&hellip;]<\/p>\n","protected":false},"author":13,"featured_media":0,"parent":13905,"menu_order":0,"comment_status":"closed","ping_status":"closed","template":"","meta":[],"yst_prominent_words":[12211,12222,12102,3823,14383,12220,12583,12590,12147,3484,14388,12257,12422,12112,15265,12237,12216,12309,12113],"_links":{"self":[{"href":"https:\/\/europeanmoving.co.uk\/sv\/wp-json\/wp\/v2\/pages\/22300"}],"collection":[{"href":"https:\/\/europeanmoving.co.uk\/sv\/wp-json\/wp\/v2\/pages"}],"about":[{"href":"https:\/\/europeanmoving.co.uk\/sv\/wp-json\/wp\/v2\/types\/page"}],"author":[{"embeddable":true,"href":"https:\/\/europeanmoving.co.uk\/sv\/wp-json\/wp\/v2\/users\/13"}],"replies":[{"embeddable":true,"href":"https:\/\/europeanmoving.co.uk\/sv\/wp-json\/wp\/v2\/comments?post=22300"}],"version-history":[{"count":1,"href":"https:\/\/europeanmoving.co.uk\/sv\/wp-json\/wp\/v2\/pages\/22300\/revisions"}],"predecessor-version":[{"id":22309,"href":"https:\/\/europeanmoving.co.uk\/sv\/wp-json\/wp\/v2\/pages\/22300\/revisions\/22309"}],"up":[{"embeddable":true,"href":"https:\/\/europeanmoving.co.uk\/sv\/wp-json\/wp\/v2\/pages\/13905"}],"wp:attachment":[{"href":"https:\/\/europeanmoving.co.uk\/sv\/wp-json\/wp\/v2\/media?parent=22300"}],"wp:term":[{"taxonomy":"yst_prominent_words","embeddable":true,"href":"https:\/\/europeanmoving.co.uk\/sv\/wp-json\/wp\/v2\/yst_prominent_words?post=22300"}],"curies":[{"name":"wp","href":"https:\/\/api.w.org\/{rel}","templated":true}]}}