{"id":22183,"date":"2020-09-17T11:46:10","date_gmt":"2020-09-17T11:46:10","guid":{"rendered":"http:\/\/europeanmoving.im\/?page_id=22183"},"modified":"2020-09-17T11:47:49","modified_gmt":"2020-09-17T11:47:49","slug":"forsakring-2","status":"publish","type":"page","link":"https:\/\/europeanmoving.co.uk\/sv\/forsakring-2\/","title":{"rendered":"F\u00f6rs\u00e4kring"},"content":{"rendered":"<p>N\u00e4r du flyttar dina varor med n\u00e5gon flytt eller ett transportf\u00f6retag har du vanligtvis tre f\u00f6rs\u00e4kringsalternativ att t\u00e4nka p\u00e5 n\u00e4r det g\u00e4ller transit-, frakt- eller borttagningsf\u00f6rs\u00e4kring.<\/p>\n<p>1. Eget f\u00f6rs\u00e4kringsbolag t\u00e4cker din egen hemf\u00f6rs\u00e4kring &#8211;\u00a0<strong>\u00c4gare eller professionellt packad<\/strong><\/p>\n<p>2. Flyttf\u00f6retagets f\u00f6rs\u00e4kring eller tredje parts f\u00f6rs\u00e4kringsbolag &#8211;\u00a0\u00a0<strong>Packad \u00e4gare<\/strong><\/p>\n<p>3. Flyttf\u00f6retagsf\u00f6rs\u00e4kringen eller tredje partens f\u00f6rs\u00e4kringsbolag &#8211;\u00a0\u00a0<strong>Professionellt f\u00f6rpackat<\/strong><\/p>\n<p>De flesta flyttf\u00f6retag erbjuder ytterligare f\u00f6rs\u00e4kringsskydd fr\u00e5n cirka 3% av det totala v\u00e4rdet p\u00e5 varorna som skickas och du m\u00e5ste g\u00f6ra en detaljerad inventering av varje enskild artikel eller l\u00e5da.<br \/>\nP\u00e5 European Moving erbjuder vi inte s\u00e5dana ytterligare f\u00f6rs\u00e4kringsskydd eftersom dessa f\u00f6rs\u00e4kringar i allm\u00e4nhet inte t\u00e4cker s\u00e4rskilt mycket och exkluderar mycket, vilket betyder att n\u00e4r du beh\u00f6ver g\u00f6ra anspr\u00e5k \u00e4r det troligt att du INTE kommer att t\u00e4ckas f\u00f6r vad du trodde du skulle bli .<br \/>\nVi anser inte att det \u00e4r etiskt eller r\u00e4ttvist att erbjuda v\u00e5ra kunder dessa or\u00e4ttvist formulerade och i m\u00e5nga fall or\u00e4ttvist staplade mot f\u00f6rs\u00e4kringsbolagens f\u00f6rs\u00e4kringar.<br \/>\nDessa f\u00f6rs\u00e4kringar kommer vid m\u00e5nga tillf\u00e4llen att ligga l\u00e5ngt under v\u00e5ra kunders f\u00f6rv\u00e4ntningar p\u00e5 f\u00f6rs\u00e4kringsskydd.<br \/>\nVi t\u00e4cker dock f\u00f6r de absolut v\u00e4rsta fall-scenarierna, dina varor ers\u00e4tts med oss \u200b\u200bf\u00f6r \u00a3 40 per artikel eller l\u00e5da (i linje med BAR-villkoren, avsnitt 8.1 och 8.2) upp till v\u00e4rdet 10 000 \u00a3 i h\u00e4ndelse av brand, st\u00f6ld, bilolycka eller fartygskatastrof.<br \/>\nVi erbjuder dessutom en f\u00f6rs\u00e4kringspolicy p\u00e5 \u00a3 40 per saknad artikel eller l\u00e5da.<br \/>\nF\u00f6r tydlighetens skull \u00e4r dina varor inte f\u00f6rs\u00e4krade f\u00f6r sprickor, mindre transiteringsskador eller diverse saknade f\u00f6rem\u00e5l med European Moving oavsett om det \u00e4r f\u00f6rpackat av dig sj\u00e4lv eller av oss.<br \/>\nEuropean Moving rekommenderar alltid att ytterligare f\u00f6rs\u00e4kringsskydd tecknas om fullst\u00e4ndig f\u00f6rs\u00e4kringsskydd kr\u00e4vs, men alternativet \u00e4r helt upp till dig.<br \/>\nVi rekommenderar att alla varor ska packas och skyddas f\u00f6re upph\u00e4mtning oavsett vad dina f\u00f6rs\u00e4kringsarrangemang \u00e4r.<br \/>\nOm dina varor \u00e4r tillr\u00e4ckligt f\u00f6rpackade och skyddade b\u00f6r de kunna motst\u00e5 normal hantering och transport vid borttagning.<br \/>\nV\u00e5rt r\u00e5d \u00e4r att f\u00f6rst kontrollera f\u00f6rs\u00e4kringsskyddet f\u00f6r ditt heminneh\u00e5ll, eftersom du kanske redan har en del flyttningsf\u00f6rs\u00e4kring inbyggd i din f\u00f6rs\u00e4kring eller kan l\u00e4gga till extra skydd f\u00f6r en liten premie.<br \/>\nOm du fortfarande beh\u00f6ver ytterligare skydd finns det m\u00e5nga f\u00f6retag tillg\u00e4ngliga online som kan ge dig en offert f\u00f6r Marine Cargo Insurance och \/ eller flytt.<br \/>\nF\u00f6rs\u00e4kring som\u00a0<a href=\"https:\/\/www.freightcover.com\/\" target=\"_blank\" rel=\"noopener noreferrer\"><strong>https:\/\/www.freightcover.com<\/strong><\/a>\u00a0eller\u00a0<a href=\"https:\/\/www.insure-your-move.com\/\" target=\"_blank\" rel=\"noopener noreferrer\"><strong>https:\/\/www.insure-your-move.com<\/strong><\/a>\u00a0.<br \/>\nDu kan ocks\u00e5 g\u00f6ra en google-s\u00f6kning efter \u201cMarine Cargo Insurance\u201d eller \u201cRemovals Insurance\u201d, det finns m\u00e5nga f\u00f6retag d\u00e4r ute som kan ge dig exakt den typ av t\u00e4ckning du beh\u00f6ver och i de flesta fall kommer t\u00e4ckningen att vara mycket b\u00e4ttre \u00e4n F\u00f6rs\u00e4kringsskydd i bulk som erbjuds dig med 3% av ett flyttf\u00f6retag som i m\u00e5nga fall \u00e4r uppriktigt \u00e4r inte v\u00e4rt papperet det \u00e4r skrivet p\u00e5.<\/p>\n<p><strong>Ange inte European Moving som professionella f\u00f6rpackare om vi inte har avtalat det med dig efter \u00f6verenskommelse och skriftligen att denna tj\u00e4nst kommer att tillhandah\u00e5llas eftersom detta kan ogiltiga din f\u00f6rs\u00e4kring.<\/strong><\/p>\n<h2><strong>G\u00f6r f\u00f6rs\u00e4kringsanspr\u00e5k<\/strong><\/h2>\n<p>Verkligheten med att flytta personliga saker genom flytt, transport och rederi \u00f6ver l\u00e5nga str\u00e4ckor \u00e4r att det alltid kommer att finnas en risk f\u00f6r att n\u00e5got kan g\u00e5 s\u00f6nder under transitering.<br \/>\nI de flesta fall \u00e4r det normalt en f\u00f6rsumbar f\u00f6rlust, men i vissa fall kan det vara n\u00f6dv\u00e4ndigt att g\u00f6ra ett f\u00f6rs\u00e4kringsanspr\u00e5k eller anspr\u00e5k p\u00e5 v\u00e5r egen \u00a3 40 per l\u00e5da eller kompensationsplan.<br \/>\nP\u00e5 grund av de m\u00e5nga 1000 s\u00e4ndningarna vi skickar varje \u00e5r, och de stora m\u00e4ngder l\u00e4nder och spr\u00e5k som \u00e4r inblandade kommer ditt anspr\u00e5k om du har en kommer att hanteras av professionella internationella f\u00f6rlustjusterare Crawford &amp; Company Adjusters (UK) Limited<br \/>\nF\u00f6r att g\u00f6ra ett anspr\u00e5k med v\u00e5ra f\u00f6rlustjusterare, v\u00e4nligen beg\u00e4r ett ans\u00f6kningsformul\u00e4r fr\u00e5n oss.\u00a0Om du g\u00f6r anspr\u00e5k mot din egen f\u00f6rs\u00e4kring, se till att du har kontrollerat din f\u00f6rs\u00e4krings formulering f\u00f6r att fastst\u00e4lla att du har det skydd du ska ans\u00f6ka om.<br \/>\nObservera att dina varor inte \u00e4r f\u00f6rs\u00e4krade f\u00f6r brott eller transportskador hos European Moving, men vi kan hj\u00e4lpa dig med vissa aspekter av ditt anspr\u00e5k hos ditt eget f\u00f6rs\u00e4kringsbolag.<br \/>\nOm du beh\u00f6ver information eller handlingar n\u00e4r du g\u00f6r anspr\u00e5k p\u00e5 ditt eget f\u00f6rs\u00e4kringsbolag, v\u00e4nligen kontakta oss p\u00e5 f\u00f6ljande e-post\u00a0<strong>claims@europeanmoving.eu\u00a0.<\/strong><br \/>\nSe till att du tillhandah\u00e5ller s\u00e5 m\u00e5nga detaljer som m\u00f6jligt inklusive fullst\u00e4ndigt namn p\u00e5 k\u00e4randen, polisnummer och kontaktpunkt f\u00f6r all korrespondens, se till att du tillhandah\u00e5ller s\u00e5 mycket information som m\u00f6jligt.<br \/>\nNedan f\u00f6ljer en lista \u00f6ver n\u00e5gra av de saker du kan beh\u00f6va f\u00f6r att g\u00f6ra ditt krav:<\/p>\n<ul class=\"list-with-tick fullCol\">\n<li>F\u00f6rs\u00e4kringsnummer<\/li>\n<li>Den f\u00f6rs\u00e4krades namn<\/li>\n<li>En kopia av de signerade insamlings- och leveransanteckningarna eller CMR: erna<\/li>\n<li>En kopia av en signerad inventering med signaturer fr\u00e5n upph\u00e4mtningsf\u00f6raren och leveransf\u00f6raren<\/li>\n<li>En uppskattning av ett professionellt f\u00f6retag f\u00f6r kostnaden f\u00f6r reparationer eller ers\u00e4ttning av f\u00f6rlusterna<\/li>\n<li>Fotografiskt bevis p\u00e5 f\u00f6rpackningen f\u00f6re och efter h\u00e4ndelsen<\/li>\n<li>Fotografiska bevis p\u00e5 skadorna, bevis p\u00e5 k\u00f6p och \/ eller \u00e4gande<\/li>\n<\/ul>\n<p>N\u00e4r du skickar tillbaka ans\u00f6kningsformul\u00e4ret till Crawford, se till att du har s\u00e5 mycket information att l\u00e4mna och om du har tecknat f\u00f6rs\u00e4kring kommer de att beh\u00f6va namn, telefonnummer, skadeanm\u00e4lan och e-postadress till personen i ditt f\u00f6rs\u00e4kringsbolag som hanterar din krav.<\/p>\n<p>Fullst\u00e4ndiga detaljer f\u00f6r Crawford finns nedan:<br \/>\n<strong>Crawford &amp; Company Adjusters (UK) Limited<\/strong><br \/>\nRegistrerat nummer: 2908444<br \/>\nRegistrerat kontor: 70 Mark Lane, London EC3R 7NQ<\/p>\n","protected":false},"excerpt":{"rendered":"<p>N\u00e4r du flyttar dina varor med n\u00e5gon flytt eller ett transportf\u00f6retag har du vanligtvis tre f\u00f6rs\u00e4kringsalternativ att t\u00e4nka p\u00e5 n\u00e4r det g\u00e4ller transit-, frakt- eller borttagningsf\u00f6rs\u00e4kring. 1. Eget f\u00f6rs\u00e4kringsbolag t\u00e4cker din egen hemf\u00f6rs\u00e4kring &#8211;\u00a0\u00c4gare eller professionellt packad 2. Flyttf\u00f6retagets f\u00f6rs\u00e4kring eller tredje parts f\u00f6rs\u00e4kringsbolag &#8211;\u00a0\u00a0Packad \u00e4gare 3. Flyttf\u00f6retagsf\u00f6rs\u00e4kringen eller tredje partens f\u00f6rs\u00e4kringsbolag &#8211;\u00a0\u00a0Professionellt f\u00f6rpackat De [&hellip;]<\/p>\n","protected":false},"author":13,"featured_media":0,"parent":0,"menu_order":0,"comment_status":"closed","ping_status":"closed","template":"","meta":[],"yst_prominent_words":[12146,13879,12149,4309,12699,12147,133,669,12106,12145,12925,12144],"_links":{"self":[{"href":"https:\/\/europeanmoving.co.uk\/sv\/wp-json\/wp\/v2\/pages\/22183"}],"collection":[{"href":"https:\/\/europeanmoving.co.uk\/sv\/wp-json\/wp\/v2\/pages"}],"about":[{"href":"https:\/\/europeanmoving.co.uk\/sv\/wp-json\/wp\/v2\/types\/page"}],"author":[{"embeddable":true,"href":"https:\/\/europeanmoving.co.uk\/sv\/wp-json\/wp\/v2\/users\/13"}],"replies":[{"embeddable":true,"href":"https:\/\/europeanmoving.co.uk\/sv\/wp-json\/wp\/v2\/comments?post=22183"}],"version-history":[{"count":2,"href":"https:\/\/europeanmoving.co.uk\/sv\/wp-json\/wp\/v2\/pages\/22183\/revisions"}],"predecessor-version":[{"id":22190,"href":"https:\/\/europeanmoving.co.uk\/sv\/wp-json\/wp\/v2\/pages\/22183\/revisions\/22190"}],"wp:attachment":[{"href":"https:\/\/europeanmoving.co.uk\/sv\/wp-json\/wp\/v2\/media?parent=22183"}],"wp:term":[{"taxonomy":"yst_prominent_words","embeddable":true,"href":"https:\/\/europeanmoving.co.uk\/sv\/wp-json\/wp\/v2\/yst_prominent_words?post=22183"}],"curies":[{"name":"wp","href":"https:\/\/api.w.org\/{rel}","templated":true}]}}