{"id":22097,"date":"2020-09-17T10:20:36","date_gmt":"2020-09-17T10:20:36","guid":{"rendered":"http:\/\/europeanmoving.im\/?page_id=22097"},"modified":"2020-09-17T10:20:36","modified_gmt":"2020-09-17T10:20:36","slug":"europeiska-och-brittiska-expressbilar-och-lastbilar","status":"publish","type":"page","link":"https:\/\/europeanmoving.co.uk\/sv\/europeiska-och-brittiska-expressbilar-och-lastbilar\/","title":{"rendered":"Europeiska och brittiska expressbilar och lastbilar"},"content":{"rendered":"<h2><strong><span>Europeiska och brittiska expressbilar och lastbilar<\/span><\/strong><\/h2>\n<p><span>Om du \u00e4r baserad i Europa och letar efter en europeisk och brittisk tj\u00e4nst f\u00f6r expressbilar och lastbilar, leta inte l\u00e4ngre.\u00a0S\u00e5dana tj\u00e4nster \u00e4r v\u00e5r specialitet.\u00a0Efter att ha etablerat gediga partnerskap med godstransporter \u00f6ver hela kontinenten kan vi ladda inom tv\u00e5 timmar fr\u00e5n de flesta europeiska st\u00e4der.\u00a0Det \u00e4r inte konstigt att s\u00e5 m\u00e5nga har litat p\u00e5 oss f\u00f6r att slutf\u00f6ra sina internationella borttagningar.<\/span><br \/>\n<span>I v\u00e4rlden f\u00f6r l\u00e5ngv\u00e4ga sj\u00f6farten \u00e4r tiden allt.\u00a0En enda f\u00f6rsenad eller missad leverans kan ha knock-on-effekter som k\u00e4nns i flera m\u00e5nader efter\u00e5t.\u00a0V\u00e5r expressleverans skyddar mot denna m\u00f6jlighet p\u00e5 tv\u00e5 viktiga s\u00e4tt.<\/span><br \/>\n<span>F\u00f6r det f\u00f6rsta erbjuder vi en dedikerad tj\u00e4nst, reserverad bara f\u00f6r dig och dina varor.\u00a0Vi kan s\u00e5ledes undvika att sicksacka fr\u00e5n plats till plats p\u00e5 v\u00e4gen till v\u00e5r destination.\u00a0Ist\u00e4llet forts\u00e4tter din chauff\u00f6r s\u00e5 direkt som m\u00f6jligt.<\/span><br \/>\n<span>F\u00f6r det andra drar v\u00e5ra f\u00f6rare nytta av europeisk satellitnavigering och kan ta den snabbaste v\u00e4gen och undvika trafikproblem p\u00e5 v\u00e4gen.\u00a0Detta g\u00f6r det ocks\u00e5 m\u00f6jligt f\u00f6r oss att h\u00e5lla dig uppdaterad om framstegen f\u00f6r ditt fordon under hela resan.<\/span><\/p>\n<h2><strong><span>Express sk\u00e5pbilar och lastbilar<\/span><\/strong><\/h2>\n<p><span>V\u00e5ra expressbilar och lastbilar \u00e4r mestadels p\u00e5 gardinsidan.\u00a0Men om du har en h\u00f6gv\u00e4rdesbelastning som beh\u00f6ver transporteras, kan vi tillhandah\u00e5lla ett lastbil med baklyft.\u00a0Oavsett om det \u00e4r ett helt kontors lager av datorutrustning eller en enda v\u00e4rdefull oljem\u00e5lning.\u00a0Vi har resurser att skicka den till var som helst i Europa.<\/span><br \/>\n<span>Vi har genomf\u00f6rt europeiska flyttar sedan 2010 och sedan dess har vi byggt upp en betydande pool av erfarenheter.\u00a0Enkelt uttryckt har vi sett och tacklat n\u00e4stan alla problem som uppst\u00e5r p\u00e5 europeiska v\u00e4gar, och vi kan lita p\u00e5 att f\u00e5 dina varor dit de beh\u00f6ver vara, i en s\u00e5 rak linje som m\u00f6jligt.<\/span><br \/>\n<span>Om du vill utnyttja v\u00e5r europeiska och brittiska service f\u00f6r expressbilar och lastbilar, kontakta dig.\u00a0Du m\u00e5ste ta med dina saker var som helst p\u00e5 kontinenten, vi diskuterar dina krav och ordnar en expressleverans f\u00f6r att f\u00e5 jobbet gjort direkt.<\/span><\/p>\n","protected":false},"excerpt":{"rendered":"<p>Europeiska och brittiska expressbilar och lastbilar Om du \u00e4r baserad i Europa och letar efter en europeisk och brittisk tj\u00e4nst f\u00f6r expressbilar och lastbilar, leta inte l\u00e4ngre.\u00a0S\u00e5dana tj\u00e4nster \u00e4r v\u00e5r specialitet.\u00a0Efter att ha etablerat gediga partnerskap med godstransporter \u00f6ver hela kontinenten kan vi ladda inom tv\u00e5 timmar fr\u00e5n de flesta europeiska st\u00e4der.\u00a0Det \u00e4r inte konstigt [&hellip;]<\/p>\n","protected":false},"author":13,"featured_media":0,"parent":0,"menu_order":0,"comment_status":"closed","ping_status":"closed","template":"","meta":[],"yst_prominent_words":[12220,12149,12784,12164,12561,12557,12145,12652],"_links":{"self":[{"href":"https:\/\/europeanmoving.co.uk\/sv\/wp-json\/wp\/v2\/pages\/22097"}],"collection":[{"href":"https:\/\/europeanmoving.co.uk\/sv\/wp-json\/wp\/v2\/pages"}],"about":[{"href":"https:\/\/europeanmoving.co.uk\/sv\/wp-json\/wp\/v2\/types\/page"}],"author":[{"embeddable":true,"href":"https:\/\/europeanmoving.co.uk\/sv\/wp-json\/wp\/v2\/users\/13"}],"replies":[{"embeddable":true,"href":"https:\/\/europeanmoving.co.uk\/sv\/wp-json\/wp\/v2\/comments?post=22097"}],"version-history":[{"count":1,"href":"https:\/\/europeanmoving.co.uk\/sv\/wp-json\/wp\/v2\/pages\/22097\/revisions"}],"predecessor-version":[{"id":22103,"href":"https:\/\/europeanmoving.co.uk\/sv\/wp-json\/wp\/v2\/pages\/22097\/revisions\/22103"}],"wp:attachment":[{"href":"https:\/\/europeanmoving.co.uk\/sv\/wp-json\/wp\/v2\/media?parent=22097"}],"wp:term":[{"taxonomy":"yst_prominent_words","embeddable":true,"href":"https:\/\/europeanmoving.co.uk\/sv\/wp-json\/wp\/v2\/yst_prominent_words?post=22097"}],"curies":[{"name":"wp","href":"https:\/\/api.w.org\/{rel}","templated":true}]}}