{"id":22069,"date":"2020-09-17T09:46:09","date_gmt":"2020-09-17T09:46:09","guid":{"rendered":"http:\/\/europeanmoving.im\/?page_id=22069"},"modified":"2020-09-17T09:46:09","modified_gmt":"2020-09-17T09:46:09","slug":"europeiskt-badrumsleverans-och-transport","status":"publish","type":"page","link":"https:\/\/europeanmoving.co.uk\/sv\/frakt-och-leverans\/europeiskt-badrumsleverans-och-transport\/","title":{"rendered":"Europeiskt badrumsleverans och transport"},"content":{"rendered":"<h1 class=\"title-heading-left\"><strong><span>Europeiskt badrumsleverans och transport<\/span><\/strong><\/h1>\n<p><span>Leverans och transport av badrum i Europa \u00e4r en av de vanligaste typerna av varor som regelbundet flyttas \u00f6ver hela EU.\u00a0Kostnaden beror p\u00e5 typen av material, vikten och avst\u00e5ndet till destinationen.\u00a0Europeiska tj\u00e4nster f\u00f6r transport av personbilar tillhandah\u00e5lls i hela EU.\u00a0Badrumsmaterial kr\u00e4ver s\u00e4ker och effektiv transport, oavsett om det g\u00e4ller en kort resa eller en l\u00e5ngv\u00e4ga resa.\u00a0Vi har stor erfarenhet av att flytta badrum och badrumsm\u00f6bler \u00f6ver hela EU, till och fr\u00e5n Storbritannien till och fr\u00e5n Europa.<\/span><\/p>\n<p><span>Vi v\u00e4lkomnar f\u00f6rfr\u00e5gningar fr\u00e5n badrumstillverkare som beh\u00f6ver tj\u00e4nster fr\u00e5n en europeisk badrumsbud som \u00e4r kompetent att flytta dessa ofta \u00f6mt\u00e5liga och stora laster.\u00a0Om du beh\u00f6ver dina badrumsm\u00f6bler transporteras till ett europeiskt lager eller direkt till \u00e5terf\u00f6rs\u00e4ljare i EU eller Storbritannien har vi erfarenheten och kunskapen f\u00f6r att s\u00e4kerst\u00e4lla s\u00e4ker och punktlig leverans var som helst i EU.\u00a0N\u00e5gra exempel men inte begr\u00e4nsat till var vi h\u00e4mtar \u00e4r nedan:<\/span><\/p>\n<ul class=\"list-with-tick col4\">\n<li><span>B n Q<\/span><\/li>\n<li><span>Hem bas<\/span><\/li>\n<li><span>Bunnings<\/span><\/li>\n<li><span>Wickes<\/span><\/li>\n<\/ul>\n<p><span>Privatpersoner som beh\u00f6ver badrumsm\u00f6bler som transporterar till, fr\u00e5n eller inom EU \u00e4r ocks\u00e5 en specialitet.\u00a0Vi har flyttat bad, handfat, toaletter och duschaggregat \u00f6ver hela Europa, inklusive Tyskland, Spanien, Finland, Danmark, Holland, England, Italien, Frankrike, \u00d6sterrike, Kanarie\u00f6arna, Grekland och de grekiska \u00f6arna samt resten av EU-l\u00e4nderna.<\/span><br \/>\n<span>Sm\u00e5 eller stora laster fr\u00e5n badrumsm\u00f6belproducenter som beh\u00f6ver att deras varor flyttar in och ut ur Europa \u00e4r v\u00e4lkomna.\u00a0Vi f\u00f6rst\u00e5r logistiken f\u00f6r att transportera badrum \u00f6ver hela Europa, som inte bara inkluderar sj\u00e4lva transporten utan ocks\u00e5 f\u00f6rpackningen av dessa k\u00e4nsliga f\u00f6rem\u00e5l, lastning och lossning med stor f\u00f6rsiktighet f\u00f6r att s\u00e4kerst\u00e4lla inga skador eller repor p\u00e5 badrumsm\u00f6blerna under transporten.<\/span><\/p>\n<p><strong><span>Komma i kontakt!<\/span><\/strong><\/p>\n<p><span>Internethandlare som letar efter en p\u00e5litlig och kostnadseffektiv europeisk badrumskurir beh\u00f6ver inte leta l\u00e4ngre.\u00a0Vi kan ange konkurrenskraftiga badrumsleveranspriser.\u00a0Vi har ocks\u00e5 ett moget och s\u00e4kert s\u00e4kert lagern\u00e4tverk i hela EU.\u00a0Det erbjuder kostnadseffektiv f\u00f6rvaring av badrumsm\u00f6bler n\u00e4r och n\u00e4r.\u00a0Badrumsm\u00f6bler s\u00e4ljs ofta men beh\u00f6vs inte omedelbart.\u00a0Det kan vara kostnadseffektivt att flytta bad, handfat, duschar och andra badrumsm\u00f6bler bort fr\u00e5n fabriken eller detaljhandelsomr\u00e5det till europeiska badrumsf\u00f6rvaringsanl\u00e4ggningar redo f\u00f6r plockning, lastning och leverans direkt till \u00e5terf\u00f6rs\u00e4ljare eller kunder i hela Europa och Storbritannien.<\/span><\/p>\n<p><strong><span>Kontakta European Moving f\u00f6r att f\u00e5 en l\u00e5g kostnad f\u00f6r kurertj\u00e4nster i badrum i hela Europa och EU.<\/span><\/strong><\/p>\n","protected":false},"excerpt":{"rendered":"<p>Europeiskt badrumsleverans och transport Leverans och transport av badrum i Europa \u00e4r en av de vanligaste typerna av varor som regelbundet flyttas \u00f6ver hela EU.\u00a0Kostnaden beror p\u00e5 typen av material, vikten och avst\u00e5ndet till destinationen.\u00a0Europeiska tj\u00e4nster f\u00f6r transport av personbilar tillhandah\u00e5lls i hela EU.\u00a0Badrumsmaterial kr\u00e4ver s\u00e4ker och effektiv transport, oavsett om det g\u00e4ller en kort [&hellip;]<\/p>\n","protected":false},"author":13,"featured_media":0,"parent":13885,"menu_order":0,"comment_status":"closed","ping_status":"closed","template":"","meta":[],"yst_prominent_words":[12230,12148,12164,12778,12216,12775,12776,12578],"_links":{"self":[{"href":"https:\/\/europeanmoving.co.uk\/sv\/wp-json\/wp\/v2\/pages\/22069"}],"collection":[{"href":"https:\/\/europeanmoving.co.uk\/sv\/wp-json\/wp\/v2\/pages"}],"about":[{"href":"https:\/\/europeanmoving.co.uk\/sv\/wp-json\/wp\/v2\/types\/page"}],"author":[{"embeddable":true,"href":"https:\/\/europeanmoving.co.uk\/sv\/wp-json\/wp\/v2\/users\/13"}],"replies":[{"embeddable":true,"href":"https:\/\/europeanmoving.co.uk\/sv\/wp-json\/wp\/v2\/comments?post=22069"}],"version-history":[{"count":1,"href":"https:\/\/europeanmoving.co.uk\/sv\/wp-json\/wp\/v2\/pages\/22069\/revisions"}],"predecessor-version":[{"id":22075,"href":"https:\/\/europeanmoving.co.uk\/sv\/wp-json\/wp\/v2\/pages\/22069\/revisions\/22075"}],"up":[{"embeddable":true,"href":"https:\/\/europeanmoving.co.uk\/sv\/wp-json\/wp\/v2\/pages\/13885"}],"wp:attachment":[{"href":"https:\/\/europeanmoving.co.uk\/sv\/wp-json\/wp\/v2\/media?parent=22069"}],"wp:term":[{"taxonomy":"yst_prominent_words","embeddable":true,"href":"https:\/\/europeanmoving.co.uk\/sv\/wp-json\/wp\/v2\/yst_prominent_words?post=22069"}],"curies":[{"name":"wp","href":"https:\/\/api.w.org\/{rel}","templated":true}]}}