{"id":22025,"date":"2020-09-16T17:47:55","date_gmt":"2020-09-16T17:47:55","guid":{"rendered":"http:\/\/europeanmoving.im\/?page_id=22025"},"modified":"2020-09-16T17:47:55","modified_gmt":"2020-09-16T17:47:55","slug":"europeiska-bildelar-transport","status":"publish","type":"page","link":"https:\/\/europeanmoving.co.uk\/sv\/transporthjalp\/europeiska-bildelar-transport\/","title":{"rendered":"Europeiska bildelar transport"},"content":{"rendered":"<h1 class=\"title-heading-left\"><strong><span>Europeiska bildelar transport<\/span><\/strong><\/h1>\n<p><span>Europeisk bildelstransport representerar en v\u00e4xande marknad eftersom efterfr\u00e5gan p\u00e5 begagnade delar har flyttats fr\u00e5n din lokala skrotg\u00e5rd till en paneuropeisk marknad.<\/span><\/p>\n<h2><strong><span>Europeisk bildelstransport: Vad f\u00f6r?<\/span><\/strong><\/h2>\n<p><span>V\u00e5rt beroende av motorfordon &#8211; bilar, cyklar, lastbilar etc. har \u00f6kat betydligt de senaste 40 \u00e5ren.\u00a0Men att underh\u00e5lla dem \u00e4r ocks\u00e5 mer specialiserat och dyrare.\u00a0Lyckligtvis, och inte minst tack vare en viss auktionswebb online, har utbudet av delar aldrig varit s\u00e5 rikt.\u00a0Det enda problemet som m\u00e5ste l\u00f6sas \u00e4r transport.<\/span><\/p>\n<p><span>Naturligtvis har de flesta nya bilhandlare och de st\u00f6rsta begagnade \u00e5terf\u00f6rs\u00e4ljarna sin egen budtj\u00e4nst.\u00a0Men s\u00e5 \u00e4r det knappast fallet f\u00f6r mindre leverant\u00f6rer och f\u00f6r privatpersoner som, efter att ha k\u00f6pt en ny upps\u00e4ttning legeringar, s\u00e4ljer sina gamla online.<\/span><br \/>\n<span>Och det \u00e4r h\u00e4r v\u00e5r europeiska reservtj\u00e4nst f\u00f6r bildelar kommer in. Vi transporterar alla n\u00f6dv\u00e4ndiga delar till din plats;\u00a0det kommer att vara s\u00e4kert, och till ett pris du gillar.\u00a0Men det finns mer!<\/span><\/p>\n<p><span>Du kan s\u00e4lja ist\u00e4llet f\u00f6r att k\u00f6pa.\u00a0Ist\u00e4llet f\u00f6r att begr\u00e4nsa din marknad till din lokala stad kan du dra nytta av EU-f\u00f6rordningen som s\u00e4ger:<\/span><br \/>\n<span>\u201dDe varor som har producerats i Europeiska unionen (EU) eller som har importerats till ett EU-land med betald tull \u00e4r\u201d i fri r\u00f6rlighet &#8221;inom EU.\u00a0Tull ska inte betalas f\u00f6r f\u00f6rv\u00e4rv (import eller ink\u00f6p) av varor som \u00e4r i fri oms\u00e4ttning. \u201d<\/span><br \/>\n<span>Med andra ord, du kan s\u00e4lja \u00f6ver hela EU, vi tar hand om din internationella transport och du har inte skatter eller tullar att betala.<\/span><\/p>\n<h2><strong><span>Europeisk bildelstransport: Hur fungerar det?<\/span><\/strong><\/h2>\n<p><span>Snabbt och enkelt.<\/span><br \/>\n<span>Fyll bara i onlineformul\u00e4ret eller ring oss.\u00a0V\u00e5rt dedikerade team av transportkoordinatorer tar dina uppgifter och ger dig en gratis offert f\u00f6r dina behov.\u00a0V\u00e5ra f\u00f6rare korsar Europa varje dag.\u00a0Det betyder att vi ska samla in din motor eller din v\u00e4xell\u00e5da fr\u00e5n Storbritannien och ta med den till dig i Spanien eller fr\u00e5n Tyskland till Grekland.<\/span><br \/>\n<span>V\u00e4rlden utvecklas i extremt snabb takt och det \u00e4r avg\u00f6rande f\u00f6r oss att h\u00e5lla j\u00e4mna steg.\u00a0Tveka inte att kontakta oss, vi \u00e4r h\u00e4r f\u00f6r att hj\u00e4lpa dig!<\/span><\/p>\n","protected":false},"excerpt":{"rendered":"<p>Europeiska bildelar transport Europeisk bildelstransport representerar en v\u00e4xande marknad eftersom efterfr\u00e5gan p\u00e5 begagnade delar har flyttats fr\u00e5n din lokala skrotg\u00e5rd till en paneuropeisk marknad. Europeisk bildelstransport: Vad f\u00f6r? V\u00e5rt beroende av motorfordon &#8211; bilar, cyklar, lastbilar etc. har \u00f6kat betydligt de senaste 40 \u00e5ren.\u00a0Men att underh\u00e5lla dem \u00e4r ocks\u00e5 mer specialiserat och dyrare.\u00a0Lyckligtvis, och inte [&hellip;]<\/p>\n","protected":false},"author":13,"featured_media":0,"parent":13905,"menu_order":0,"comment_status":"closed","ping_status":"closed","template":"","meta":[],"yst_prominent_words":[12211,12102,12167,12220,12681,12231,12112,12164,12903,12887,12880,12882,12271,12703,12889],"_links":{"self":[{"href":"https:\/\/europeanmoving.co.uk\/sv\/wp-json\/wp\/v2\/pages\/22025"}],"collection":[{"href":"https:\/\/europeanmoving.co.uk\/sv\/wp-json\/wp\/v2\/pages"}],"about":[{"href":"https:\/\/europeanmoving.co.uk\/sv\/wp-json\/wp\/v2\/types\/page"}],"author":[{"embeddable":true,"href":"https:\/\/europeanmoving.co.uk\/sv\/wp-json\/wp\/v2\/users\/13"}],"replies":[{"embeddable":true,"href":"https:\/\/europeanmoving.co.uk\/sv\/wp-json\/wp\/v2\/comments?post=22025"}],"version-history":[{"count":1,"href":"https:\/\/europeanmoving.co.uk\/sv\/wp-json\/wp\/v2\/pages\/22025\/revisions"}],"predecessor-version":[{"id":22033,"href":"https:\/\/europeanmoving.co.uk\/sv\/wp-json\/wp\/v2\/pages\/22025\/revisions\/22033"}],"up":[{"embeddable":true,"href":"https:\/\/europeanmoving.co.uk\/sv\/wp-json\/wp\/v2\/pages\/13905"}],"wp:attachment":[{"href":"https:\/\/europeanmoving.co.uk\/sv\/wp-json\/wp\/v2\/media?parent=22025"}],"wp:term":[{"taxonomy":"yst_prominent_words","embeddable":true,"href":"https:\/\/europeanmoving.co.uk\/sv\/wp-json\/wp\/v2\/yst_prominent_words?post=22025"}],"curies":[{"name":"wp","href":"https:\/\/api.w.org\/{rel}","templated":true}]}}