{"id":21998,"date":"2020-09-16T12:36:28","date_gmt":"2020-09-16T12:36:28","guid":{"rendered":"http:\/\/europeanmoving.im\/?page_id=21998"},"modified":"2020-09-16T12:37:37","modified_gmt":"2020-09-16T12:37:37","slug":"europeiska-och-internationella-utstallningstransporter","status":"publish","type":"page","link":"https:\/\/europeanmoving.co.uk\/sv\/transporthjalp\/europeiska-och-internationella-utstallningstransporter\/","title":{"rendered":"Europeiska och internationella utst\u00e4llningstransporter"},"content":{"rendered":"<p>Ta en stall till en utst\u00e4llning i Europa?\u00a0Eller kanske har du ansvaret f\u00f6r att organisera hela saken?\u00a0Vi har t\u00e4ckt dig.\u00a0Med v\u00e5r stora erfarenhet av europeiska transportn\u00e4t kan vi vidarebefordra din gods direkt till kongresscentret.\u00a0Vi ordnar varje s\u00e4ndning, oavsett om det \u00e4r \u00f6ver land, hav eller luft.\u00a0Med dep\u00e5er \u00f6ver hela kontinenten kan vi ta bort stressen fr\u00e5n \u00e4ven den mest komplexa utst\u00e4llningen.\u00a0Dessutom har vi ocks\u00e5 s\u00e4kra f\u00f6rvaringsanl\u00e4ggningar till v\u00e5rt f\u00f6rfogande.\u00a0Vi f\u00f6rst\u00e5r att det inte \u00e4r en enkel uppgift att ordna europeisk utst\u00e4llningstransport eller n\u00e5got f\u00f6r den delen.\u00a0L\u00e5t v\u00e5rt team av experter lindra b\u00f6rdan av en ibland utmanande transport!<br \/>\nV\u00e5r service \u00e4r skr\u00e4ddarsydd f\u00f6r att m\u00f6ta v\u00e5ra kunders krav.\u00a0Vi tilldelar dig en dedikerad fraktspecialist som kommer att ha ansvaret f\u00f6r att hantera din frakt.\u00a0N\u00e4r du arbetar med oss \u200b\u200bhar du tillg\u00e5ng till n\u00e5gra av de b\u00e4sta fraktf\u00f6retagen i branschen.<br \/>\nUnder v\u00e5ra \u00e5tta \u00e5r i sj\u00f6fartsspelet har vi byggt upp en omfattande kunskap om utst\u00e4llningslogistik.\u00a0F\u00f6ljaktligen kan vi f\u00f6rutse och undvika eventuella problem med att f\u00e5 din b\u00e5s p\u00e5 plats.\u00a0Dessutom g\u00f6r v\u00e5rt n\u00e4tverk av erfarna kontakter oss att n\u00e5 \u00e4ven de mest avl\u00e4gsna omr\u00e5dena p\u00e5 kontinenten.\u00a0Med andra ord, var som helst i Europa du st\u00e4ller in, kan vi hj\u00e4lpa dig att f\u00e5 allt d\u00e4r det beh\u00f6ver vara.<br \/>\nEn europeisk m\u00e4ssa kan g\u00f6ra eller bryta ditt f\u00f6retag.\u00a0Om allt g\u00e5r r\u00e4tt kan du skapa ett surr och uts\u00e4tta dig f\u00f6r en stor publik.\u00a0L\u00e5t inte d\u00e5lig logistikhantering ber\u00f6va dig den m\u00f6jligheten!\u00a0Kom i kontakt med v\u00e5r v\u00e4nliga och kunniga kontorspersonal idag.\u00a0De kommer att s\u00e4tta ihop en godsl\u00f6sning som uppfyller transportkraven f\u00f6r din europeiska och internationella utst\u00e4llning.\u00a0P\u00e5 s\u00e5 s\u00e4tt f\u00e5r du frihet att koncentrera dig p\u00e5 att k\u00f6ra din b\u00e5s.<\/p>\n<h2><strong>Platser vi transporterar till och fr\u00e5n<\/strong><\/h2>\n<p><strong>Vi levererar frakt till n\u00e4stan alla l\u00e4nder i Europa &#8211; inklusive icke-EU-stater och avl\u00e4gsna \u00f6ar.\u00a0Specifikt t\u00e4cker vi:<\/strong><\/p>\n<ul class=\"list-with-tick\">\n<li>\u00d6sterrike och Belgien<\/li>\n<li>Litauen och Luxemburg<\/li>\n<li>Bulgarien och Kroatien<\/li>\n<li>Malta och Nederl\u00e4nderna<\/li>\n<li>Cypern och Tjeckien<\/li>\n<li>Nordirland och Norge<\/li>\n<li>Danmark och Estland<\/li>\n<li>Polen och Portugal<\/li>\n<li>Finland och Frankrike<\/li>\n<li>Rum\u00e4nien och Spanien<\/li>\n<li>Tyskland och Grekland<\/li>\n<li>Slovakien och Slovenien<\/li>\n<li>Ungern och Irland<\/li>\n<li>Sverige, Schweiz och Storbritannien<\/li>\n<li>Italien och Lettland<\/li>\n<li>Kanarie\u00f6arna och Balearerna<\/li>\n<\/ul>\n","protected":false},"excerpt":{"rendered":"<p>Ta en stall till en utst\u00e4llning i Europa?\u00a0Eller kanske har du ansvaret f\u00f6r att organisera hela saken?\u00a0Vi har t\u00e4ckt dig.\u00a0Med v\u00e5r stora erfarenhet av europeiska transportn\u00e4t kan vi vidarebefordra din gods direkt till kongresscentret.\u00a0Vi ordnar varje s\u00e4ndning, oavsett om det \u00e4r \u00f6ver land, hav eller luft.\u00a0Med dep\u00e5er \u00f6ver hela kontinenten kan vi ta bort stressen [&hellip;]<\/p>\n","protected":false},"author":13,"featured_media":0,"parent":13905,"menu_order":0,"comment_status":"closed","ping_status":"closed","template":"","meta":[],"yst_prominent_words":[14236,12148,12583,12681,4309,12147,3484,12112,12164,12903,12810,8275,12561,12223,12237,12107],"_links":{"self":[{"href":"https:\/\/europeanmoving.co.uk\/sv\/wp-json\/wp\/v2\/pages\/21998"}],"collection":[{"href":"https:\/\/europeanmoving.co.uk\/sv\/wp-json\/wp\/v2\/pages"}],"about":[{"href":"https:\/\/europeanmoving.co.uk\/sv\/wp-json\/wp\/v2\/types\/page"}],"author":[{"embeddable":true,"href":"https:\/\/europeanmoving.co.uk\/sv\/wp-json\/wp\/v2\/users\/13"}],"replies":[{"embeddable":true,"href":"https:\/\/europeanmoving.co.uk\/sv\/wp-json\/wp\/v2\/comments?post=21998"}],"version-history":[{"count":2,"href":"https:\/\/europeanmoving.co.uk\/sv\/wp-json\/wp\/v2\/pages\/21998\/revisions"}],"predecessor-version":[{"id":22008,"href":"https:\/\/europeanmoving.co.uk\/sv\/wp-json\/wp\/v2\/pages\/21998\/revisions\/22008"}],"up":[{"embeddable":true,"href":"https:\/\/europeanmoving.co.uk\/sv\/wp-json\/wp\/v2\/pages\/13905"}],"wp:attachment":[{"href":"https:\/\/europeanmoving.co.uk\/sv\/wp-json\/wp\/v2\/media?parent=21998"}],"wp:term":[{"taxonomy":"yst_prominent_words","embeddable":true,"href":"https:\/\/europeanmoving.co.uk\/sv\/wp-json\/wp\/v2\/yst_prominent_words?post=21998"}],"curies":[{"name":"wp","href":"https:\/\/api.w.org\/{rel}","templated":true}]}}