{"id":21983,"date":"2020-09-16T11:55:11","date_gmt":"2020-09-16T11:55:11","guid":{"rendered":"http:\/\/europeanmoving.im\/?page_id=21983"},"modified":"2020-09-16T11:55:11","modified_gmt":"2020-09-16T11:55:11","slug":"europeiska-och-internationella-filmproduktionstransporter","status":"publish","type":"page","link":"https:\/\/europeanmoving.co.uk\/sv\/transporthjalp\/europeiska-och-internationella-filmproduktionstransporter\/","title":{"rendered":"Europeiska och internationella filmproduktionstransporter"},"content":{"rendered":"<p><strong><span>Att vara transportchef f\u00f6r en europeisk filmupps\u00e4ttning \u00e4r ett tufft jobb.\u00a0<\/span><\/strong><span>Oavsett om du g\u00f6r en Hollywood-blockbuster eller en femton sekunders reklam, m\u00e5ste du f\u00e5 alla dessa sk\u00e5despelare, kameraoperat\u00f6rer, regiss\u00f6rer och make-upartister till samma plats samtidigt.\u00a0Och sedan finns all utrustning, logi och catering att t\u00e4nka p\u00e5.\u00a0F\u00f6rsenade leveranser orsakar d\u00e4rf\u00f6r stress och kostar pengar &#8211; och som s\u00e5dan \u00e4r de banan f\u00f6r filmskaparens yrkesliv.\u00a0Skulle det inte vara b\u00e4ttre om det fanns ett p\u00e5litligt europeiskt logistikf\u00f6retag tillg\u00e4ngligt f\u00f6r att hj\u00e4lpa till?<\/span><br \/>\n<span>Det \u00e4r d\u00e4r vi kommer in. Vi har varit med i det europeiska r\u00f6relsespelet sedan 2010 och har erfarenhet av logistik och transport som str\u00e4cker sig tillbaka \u00e5r sedan.\u00a0Tillsammans med m\u00e5nga andra typer av flyttningar erbjuder vi en europeisk filmproduktionstransport &#8211; inklusive internationella flyttningar.\u00a0Vi hj\u00e4lper dig att f\u00e5 all din personal och allt material dit de beh\u00f6ver vara, och vi erbjuder s\u00e4kert lager som skyddar \u00e4ven den st\u00f6rsta och mest k\u00e4nsliga rekvisita.\u00a0V\u00e5rt n\u00e4tverk av partners g\u00f6r det m\u00f6jligt f\u00f6r oss att chartra professionell transport \u00f6ver land, till sj\u00f6ss eller luft, medan v\u00e5rt flerspr\u00e5kiga team kommer att f\u00f6rhandla om eventuella tullhinder p\u00e5 dina v\u00e4gnar.<\/span><br \/>\n<span>Om du filmar mitt i en europeisk stad \u00e4r det inget problem: vi har dep\u00e5er inom en kort bilresa fr\u00e5n var och en av dem.\u00a0Men t\u00e4nk om du beh\u00f6ver packa alla och flytta f\u00f6r att skjuta en Medelhavs\u00f6 eller en skandinavisk skidstuga?\u00a0V\u00e5ra f\u00f6rare kommer att kunna ta dig var som helst.\u00a0De \u00e4r vardera utrustade med satellitnavigering som utv\u00e4rderar dem om trafikproblem och ger en v\u00e4g runt dem.\u00a0P\u00e5 s\u00e5 s\u00e4tt kan du h\u00e5lla dig uppdaterad om eventuella f\u00f6rseningar och du kommer att ha uppdaterad information om varje f\u00f6rs\u00e4ndelse.\u00a0Med hj\u00e4lp av v\u00e5r europeiska filmproduktionstransport beh\u00f6ver det inte vara n\u00e5got problem att flytta till var som helst i Europa.<\/span><\/p>\n<h2><strong><span>Platser vi transporterar till och fr\u00e5n<\/span><\/strong><\/h2>\n<p><span>Om du beh\u00f6ver en europeisk logistikl\u00f6sning f\u00f6r din film, varf\u00f6r inte arbeta med oss?\u00a0V\u00e5rt kontor \u00e4r bemannat av v\u00e4nliga, kunniga m\u00e4nniskor som g\u00e4rna skickar dina fr\u00e5gor.\u00a0V\u00e5r europeiska och internationella filmproduktionstransporttj\u00e4nst \u00e4r tillg\u00e4nglig f\u00f6r EU, Storbritannien och n\u00e5gra fler l\u00e4nder f\u00f6rutom.<\/span><\/p>\n<h2><strong><span>Specifikt skickar vi till f\u00f6ljande platser:<\/span><\/strong><\/h2>\n<ul class=\"list-with-tick\">\n<li><span>\u00d6sterrike och Belgien<\/span><\/li>\n<li><span>Litauen och Luxemburg<\/span><\/li>\n<li><span>Bulgarien och Kroatien<\/span><\/li>\n<li><span>Malta och Nederl\u00e4nderna<\/span><\/li>\n<li><span>Cypern och Tjeckien<\/span><\/li>\n<li><span>Nordirland och Norge<\/span><\/li>\n<li><span>Danmark och Estland<\/span><\/li>\n<li><span>Polen och Portugal<\/span><\/li>\n<li><span>Finland och Frankrike<\/span><\/li>\n<li><span>Rum\u00e4nien och Spanien<\/span><\/li>\n<li><span>Tyskland och Grekland<\/span><\/li>\n<li><span>Slovakien och Slovenien<\/span><\/li>\n<li><span>Ungern och Irland<\/span><\/li>\n<li><span>Sverige, Schweiz och Storbritannien<\/span><\/li>\n<li><span>Italien och Lettland<\/span><\/li>\n<li><span>Kanarie\u00f6arna och Balearerna<\/span><\/li>\n<\/ul>\n","protected":false},"excerpt":{"rendered":"<p>Att vara transportchef f\u00f6r en europeisk filmupps\u00e4ttning \u00e4r ett tufft jobb.\u00a0Oavsett om du g\u00f6r en Hollywood-blockbuster eller en femton sekunders reklam, m\u00e5ste du f\u00e5 alla dessa sk\u00e5despelare, kameraoperat\u00f6rer, regiss\u00f6rer och make-upartister till samma plats samtidigt.\u00a0Och sedan finns all utrustning, logi och catering att t\u00e4nka p\u00e5.\u00a0F\u00f6rsenade leveranser orsakar d\u00e4rf\u00f6r stress och kostar pengar &#8211; och som [&hellip;]<\/p>\n","protected":false},"author":13,"featured_media":0,"parent":13905,"menu_order":0,"comment_status":"closed","ping_status":"closed","template":"","meta":[],"yst_prominent_words":[12102,12559,15936,3484,12848,12164,12223,7378,12145,12553,12872,12113,12578],"_links":{"self":[{"href":"https:\/\/europeanmoving.co.uk\/sv\/wp-json\/wp\/v2\/pages\/21983"}],"collection":[{"href":"https:\/\/europeanmoving.co.uk\/sv\/wp-json\/wp\/v2\/pages"}],"about":[{"href":"https:\/\/europeanmoving.co.uk\/sv\/wp-json\/wp\/v2\/types\/page"}],"author":[{"embeddable":true,"href":"https:\/\/europeanmoving.co.uk\/sv\/wp-json\/wp\/v2\/users\/13"}],"replies":[{"embeddable":true,"href":"https:\/\/europeanmoving.co.uk\/sv\/wp-json\/wp\/v2\/comments?post=21983"}],"version-history":[{"count":1,"href":"https:\/\/europeanmoving.co.uk\/sv\/wp-json\/wp\/v2\/pages\/21983\/revisions"}],"predecessor-version":[{"id":21984,"href":"https:\/\/europeanmoving.co.uk\/sv\/wp-json\/wp\/v2\/pages\/21983\/revisions\/21984"}],"up":[{"embeddable":true,"href":"https:\/\/europeanmoving.co.uk\/sv\/wp-json\/wp\/v2\/pages\/13905"}],"wp:attachment":[{"href":"https:\/\/europeanmoving.co.uk\/sv\/wp-json\/wp\/v2\/media?parent=21983"}],"wp:term":[{"taxonomy":"yst_prominent_words","embeddable":true,"href":"https:\/\/europeanmoving.co.uk\/sv\/wp-json\/wp\/v2\/yst_prominent_words?post=21983"}],"curies":[{"name":"wp","href":"https:\/\/api.w.org\/{rel}","templated":true}]}}