{"id":21923,"date":"2020-09-16T09:47:45","date_gmt":"2020-09-16T09:47:45","guid":{"rendered":"http:\/\/europeanmoving.im\/?page_id=21923"},"modified":"2020-09-16T09:47:45","modified_gmt":"2020-09-16T09:47:45","slug":"easy-moves","status":"publish","type":"page","link":"https:\/\/europeanmoving.co.uk\/sv\/easy-moves\/","title":{"rendered":"Easy Moves"},"content":{"rendered":"<h1><strong><span>Easy Moves<\/span><\/strong><\/h1>\n<p><b><span>Det viktigaste att komma ih\u00e5g med EasyMoves \u00e4r att alla v\u00e5ra sk\u00e5pbilar bara har en f\u00f6rare<\/span><\/b><\/p>\n<p><span>EasyMoves \u00e4r v\u00e5r mest popul\u00e4ra flytttj\u00e4nst f\u00f6r kunder som beh\u00f6ver ett extra par h\u00e4nder.\u00a0V\u00e5r godk\u00e4nda f\u00f6rare hj\u00e4lper dig med lastning och lossning fr\u00e5n och till bottenv\u00e5ningen p\u00e5 din fastighet, till alla rum du v\u00e4ljer.\u00a0Om du beh\u00f6ver hj\u00e4lp fr\u00e5n och till de \u00f6vre v\u00e5ningarna, v\u00e4nligen prata med din flyttkoordinator som kan ordna detta f\u00f6r dig, extra avgifter tillkommer.\u00a0Kostnaden f\u00f6r denna tj\u00e4nst baseras p\u00e5 golvniv\u00e5n och om det finns en hiss.<\/span><\/p>\n<p><img src=\"https:\/\/europeanmoving.im\/wp-content\/uploads\/2018\/08\/easymoves.png\" \/><\/p>\n<h2><strong><span>EasyMoves: Lastning \/ lossning<\/span><\/strong><\/h2>\n<p><span>V\u00e5r chauff\u00f6r hj\u00e4lper dig att flytta dina varor fr\u00e5n bottenv\u00e5ningen i din fastighet vid insamling och till bottenv\u00e5ningen p\u00e5 din fastighet vid leverans till valfritt rum efter eget val.<\/span><\/p>\n<p><span>F\u00f6rst\u00e5 att f\u00f6r att h\u00e5lla kostnaderna p\u00e5 ett minimum\u00a0<\/span><b><span>levererar vi bara en f\u00f6rare per sk\u00e5pbil<\/span><\/b><span>\u00a0.\u00a0Du m\u00e5ste d\u00e4rf\u00f6r tillhandah\u00e5lla en tillr\u00e4cklig personalstyrka av v\u00e4nner och \/ eller familj i b\u00e5da \u00e4ndarna av din flytt.\u00a0Antalet personer som kr\u00e4vs beror p\u00e5 dina f\u00f6rem\u00e5ls natur, volym och vikt.\u00a0L\u00e5dor kan enkelt hanteras av en person om du h\u00e5ller vikten under 20 kg;\u00a0En soffa kr\u00e4ver minst tv\u00e5 personer och en stor garderob totalt fyra extra personer.\u00a0I allm\u00e4nhet anser vi att minst en person f\u00f6r att hj\u00e4lpa f\u00f6raren \u00e4r minst, tv\u00e5 eller tre \u00e4r idealiska f\u00f6r en full sk\u00e5pbil.\u00a0Kom ih\u00e5g att du k\u00e4nner till dina hush\u00e5llsartiklar b\u00e4ttre \u00e4n vi.<\/span><\/p>\n<p><span>F\u00f6r mindre delbelastningar p\u00e5 10 till 20 l\u00e5dor \u00e4r det ofta m\u00f6jligt f\u00f6r f\u00f6raren att g\u00f6ra hela lastningen och lossningen ensam mot en extra avgift, prata med din flyttkoordinator f\u00f6r mer information.\u00a0Kom ocks\u00e5 ih\u00e5g att detta endast \u00e4r m\u00f6jligt om varje artikel eller l\u00e5da kan b\u00e4ras av en person.<\/span><\/p>\n<p><strong><span>EasyMoves: laddning \/ lossningstider<\/span><\/strong><\/p>\n<h3><b><span>Dedikerad sk\u00e5pbilsservice &#8211; full belastning<\/span><\/b><\/h3>\n<p><span>Laddningstider &#8211; 5 timmar<\/span><br \/>\n<span>Laddningstider &#8211; 3 timmar<\/span><\/p>\n<h3><b><span>Delbelastningsservice<\/span><\/b><\/h3>\n<p><span>Laddningstider &#8211; 2-3 timmar<\/span><br \/>\n<span>Laddningstider &#8211; 1-2 timmar<\/span><br \/>\n<strong><span>EasyMoves: H\u00e4mtnings- och leveransdatum och tider<\/span><\/strong><\/p>\n<h3><b><span>Dedikerad sk\u00e5pbilsservice &#8211; full belastning<\/span><\/b><\/h3>\n<p><span>N\u00e4r du har bokat en s\u00e4rskild sk\u00e5pbil p\u00e5 v\u00e5r EasyMoves-tj\u00e4nst kan du v\u00e4lja en samlingsdag efter eget val m\u00e5ndag till l\u00f6rdag och leveransen kommer att ske direkt, restiden beror p\u00e5 avst\u00e5ndet.\u00a0Om din leveransdag \u00e4r viktigare, prata med din flyttkoordinator som kan ge dig r\u00e5d om b\u00e4sta m\u00f6jliga insamlingsdag f\u00f6r att tillgodose detta.<\/span><br \/>\n<span>Du kan \u00e4ndra det valda datumet f\u00f6r din insamling upp till tre dagar innan utan att det medf\u00f6r n\u00e5gra avgifter.\u00a0Om du skulle beh\u00f6va \u00e4ndra det mindre \u00e4n tre dagar innan insamlingen kan extra avgifter tillkomma.<\/span><br \/>\n<span>Du kommer endast att anv\u00e4nda sk\u00e5pbilen och kommer inte att dela utrymmet med andra kunders varor.\u00a0Du kan anv\u00e4nda utrymmet och vikten p\u00e5 20m3 eller 1 ton (full sk\u00e5pbil) som du vill.<\/span><b><span>Kom ih\u00e5g att sk\u00e5pbilen kan rymma en maximal kapacitet p\u00e5 20m3 eller 1 ton, antingen eller beroende p\u00e5 vad som n\u00e5s f\u00f6rst.<\/span><\/b><br \/>\n<span>Du kan v\u00e4lja en tidslucka p\u00e5 morgonen eller eftermiddagen, morgnarna \u00e4r mellan 8 och 12 och eftermiddagarna mellan 12 och 16 (brittisk tid).\u00a0P\u00e5 grund av verksamhetens karakt\u00e4r kan det ibland uppst\u00e5 f\u00f6rseningar, d\u00e4rf\u00f6r ger vi inga specifika tider f\u00f6r h\u00e4mtning eller leverans.\u00a0Alla tider som du f\u00e5r g\u00f6rs i god tro.<\/span><br \/>\n<span>T\u00e4nk p\u00e5 eventuella f\u00f6rseningar eftersom vissa problem inte kan undvikas, till exempel trafik- eller mekaniska problem.\u00a0<\/span><b><span>Vi kompenserar inte f\u00f6r sena insamlingar eller leveranser.<\/span><\/b><\/p>\n<h3><b><span>Delbelastningsservice<\/span><\/b><\/h3>\n<p><span>Vi beh\u00f6ver ett f\u00f6nster p\u00e5 tre arbetsdagar f\u00f6r insamling.\u00a0Naturligtvis f\u00f6rv\u00e4ntar vi oss inte att du stannar kvar under den h\u00e4r tiden och vi str\u00e4var efter att ge dig minst 24 timmar i f\u00f6rv\u00e4g.\u00a0Men om vi har plats p\u00e5 en av v\u00e5ra sk\u00e5pbilar i ditt omr\u00e5de den dagen kan vi ringa dig f\u00f6r att erbjuda dig det h\u00e4r alternativet ocks\u00e5.<\/span><br \/>\n<span>Vi kr\u00e4ver ocks\u00e5 att n\u00e5gon ska vara tillg\u00e4nglig mellan kl. 08.00 och 18.00 (brittisk tid).\u00a0T\u00e4nk p\u00e5 att f\u00f6rseningar ibland kan uppst\u00e5 p\u00e5 grund av flera samlingar och leveranser.\u00a0Om f\u00f6raren \u00e4r mycket f\u00f6rsenad kan vi skjuta upp din insamling till n\u00e4sta morgon.<\/span><br \/>\n<b><span>Vi kompenserar inte f\u00f6r sena insamlingar eller leveranser.<\/span><\/b><br \/>\n<span>Leverans f\u00f6r dellast \u00e4r i allm\u00e4nhet allt mellan 1 dag och 14 dagar beroende p\u00e5 rutt.\u00a0N\u00e5gon m\u00e5ste vara tillg\u00e4nglig f\u00f6r leverans fr\u00e5n tidigast m\u00f6jliga datum.\u00a0Vi kommer alltid att str\u00e4va efter att skicka dina varor direkt.\u00a0Vi kan dock ta dem till v\u00e5r lagringsdep\u00e5 f\u00f6r gruppering med andra laster som g\u00e5r i samma riktning.\u00a0Din flyttkoordinator kommer att informera dig om detta n\u00e4r du bekr\u00e4ftar ditt samlingsdatum.<\/span><br \/>\n<span>Men om du inte har den flexibilitet som kr\u00e4vs f\u00f6r din insamlings- och leveransdatum kan du \u00f6verv\u00e4ga en dedikerad sk\u00e5pbil (full last).\u00a0Det kommer troligen att fungera billigare \u00e4n de flesta av v\u00e5ra konkurrenter.<\/span><\/p>\n<p><strong><span>EasyMoves: inventering<\/span><\/strong><\/p>\n<p><span>Vi ber dig att tillhandah\u00e5lla en kopia av ditt lager till din flyttkoordinator 3-5 dagar f\u00f6re insamlingen.\u00a0Detta g\u00f6r det m\u00f6jligt f\u00f6r dem att fastst\u00e4lla och bekr\u00e4fta den kubiska kapaciteten.<\/span><\/p>\n<p><b><span>Kom ih\u00e5g att det \u00e4r om\u00f6jligt f\u00f6r oss att uppskatta vikten.<\/span><\/b><\/p>\n<p><span>Du m\u00e5ste ocks\u00e5 skriva ut tv\u00e5 kopior av inventeringen i pappersformat redo f\u00f6r insamlingsdagen.\u00a0Du eller din representant m\u00e5ste kontrollera dina varor p\u00e5 och av sk\u00e5pbilen mot detta lager tillsammans med f\u00f6raren.\u00a0En kopia \u00e4r f\u00f6r dig att beh\u00e5lla och en kopia \u00e4r f\u00f6r f\u00f6raren.\u00a0B\u00e5da ska underteckna varje inventering vid h\u00e4mtning och leverans.<\/span><\/p>\n<p><b><span>Observera: Om du vill skicka dina varor utan inventering g\u00f6rs detta helt p\u00e5 egen risk.<\/span><\/b><\/p>\n<p><b><span>Tullen kan ocks\u00e5 be om att se en lista om de stannar sk\u00e5pbilen vid en gr\u00e4ns.<\/span><\/b><\/p>\n<p><b><span>V\u00e4nligen l\u00e4s v\u00e5r\u00a0<\/span><a href=\"https:\/\/europeanmoving.im\/movers-guide\/\" target=\"_blank\" rel=\"noopener noreferrer\"><span>flyttguide<\/span><\/a><span>\u00a0f\u00f6r andra anv\u00e4ndbara tips.\u00a0<\/span><\/b><strong><span>EasyMoves: Lastvolym och vikt<\/span><\/strong><\/p>\n<p><span>Vi anv\u00e4nder fr\u00e4mst 3,5 ton Luton-sk\u00e5pbilar.\u00a0De har standardkapacitet f\u00f6r denna typ av fordon i transportbranschen.\u00a0Det st\u00f6rsta \u00f6verv\u00e4gandet n\u00e4r du flyttar dina varor m\u00e5ste vara vikten.\u00a0V\u00e5ra sk\u00e5pbilar kan b\u00e4ra mellan 20m3-24m3 i volym med en nyttolast p\u00e5 1000 kg.\u00a0Vissa l\u00e4nder, som Schweiz, Norge och \u00d6sterrike, minskar lagkapaciteten till 800 kg.\u00a0Viktgr\u00e4nsen f\u00f6rblir densamma oavsett om sk\u00e5pbilen \u00e4r 20m3 eller 24m3.<\/span><\/p>\n<p><b><span>Din bokning kommer alltid att baseras p\u00e5 antingen kubik kapacitet ELLER vikt &#8211; beroende p\u00e5 vilken som n\u00e5s f\u00f6rst.<\/span><\/b><\/p>\n<p><span>Du kanske vill \u00f6verv\u00e4ga att om du har m\u00e5nga l\u00e5dor som v\u00e4ger 20 kg, kan du bara f\u00e5 50 l\u00e5dor p\u00e5 sk\u00e5pbilen innan du n\u00e5r viktgr\u00e4nsen.\u00a0Det betyder att \u00e4ven om din sk\u00e5pbil bara kan vara halvfull i volym kommer den att ha full vikt.\u00a0Det kan\u00a0<\/span><u><b><span>lagligen inte<\/span><\/b><\/u><span>\u00a0ta mer \u00e4n s\u00e5.<\/span><\/p>\n<p><b><span>Observera<\/span><\/b><span>\u00a0: De flesta av v\u00e5ra sk\u00e5pbilar\u00a0<\/span><b><span>har ingen baklyft.\u00a0<\/span><\/b><span>Vi kan dock kunna f\u00f6rse dig med en mot en extra avgift och i m\u00e5n av tillg\u00e5ng.\u00a0Var dock medveten om att hydrauliken s\u00e4nker maximal vikt med ytterligare 250 kg (det p\u00e5verkar inte volymen).<\/span><\/p>\n<p><strong><span>EasyMoves: F\u00f6rpackning<\/span><\/strong><\/p>\n<p><span>Alla varor m\u00e5ste vara tillr\u00e4ckligt f\u00f6rpackade och skyddade innan de h\u00e4mtas.\u00a0Sk\u00e5pbilarna har inga r\u00f6rliga filtar och \/ eller lastutrustning.<\/span><\/p>\n<p><span>Se v\u00e5r\u00a0<\/span><a href=\"https:\/\/europeanmoving.im\/en\/movers-guide-table\/\" target=\"_blank\" rel=\"noopener noreferrer\"><b><span>Movers Guide<\/span><\/b><\/a><span>\u00a0och mer specifikt v\u00e5ra\u00a0<\/span><a href=\"https:\/\/europeanmoving.im\/en\/movers-guide-table\/general-info-for-moving-to-a-new-country\/\" target=\"_blank\" rel=\"noopener noreferrer\"><b><span>f\u00f6rpackningstips<\/span><\/b><\/a><span>\u00a0.<\/span><\/p>\n<p><b><span>Gl\u00f6m inte att l\u00e4sa v\u00e5r\u00a0<\/span><a href=\"https:\/\/europeanmoving.im\/en\/removals-insurance-and-compensation\/\" target=\"_blank\" rel=\"noopener noreferrer\"><span>f\u00f6rs\u00e4kringssida<\/span><\/a><\/b><\/p>\n<p><b><span>Om du kan f\u00e5 tillr\u00e4ckligt med v\u00e4nner, familjemedlemmar eller grannar f\u00f6r att hj\u00e4lpa er b\u00e5da med lastning OCH lossning, kanske du vill \u00f6verv\u00e4ga\u00a0<\/span><a href=\"https:\/\/europeanmoving.im\/en\/international-load-and-go-transport-only-service\/\" target=\"_blank\" rel=\"noopener noreferrer\"><span>v\u00e5r Load &amp; Go-tj\u00e4nst<\/span><\/a><span>\u00a0eftersom det \u00e4r \u00e4nnu billigare<\/span><\/b><\/p>\n","protected":false},"excerpt":{"rendered":"<p>Easy Moves Det viktigaste att komma ih\u00e5g med EasyMoves \u00e4r att alla v\u00e5ra sk\u00e5pbilar bara har en f\u00f6rare EasyMoves \u00e4r v\u00e5r mest popul\u00e4ra flytttj\u00e4nst f\u00f6r kunder som beh\u00f6ver ett extra par h\u00e4nder.\u00a0V\u00e5r godk\u00e4nda f\u00f6rare hj\u00e4lper dig med lastning och lossning fr\u00e5n och till bottenv\u00e5ningen p\u00e5 din fastighet, till alla rum du v\u00e4ljer.\u00a0Om du beh\u00f6ver hj\u00e4lp [&hellip;]<\/p>\n","protected":false},"author":13,"featured_media":0,"parent":0,"menu_order":0,"comment_status":"closed","ping_status":"closed","template":"","meta":[],"yst_prominent_words":[4309,3484,12112,8275,12100,12106,12145,12107,12103,14891],"_links":{"self":[{"href":"https:\/\/europeanmoving.co.uk\/sv\/wp-json\/wp\/v2\/pages\/21923"}],"collection":[{"href":"https:\/\/europeanmoving.co.uk\/sv\/wp-json\/wp\/v2\/pages"}],"about":[{"href":"https:\/\/europeanmoving.co.uk\/sv\/wp-json\/wp\/v2\/types\/page"}],"author":[{"embeddable":true,"href":"https:\/\/europeanmoving.co.uk\/sv\/wp-json\/wp\/v2\/users\/13"}],"replies":[{"embeddable":true,"href":"https:\/\/europeanmoving.co.uk\/sv\/wp-json\/wp\/v2\/comments?post=21923"}],"version-history":[{"count":1,"href":"https:\/\/europeanmoving.co.uk\/sv\/wp-json\/wp\/v2\/pages\/21923\/revisions"}],"predecessor-version":[{"id":21924,"href":"https:\/\/europeanmoving.co.uk\/sv\/wp-json\/wp\/v2\/pages\/21923\/revisions\/21924"}],"wp:attachment":[{"href":"https:\/\/europeanmoving.co.uk\/sv\/wp-json\/wp\/v2\/media?parent=21923"}],"wp:term":[{"taxonomy":"yst_prominent_words","embeddable":true,"href":"https:\/\/europeanmoving.co.uk\/sv\/wp-json\/wp\/v2\/yst_prominent_words?post=21923"}],"curies":[{"name":"wp","href":"https:\/\/api.w.org\/{rel}","templated":true}]}}