{"id":19727,"date":"2019-07-03T09:07:39","date_gmt":"2019-07-03T09:07:39","guid":{"rendered":"https:\/\/europeanmoving.info\/hur-man-bokar\/"},"modified":"2020-09-18T12:24:27","modified_gmt":"2020-09-18T12:24:27","slug":"hur-man-bokar","status":"publish","type":"page","link":"https:\/\/europeanmoving.co.uk\/sv\/hur-man-bokar\/","title":{"rendered":"Hur man bokar"},"content":{"rendered":"<div class=\"banner-wrapper\">\n<ul class=\"main-slider\">\n<li>\n<div class=\"container\">\n<div class=\"banner-main first-banner\">\n<div class=\"row d-flex justify-content-between align-items-center w-100\">\n<div class=\"col-md-6\">\n<div class=\"banner-commen-left\"><img class=\"img-fluid\" src=\"https:\/\/europeanmoving.co.uk\/wp-content\/themes\/EuropeanMoving\/img\/first-slide-img-1.png\" \/><\/div>\n<\/div>\n<div class=\"col-md-6\">\n<div class=\"banner-commen-right\">\n<p class=\"pblc\">Complete our simple online enquiry form<\/p>\n<\/div>\n<\/div>\n<\/div>\n<\/div>\n<\/div>\n<\/li>\n<li>\n<div class=\"container\">\n<div class=\"banner-main second-banner\">\n<div class=\"row d-flex justify-content-between align-items-center w-100\">\n<div class=\"col-md-6\">\n<div class=\"banner-commen-left\"><img class=\"img-fluid\" src=\"https:\/\/europeanmoving.co.uk\/wp-content\/themes\/EuropeanMoving\/img\/second-slide-img-1.png\" \/><\/div>\n<\/div>\n<div class=\"col-md-6\">\n<div class=\"banner-commen-right\"><img class=\"img-fluid\" src=\"https:\/\/europeanmoving.co.uk\/wp-content\/themes\/EuropeanMoving\/img\/second-slide-img-2.png\" \/><\/div>\n<\/div>\n<\/div>\n<\/div>\n<\/div>\n<\/li>\n<li>\n<div class=\"container\">\n<div class=\"banner-main second-banner\">\n<div class=\"row d-flex justify-content-between align-items-center w-100\">\n<div class=\"col-md-6\">\n<div class=\"banner-commen-left\"><img class=\"img-fluid\" src=\"https:\/\/europeanmoving.co.uk\/wp-content\/themes\/EuropeanMoving\/img\/third-slide-img-1.png\" \/><\/div>\n<\/div>\n<div class=\"col-md-6\">\n<div class=\"banner-commen-right\"><img class=\"img-fluid\" src=\"https:\/\/europeanmoving.co.uk\/wp-content\/themes\/EuropeanMoving\/img\/third-slide-img-2.png\" \/><\/div>\n<\/div>\n<\/div>\n<\/div>\n<\/div>\n<\/li>\n<li>\n<div class=\"container\">\n<div class=\"banner-main fourth-banner\">\n<div class=\"row d-flex justify-content-between align-items-center w-100\">\n<div class=\"col-md-6\">\n<div class=\"banner-commen-left\"><center><\/p>\n<p class=\"pblc\">If you are happy,<br \/>\napprove the quote<\/p>\n<p>&nbsp;<\/p>\n<p><\/center><\/div>\n<\/div>\n<div class=\"col-md-6\">\n<div class=\"banner-commen-right\"><img class=\"img-fluid\" src=\"https:\/\/europeanmoving.co.uk\/wp-content\/themes\/EuropeanMoving\/img\/fourth-slide-img-2.png\" \/><\/div>\n<\/div>\n<\/div>\n<\/div>\n<\/div>\n<\/li>\n<li>\n<div class=\"container\">\n<div class=\"banner-main fifth-banner\">\n<div class=\"row d-flex justify-content-between align-items-center w-100\">\n<div class=\"col-md-4\">\n<div class=\"banner-commen-left\"><img class=\"img-fluid\" src=\"https:\/\/europeanmoving.co.uk\/wp-content\/themes\/EuropeanMoving\/img\/five-slide-img-1.png\" \/><\/div>\n<\/div>\n<div class=\"col-md-8\">\n<div class=\"banner-commen-right\"><img class=\"img-fluid\" src=\"https:\/\/europeanmoving.co.uk\/wp-content\/themes\/EuropeanMoving\/img\/five-slide-img-2.png\" \/><\/div>\n<\/div>\n<\/div>\n<\/div>\n<\/div>\n<\/li>\n<li>\n<div class=\"container\">\n<div class=\"banner-main sixth-banner\">\n<div class=\"row d-flex justify-content-between align-items-center w-100\">\n<div class=\"col-md-7\">\n<div class=\"banner-commen-left\"><img class=\"img-fluid\" src=\"https:\/\/europeanmoving.co.uk\/wp-content\/themes\/EuropeanMoving\/img\/six-slide-img-1.png\" \/><\/div>\n<\/div>\n<div class=\"col-md-5\">\n<div class=\"banner-commen-right\"><img class=\"img-fluid\" src=\"https:\/\/europeanmoving.co.uk\/wp-content\/themes\/EuropeanMoving\/img\/six-slide-img-2.png\" \/><\/div>\n<\/div>\n<\/div>\n<\/div>\n<\/div>\n<\/li>\n<li>\n<div class=\"container\">\n<div class=\"banner-main seven-banner\">\n<div class=\"row d-flex justify-content-between align-items-center w-100\">\n<div class=\"col-md-5\">\n<div class=\"banner-commen-left\"><img class=\"img-fluid\" src=\"https:\/\/europeanmoving.co.uk\/wp-content\/themes\/EuropeanMoving\/img\/seven-slide-img-1.png\" \/><\/div>\n<\/div>\n<div class=\"col-md-7\">\n<div class=\"banner-commen-right\"><img class=\"img-fluid\" src=\"https:\/\/europeanmoving.co.uk\/wp-content\/themes\/EuropeanMoving\/img\/seven-slide-img-2.png\" \/><\/div>\n<\/div>\n<\/div>\n<\/div>\n<\/div>\n<\/li>\n<li>\n<div class=\"container\">\n<div class=\"banner-main eight-banner\">\n<div class=\"row d-flex justify-content-between align-items-center w-100\">\n<div class=\"col-md-12\">\n<div class=\"banner-commen-left\"><img class=\"img-fluid\" src=\"https:\/\/europeanmoving.co.uk\/wp-content\/themes\/EuropeanMoving\/img\/eight-slide-img-1.png\" \/><\/div>\n<\/div>\n<\/div>\n<\/div>\n<\/div>\n<\/li>\n<li>\n<div class=\"container\">\n<div class=\"banner-main nine-banner\">\n<div class=\"row d-flex justify-content-between align-items-center w-100\">\n<div class=\"col-md-12\">\n<div class=\"banner-commen-left\"><img class=\"img-fluid\" src=\"https:\/\/europeanmoving.co.uk\/wp-content\/themes\/EuropeanMoving\/img\/nine-slide-img-1.png\" \/><\/div>\n<\/div>\n<\/div>\n<\/div>\n<\/div>\n<\/li>\n<li>\n<div class=\"container\">\n<div class=\"banner-main nine-banner\">\n<div class=\"row d-flex justify-content-between align-items-center w-100\">\n<div class=\"col-md-12\">\n<div class=\"banner-commen-left\"><img class=\"img-fluid\" src=\"https:\/\/europeanmoving.co.uk\/wp-content\/themes\/EuropeanMoving\/img\/ten-slide-img-11.png\" \/><\/div>\n<\/div>\n<\/div>\n<\/div>\n<\/div>\n<\/li>\n<\/ul>\n<\/div>\n<p style=\"text-align: justify;\"><strong><span>Det \u00e4r enkelt att anv\u00e4nda European Moving-plattformen.\u00a0V\u00e5ra erfarna Move Coordinators str\u00e4var efter att skicka en uppskattning inom 24 timmar.\u00a0Om du inte vet hur mycket du m\u00e5ste flytta \u00e4nnu, oroa dig inte, det kan alltid \u00e4ndras.\u00a0F\u00f6lj v\u00e5r enkla 10-stegsprocess fr\u00e5n insamling till leverans!<\/span><\/strong><\/p>\n<div class=\"row\">\n<div class=\"col-sm-6\">\n<div class=\"zig\"><img src=\"https:\/\/europeanmoving.im\/wp-content\/uploads\/2018\/07\/FrameVisuals-WhiteBG_Frame1.jpg\" \/><\/div>\n<p>&nbsp;<\/p>\n<\/div>\n<div class=\"col-sm-6\">\n<div class=\"zag\">\n<p><strong><span class=\"num\"><span>1.<\/span><\/span><span>Fyll bara i formul\u00e4ret f\u00f6r snabb offert ovan.\u00a0Alternativt, om du f\u00f6redrar att prata med n\u00e5gon direkt kan du antingen ringa oss p\u00e5 +44 (0) 203 966 2905 eller anv\u00e4nda v\u00e5r onlinechatttj\u00e4nst l\u00e4ngst ner p\u00e5 sidan.<\/span><\/strong><\/p>\n<p>&nbsp;<\/p>\n<\/div>\n<p>&nbsp;<\/p>\n<\/div>\n<div class=\"col-sm-6\">\n<div class=\"zag\">\n<p><strong><span class=\"num\"><span>2.<\/span><\/span><span>V\u00e4lj vilken tj\u00e4nst du beh\u00f6ver, EasyMoves eller Load &amp; Go.\u00a0Detaljer om b\u00e5da finns under fliken &#8221;Tj\u00e4nster&#8221; h\u00f6gst upp p\u00e5 sidan.\u00a0Om du har n\u00e5gra fr\u00e5gor kan du ocks\u00e5 kolla in v\u00e5ra vanliga fr\u00e5gor.<\/span><\/strong><\/p>\n<p>&nbsp;<\/p>\n<\/div>\n<p>&nbsp;<\/p>\n<\/div>\n<div class=\"col-sm-6\">\n<div class=\"zig\"><img src=\"https:\/\/europeanmoving.im\/wp-content\/uploads\/2018\/07\/FrameVisuals-WhiteBG_Frame2.jpg\" \/><\/div>\n<p>&nbsp;<\/p>\n<\/div>\n<div class=\"col-sm-6\">\n<div class=\"zig\"><img src=\"https:\/\/europeanmoving.im\/wp-content\/uploads\/2018\/12\/slide-3.jpg\" \/><\/div>\n<p>&nbsp;<\/p>\n<\/div>\n<div class=\"col-sm-6\">\n<div class=\"zag\">\n<p><strong><span class=\"num\"><span>3.<\/span><\/span><span>Du kan diskutera ditt drag mer detaljerat genom att anv\u00e4nda n\u00e5gon av v\u00e5ra v\u00e4nliga kontakttj\u00e4nster antingen via telefon, chatt eller via e-post.\u00a0V\u00e5rt team finns till hands f\u00f6r att svara p\u00e5 eventuella fr\u00e5gor du har.<\/span><\/strong><\/p>\n<p>&nbsp;<\/p>\n<\/div>\n<p>&nbsp;<\/p>\n<\/div>\n<div class=\"col-sm-6\">\n<div class=\"zag\">\n<p><strong><span class=\"num\"><span>4.<\/span><\/span><span>N\u00e4r du \u00e4r glad att forts\u00e4tta kan du godk\u00e4nna offerten sj\u00e4lv genom att helt enkelt klicka p\u00e5 &#8221;godk\u00e4nn-knappen&#8221;.\u00a0Du kan ocks\u00e5 be din Move Coordinator att g\u00f6ra detta \u00e5t dig.<\/span><\/strong><\/p>\n<p>&nbsp;<\/p>\n<\/div>\n<p>&nbsp;<\/p>\n<\/div>\n<div class=\"col-sm-6\">\n<div class=\"zig\"><img src=\"https:\/\/europeanmoving.im\/wp-content\/uploads\/2018\/07\/FrameVisuals-WhiteBG_Frame3.jpg\" \/><\/div>\n<p>&nbsp;<\/p>\n<\/div>\n<div class=\"col-sm-6\">\n<div class=\"zig\"><img src=\"https:\/\/europeanmoving.im\/wp-content\/uploads\/2018\/07\/FrameVisuals-WhiteBG_Frame4.jpg\" \/><\/div>\n<p>&nbsp;<\/p>\n<\/div>\n<div class=\"col-sm-6\">\n<div class=\"zag\">\n<p><strong><span class=\"num\"><span>5.<\/span><\/span><span>Du kan betala din ins\u00e4ttning p\u00e5 \u00a3 50 \/ \u20ac 50 via telefon med kredit- eller betalkort eller med PayPal, beroende p\u00e5 vad som passar dig b\u00e4st.\u00a0Gl\u00f6m inte, om du \u00e4ndrar dig \u00e5terbetalas din ins\u00e4ttning till fullo.<\/span><\/strong><\/p>\n<p>&nbsp;<\/p>\n<\/div>\n<p>&nbsp;<\/p>\n<\/div>\n<div class=\"col-sm-6\">\n<div class=\"zag\">\n<p><strong><span class=\"num\"><span>6.<\/span><\/span><span>Skicka en kopia av ditt lager 3-5 dagar f\u00f6re insamling, din flyttkoordinator kontrollerar detta f\u00f6r att undvika ov\u00e4ntade \u00f6verraskningar p\u00e5 dagen.\u00a0Vi uppskattar att du kommer att packa \u00e4nda fram till sista minuten, men en n\u00e4stan komplett inventering kommer att vara bra.\u00a0Du m\u00e5ste ocks\u00e5 f\u00f6rbereda tv\u00e5 tryckta kopior redo f\u00f6r insamlingsdagen, dessa m\u00e5ste vara slutgiltiga och korrekta.<\/span><\/strong><\/p>\n<p>&nbsp;<\/p>\n<\/div>\n<p>&nbsp;<\/p>\n<\/div>\n<div class=\"col-sm-6\">\n<div class=\"zig\"><img src=\"https:\/\/europeanmoving.im\/wp-content\/uploads\/2018\/12\/slide-6.jpg\" \/><\/div>\n<p>&nbsp;<\/p>\n<\/div>\n<div class=\"col-sm-6\">\n<div class=\"zig\"><img src=\"https:\/\/europeanmoving.im\/wp-content\/uploads\/2018\/07\/UM-FramesWhiteBGFR_Frame6.jpg\" \/><\/div>\n<p>&nbsp;<\/p>\n<\/div>\n<div class=\"col-sm-6\">\n<div class=\"zag\">\n<p><strong><span class=\"num\"><span>7.<\/span><\/span><span>N\u00e4r du har bekr\u00e4ftat dina datum och undertecknat din sammanfattning av servicekontraktet kommer en av v\u00e5ra godk\u00e4nda f\u00f6rare att tilldelas din bokning.<\/span><\/strong><\/p>\n<p>&nbsp;<\/p>\n<\/div>\n<p>&nbsp;<\/p>\n<\/div>\n<div class=\"col-sm-6\">\n<div class=\"zag\">\n<p><strong><span class=\"num\"><span>8.<\/span><\/span><span>Din slutbetalning ska betalas 14 dagar f\u00f6re insamlingen och m\u00e5ste betalas via bank\u00f6verf\u00f6ring.\u00a0Alla dessa detaljer hittar du p\u00e5 din faktura, du kommer ocks\u00e5 att f\u00e5 en p\u00e5minnelse om detta tappar dig.<\/span><\/strong><\/p>\n<p>&nbsp;<\/p>\n<\/div>\n<p>&nbsp;<\/p>\n<\/div>\n<div class=\"col-sm-6\">\n<div class=\"zig\"><img src=\"https:\/\/europeanmoving.im\/wp-content\/uploads\/2018\/12\/slide-8-1.jpg\" \/><\/div>\n<p>&nbsp;<\/p>\n<\/div>\n<div class=\"col-sm-6\">\n<div class=\"zig\"><img src=\"https:\/\/europeanmoving.im\/wp-content\/uploads\/2018\/07\/FrameVisuals-WhiteBG_Frame9.jpg\" \/><\/div>\n<p>&nbsp;<\/p>\n<\/div>\n<div class=\"col-sm-6\">\n<div class=\"zag\">\n<p><strong><span class=\"num\"><span>9.<\/span><\/span><span>N\u00e4r din f\u00f6rare anl\u00e4nder, se till att du har tv\u00e5 tryckta kopior av ditt lager till hands &#8211; en f\u00f6r dig sj\u00e4lv och en f\u00f6r f\u00f6raren.\u00a0Alla varor ska kontrolleras p\u00e5 och av sk\u00e5pbilen och inventeringen ska undertecknas av dig och f\u00f6raren.\u00a0F\u00f6r delbelastningar m\u00e5ste du ocks\u00e5 se till att varje l\u00e5da eller artikel \u00e4r m\u00e4rkt och motsvarar ditt lager.<\/span><\/strong><\/p>\n<p>&nbsp;<\/p>\n<\/div>\n<p>&nbsp;<\/p>\n<\/div>\n<div class=\"col-sm-6\">\n<div class=\"zag\">\n<p><strong><span class=\"num\"><span>10.<\/span><\/span><span>N\u00e4r vi har f\u00e5tt ett meddelande fr\u00e5n dig eller f\u00f6raren om att alla dina varor har levererats skickar vi dig en l\u00e4nk f\u00f6r att betygs\u00e4tta v\u00e5r f\u00f6rare och v\u00e5ra kundtj\u00e4nster.\u00a0Vi erbjuder 50 \u00a3 \/ 50 \u20ac \u00e5terbetalning f\u00f6r alla r\u00e4ttvisa recensioner kvar!<\/span><\/strong><\/p>\n<p>&nbsp;<\/p>\n<\/div>\n<p>&nbsp;<\/p>\n<\/div>\n<div class=\"col-sm-6\">\n<div class=\"zig\"><img src=\"https:\/\/europeanmoving.im\/wp-content\/uploads\/2018\/07\/FrameVisuals-WhiteBG_Frame10.jpg\" \/><\/div>\n<\/div>\n<\/div>\n","protected":false},"excerpt":{"rendered":"<p>Complete our simple online enquiry form If you are happy, approve the quote &nbsp; Det \u00e4r enkelt att anv\u00e4nda European Moving-plattformen.\u00a0V\u00e5ra erfarna Move Coordinators str\u00e4var efter att skicka en uppskattning inom 24 timmar.\u00a0Om du inte vet hur mycket du m\u00e5ste flytta \u00e4nnu, oroa dig inte, det kan alltid \u00e4ndras.\u00a0F\u00f6lj v\u00e5r enkla 10-stegsprocess fr\u00e5n insamling till [&hellip;]<\/p>\n","protected":false},"author":13,"featured_media":0,"parent":0,"menu_order":0,"comment_status":"closed","ping_status":"closed","template":"","meta":[],"yst_prominent_words":[15953,12583,12681,12699,12231,12112,12164,12888,12106,12145,12107],"_links":{"self":[{"href":"https:\/\/europeanmoving.co.uk\/sv\/wp-json\/wp\/v2\/pages\/19727"}],"collection":[{"href":"https:\/\/europeanmoving.co.uk\/sv\/wp-json\/wp\/v2\/pages"}],"about":[{"href":"https:\/\/europeanmoving.co.uk\/sv\/wp-json\/wp\/v2\/types\/page"}],"author":[{"embeddable":true,"href":"https:\/\/europeanmoving.co.uk\/sv\/wp-json\/wp\/v2\/users\/13"}],"replies":[{"embeddable":true,"href":"https:\/\/europeanmoving.co.uk\/sv\/wp-json\/wp\/v2\/comments?post=19727"}],"version-history":[{"count":7,"href":"https:\/\/europeanmoving.co.uk\/sv\/wp-json\/wp\/v2\/pages\/19727\/revisions"}],"predecessor-version":[{"id":22364,"href":"https:\/\/europeanmoving.co.uk\/sv\/wp-json\/wp\/v2\/pages\/19727\/revisions\/22364"}],"wp:attachment":[{"href":"https:\/\/europeanmoving.co.uk\/sv\/wp-json\/wp\/v2\/media?parent=19727"}],"wp:term":[{"taxonomy":"yst_prominent_words","embeddable":true,"href":"https:\/\/europeanmoving.co.uk\/sv\/wp-json\/wp\/v2\/yst_prominent_words?post=19727"}],"curies":[{"name":"wp","href":"https:\/\/api.w.org\/{rel}","templated":true}]}}