{"id":19702,"date":"2018-07-27T12:54:20","date_gmt":"2018-07-27T12:54:20","guid":{"rendered":"https:\/\/europeanmoving.info\/movers-guide-table\/"},"modified":"2020-09-17T13:34:13","modified_gmt":"2020-09-17T13:34:13","slug":"movers-guide-table","status":"publish","type":"page","link":"https:\/\/europeanmoving.co.uk\/sv\/movers-guide-table\/","title":{"rendered":"Movers Guide"},"content":{"rendered":"<h1><span>Flyttarguide<\/span><\/h1>\n<p><span>S\u00e5 du ska flytta, lastbilen kommer att vara h\u00e4r inom n\u00e5gra korta dagar och du har inte ens b\u00f6rjat f\u00f6rbereda dig f\u00f6r den?\u00a0Inga bekymmer, vi har alla varit d\u00e4r!\u00a0Att flytta \u00e4r skr\u00e4mmande, och det k\u00e4nns alltid som att du, \u00e4ven n\u00e4r vi tar hand om transporten, fortfarande m\u00e5ste t\u00e4nka p\u00e5 en miljard saker samtidigt utan tydlig b\u00f6rjan, mitt och slut.\u00a0\u00c4ven om vi inte fysiskt kan hj\u00e4lpa dig med din f\u00f6rpackning och andra f\u00f6rberedelser, kan vi st\u00f6dja dig och heja p\u00e5 dig i andan, samtidigt som vi ger dig ett par tips, tricks och \u201dlivshacks\u201d l\u00e4ngs v\u00e4gen!<\/span><\/p>\n<p><span>F\u00f6r att anv\u00e4nda v\u00e5r Movers Guide mest effektivt, se noga \u00f6ver relevanta artiklar nedan i ordning medan du h\u00e5ller inventeringslistan till hands och anv\u00e4nder den kubiska kalkylatorn vid behov.<\/span><\/p>\n<div class=\"guide-table\">\n<div class=\"container\">\n<div class=\"row\">\n<div class=\"col-sm-4\"><a href=\"https:\/\/europeanmoving.co.uk\/en\/movers-guide-table\/general-info-for-moving-to-a-new-country\/\"><strong><i class=\"fa fa-check-circle\" aria-hidden=\"true\"><\/i><span>Allm\u00e4nna tips om f\u00f6rpackning<\/span><\/strong><\/a><br \/>\n<span>Den f\u00f6rsta och, kanske vissa, den viktigaste artikeln att l\u00e4sa.\u00a0Du kommer att l\u00e4ra dig viktiga saker om f\u00f6rpackning som korrekt m\u00e4rkning, h\u00e5lla koll p\u00e5 dina f\u00f6rem\u00e5l, packa \u00f6mt\u00e5liga f\u00f6rem\u00e5l eller mattor, etc.<\/span><\/div>\n<div class=\"col-sm-4\"><a href=\"https:\/\/europeanmoving.co.uk\/en\/prepare-your-items-for-removal\/\"><strong><i class=\"fa fa-check-circle\" aria-hidden=\"true\"><\/i><span>F\u00f6rpackningsrum f\u00f6r rum<\/span><\/strong><\/a><br \/>\n<span>Du skulle inte packa ditt sovrum p\u00e5 samma s\u00e4tt som ditt garage eller badrum, eller hur?\u00a0Eftersom en universell f\u00f6rpackningsguide inte finns har vi skapat en f\u00f6r varje rum i ditt hem!<\/span><\/div>\n<div class=\"col-sm-4\"><a href=\"https:\/\/europeanmoving.co.uk\/en\/movers-guide\/weight-reduction-and-van-info\/\"><strong><i class=\"fa fa-check-circle\" aria-hidden=\"true\"><\/i><span>Fordonsrelaterade tips<\/span><\/strong><\/a><br \/>\n<span>Allt och allt som har att g\u00f6ra med v\u00e5ra flyttbara sk\u00e5pbilar, s\u00e5som storlek, volym och viktbegr\u00e4nsning, samt olika laddningstips f\u00f6r att s\u00e4kerst\u00e4lla att inget g\u00e5r f\u00f6rlorat under den l\u00e5nga k\u00f6rningen till din destination.<\/span><\/div>\n<div class=\"col-sm-4\"><a href=\"https:\/\/europeanmoving.co.uk\/en\/lifting-properly-without-injuries\/\"><strong><i class=\"fa fa-check-circle\" aria-hidden=\"true\"><\/i><span>Manuella lyft tips<\/span><\/strong><\/a><br \/>\n<span>Om du n\u00e5gonsin har dragit en muskel efter att ha lyft n\u00e5got tungt, vet du att lyfta och b\u00e4ra f\u00f6rem\u00e5l inte handlar om att bara plocka upp dem.\u00a0Det \u00e4r en exakt vetenskap, och vi ska ge dig din doktorsexamen!<\/span><\/div>\n<div class=\"col-sm-4\"><a href=\"https:\/\/europeanmoving.co.uk\/en\/keep-track-of-items-and-inventory\/\"><strong><i class=\"fa fa-check-circle\" aria-hidden=\"true\"><\/i><span>Inventory List Form<\/span><\/strong><\/a><br \/>\n<span>Ett viktigt verktyg f\u00f6r att s\u00e4kerst\u00e4lla att du har packat allt du beh\u00f6ver och att alla artiklar du har packat har n\u00e5tt sin destination.\u00a0Du borde ha det h\u00e4r s\u00e5 snart du b\u00f6rjar packa.<\/span><\/div>\n<div class=\"col-sm-4\"><a href=\"https:\/\/europeanmoving.co.uk\/en\/calculate-volume-and-weight-cubic-calculator\/\"><strong><i class=\"fa fa-check-circle\" aria-hidden=\"true\"><\/i><span>Cubic Calculator<\/span><\/strong><\/a><br \/>\n<span>V\u00e5ra sk\u00e5pbilar har vissa volymgr\u00e4nser, varf\u00f6r du alltid ska ha en allm\u00e4n uppfattning om huruvida dina \u00e4godelar kan passa in. Lyckligtvis kan v\u00e5r noggranna r\u00e4knare st\u00e5 f\u00f6r de flesta av dina f\u00f6rem\u00e5l!<\/span><\/div>\n<\/div>\n<\/div>\n<\/div>\n","protected":false},"excerpt":{"rendered":"<p>Flyttarguide S\u00e5 du ska flytta, lastbilen kommer att vara h\u00e4r inom n\u00e5gra korta dagar och du har inte ens b\u00f6rjat f\u00f6rbereda dig f\u00f6r den?\u00a0Inga bekymmer, vi har alla varit d\u00e4r!\u00a0Att flytta \u00e4r skr\u00e4mmande, och det k\u00e4nns alltid som att du, \u00e4ven n\u00e4r vi tar hand om transporten, fortfarande m\u00e5ste t\u00e4nka p\u00e5 en miljard saker samtidigt [&hellip;]<\/p>\n","protected":false},"author":13,"featured_media":0,"parent":0,"menu_order":0,"comment_status":"closed","ping_status":"closed","template":"","meta":[],"yst_prominent_words":[12146,12583,12699,3484,12112,12164,12903,12212,12223,7378,12113],"_links":{"self":[{"href":"https:\/\/europeanmoving.co.uk\/sv\/wp-json\/wp\/v2\/pages\/19702"}],"collection":[{"href":"https:\/\/europeanmoving.co.uk\/sv\/wp-json\/wp\/v2\/pages"}],"about":[{"href":"https:\/\/europeanmoving.co.uk\/sv\/wp-json\/wp\/v2\/types\/page"}],"author":[{"embeddable":true,"href":"https:\/\/europeanmoving.co.uk\/sv\/wp-json\/wp\/v2\/users\/13"}],"replies":[{"embeddable":true,"href":"https:\/\/europeanmoving.co.uk\/sv\/wp-json\/wp\/v2\/comments?post=19702"}],"version-history":[{"count":2,"href":"https:\/\/europeanmoving.co.uk\/sv\/wp-json\/wp\/v2\/pages\/19702\/revisions"}],"predecessor-version":[{"id":22224,"href":"https:\/\/europeanmoving.co.uk\/sv\/wp-json\/wp\/v2\/pages\/19702\/revisions\/22224"}],"wp:attachment":[{"href":"https:\/\/europeanmoving.co.uk\/sv\/wp-json\/wp\/v2\/media?parent=19702"}],"wp:term":[{"taxonomy":"yst_prominent_words","embeddable":true,"href":"https:\/\/europeanmoving.co.uk\/sv\/wp-json\/wp\/v2\/yst_prominent_words?post=19702"}],"curies":[{"name":"wp","href":"https:\/\/api.w.org\/{rel}","templated":true}]}}