{"id":14062,"date":"2019-06-27T10:00:22","date_gmt":"2019-06-27T10:00:22","guid":{"rendered":"http:\/\/europeanmoving.co.uk\/?page_id=14062"},"modified":"2020-09-17T11:03:09","modified_gmt":"2020-09-17T11:03:09","slug":"fordonsrelaterade-tips-for-flyttpackning","status":"publish","type":"page","link":"https:\/\/europeanmoving.co.uk\/sv\/fordonsrelaterade-tips-for-flyttpackning\/","title":{"rendered":"Fordonsrelaterade tips f\u00f6r flyttpackning"},"content":{"rendered":"<h1 class=\"title-heading-left\"><strong><span>Fordonsrelaterade tips<\/span><\/strong><\/h1>\n<p><span>Vi har sammanst\u00e4llt n\u00e5gra saker relaterade till sk\u00e5pbilarna.\u00a0Dessa fordonsrelaterade tips hj\u00e4lper dig att uppskatta volymen p\u00e5 din flytt och s\u00e4kerst\u00e4lla att sk\u00e5pbilen kan komma \u00e5t din fastighet i b\u00e5da \u00e4ndarna av resan.<\/span><\/p>\n<p><img src=\"https:\/\/europeanmoving.im\/wp-content\/uploads\/2018\/07\/vehicle-tips.jpg\" \/><\/p>\n<h2><strong><span>Fordonsrelaterade tips: V\u00e5ra sk\u00e5pbilar<\/span><\/strong><\/h2>\n<p><span>Vi har sk\u00e5pbilar som reser varje dag i alla europeiska l\u00e4nder.\u00a0De flesta av dem \u00e4r 3,5 ton Luton-sk\u00e5pbilar med f\u00f6ljande yttre dimensioner:<\/span><\/p>\n<ul class=\"list-with-tick col4\">\n<li><span>L\u00e4ngd = 7,5 meter<\/span><\/li>\n<li><span>Bredd = 2,2 meter<\/span><\/li>\n<li><span>H\u00f6jd = 3,3 meter<\/span><\/li>\n<\/ul>\n<p><strong><span>Kontrollera alltid med din Move Coordinator f\u00f6re insamling och leverans f\u00f6r att f\u00e5 klarhet.<\/span><\/strong><br \/>\n<span>En Luton Transit \u00e4r en av arbetsh\u00e4starna i flyttindustrin.\u00a0Det \u00e4r en mycket popul\u00e4r flyttbil av m\u00e5nga sk\u00e4l.\u00a0Denna typ av fordon \u00e4r man\u00f6vrerbar och inte f\u00f6r stor.\u00a0Den parkerar p\u00e5 din enhet om du har en.\u00a0Dessutom, f\u00f6r st\u00f6rre volymer, \u00e4r tv\u00e5 sk\u00e5pbilar i allm\u00e4nhet snabbare och billigare \u00e4n en enda st\u00f6rre som 7,5 ton.<\/span><br \/>\n<span>En Luton-sk\u00e5pbil rymmer 20 kubikmeter och kan b\u00e4ra upp till 1000 kg.\u00a0I vissa l\u00e4nder kan samma sk\u00e5pbilar lagligen inte b\u00e4ra mer \u00e4n 800 kg.\u00a0Den maximala volymen f\u00f6rblir dock of\u00f6r\u00e4ndrad.\u00a0En sk\u00e5pbil av den h\u00e4r storleken klarar vanligtvis ett litet till medelstort husflytt.\u00a0Om du inte \u00e4r en allvarlig sk\u00f6tare kommer du f\u00f6rmodligen att kunna passa dina tillh\u00f6righeter fr\u00e5n allt upp till ett hus med tv\u00e5 sovrum i en inhemsk flyttbil som den h\u00e4r.<\/span><\/p>\n<h2><strong><span>Fordonsrelaterade tips: Den viktiga fr\u00e5gan om vikt<\/span><\/strong><\/h2>\n<p>&nbsp;<\/p>\n<p><strong><span>Att uppskatta vikten \u00e4r sv\u00e5rt.\u00a0Denna viktbegr\u00e4nsning \u00e4r anledningen till att vi r\u00e5dde dig att vikt varje artikel n\u00e4r du packade i v\u00e5rt f\u00f6rpackningsrum efter rumssidor.\u00a0<\/span><\/strong><span>F\u00f6raren kan ibland ge r\u00e5d n\u00e4r sk\u00e5pbilen \u00e4r \u00f6verbelastad \u00e4ven om det kan vara sv\u00e5rt \u00e4ven f\u00f6r de mest erfarna f\u00f6rarna!\u00a0Under vissa omst\u00e4ndigheter och endast f\u00f6r full last kan vi ordna att skicka sk\u00e5pbilen till en v\u00e4gbro i ditt omr\u00e5de om det finns en s\u00e5dan.\u00a0Detta kan medf\u00f6ra extra avgifter beroende p\u00e5 kostnad och plats f\u00f6r denna tj\u00e4nst.<\/span><br \/>\n<span>F\u00f6r f\u00f6rtydligande \u00e4r kunden ansvarig f\u00f6r att uppskatta vikten p\u00e5 borttagningen.\u00a0Om polisen stoppar sk\u00e5pbilen f\u00f6r \u00f6vervikt m\u00e5ste kunden betala b\u00f6terna.\u00a0Om vi \u200b\u200bbeh\u00f6ver skicka ett annat fordon f\u00f6r att ta bort \u00f6vervikten kommer kostnaden f\u00f6r detta ocks\u00e5 att vara kundens ansvar.<\/span><br \/>\n<span>Om vi \u200b\u200binte kan n\u00e5 dig d\u00e5 kan European Moving t\u00e4cka dessa kostnader f\u00f6r att h\u00e5lla sk\u00e5pbilarna i r\u00f6relse.\u00a0I det h\u00e4r fallet m\u00e5ste kunden betala tillbaka alla extra avgifter innan lastningen p\u00e5b\u00f6rjas.<\/span><br \/>\n<span>Avgiften f\u00f6r en extra sk\u00e5pbil beror p\u00e5 platsen f\u00f6r det stoppade fordonet och var den n\u00e4rmaste tillg\u00e4ngliga sk\u00e5pbilen \u00e4r.\u00a0Kom ih\u00e5g att kostnaden f\u00f6r detta kommer att ut\u00f6ver b\u00f6terna.<\/span><br \/>\n<strong><span>Du m\u00e5ste betala det totala b\u00f6tesbeloppet plus avgiften f\u00f6r att f\u00e5 en sk\u00e5pbil till det f\u00f6rsta fordonet och d\u00e4rifr\u00e5n till din destination.<\/span><\/strong><\/p>\n<h2><strong><span>Fordonsrelaterade tips: Uppskatta volymen p\u00e5 ditt drag<\/span><\/strong><\/h2>\n<p><span>Nyttolasten m\u00e5ste uppskattas tillr\u00e4ckligt.\u00a0Vi har tagit fram den\u00a0<\/span><strong><span>h\u00e4r online-kalkylatorn<\/span><\/strong><span>\u00a0f\u00f6r din granskning.\u00a0Allt du beh\u00f6ver g\u00f6ra \u00e4r att fylla i mittenkolumnen (kvantitet) med m\u00e4ngden f\u00f6r varje artikel, rum f\u00f6r rum.<\/span><br \/>\n<span>Vi f\u00f6redrar att arbeta i kubikmeter i motsats till kubikfot men pratade g\u00e4rna i antingen om du vill.\u00a0H\u00e4r \u00e4r en online-omvandlare f\u00f6r att konvertera kubikfot till kubikmeter.<\/span><br \/>\n<span>Kontakta din f\u00f6rs\u00e4ljningsrepresentant om du beh\u00f6ver hj\u00e4lp med att uppskatta storleken p\u00e5 din last.\u00a0Du kan alltid vidarebefordra en kopia av ditt lager till en av v\u00e5ra lastplanerare.\u00a0Vi kommer att r\u00e4kna ut det baserat p\u00e5 branschgenomsnitt.\u00a0Vi \u00e4r h\u00e4r f\u00f6r att hj\u00e4lpa till och g\u00f6ra ditt drag s\u00e5 smidigt som m\u00f6jligt.<\/span><\/p>\n<h2><strong><span>Fordonsrelaterade tips: Tillg\u00e5ng till din fastighet<\/span><\/strong><\/h2>\n<p><span>Det \u00e4r viktigt att vi vet s\u00e5 mycket som m\u00f6jligt om \u00e5tkomstinformation f\u00f6r b\u00e5de insamlings- och leveranssidor f\u00f6r att ge dig en exakt offert.\u00a0Om vi \u200b\u200buppt\u00e4cker en otillr\u00e4cklig eller odeklarerad \u00e5tkomstproblem &#8211; till exempel om du befinner dig p\u00e5 3: e v\u00e5ningen i en byggnad och inte har hiss och du inte har informerat oss om detta &#8211; m\u00e5ste vi ta betalt f\u00f6r det extra arbetet.<\/span><br \/>\n<span>Se ocks\u00e5 till att du har kontrollerat \u00e5tkomstkraven och begr\u00e4nsningarna i b\u00e5de last- och lossnings\u00e4nden.\u00a0Om du till exempel beh\u00f6ver ta bort d\u00f6rrar eller f\u00f6nster m\u00e5ste du ta bort dem innan vi kommer till din destination.<\/span><br \/>\n<span>Du m\u00e5ste se till att det finns god tillg\u00e5ng till ditt bokade fordon b\u00e5de vid h\u00e4mtnings- och leveransadressen.\u00a0Du b\u00f6r ocks\u00e5 ordna med eventuella parkeringstillst\u00e5nd vid behov f\u00f6re h\u00e4mtnings- eller leveransdagen.<\/span><br \/>\n<span>Se till att avst\u00e5ndet mellan parkeringsplats och fastighet (i b\u00e5da \u00e4ndar) h\u00e5lls p\u00e5 ett minimum.\u00a0Om den \u00f6verstiger 30 meter eller omkring, v\u00e4nligen meddela din Move-koordinator s\u00e5 snart som m\u00f6jligt.\u00a0Vi kan debitera dig extra om avst\u00e5ndet \u00e4r f\u00f6r stort eller om du inte meddelade oss.<\/span><br \/>\n<span>Om det inte finns tillr\u00e4cklig parkering f\u00f6r att fordonet ska stanna, och det resulterar i en parkeringsb\u00f6te, \u00e4r kunden ansvarig f\u00f6r full betalning innan f\u00f6raren l\u00e4mnar fastigheten.<\/span><br \/>\n<span>Meddela dina grannar i f\u00f6rv\u00e4g s\u00e5 att de \u00e4r beredda p\u00e5 eventuella st\u00f6rningar p\u00e5 din insamlings- eller leveransdag.\u00a0Det \u00e4r inte bara artigt, men de kan till och med erbjuda en hj\u00e4lpande hand eller en kopp te!<\/span><br \/>\n<span>Se till att du har tillr\u00e4cklig arbetskraft f\u00f6r att ladda alla dina f\u00f6rem\u00e5l p\u00e5 v\u00e5rt fordon och lossa det vid din destination.\u00a0Om du har bokat v\u00e5r TRANSPORT ENDAST serviceniv\u00e5 blir detta element avg\u00f6rande eftersom f\u00f6raren bara hj\u00e4lper fr\u00e5n sk\u00e5pbilen.<\/span><\/p>\n<h2><strong><span>Fordonsrelaterade tips: Ladda lastbilen<\/span><\/strong><\/h2>\n<p><strong><span>T\u00e4nk p\u00e5 lasten som ett pussel och anv\u00e4nd vilket utrymme som helst du kan.<\/span><\/strong><br \/>\n<span>Placera mer betydande delar, t.ex. garderober och soffor mot den inre v\u00e4ggen p\u00e5 sk\u00e5pbilen bakom hytten.\u00a0S\u00e4kra dem ordentligt med rep eller remmar.\u00a0V\u00e5ra fordon levereras med remmar som standard, men det \u00e4r alltid bra att ha lite rep till hands f\u00f6r extra st\u00f6d f\u00f6r ovanligt tunga f\u00f6rem\u00e5l.\u00a0Kom ih\u00e5g att v\u00e5ra sk\u00e5pbilar inte har filtar.<\/span><br \/>\n<span>L\u00e4gg stora, robusta f\u00f6rem\u00e5l p\u00e5 det nedre lagret och de mer \u00f6mt\u00e5liga sakerna ovanp\u00e5.\u00a0Anv\u00e4nd mindre f\u00f6rem\u00e5l som mattor och kuddar f\u00f6r att plugga h\u00e5l och fylla luckor.\u00a0Filtar och lakan \u00e4r anv\u00e4ndbara eftersom de ger extra skydd.\u00a0L\u00e5nga \u00f6mt\u00e5liga f\u00f6rem\u00e5l, som speglar eller m\u00e5lningar, passar fint mellan madrasserna.\u00a0Slutligen, se till att allt \u00e4r ordentligt s\u00e4krat.<\/span><\/p>\n","protected":false},"excerpt":{"rendered":"<p>Fordonsrelaterade tips Vi har sammanst\u00e4llt n\u00e5gra saker relaterade till sk\u00e5pbilarna.\u00a0Dessa fordonsrelaterade tips hj\u00e4lper dig att uppskatta volymen p\u00e5 din flytt och s\u00e4kerst\u00e4lla att sk\u00e5pbilen kan komma \u00e5t din fastighet i b\u00e5da \u00e4ndarna av resan. Fordonsrelaterade tips: V\u00e5ra sk\u00e5pbilar Vi har sk\u00e5pbilar som reser varje dag i alla europeiska l\u00e4nder.\u00a0De flesta av dem \u00e4r 3,5 ton [&hellip;]<\/p>\n","protected":false},"author":13,"featured_media":0,"parent":0,"menu_order":0,"comment_status":"closed","ping_status":"closed","template":"","meta":[],"yst_prominent_words":[12211,13879,12167,4309,3484,12164,12477,12924,12106,7378,12145,12925,12277],"_links":{"self":[{"href":"https:\/\/europeanmoving.co.uk\/sv\/wp-json\/wp\/v2\/pages\/14062"}],"collection":[{"href":"https:\/\/europeanmoving.co.uk\/sv\/wp-json\/wp\/v2\/pages"}],"about":[{"href":"https:\/\/europeanmoving.co.uk\/sv\/wp-json\/wp\/v2\/types\/page"}],"author":[{"embeddable":true,"href":"https:\/\/europeanmoving.co.uk\/sv\/wp-json\/wp\/v2\/users\/13"}],"replies":[{"embeddable":true,"href":"https:\/\/europeanmoving.co.uk\/sv\/wp-json\/wp\/v2\/comments?post=14062"}],"version-history":[{"count":6,"href":"https:\/\/europeanmoving.co.uk\/sv\/wp-json\/wp\/v2\/pages\/14062\/revisions"}],"predecessor-version":[{"id":22135,"href":"https:\/\/europeanmoving.co.uk\/sv\/wp-json\/wp\/v2\/pages\/14062\/revisions\/22135"}],"wp:attachment":[{"href":"https:\/\/europeanmoving.co.uk\/sv\/wp-json\/wp\/v2\/media?parent=14062"}],"wp:term":[{"taxonomy":"yst_prominent_words","embeddable":true,"href":"https:\/\/europeanmoving.co.uk\/sv\/wp-json\/wp\/v2\/yst_prominent_words?post=14062"}],"curies":[{"name":"wp","href":"https:\/\/api.w.org\/{rel}","templated":true}]}}