{"id":14060,"date":"2019-06-27T09:53:40","date_gmt":"2019-06-27T09:53:40","guid":{"rendered":"http:\/\/europeanmoving.co.uk\/?page_id=14060"},"modified":"2020-09-16T12:09:16","modified_gmt":"2020-09-16T12:09:16","slug":"transport-logistik-till-internationella-evengemang","status":"publish","type":"page","link":"https:\/\/europeanmoving.co.uk\/sv\/transporthjalp\/transport-logistik-till-internationella-evengemang\/","title":{"rendered":"Transport &#038; logistik till internationella evengemang"},"content":{"rendered":"<p><strong>International Events Logistics &amp; Transport\u00a0<\/strong><\/p>\n<p><span lang=\"en\">Denna tj\u00e4nst \u00e4r specialiserad p\u00e5 europeisk och internationell evenemangstransport med kontor i hela Europa.\u00a0Vi har varit n\u00e4rvarande i mer \u00e4n 20 \u00e5r i branschen b\u00e5de som intressenter och arbetar i liveevenemangsbranschen.\u00a0Vi erbjuder billiga logistiktj\u00e4nster inom:<\/span><\/p>\n<ul class=\"list-with-tick col3\">\n<li>Musik och underh\u00e5llning<\/li>\n<li>Festivaler och nattklubbar<\/li>\n<li>F\u00f6retagsevenemang<\/li>\n<li>Teaterf\u00f6rest\u00e4llningar<\/li>\n<li>Festivaler och m\u00e4ssor<\/li>\n<li>Kampanjer<\/li>\n<li>Pop-up-h\u00e4ndelser<\/li>\n<li>Konferenser<\/li>\n<li>Prisutdelningar<\/li>\n<li>Fester och fester<\/li>\n<\/ul>\n<p class=\"tw-data-text tw-ta tw-text-small\"><span lang=\"en\">Oavsett dina krav kommer v\u00e5r erfarna personal att ge dig sinnesfrid.\u00a0V\u00e5ra tj\u00e4nster tillhandah\u00e5lls i hela Frankrike, Storbritannien, Tyskland, Irland, Nordirland och Spanien.\u00a0Andra destinationer inkluderar Caries Islands och Balearic Islands, Belgien, Danmark, Estland, Luxemburg, Nederl\u00e4nderna, Polen, \u00d6sterrike, Bulgarien och Kroatien.\u00a0F\u00f6r en fullst\u00e4ndig lista med platser, bes\u00f6k v\u00e5r Moving Guide-sida.<\/span><span lang=\"en\">V\u00e5ra kunder \u00e4r bland de mest k\u00e4nda i v\u00e4rlden av aff\u00e4rer, underh\u00e5llning och musik och med erfarenhet av att producera och hantera konserter och shower.\u00a0Vi f\u00f6rst\u00e5r komplexiteten i att organisera och hantera alla evenemang inom detta omr\u00e5de.\u00a0V\u00e5r filosofi \u00e4r att tillhandah\u00e5lla de b\u00e4sta l\u00f6sningarna och se till att ditt evenemang blir framg\u00e5ngsrikt.\u00a0Vi vet att liveevenemang kr\u00e4ver tidsk\u00e4nsliga leveranser och samlingar och vi \u00e4r stolta \u00f6ver att vara p\u00e5litliga och arbeta s\u00e4kert.\u00a0V\u00e5rt rykte om excellens \u00e4r nyckeln till v\u00e5r framg\u00e5ng.<\/span><\/p>\n<p id=\"tw-target-text\" class=\"tw-data-text tw-ta tw-text-small\"><span lang=\"en\">Tack vare v\u00e5rt etablerade europeiska logistikn\u00e4tverk kan vi erbjuda en komplett helhetsservice f\u00f6r att ditt evenemang ska fungera smidigt.\u00a0Vi kan ocks\u00e5 ordna flygcharter, dessutom kan vi tillhandah\u00e5lla containrar f\u00f6r havsfrakt om du beh\u00f6ver det.\u00a0F\u00f6r mer information om v\u00e5ra transportevenemang fyll i v\u00e5rt kontaktformul\u00e4r eller ring oss.<\/span><\/p>\n","protected":false},"excerpt":{"rendered":"<p>International Events Logistics &amp; Transport\u00a0 Denna tj\u00e4nst \u00e4r specialiserad p\u00e5 europeisk och internationell evenemangstransport med kontor i hela Europa.\u00a0Vi har varit n\u00e4rvarande i mer \u00e4n 20 \u00e5r i branschen b\u00e5de som intressenter och arbetar i liveevenemangsbranschen.\u00a0Vi erbjuder billiga logistiktj\u00e4nster inom: Musik och underh\u00e5llning Festivaler och nattklubbar F\u00f6retagsevenemang Teaterf\u00f6rest\u00e4llningar Festivaler och m\u00e4ssor Kampanjer Pop-up-h\u00e4ndelser Konferenser Prisutdelningar [&hellip;]<\/p>\n","protected":false},"author":13,"featured_media":0,"parent":13905,"menu_order":0,"comment_status":"closed","ping_status":"closed","template":"","meta":[],"yst_prominent_words":[12211,12112,12846,12904,8275,12561,12237,14134,7378,2315,12584,13469],"_links":{"self":[{"href":"https:\/\/europeanmoving.co.uk\/sv\/wp-json\/wp\/v2\/pages\/14060"}],"collection":[{"href":"https:\/\/europeanmoving.co.uk\/sv\/wp-json\/wp\/v2\/pages"}],"about":[{"href":"https:\/\/europeanmoving.co.uk\/sv\/wp-json\/wp\/v2\/types\/page"}],"author":[{"embeddable":true,"href":"https:\/\/europeanmoving.co.uk\/sv\/wp-json\/wp\/v2\/users\/13"}],"replies":[{"embeddable":true,"href":"https:\/\/europeanmoving.co.uk\/sv\/wp-json\/wp\/v2\/comments?post=14060"}],"version-history":[{"count":5,"href":"https:\/\/europeanmoving.co.uk\/sv\/wp-json\/wp\/v2\/pages\/14060\/revisions"}],"predecessor-version":[{"id":21996,"href":"https:\/\/europeanmoving.co.uk\/sv\/wp-json\/wp\/v2\/pages\/14060\/revisions\/21996"}],"up":[{"embeddable":true,"href":"https:\/\/europeanmoving.co.uk\/sv\/wp-json\/wp\/v2\/pages\/13905"}],"wp:attachment":[{"href":"https:\/\/europeanmoving.co.uk\/sv\/wp-json\/wp\/v2\/media?parent=14060"}],"wp:term":[{"taxonomy":"yst_prominent_words","embeddable":true,"href":"https:\/\/europeanmoving.co.uk\/sv\/wp-json\/wp\/v2\/yst_prominent_words?post=14060"}],"curies":[{"name":"wp","href":"https:\/\/api.w.org\/{rel}","templated":true}]}}