{"id":14058,"date":"2019-06-27T09:48:36","date_gmt":"2019-06-27T09:48:36","guid":{"rendered":"http:\/\/europeanmoving.co.uk\/?page_id=14058"},"modified":"2020-09-16T13:21:13","modified_gmt":"2020-09-16T13:21:13","slug":"europeisk-transport-av-marindelar","status":"publish","type":"page","link":"https:\/\/europeanmoving.co.uk\/sv\/transporthjalp\/europeisk-transport-av-marindelar\/","title":{"rendered":"Europeisk transport av marindelar"},"content":{"rendered":"<h1 class=\"title-heading-left\"><strong><span>European Marine Parts Transport<\/span><\/strong><\/h1>\n<p><span>Den europeiska transporten av marina reservdelar utvecklas mycket snabbt, eftersom efterfr\u00e5gan p\u00e5 begagnade delar har \u00f6kat kraftigt.<\/span><\/p>\n<p><strong><span>Europeisk transport av marina delar: Vad f\u00f6r?<\/span><\/strong><br \/>\n<span>Numera bedriver vi mer \u00e4n n\u00e5gonsin vattenaktiviteter &#8211; fr\u00e5n sm\u00e5 b\u00e5tar f\u00f6r fiske som hobby till jetskiing som en del av ett sommarf\u00f6retag.\u00a0F\u00f6ljaktligen kr\u00e4ver underh\u00e5ll av varje hobby eller f\u00f6retag ett val av r\u00e4tt material, helst till ett rimligt pris.<\/span><br \/>\n<span>Lyckligtvis erbjuder marknaden ett rikt spektrum av varor f\u00f6r att matcha deras krav.\u00a0Ibland handlar det dock inte om att hitta r\u00e4tt del utan om att transportera den fr\u00e5n en plats till en annan.<\/span><br \/>\n<span>Medan n\u00e5gra av de anm\u00e4rkningsv\u00e4rda namnen i branschen tillhandah\u00e5ller sina egna transporttj\u00e4nster, g\u00e4ller detta inte alltid mindre f\u00f6retag eller privatpersoner.\u00a0Det b\u00e4sta alternativet \u00e4r att hitta ett p\u00e5litligt transportf\u00f6retag med erfarenhet inom omr\u00e5det.\u00a0Det \u00e4r en enklare uppgift \u00e4n det verkar.<\/span><br \/>\n<span>Det \u00e4r h\u00e4r v\u00e5r europeiska transporttj\u00e4nst f\u00f6r marina delar kan hj\u00e4lpa till.\u00a0Oavsett om det \u00e4r en utombordsmotor eller fiskeutrustning, vi transporterar alla n\u00f6dv\u00e4ndiga delar till din plats.\u00a0Det kommer att vara s\u00e4kert och prisv\u00e4nligt.\u00a0Och det \u00e4r inte allt!<\/span><br \/>\n<span>Du kanske \u00e4r den som s\u00e4ljer marina delar och funderar p\u00e5 att utvidga verksamheten till marknader \u00f6ver hela Europa.\u00a0Om s\u00e5 \u00e4r fallet tar vi hand om den internationella transporten under samma goda f\u00f6rh\u00e5llanden.<\/span><\/p>\n<p><strong><span>Europeisk transport av marina delar: Hur fungerar det?<\/span><\/strong><br \/>\n<span>Det \u00e4r en smidig f\u00f6rs\u00e4ljning.<\/span><br \/>\n<span>Fyll bara i onlineformul\u00e4ret eller ring oss.\u00a0V\u00e5rt dedikerade team av transportkoordinatorer tar dina uppgifter och ger dig en gratis offert f\u00f6r dina behov.\u00a0V\u00e5ra f\u00f6rare korsar Europa varje dag.\u00a0Det betyder att vi kan samla in din motor eller ditt fiskeredskap fr\u00e5n Storbritannien och ta med dig det i Spanien eller fr\u00e5n Tyskland till Grekland.<\/span><\/p>\n<p><span>Om havet \u00e4r din passion, \u00e4r vi h\u00e4r f\u00f6r att hj\u00e4lpa dig att driva det.<\/span><\/p>\n","protected":false},"excerpt":{"rendered":"<p>European Marine Parts Transport Den europeiska transporten av marina reservdelar utvecklas mycket snabbt, eftersom efterfr\u00e5gan p\u00e5 begagnade delar har \u00f6kat kraftigt. Europeisk transport av marina delar: Vad f\u00f6r? Numera bedriver vi mer \u00e4n n\u00e5gonsin vattenaktiviteter &#8211; fr\u00e5n sm\u00e5 b\u00e5tar f\u00f6r fiske som hobby till jetskiing som en del av ett sommarf\u00f6retag.\u00a0F\u00f6ljaktligen kr\u00e4ver underh\u00e5ll av varje [&hellip;]<\/p>\n","protected":false},"author":13,"featured_media":0,"parent":13905,"menu_order":0,"comment_status":"closed","ping_status":"closed","template":"","meta":[],"yst_prominent_words":[12282,12102,12893,12148,12220,12424,3484,12879,12876,12164,12776],"_links":{"self":[{"href":"https:\/\/europeanmoving.co.uk\/sv\/wp-json\/wp\/v2\/pages\/14058"}],"collection":[{"href":"https:\/\/europeanmoving.co.uk\/sv\/wp-json\/wp\/v2\/pages"}],"about":[{"href":"https:\/\/europeanmoving.co.uk\/sv\/wp-json\/wp\/v2\/types\/page"}],"author":[{"embeddable":true,"href":"https:\/\/europeanmoving.co.uk\/sv\/wp-json\/wp\/v2\/users\/13"}],"replies":[{"embeddable":true,"href":"https:\/\/europeanmoving.co.uk\/sv\/wp-json\/wp\/v2\/comments?post=14058"}],"version-history":[{"count":4,"href":"https:\/\/europeanmoving.co.uk\/sv\/wp-json\/wp\/v2\/pages\/14058\/revisions"}],"predecessor-version":[{"id":22018,"href":"https:\/\/europeanmoving.co.uk\/sv\/wp-json\/wp\/v2\/pages\/14058\/revisions\/22018"}],"up":[{"embeddable":true,"href":"https:\/\/europeanmoving.co.uk\/sv\/wp-json\/wp\/v2\/pages\/13905"}],"wp:attachment":[{"href":"https:\/\/europeanmoving.co.uk\/sv\/wp-json\/wp\/v2\/media?parent=14058"}],"wp:term":[{"taxonomy":"yst_prominent_words","embeddable":true,"href":"https:\/\/europeanmoving.co.uk\/sv\/wp-json\/wp\/v2\/yst_prominent_words?post=14058"}],"curies":[{"name":"wp","href":"https:\/\/api.w.org\/{rel}","templated":true}]}}