{"id":13911,"date":"2019-06-25T11:52:46","date_gmt":"2019-06-25T11:52:46","guid":{"rendered":"http:\/\/europeanmoving.co.uk\/?page_id=13911"},"modified":"2020-09-16T18:02:23","modified_gmt":"2020-09-16T18:02:23","slug":"europeisk-och-internationell-valgorenhetstransport","status":"publish","type":"page","link":"https:\/\/europeanmoving.co.uk\/sv\/transporthjalp\/europeisk-och-internationell-valgorenhetstransport\/","title":{"rendered":"Europeisk och internationell v\u00e4lg\u00f6renhetstransport"},"content":{"rendered":"<p><strong>Europeisk och internationell v\u00e4lg\u00f6renhetstransport<\/strong>\u00a0med europeiska tj\u00e4nster f\u00f6r<strong>\u00a0transport av<\/strong>\u00a0personbilar tillhandah\u00e5lls i Storbritannien, Frankrike, Tyskland, Irland, Nordirland, Spanien, Karies\u00f6arna och Balearerna, Belgien, Danmark, Estland, Luxemburg, Nederl\u00e4nderna, Polen, \u00d6sterrike, Bulgarien, Kroatien, Tjeckien, Finland, Grekland, Hungry, Italien, Lettland, Litauen, Malta, Cypern, Portugal, Rum\u00e4nien, Slovakien, Slovenien, Sverige, Storbritannien, Schweiz, Norge och hela Europaunionen.<\/p>\n","protected":false},"excerpt":{"rendered":"<p>Europeisk och internationell v\u00e4lg\u00f6renhetstransport\u00a0med europeiska tj\u00e4nster f\u00f6r\u00a0transport av\u00a0personbilar tillhandah\u00e5lls i Storbritannien, Frankrike, Tyskland, Irland, Nordirland, Spanien, Karies\u00f6arna och Balearerna, Belgien, Danmark, Estland, Luxemburg, Nederl\u00e4nderna, Polen, \u00d6sterrike, Bulgarien, Kroatien, Tjeckien, Finland, Grekland, Hungry, Italien, Lettland, Litauen, Malta, Cypern, Portugal, Rum\u00e4nien, Slovakien, Slovenien, Sverige, Storbritannien, Schweiz, Norge och hela Europaunionen.<\/p>\n","protected":false},"author":13,"featured_media":0,"parent":13905,"menu_order":0,"comment_status":"closed","ping_status":"closed","template":"","meta":[],"yst_prominent_words":[12106,12847],"_links":{"self":[{"href":"https:\/\/europeanmoving.co.uk\/sv\/wp-json\/wp\/v2\/pages\/13911"}],"collection":[{"href":"https:\/\/europeanmoving.co.uk\/sv\/wp-json\/wp\/v2\/pages"}],"about":[{"href":"https:\/\/europeanmoving.co.uk\/sv\/wp-json\/wp\/v2\/types\/page"}],"author":[{"embeddable":true,"href":"https:\/\/europeanmoving.co.uk\/sv\/wp-json\/wp\/v2\/users\/13"}],"replies":[{"embeddable":true,"href":"https:\/\/europeanmoving.co.uk\/sv\/wp-json\/wp\/v2\/comments?post=13911"}],"version-history":[{"count":5,"href":"https:\/\/europeanmoving.co.uk\/sv\/wp-json\/wp\/v2\/pages\/13911\/revisions"}],"predecessor-version":[{"id":22045,"href":"https:\/\/europeanmoving.co.uk\/sv\/wp-json\/wp\/v2\/pages\/13911\/revisions\/22045"}],"up":[{"embeddable":true,"href":"https:\/\/europeanmoving.co.uk\/sv\/wp-json\/wp\/v2\/pages\/13905"}],"wp:attachment":[{"href":"https:\/\/europeanmoving.co.uk\/sv\/wp-json\/wp\/v2\/media?parent=13911"}],"wp:term":[{"taxonomy":"yst_prominent_words","embeddable":true,"href":"https:\/\/europeanmoving.co.uk\/sv\/wp-json\/wp\/v2\/yst_prominent_words?post=13911"}],"curies":[{"name":"wp","href":"https:\/\/api.w.org\/{rel}","templated":true}]}}