{"id":13907,"date":"2019-06-25T11:34:01","date_gmt":"2019-06-25T11:34:01","guid":{"rendered":"http:\/\/europeanmoving.co.uk\/?page_id=13907"},"modified":"2020-09-16T11:43:01","modified_gmt":"2020-09-16T11:43:01","slug":"transport-av-byggmaterial-inom-eu","status":"publish","type":"page","link":"https:\/\/europeanmoving.co.uk\/sv\/transporthjalp\/transport-av-byggmaterial-inom-eu\/","title":{"rendered":"Transport av byggmaterial inom EU"},"content":{"rendered":"<h2><strong><span>Transport av byggmaterial i EU<\/span><\/strong><\/h2>\n<p><span>En massivt v\u00e4xande sektor, b\u00e5de in och ut fr\u00e5n Storbritannien till Europa, \u00e4r transporten av byggmaterial.\u00a0Anledningen till denna tillv\u00e4xt \u00e4r antalet m\u00e4nniskor som flyttar och flyttar till Europa och utf\u00f6r sina byggprojekt.\u00a0Dessa byggprojekt kr\u00e4ver oftast specialisttj\u00e4nster fr\u00e5n ett europeiskt transportf\u00f6retag f\u00f6r byggmaterial.<\/span><br \/>\n<span>Vi har stor erfarenhet av att transportera byggmaterial runt om i Europa.\u00a0Det \u00e4r inte mycket vi inte har flyttat f\u00f6r kunder, inklusive tegel och isolering f\u00f6r nybyggnation och renovering av fastigheter i Europa.\u00a0Andra borttagningar inkluderar betongpaneler, st\u00e5l- och takmaterial, gips och tr\u00e4produkter.\u00a0Vi har ocks\u00e5 transporterat gipsskivor till Europa, golv, ramar, st\u00e5l och mycket mer.<\/span><br \/>\n<span>Arten av det byggmaterial som du vill transportera till EU \u00e4r en avg\u00f6rande faktor n\u00e4r du best\u00e4mmer priset.\u00a0Det \u00e4r viktigt att du v\u00e4ljer r\u00e4tt och mest kostnadseffektiva fordon som f\u00e5r ditt byggmaterial till din destination.\u00a0\u00c4r dina byggmaterial till exempel vattent\u00e4ta eller beh\u00f6ver de skydd under transport till EU?\u00a0Kan de packas platt p\u00e5 en \u00f6ppen sl\u00e4pvagn?\u00a0Eller \u00e4r de ovanliga eller besv\u00e4rliga byggmaterial, till exempel vissa takprodukter?<\/span><\/p>\n<h1 class=\"title-heading-left\"><strong><span>Byggnadsmaterialstransport och logistik<\/span><\/strong><\/h1>\n<p><span>Vikten av dina byggmaterial som \u00e4r avsedda f\u00f6r EU \u00e4r naturligtvis ocks\u00e5 en viktig faktor.\u00a0Tegelstenar, blyblink och gipsskivor uppg\u00e5r till betydande vikter.<\/span><br \/>\n<span>M\u00e5nga m\u00e4nniskor beh\u00f6ver byggmaterialstransport till Europa p\u00e5 grund av de specialiserade egenskaperna hos de produkter som finns i Storbritannien, eller f\u00f6r att de helt enkelt \u00e4r mycket billigare, \u00e4ven efter att ha inkluderat transportkostnader.\u00a0St\u00f6rre byggprojekt eller byggnadsrenoveringar i EU kan vara dyra och det \u00e4r ofta kostnadseffektivt att transportera byggmaterial till EU snarare \u00e4n att k\u00f6pa dem d\u00e4r borta.<\/span><br \/>\n<span>F\u00e4rja eller tunnel?\u00a0V\u00e4gtullar eller l\u00e4ngd\u00e5kning?\u00a0Hur l\u00e5ng tid tar det att transportera byggmaterialet till Europa?\u00a0Finns det en tidsfrist f\u00f6r ankomst eller viss flexibilitet?\u00a0\u00c4r byggmaterialet f\u00f6rs\u00e4krat under transitering?\u00a0T\u00e4cker f\u00f6rs\u00e4kringen dem en g\u00e5ng utanf\u00f6r sk\u00e5pbilen vid destinationen?\u00a0\u00c4r webbplatsen l\u00e4tt att komma \u00e5t och l\u00e4tt att ladda ner ocks\u00e5?\u00a0Beh\u00f6ver du hissar f\u00f6r att lossa ditt byggmaterial eller kan de europeiska chauff\u00f6rerna f\u00f6r borttagningsf\u00f6retag hantera detta \u00e5t dig?\u00a0Bara n\u00e5gra av de fr\u00e5gor som beh\u00f6ver beaktas n\u00e4r du v\u00e4ljer ett f\u00f6retag f\u00f6r borttagning och transport av byggmaterial f\u00f6r att \u00e5ka till Europa \u00e5t dig.<\/span><\/p>\n","protected":false},"excerpt":{"rendered":"<p>Transport av byggmaterial i EU En massivt v\u00e4xande sektor, b\u00e5de in och ut fr\u00e5n Storbritannien till Europa, \u00e4r transporten av byggmaterial.\u00a0Anledningen till denna tillv\u00e4xt \u00e4r antalet m\u00e4nniskor som flyttar och flyttar till Europa och utf\u00f6r sina byggprojekt.\u00a0Dessa byggprojekt kr\u00e4ver oftast specialisttj\u00e4nster fr\u00e5n ett europeiskt transportf\u00f6retag f\u00f6r byggmaterial. Vi har stor erfarenhet av att transportera byggmaterial [&hellip;]<\/p>\n","protected":false},"author":13,"featured_media":0,"parent":13905,"menu_order":0,"comment_status":"closed","ping_status":"closed","template":"","meta":[],"yst_prominent_words":[],"_links":{"self":[{"href":"https:\/\/europeanmoving.co.uk\/sv\/wp-json\/wp\/v2\/pages\/13907"}],"collection":[{"href":"https:\/\/europeanmoving.co.uk\/sv\/wp-json\/wp\/v2\/pages"}],"about":[{"href":"https:\/\/europeanmoving.co.uk\/sv\/wp-json\/wp\/v2\/types\/page"}],"author":[{"embeddable":true,"href":"https:\/\/europeanmoving.co.uk\/sv\/wp-json\/wp\/v2\/users\/13"}],"replies":[{"embeddable":true,"href":"https:\/\/europeanmoving.co.uk\/sv\/wp-json\/wp\/v2\/comments?post=13907"}],"version-history":[{"count":3,"href":"https:\/\/europeanmoving.co.uk\/sv\/wp-json\/wp\/v2\/pages\/13907\/revisions"}],"predecessor-version":[{"id":21972,"href":"https:\/\/europeanmoving.co.uk\/sv\/wp-json\/wp\/v2\/pages\/13907\/revisions\/21972"}],"up":[{"embeddable":true,"href":"https:\/\/europeanmoving.co.uk\/sv\/wp-json\/wp\/v2\/pages\/13905"}],"wp:attachment":[{"href":"https:\/\/europeanmoving.co.uk\/sv\/wp-json\/wp\/v2\/media?parent=13907"}],"wp:term":[{"taxonomy":"yst_prominent_words","embeddable":true,"href":"https:\/\/europeanmoving.co.uk\/sv\/wp-json\/wp\/v2\/yst_prominent_words?post=13907"}],"curies":[{"name":"wp","href":"https:\/\/api.w.org\/{rel}","templated":true}]}}