{"id":13902,"date":"2019-06-25T11:07:26","date_gmt":"2019-06-25T11:07:26","guid":{"rendered":"http:\/\/europeanmoving.co.uk\/?page_id=13902"},"modified":"2020-10-26T18:20:41","modified_gmt":"2020-10-26T18:20:41","slug":"allmanna-villkor","status":"publish","type":"page","link":"https:\/\/europeanmoving.co.uk\/sv\/allmanna-villkor\/","title":{"rendered":"Allm\u00e4nna villkor"},"content":{"rendered":"<h1> Allm\u00e4nna villkor <\/h1>\n<h2> Transportvillkor f\u00f6r European Moving <\/h2>\n<p>Dessa villkor f\u00f6rklarar r\u00e4ttigheter, skyldigheter och ansvar f\u00f6r alla parter i detta avtal. D\u00e4r vi anv\u00e4nder ordet &#8221;Du&#8221; eller &#8221;Din&#8221; betyder det kunden: &#8221;Vi&#8221;, &#8221;oss&#8221; eller &#8221;v\u00e5r&#8221; betyder borttagaren. Dessa villkor kan \u00e4ndras eller \u00e4ndras med f\u00f6rbeh\u00e5ll f\u00f6r skriftligt avtal. I klausulerna 8, 9, 10 och 11 begr\u00e4nsar eller utesluter vi v\u00e5rt ansvar f\u00f6r f\u00f6rlust och skada.<\/p>\n<h2> 1. V\u00e5rt offert <\/h2>\n<p>1.1 V\u00e5rt offert, om inte annat anges, inkluderar inte f\u00f6rs\u00e4kring, avbest\u00e4llning \/ uppskjutande av tullar, tullavgifter, hamnavgifter inklusive (men inte begr\u00e4nsat till) v\u00e5ldsamhet, inspektioner eller eventuella avgifter eller skatter som ska betalas till myndigheter eller myndigheter.<br \/>\n1.2 V\u00e5rt offert g\u00e4ller i sju dagar fr\u00e5n utf\u00e4rdandedatumet. Om det inte redan ing\u00e5r i v\u00e5rt offert, kommer rimliga till\u00e4ggskostnader att tillkomma under f\u00f6ljande omst\u00e4ndigheter:<br \/>\n1.2.1 Om arbetet inte p\u00e5b\u00f6rjas inom tjugo\u00e5tta dagar efter godk\u00e4nnande;<br \/>\n1.2.2 D\u00e4r vi har gett dig ett pris inklusive \u00e5terleverans fr\u00e5n en butik inom v\u00e5rt offert och \u00e5terleverans fr\u00e5n butiken har inte \u00e4gt rum inom sex m\u00e5nader fr\u00e5n dagen f\u00f6r offerten;<br \/>\n1.2.3 V\u00e5ra kostnader f\u00f6r\u00e4ndras p\u00e5 grund av valutafluktuationer, f\u00f6r\u00e4ndringar i beskattning, frakt, br\u00e4nsle, f\u00e4rja eller v\u00e4gtullar utanf\u00f6r v\u00e5r kontroll.<br \/>\n1.2.4 Arbetet utf\u00f6rs p\u00e5 en l\u00f6rdag, s\u00f6ndag eller helgdag eller utanf\u00f6r normala \u00f6ppettider (08.00-20.00) p\u00e5 din beg\u00e4ran.<br \/>\n1.2.5 Vi m\u00e5ste samla in eller leverera varor p\u00e5 din beg\u00e4ran ovanf\u00f6r bottenv\u00e5ningen och f\u00f6rsta v\u00e5ningen.<br \/>\n1.2.6 Om du eller dina agenter beg\u00e4r insamling eller tillg\u00e5ng till dina varor medan de \u00e4r i butik;<br \/>\n1.2.7 Vi tillhandah\u00e5ller ytterligare tj\u00e4nster, inklusive flytt eller lagring av extra varor (dessa villkor g\u00e4ller f\u00f6r s\u00e5dant arbete).<br \/>\n1.2.8 Intr\u00e4de eller utg\u00e5ng till lokaler, trappor, hissar eller d\u00f6rr\u00f6ppningar \u00e4r otillr\u00e4ckliga f\u00f6r fri r\u00f6rlighet f\u00f6r varorna utan mekanisk utrustning eller strukturf\u00f6r\u00e4ndringar, eller infarten, v\u00e4gen eller k\u00f6rningen \u00e4r ol\u00e4mplig f\u00f6r v\u00e5ra fordon och \/ eller containrar att lasta och \/ eller lossa inom 20 meter fr\u00e5n d\u00f6rr\u00f6ppningen.<br \/>\n1.2.9 Vi m\u00e5ste betala parkering eller andra avgifter eller avgifter (inklusive b\u00f6ter d\u00e4r du inte har ordnat \u00f6verenskommet upph\u00e4vande av parkeringsrestriktioner) f\u00f6r att utf\u00f6ra tj\u00e4nster p\u00e5 dina v\u00e4gnar. F\u00f6r detta Avtals syfte \u00e4r parkeringsb\u00f6ter f\u00f6r olaglig parkering, orsakade av v\u00e5r oaktsamhet, inte avgifter eller avgifter, och du \u00e4r inte ansvarig f\u00f6r att betala dem.<br \/>\n1.2.10 Det finns f\u00f6rseningar eller h\u00e4ndelser utanf\u00f6r v\u00e5r rimliga kontroll som \u00f6kar eller f\u00f6rl\u00e4nger resurserna eller tiden som kr\u00e4vs f\u00f6r att slutf\u00f6ra det \u00f6verenskomna arbetet.<br \/>\n1.2.11 Vi godk\u00e4nner skriftligen att h\u00f6ja v\u00e5r ansvarsgr\u00e4ns som anges i avsnitt 8.1 innan arbetet p\u00e5b\u00f6rjas.<br \/>\n1.3 Du samtycker till att betala rimliga avgifter som h\u00e4rr\u00f6r fr\u00e5n ovanst\u00e5ende omst\u00e4ndigheter.<br \/>\n1.2.6 Om du eller dina agenter beg\u00e4r insamling eller tillg\u00e5ng till dina varor medan de \u00e4r i butik;<br \/>\n1.2.7 Vi tillhandah\u00e5ller ytterligare tj\u00e4nster, inklusive flytt eller lagring av extra varor (dessa villkor g\u00e4ller f\u00f6r s\u00e5dant arbete).<br \/>\n1.2.8 Intr\u00e4de eller utg\u00e5ng till lokaler, trappor, hissar eller d\u00f6rr\u00f6ppningar \u00e4r otillr\u00e4ckliga f\u00f6r fri r\u00f6rlighet f\u00f6r varorna utan mekanisk utrustning eller strukturf\u00f6r\u00e4ndringar, eller infarten, v\u00e4gen eller k\u00f6rningen \u00e4r ol\u00e4mplig f\u00f6r v\u00e5ra fordon och \/ eller containrar att lasta och \/ eller lossa inom 20 meter fr\u00e5n d\u00f6rr\u00f6ppningen.<br \/>\n1.2.9 Vi m\u00e5ste betala parkering eller andra avgifter eller avgifter (inklusive b\u00f6ter d\u00e4r du inte har ordnat \u00f6verenskommet upph\u00e4vande av parkeringsrestriktioner) f\u00f6r att utf\u00f6ra tj\u00e4nster p\u00e5 dina v\u00e4gnar. F\u00f6r detta Avtals syfte \u00e4r parkeringsb\u00f6ter f\u00f6r olaglig parkering, orsakade av v\u00e5r oaktsamhet, inte avgifter eller avgifter, och du \u00e4r inte ansvarig f\u00f6r att betala dem.<br \/>\n1.2.10 Det finns f\u00f6rseningar eller h\u00e4ndelser utanf\u00f6r v\u00e5r rimliga kontroll som \u00f6kar eller f\u00f6rl\u00e4nger resurserna eller tiden som kr\u00e4vs f\u00f6r att slutf\u00f6ra det \u00f6verenskomna arbetet.<br \/>\n1.2.11 Vi godk\u00e4nner skriftligen att h\u00f6ja v\u00e5r ansvarsgr\u00e4ns som anges i avsnitt 8.1 innan arbetet p\u00e5b\u00f6rjas.<br \/>\n1.3 Du samtycker till att betala rimliga avgifter som h\u00e4rr\u00f6r fr\u00e5n ovanst\u00e5ende omst\u00e4ndigheter.<\/p>\n<h2>4. Goods not to be submitted for removal or storage<\/h2>\n<h2> 4. Varor som inte ska l\u00e4mnas in f\u00f6r borttagning eller lagring <\/h2>\n<p>4.1 Om inte tidigare avtalats skriftligen av en regiss\u00f6r eller annan auktoriserad f\u00f6retagsrepresentant, f\u00e5r f\u00f6ljande artiklar inte l\u00e4mnas in f\u00f6r borttagning eller lagring och kommer under inga omst\u00e4ndigheter att flyttas eller lagras av oss. F\u00f6rem\u00e5len listade under 4.1.1 nedan kan utg\u00f6ra risker f\u00f6r h\u00e4lsa och s\u00e4kerhet och brand. Objekt som listas under 4.1.2 till 4.1.7 nedan medf\u00f6r andra risker och du b\u00f6r g\u00f6ra dina egna arrangemang f\u00f6r deras transport och lagring.<br \/>\n4.1.1 Potentiellt farliga, skadliga eller explosiva f\u00f6rem\u00e5l, inklusive gasflaskor, aerosoler, f\u00e4rger, skjutvapen och ammunition.<br \/>\n4.1.2 Smycken, klockor, prydnadsf\u00f6rem\u00e5l, \u00e4delstenar eller metaller, pengar, handlingar, v\u00e4rdepapper, mobiltelefoner, b\u00e4rbara media och datoranordningar, frim\u00e4rken, mynt eller varor eller samlingar av n\u00e5got liknande slag.<br \/>\n4.1.3 Varor som kan uppmuntra skadedjur eller andra skadedjur eller orsaka angrepp eller kontaminering.<br \/>\n4.1.4 Vi kommer att meddela dig skriftligen s\u00e5 snart det \u00e4r praktiskt m\u00f6jligt om n\u00e5got av varorna enligt v\u00e5r mening \u00e4r h\u00e4lsofarligt, smutsigt eller ohygieniskt eller sannolikt kommer att locka skadedjur eller skadedjur och under vilka f\u00f6rh\u00e5llanden vi skulle vara beredda att acceptera s\u00e5dana varor eller om vi v\u00e4grar att acceptera dem. Om vi \u200b\u200bv\u00e4grar att acceptera varorna har vi inget ansvar gentemot dig.<br \/>\n4.1.5 F\u00f6rd\u00e4rvliga f\u00f6rem\u00e5l och \/ eller s\u00e5dana som kr\u00e4ver en kontrollerad milj\u00f6.<br \/>\n4.1.6 Alla djur, f\u00e5glar, fiskar, reptiler eller v\u00e4xter.<br \/>\n4.1.7 Varor som kr\u00e4ver en s\u00e4rskild licens eller tillst\u00e5nd fr\u00e5n staten f\u00f6r export eller import.<br \/>\n4.1.8 Under inga omst\u00e4ndigheter kommer f\u00f6rbjudna eller stulna varor, droger eller pornografiskt material att flyttas eller lagras av oss.<br \/>\n4.2 Om du skickar in s\u00e5dana varor utan v\u00e5r vetskap kommer vi att g\u00f6ra dem tillg\u00e4ngliga f\u00f6r din insamling och om du inte samlar in dem inom rimlig tid kan vi ans\u00f6ka om domstolsbeslut om att avyttra s\u00e5dana varor som finns i s\u00e4ndningen. Du samtycker till att betala Oss alla avgifter, utgifter, skador, juridiska kostnader eller p\u00e5f\u00f6ljder som rimligen har uppkommit av oss f\u00f6r att avyttra varorna.<\/p>\n<h2> 5. \u00c4gande av varorna <\/h2>\n<p>5.1 Genom att ing\u00e5 detta avtal garanterar du att:<br \/>\n5.1.1 Varorna som ska tas bort och \/ eller lagras \u00e4r din egen egendom; eller<br \/>\n5.1.2 Du har full befogenhet f\u00f6r \u00e4garen eller n\u00e5gon som har ett juridiskt intresse av dem att ing\u00e5 detta avtal och du har gjort \u00e4garen fullt medveten om dessa villkor innan du ing\u00e5tt detta avtal och att de har godk\u00e4nt dem .<br \/>\n5.1.3 Om n\u00e5gon annan efter implementeringen av detta avtal till dess att en annan person har eller f\u00e5r ett intresse av varorna kommer du att meddela oss om deras namn och adress omedelbart skriftligen.<br \/>\n5.1.4 Du kommer att tillhandah\u00e5lla full ers\u00e4ttning och betala oss f\u00f6r alla anspr\u00e5k p\u00e5 skadest\u00e5nd och \/ eller kostnader mot oss om n\u00e5got av uttalandena i 5.1.1 eller 5.1.2 \u00e4r felaktigt.<br \/>\n5.1.5 Om du vill \u00f6verf\u00f6ra ansvaret f\u00f6r detta avtal till en tredje part kommer du att informera oss skriftligen och ge oss deras fullst\u00e4ndiga namn och adress. Vi kommer att utf\u00e4rda ett nytt avtal till dem. V\u00e5rt avtal med dig f\u00f6rblir i kraft tills vi har f\u00e5tt ett undertecknat avtal fr\u00e5n tredje part.<\/p>\n<h2> 6. Avgifter om du skjuter upp eller avbryter borttagningen <\/h2>\n<p>6.1 Vi debiterar en deposition p\u00e5 50 \u00a3 eller 50 \u20ac vid bokningen som \u00e5terbetalas helt tills hela betalningsbalansen har betalats 14 dagar f\u00f6re h\u00e4mtningsdagen.<br \/>\n6.2 Om du skjuter upp detta avtal inom tre dagar efter ditt insamlingsdatum kommer din betalning att h\u00e5llas i upp till 12 m\u00e5nader f\u00f6r att omplanera ett annat \u00f6msesidigt bekv\u00e4mt datum.<br \/>\n6.3 Om du s\u00e4ger upp avtalet helt och h\u00e5llet inom tre dagar efter att flytten \u00e4ger rum f\u00f6rbeh\u00e5ller vi oss r\u00e4tten att debitera dig en avbokningsavgift p\u00e5 h\u00f6gst 50% av den totala borttagningsavgiften.<\/p>\n<h2> 7. Betalning <\/h2>\n<p>7.1 Om inte annat skriftligt \u00f6verenskommits av European Moving kr\u00e4vs full betalning av godk\u00e4nda medel 14 dagar f\u00f6re h\u00e4mtning eller leverans fr\u00e5n lagring. I fallet med s\u00e5dan betalning f\u00f6rbeh\u00e5ller vi oss r\u00e4tten att v\u00e4gra att p\u00e5b\u00f6rja insamlingen eller borttagningen fr\u00e5n lagring tills s\u00e5dan betalning har mottagits<\/p>\n<h2> 8. V\u00e5rt ansvar f\u00f6r f\u00f6rlust eller skada <\/h2>\n<p>8.1 Vi vet inte v\u00e4rdet p\u00e5 dina varor, d\u00e4rf\u00f6r begr\u00e4nsar vi v\u00e5rt ansvar till en fast gr\u00e4ns per artikel. Det ansvar vi accepterar enligt detta avtal \u00e5terspeglas i v\u00e5ra avgifter f\u00f6r arbetet. Om du vill att vi ska h\u00f6ja v\u00e5r ansvarsgr\u00e4ns per artikel samtycker du till att betala ett h\u00f6gre pris f\u00f6r arbetet enligt vad som anges i villkor 1.2.11 (v\u00e5r offert).<br \/>\n8.2 Om inte annat skriftligen \u00f6verenskommits om vi \u00e4r f\u00f6rsumliga eller bryter mot avtalet betalar vi dig upp till h\u00f6gst 40 \u00a3 f\u00f6r varje artikel eller l\u00e5da som g\u00e5r f\u00f6rlorad eller skadas som ett direkt resultat av oaktsamhet eller kontraktsbrott fr\u00e5n v\u00e5r sida .<br \/>\n8.3 F\u00f6r varor som \u00e4r avsedda till eller mottagna fr\u00e5n en plats utanf\u00f6r Europeiska unionen:<br \/>\n8.3.1 Vi tar inte ansvar f\u00f6r skador under transport<br \/>\n8.3.2 Vi tar inte ansvar f\u00f6r varor som konfiskerats, beslagtagits, avl\u00e4gsnats eller skadats av tullmyndigheter eller andra statliga myndigheter om inte s\u00e5dan konfiskering, beslag, borttagning eller skada uppstod direkt till f\u00f6ljd av v\u00e5r f\u00f6rsumlighet eller kontraktsbrott.<br \/>\n8.4 F\u00f6r till\u00e4mpningen av detta avtal definieras en artikel som:<br \/>\n8.4.1 Hela inneh\u00e5llet i en l\u00e5da, ett paket, en f\u00f6rpackning, en kartong eller liknande beh\u00e5llare betraktas som en vara och kan kompenseras som \u00a3 40 i sin helhet; och<br \/>\n8.4.2 Alla andra f\u00f6rem\u00e5l eller saker som flyttas, hanteras eller lagras av oss.<\/p>\n<h2> 9. Skador p\u00e5 lokaler eller egendom andra \u00e4n gods <\/h2>\n<p>9.1 Eftersom tredjepartsentrepren\u00f6rer eller andra ofta \u00e4r n\u00e4rvarande vid tidpunkten f\u00f6r insamling eller leverans \u00e4r det inte alltid m\u00f6jligt att fastst\u00e4lla vem som var ansvarig f\u00f6r f\u00f6rlust eller skada. d\u00e4rf\u00f6r \u00e4r v\u00e5rt ansvar begr\u00e4nsat enligt f\u00f6ljande:<br \/>\n9.1.1 Om vi \u200b\u200borsakar f\u00f6rlust eller skada p\u00e5 lokaler eller annan egendom \u00e4n varor f\u00f6r borttagning till f\u00f6ljd av v\u00e5r f\u00f6rsumlighet eller kontraktsbrott, ska v\u00e5rt ansvar begr\u00e4nsas till att endast gottg\u00f6ra det skadade omr\u00e5det.<br \/>\n9.1.2 Om vi \u200b\u200borsakar skada till f\u00f6ljd av att du flyttar varor under din uttryckliga instruktion, mot v\u00e5r r\u00e5dgivning, och d\u00e4r f\u00f6rflyttning av varorna p\u00e5 det s\u00e4tt som anges sannolikt kommer att orsaka skada, \u00e4r vi inte ansvariga.<br \/>\n9.1.3 Om vi \u200b\u200b\u00e4r ansvariga f\u00f6r att skada dina lokaler eller annan egendom \u00e4n varor som l\u00e4mnats in f\u00f6r borttagning och \/ eller f\u00f6rvaring, m\u00e5ste du notera detta p\u00e5 arbetsbladet eller leveranskvittot s\u00e5 snart som m\u00f6jligt efter det att skadan intr\u00e4ffat eller uppt\u00e4cktes eller under alla omst\u00e4ndigheter inom rimlig tid. Detta \u00e4r grundl\u00e4ggande f\u00f6r avtalet.<\/p>\n<h2> 10. Undantag fr\u00e5n ansvar <\/h2>\n<p>10.1 Vi \u00e4r inte ansvariga f\u00f6r f\u00f6rlust eller skada orsakad av brand eller explosion om vi inte har varit f\u00f6rsumliga eller brutit mot avtalet. Det \u00e4r ditt ansvar att f\u00f6rs\u00e4kra dina varor mot transportskador.<br \/>\n10.2 Vi \u00e4r inte ansvariga f\u00f6r f\u00f6rseningar eller underl\u00e5tenhet att tillhandah\u00e5lla tj\u00e4nsterna enligt detta avtal till f\u00f6ljd av krig, invasion, handlingar fr\u00e5n utl\u00e4ndska fiender, fientligheter (oavsett om krig f\u00f6rklaras eller inte), inb\u00f6rdeskrig, terrorism, uppror och \/ eller milit\u00e4r kupp, Guds handling, ogynnsamt v\u00e4der, industriell \u00e5tg\u00e4rd fr\u00e5n tredje part, omplanerad segling, avg\u00e5ngs- eller ankomsttider, tr\u00e4ngsel i hamnen eller andra s\u00e5dana h\u00e4ndelser utanf\u00f6r v\u00e5r rimliga kontroll.<br \/>\n10.3 Annat \u00e4n som ett resultat av v\u00e5r f\u00f6rsumlighet eller avtalsbrott \u00e4r vi inte ansvariga f\u00f6r f\u00f6rlust, skada eller underl\u00e5tenhet att producera varorna till f\u00f6ljd av:<br \/>\n10.3.1 Normalt slitage, naturlig eller gradvis f\u00f6rs\u00e4mring, l\u00e4ckage eller avdunstning eller fr\u00e5n f\u00f6rd\u00e4rvliga eller instabila varor. Detta inkluderar varor som finns kvar i m\u00f6bler eller apparater.<br \/>\n10.3.2 Mal eller skadedjur eller liknande angrepp.<br \/>\n10.3.3 Reng\u00f6ring, reparation eller \u00e5terst\u00e4llning s\u00e5vida vi inte ordnade arbetet.<br \/>\n10.3.4 F\u00f6r\u00e4ndringar orsakade av atmosf\u00e4riska f\u00f6rh\u00e5llanden som fukt, m\u00f6gel, m\u00f6gel, rost, fl\u00e4ck, korrosion eller gradvis f\u00f6rs\u00e4mring, s\u00e5vida inte direkt kopplat till intr\u00e4ngande vatten. ELLER<br \/>\n10.3.5 F\u00f6r alla varor i garderober, l\u00e5dor eller apparater, eller i en f\u00f6rpackning, bunt, kartong, fodral eller annan beh\u00e5llare som inte b\u00e5de \u00e4r f\u00f6rpackade och uppackade av oss.<br \/>\n10.3.6 F\u00f6r elektrisk eller mekanisk st\u00f6rning av apparater, instrument, klockor, datorer eller annan utrustning s\u00e5vida det inte finns bevis f\u00f6r relaterad yttre skada.<br \/>\n10.3.7 F\u00f6r alla varor som har en befintlig defekt eller som i sig \u00e4r defekta.<br \/>\n10.3.8 F\u00f6r f\u00f6rd\u00e4rvliga f\u00f6rem\u00e5l och \/ eller s\u00e5dana som kr\u00e4ver en kontrollerad milj\u00f6.<br \/>\n10.3.9 F\u00f6rlust av strukturell integritet hos m\u00f6bler konstruerade av sp\u00e5nskivor till f\u00f6ljd av att br\u00e4det smuler s\u00f6nder.<br \/>\n10.3.10 F\u00f6r f\u00f6rem\u00e5l som avses i klausul 4.<br \/>\n10.4 Ingen av v\u00e5ra anst\u00e4llda ska vara ansvarig gentemot dig f\u00f6r f\u00f6rlust, skada, felaktig leverans, fel eller utel\u00e4mnanden enligt villkoren i detta avtal.<br \/>\n10.5 D\u00e4r varor delas ut fr\u00e5n butik V\u00e5rt ansvar upph\u00f6r n\u00e4r vi \u00f6verl\u00e4mnar varorna till dig eller din auktoriserade representant (se avsnitt 11.1 nedan).<br \/>\n10.6 Vi \u00e4r inte ansvariga f\u00f6r f\u00f6rlust eller skada orsakad av oss eller v\u00e5ra anst\u00e4llda eller agenter under omst\u00e4ndigheter d\u00e4r:<\/p>\n<ol type = \"a\">\n<li> det finns inget brott mot detta avtal av oss eller av v\u00e5ra anst\u00e4llda eller ombud <\/li>\n<li> s\u00e5dan f\u00f6rlust eller skada \u00e4r inte ett rimligt f\u00f6rutsebart resultat av n\u00e5gon s\u00e5dan \u00f6vertr\u00e4delse. <\/li>\n<\/ol>\n<h2> 11. Tidsgr\u00e4ns f\u00f6r anspr\u00e5k <\/h2>\n<p>11.1 Om du eller din auktoriserade representant samlar in varorna m\u00e5ste vi skriftligen meddelas om f\u00f6rlust eller skada n\u00e4r varorna \u00f6verl\u00e4mnas till dig eller din agent eller inom 7 dagar.<br \/>\n11.2 F\u00f6r varor som vi levererar m\u00e5ste du skriftligen meddela oss detaljerade f\u00f6rluster och skador inom sju dagar efter leverans av oss. Vi kan komma \u00f6verens om att f\u00f6rl\u00e4nga denna tidsgr\u00e4ns efter mottagandet av din skriftliga beg\u00e4ran f\u00f6rutsatt att en s\u00e5dan beg\u00e4ran mottas inom sju (7) dagar efter leverans. Samtycke till en s\u00e5dan beg\u00e4ran kommer inte att h\u00e5llas orimligt.<\/p>\n<h2> 12. F\u00f6rseningar vid transitering <\/h2>\n<p>12.1 Ut\u00f6ver p\u00e5 grund av v\u00e5r f\u00f6rsummelse eller avtalsbrott \u00e4r vi inte ansvariga f\u00f6r f\u00f6rseningar i transitering.<br \/>\n12.2 Om vi \u200b\u200binte kan leverera dina varor utan v\u00e5rt fel, tar vi dem i lager. Avtalet kommer d\u00e5 att fullg\u00f6ras och alla ytterligare tj\u00e4nster, inklusive lagring och leverans, kommer att ske p\u00e5 din bekostnad.<br \/>\n12.3 Alla transittider som vi citerar ber\u00e4knas och baseras p\u00e5 information som vi k\u00e4nner till vid den tiden. Transittider kan variera p\u00e5 grund av ett antal faktorer som ligger utanf\u00f6r v\u00e5r kontroll, inklusive men inte begr\u00e4nsat till \u00e4ndringar i frakt- \/ rederif\u00f6retagets avg\u00e5ngs- eller avg\u00e5ngsdatum, f\u00f6r\u00e4ndringar i de rutter som anv\u00e4nds av frakt \/ rederiet och hamnbelastning. Vi kommer att informera dig om v\u00e4sentliga \u00e4ndringar av transittiderna s\u00e5 snart vi blir medvetna. Vi \u00e4r inte ansvariga f\u00f6r f\u00f6rlust eller skada som du har orsakat p\u00e5 grund av f\u00f6rseningar i transittid, s\u00e5vida inte direkt h\u00e4nf\u00f6rligt till v\u00e5r f\u00f6rsumlighet eller kontraktsbrott.<br \/>\n12.4 Vi kommer inte att h\u00e5llas ansvariga f\u00f6r missade t\u00e5g, f\u00e4rjor eller flyg. Vi kommer att tillhandah\u00e5lla dokument eller skriftliga uttalanden f\u00f6r att hj\u00e4lpa till med resef\u00f6rs\u00e4kringsanspr\u00e5k p\u00e5 beg\u00e4ran.<\/p>\n<h2> 13. V\u00e5r r\u00e4tt att h\u00e5lla varorna (pantr\u00e4tt) <\/h2>\n<p>\u201dLien\u201d \u00e4r den lagliga r\u00e4tten f\u00f6r borttagaren att h\u00e5lla varor tills kunden har betalat alla utest\u00e5ende avgifter. Vi har r\u00e4tt att h\u00e5lla tillbaka och slutligen avyttra en del eller hela varan om du inte betalar avgifterna och andra betalningar som ska betalas enligt detta eller n\u00e5got annat avtal. (Se \u00e4ven klausul 22). Dessa inkluderar alla avgifter som vi har betalat ut f\u00f6r dina r\u00e4kning. Medan vi har varorna kommer du att vara skyldig att betala alla lagringskostnader och andra kostnader (inklusive juridiska kostnader) som vi rimligen har haft f\u00f6r att \u00e5terkr\u00e4va v\u00e5ra avgifter och till\u00e4mpa v\u00e5r pantr\u00e4tt. Dessa villkor ska forts\u00e4tta att g\u00e4lla.<\/p>\n<h2> 14. V\u00e5r r\u00e4tt att l\u00e4gga underentreprenad p\u00e5 arbetet <\/h2>\n<p>14.1 Vi f\u00f6rbeh\u00e5ller oss r\u00e4tten att l\u00e4gga underentreprenad p\u00e5 delar av eller hela arbetet.<br \/>\n14.2 Om vi \u200b\u200bg\u00f6r underleverant\u00f6rer, g\u00e4ller dessa villkor fortfarande.<\/p>\n<h2> 15. Rutt och metod <\/h2>\n<p>15.1 Vi har r\u00e4tt att v\u00e4lja metod och v\u00e4g f\u00f6r att utf\u00f6ra arbetet och plats f\u00f6r lagring.<br \/>\n15.2 Om inte annat s\u00e4rskilt skriftligt har avtalats i v\u00e5rt offert, kan annat utrymme \/ volym \/ kapacitet p\u00e5 v\u00e5ra fordon och \/ eller containern anv\u00e4ndas f\u00f6r s\u00e4ndningar av andra kunder.<\/p>\n<h2> 16. R\u00e5d och information f\u00f6r internationella borttagningar <\/h2>\n<p>Vi kommer att anv\u00e4nda v\u00e5ra rimliga anstr\u00e4ngningar f\u00f6r att f\u00f6rse dig med uppdaterad information f\u00f6r att hj\u00e4lpa dig med import \/ export av dina varor. Information om s\u00e5dana fr\u00e5gor som nationella eller regionala lagar och f\u00f6rordningar som kan \u00e4ndras och tolkas n\u00e4r som helst tillhandah\u00e5lls i god tro och baseras p\u00e5 befintliga k\u00e4nda omst\u00e4ndigheter. Det \u00e4r ditt ansvar att s\u00f6ka l\u00e4mpliga r\u00e5d f\u00f6r att verifiera riktigheten av all information som tillhandah\u00e5lls. <a name=\"17\"> <\/a><\/p>\n<h2> 17. Till\u00e4mplig lag <\/h2>\n<p>Varje tvist mellan oss regleras av den icke-exklusiva lagstiftningen och jurisdiktionen f\u00f6r F\u00f6renade kungarikets domstolar, alternativ lagstiftning eller jurisdiktion f\u00f6r lokala domstolar kan g\u00e4lla med f\u00f6rbeh\u00e5ll f\u00f6r v\u00e5rt skriftliga avtal innan arbetet eller tj\u00e4nsterna p\u00e5b\u00f6rjas.<\/p>\n<h2> 18. Din vidarebefordringsadress <\/h2>\n<p>18.1 Om du instruerar oss att lagra dina varor m\u00e5ste du ange en korrekt och uppdaterad adress och ett telefonnummer och meddela oss om det \u00e4ndras. All korrespondens och meddelanden kommer att anses ha mottagits av dig sju dagar efter att du skickat den med f\u00f6rstklassig post till din senaste adress som registrerats av oss<br \/>\n18.2 Om du inte anger en adress eller svarar p\u00e5 v\u00e5r korrespondens eller meddelanden kan vi publicera s\u00e5dana meddelanden i en offentlig tidning i omr\u00e5det till eller fr\u00e5n vilket varorna togs bort. Ett s\u00e5dant meddelande anses ha mottagits av dig sju dagar efter tidningens publiceringsdatum. Obs! Om vi \u200b\u200binte kan kontakta dig, debiterar vi dig eventuella kostnader f\u00f6r att fastst\u00e4lla var du befinner dig.<\/p>\n<h2> 19. Varulista (inventering) eller kvitto <\/h2>\n<p>Om vi \u200b\u200bproducerar en lista \u00f6ver dina varor (inventering) eller ett kvitto och skickar det till dig, kommer det att accepteras som korrekt om du inte skriver till oss inom tio dagar fr\u00e5n dagen f\u00f6r v\u00e5r s\u00e4ndning, eller inom en rimlig tidsperiod som vi har kommit \u00f6verens om, meddela oss om eventuella fel eller utel\u00e4mnanden.<\/p>\n<h2> 20. Revidering av lagringskostnader <\/h2>\n<p>Vi granskar v\u00e5ra lagringsavgifter regelbundet. Du f\u00e5r 30 dagars skriftlig varsel om eventuella h\u00f6jningar.<\/p>\n<h2> 21. V\u00e5r r\u00e4tt att s\u00e4lja eller avyttra varorna <\/h2>\n<p>Om betalningen av v\u00e5ra avgifter relaterade till dina varor \u00e4r i efterskott och n\u00e4r du meddelar dig tre m\u00e5naders varsel, har vi r\u00e4tt att kr\u00e4va att du tar bort dina varor fr\u00e5n v\u00e5r f\u00f6rvaring och betalar alla pengar till oss. Om du inte betalar alla utest\u00e5ende belopp som tillkommer oss kan vi s\u00e4lja eller avyttra en del eller hela varan utan ytterligare meddelande. Kostnaden f\u00f6r f\u00f6rs\u00e4ljningen eller bortskaffandet kommer att debiteras dig. Nettoint\u00e4kterna krediteras ditt konto och eventuellt \u00f6verskott kommer att betalas till dig utan r\u00e4nta. Om hela det f\u00f6rfallna beloppet inte mottas kan vi f\u00f6rs\u00f6ka f\u00e5 tillbaka saldot fr\u00e5n dig.<\/p>\n<h2> 22. Upps\u00e4gning <\/h2>\n<p>Om du vill s\u00e4ga upp ditt lagringsavtal m\u00e5ste du meddela oss minst tv\u00e5 arbetsdagars varsel (arbetsdagar definieras i avsnitt 6 ovan). Om vi \u200b\u200bkan sl\u00e4ppa varorna tidigare kommer vi att g\u00f6ra det, f\u00f6rutsatt att ditt konto har betalats uppdaterad. Avgifter f\u00f6r lagring betalas till det datum d\u00e5 meddelandet borde ha tr\u00e4tt i kraft. <a name=\"23\"> <\/a><\/p>\n<h2> 23. V\u00e4gran av arbete <\/h2>\n<p>Vi f\u00f6rbeh\u00e5ller oss r\u00e4tten att v\u00e4gra att utf\u00f6ra arbete utan att motivera v\u00e5rt avslag i h\u00e4ndelse av att kunden felaktigt eller otillr\u00e4ckligt har informerat oss om det arbete som kr\u00e4vs, vi kommer att beh\u00e5lla alla ins\u00e4ttningar som redan har betalats utan \u00e5terbetalning.<\/p>\n","protected":false},"excerpt":{"rendered":"<p>Allm\u00e4nna villkor Transportvillkor f\u00f6r European Moving Dessa villkor f\u00f6rklarar r\u00e4ttigheter, skyldigheter och ansvar f\u00f6r alla parter i detta avtal. D\u00e4r vi anv\u00e4nder ordet &#8221;Du&#8221; eller &#8221;Din&#8221; betyder det kunden: &#8221;Vi&#8221;, &#8221;oss&#8221; eller &#8221;v\u00e5r&#8221; betyder borttagaren. Dessa villkor kan \u00e4ndras eller \u00e4ndras med f\u00f6rbeh\u00e5ll f\u00f6r skriftligt avtal. I klausulerna 8, 9, 10 och 11 begr\u00e4nsar eller [&hellip;]<\/p>\n","protected":false},"author":13,"featured_media":0,"parent":0,"menu_order":0,"comment_status":"closed","ping_status":"closed","template":"","meta":[],"yst_prominent_words":[12148,12112,12164,12212,12223,12106,7378,12145,12216,12889,12113],"_links":{"self":[{"href":"https:\/\/europeanmoving.co.uk\/sv\/wp-json\/wp\/v2\/pages\/13902"}],"collection":[{"href":"https:\/\/europeanmoving.co.uk\/sv\/wp-json\/wp\/v2\/pages"}],"about":[{"href":"https:\/\/europeanmoving.co.uk\/sv\/wp-json\/wp\/v2\/types\/page"}],"author":[{"embeddable":true,"href":"https:\/\/europeanmoving.co.uk\/sv\/wp-json\/wp\/v2\/users\/13"}],"replies":[{"embeddable":true,"href":"https:\/\/europeanmoving.co.uk\/sv\/wp-json\/wp\/v2\/comments?post=13902"}],"version-history":[{"count":3,"href":"https:\/\/europeanmoving.co.uk\/sv\/wp-json\/wp\/v2\/pages\/13902\/revisions"}],"predecessor-version":[{"id":22700,"href":"https:\/\/europeanmoving.co.uk\/sv\/wp-json\/wp\/v2\/pages\/13902\/revisions\/22700"}],"wp:attachment":[{"href":"https:\/\/europeanmoving.co.uk\/sv\/wp-json\/wp\/v2\/media?parent=13902"}],"wp:term":[{"taxonomy":"yst_prominent_words","embeddable":true,"href":"https:\/\/europeanmoving.co.uk\/sv\/wp-json\/wp\/v2\/yst_prominent_words?post=13902"}],"curies":[{"name":"wp","href":"https:\/\/api.w.org\/{rel}","templated":true}]}}