{"id":13898,"date":"2019-06-25T11:00:23","date_gmt":"2019-06-25T11:00:23","guid":{"rendered":"http:\/\/europeanmoving.co.uk\/?page_id=13898"},"modified":"2020-09-17T09:38:25","modified_gmt":"2020-09-17T09:38:25","slug":"butiksleverans-inom-europa","status":"publish","type":"page","link":"https:\/\/europeanmoving.co.uk\/sv\/frakt-och-leverans\/butiksleverans-inom-europa\/","title":{"rendered":"Butiksleverans inom Europa"},"content":{"rendered":"<h1 class=\"title-heading-left\"><strong>Butiksleverans till Europa<\/strong><\/h1>\n<p><img src=\"https:\/\/europeanmoving.im\/wp-content\/uploads\/2018\/07\/store-to-home.jpg\" \/><\/p>\n<p><strong>Europeisk och internationell butiksleverans till Europa &#8211; European Moving<\/strong>\u00a0kan erbjuda dig ett konkurrenskraftigt f\u00f6rslag att flytta k\u00f6pta artiklar fr\u00e5n \u00e5terf\u00f6rs\u00e4ljarlagret till din d\u00f6rr eller s\u00e5 kan dessa levereras till oss om tillverkaren inte levererar till din europeiska destination och v\u00e5r europeiska och internationella Store Delivery to Europe-teamet kan professionellt organisera frams\u00e4ndningen och undvika enorma leverant\u00f6rsavgifter f\u00f6r \u00e5terf\u00f6rs\u00e4ljare.<br \/>\nOavsett om du har k\u00f6pt en soffa fr\u00e5n DFS eller en hel massa hush\u00e5llsartiklar fr\u00e5n TK Maxx till exempel, har dessa inte alternativ f\u00f6r europeisk leverans med v\u00e5rt europeiska och internationella leverans till butik till Europa, en av v\u00e5ra betrodda f\u00f6rare kan samla direkt fr\u00e5n \u00e5terf\u00f6rs\u00e4ljarens lager och leverera till din d\u00f6rr utan kr\u00e5ngel eller s\u00e5 kan vi acceptera leverans i v\u00e5rt brittiska dep\u00e5 och f\u00f6rvara varan s\u00e4kert tills du \u00e4r redo f\u00f6r leverans p\u00e5 den valda europeiska destinationen.<\/p>\n<p><strong>European Movings tj\u00e4nster f\u00f6r europeisk och internationell butiksleverans till Europa<\/strong>\u00a0tillhandah\u00e5lls i<strong>\u00a0Storbritannien, Frankrike, Tyskland, Irland, Nordirland, Spanien, Karies\u00f6arna och Balearerna, Belgien, Danmark, Estland, Luxemburg, Nederl\u00e4nderna, Polen, \u00d6sterrike, Bulgarien, Kroatien, Tjeckien, Finland, Grekland, Hungry, Italien, Lettland, Litauen, Malta, Cypern, Portugal, Rum\u00e4nien, Slovakien, Slovenien, Sverige, Storbritannien, Schweiz, Norge och hela EU.\u00a0<\/strong>\u00a0V\u00e4nligen kontakta oss f\u00f6r att ta reda p\u00e5 hur vi kan hj\u00e4lpa dig eller fyll i kontaktformul\u00e4ret och vi kommer att str\u00e4va efter att ge dig b\u00e4sta m\u00f6jliga f\u00f6rslag f\u00f6r ditt unika drag.<\/p>\n","protected":false},"excerpt":{"rendered":"<p>Butiksleverans till Europa Europeisk och internationell butiksleverans till Europa &#8211; European Moving\u00a0kan erbjuda dig ett konkurrenskraftigt f\u00f6rslag att flytta k\u00f6pta artiklar fr\u00e5n \u00e5terf\u00f6rs\u00e4ljarlagret till din d\u00f6rr eller s\u00e5 kan dessa levereras till oss om tillverkaren inte levererar till din europeiska destination och v\u00e5r europeiska och internationella Store Delivery to Europe-teamet kan professionellt organisera frams\u00e4ndningen och [&hellip;]<\/p>\n","protected":false},"author":13,"featured_media":0,"parent":13885,"menu_order":0,"comment_status":"closed","ping_status":"closed","template":"","meta":[],"yst_prominent_words":[12102,12831,12147,5853,12808,12805,12817,12784,12780,12112,12825,15265,12824,8275,12809,12819,12785,12832],"_links":{"self":[{"href":"https:\/\/europeanmoving.co.uk\/sv\/wp-json\/wp\/v2\/pages\/13898"}],"collection":[{"href":"https:\/\/europeanmoving.co.uk\/sv\/wp-json\/wp\/v2\/pages"}],"about":[{"href":"https:\/\/europeanmoving.co.uk\/sv\/wp-json\/wp\/v2\/types\/page"}],"author":[{"embeddable":true,"href":"https:\/\/europeanmoving.co.uk\/sv\/wp-json\/wp\/v2\/users\/13"}],"replies":[{"embeddable":true,"href":"https:\/\/europeanmoving.co.uk\/sv\/wp-json\/wp\/v2\/comments?post=13898"}],"version-history":[{"count":4,"href":"https:\/\/europeanmoving.co.uk\/sv\/wp-json\/wp\/v2\/pages\/13898\/revisions"}],"predecessor-version":[{"id":22068,"href":"https:\/\/europeanmoving.co.uk\/sv\/wp-json\/wp\/v2\/pages\/13898\/revisions\/22068"}],"up":[{"embeddable":true,"href":"https:\/\/europeanmoving.co.uk\/sv\/wp-json\/wp\/v2\/pages\/13885"}],"wp:attachment":[{"href":"https:\/\/europeanmoving.co.uk\/sv\/wp-json\/wp\/v2\/media?parent=13898"}],"wp:term":[{"taxonomy":"yst_prominent_words","embeddable":true,"href":"https:\/\/europeanmoving.co.uk\/sv\/wp-json\/wp\/v2\/yst_prominent_words?post=13898"}],"curies":[{"name":"wp","href":"https:\/\/api.w.org\/{rel}","templated":true}]}}