{"id":13894,"date":"2019-06-25T10:39:42","date_gmt":"2019-06-25T10:39:42","guid":{"rendered":"http:\/\/europeanmoving.co.uk\/?page_id=13894"},"modified":"2020-09-17T09:18:23","modified_gmt":"2020-09-17T09:18:23","slug":"europeisk-och-internationell-sjofrakt","status":"publish","type":"page","link":"https:\/\/europeanmoving.co.uk\/sv\/frakt-och-leverans\/europeisk-och-internationell-sjofrakt\/","title":{"rendered":"Europeisk och internationell sj\u00f6frakt"},"content":{"rendered":"<h1 class=\"title-heading-left\"><strong>Europeiska och internationella sj\u00f6transporter<\/strong><\/h1>\n<p><strong>V\u00e5rt dedikerade internationella marintransportteam<\/strong><\/p>\n<p>P\u00e5 European Moving har vi v\u00e5rt eget europeiska och internationella marintransportteam baserat p\u00e5 Svarta havet &#8211; Port Varna.\u00a0V\u00e5r betydande erfarenhet av europeiska sj\u00f6transporter f\u00f6r hel- eller delcontainrar &#8211; str\u00e4cker sig till f\u00f6ljande omr\u00e5den:<\/p>\n<ul class=\"list-with-tick fullCol\">\n<li>De grekiska \u00f6arna: Kreta, Euboea, Lesbos, Rhodos, Ch\u00edos, Cephalonia, Korfu, Lemnos, Samos, Naxos, Zakynthos, Thassos, Andros, Lefkada, Karpathos, Kos, Kythira, Icaria, Skyros, Paros, Tinos, Samothrace, Milos, Kea, Amorgos, Kalymnos, Ios, Kythnos, Astypalaia, Ithaca plus alla andra p\u00e5 beg\u00e4ran och i m\u00e5n av tillg\u00e5ng.<\/li>\n<li>Balkanl\u00e4nderna: Albanien, Bulgarien, Bosnien och Hercegovina, Kosovo, Makedonien, Serbien, Kroatien och Montenegro.<\/li>\n<li>Forma sovjetstater: Armenien, Azerbajdzjan, Georgien, Vitryssland, Moldavien och Ukraina.<\/li>\n<li>Kanarie\u00f6arna: El Hierro, Fuerteventura, Gran Canaria, La Gomera, Lanzarote, Chinijo sk\u00e4rg\u00e5rd, La Palma, Teneriffa.<\/li>\n<li>Turkiet och \u00f6arna<\/li>\n<li>Huvud\u00f6arna i Maderia<\/li>\n<li>Huvud\u00f6arna i Azurer<\/li>\n<\/ul>\n<p><img src=\"https:\/\/europeanmoving.im\/wp-content\/uploads\/2018\/07\/Marine.jpeg\" \/><\/p>\n<h2><strong>Komma i kontakt<\/strong><\/h2>\n<p>Att korsa Europas hav kan vara en logistisk mardr\u00f6m men utg\u00f6r ofta ocks\u00e5 ett kostnadseffektivt alternativ till alla europeiska landresor.\u00a0Vi skr\u00e4ddarsyr v\u00e5ra internationella sj\u00f6transporter till enskilda kunder, med uppm\u00e4rksamhet p\u00e5 detaljer och noggrann organisation.\u00a0V\u00e5r personal \u00e4r specialiserad p\u00e5 internationell sj\u00f6fart, export och flytt.\u00a0Oavsett om du flyttar helt eller delvis, kan vi erbjuda en tj\u00e4nst som passar dina behov.\u00a0Sj\u00f6transport med hel- och dellast \u00f6ver hela Europa \u00e4r det enda som v\u00e5rt specialistteam i Varna g\u00f6r.\u00a0F\u00f6ljaktligen kan du vara s\u00e4ker p\u00e5 att v\u00e5r erfarenhet gynnar dina krav.\u00a0Det \u00e4r inte mycket som vi inte har gjort i den h\u00e4r sektorn och kan svara p\u00e5 eventuella fr\u00e5gor du har om europeisk sj\u00f6transport och hur vi kan hj\u00e4lpa till.\u00a0Oavsett vad du r\u00f6r dig \u00f6ver hela Europa och vart du \u00e4n flyttar,\u00a0du beh\u00f6ver sinnesfrid.\u00a0N\u00e4r du beh\u00f6ver frakt \u00e4r det \u00e4nnu sv\u00e5rare och du beh\u00f6ver en specialist som hj\u00e4lper dig.\u00a0Vi hj\u00e4lper f\u00f6retag \u00f6ver hela Europa varje dag.\u00a0Om du vill ha en offert till n\u00e5gon av platserna, v\u00e4nligen kontakta v\u00e5rt europeiska marintransportteam via kontaktformul\u00e4ret.<\/p>\n","protected":false},"excerpt":{"rendered":"<p>Europeiska och internationella sj\u00f6transporter V\u00e5rt dedikerade internationella marintransportteam P\u00e5 European Moving har vi v\u00e5rt eget europeiska och internationella marintransportteam baserat p\u00e5 Svarta havet &#8211; Port Varna.\u00a0V\u00e5r betydande erfarenhet av europeiska sj\u00f6transporter f\u00f6r hel- eller delcontainrar &#8211; str\u00e4cker sig till f\u00f6ljande omr\u00e5den: De grekiska \u00f6arna: Kreta, Euboea, Lesbos, Rhodos, Ch\u00edos, Cephalonia, Korfu, Lemnos, Samos, Naxos, Zakynthos, [&hellip;]<\/p>\n","protected":false},"author":13,"featured_media":0,"parent":13885,"menu_order":0,"comment_status":"closed","ping_status":"closed","template":"","meta":[],"yst_prominent_words":[12211,12222,4309,12559,3484,12845,12784,12780,8275,12785,12145,12107,13469,12113],"_links":{"self":[{"href":"https:\/\/europeanmoving.co.uk\/sv\/wp-json\/wp\/v2\/pages\/13894"}],"collection":[{"href":"https:\/\/europeanmoving.co.uk\/sv\/wp-json\/wp\/v2\/pages"}],"about":[{"href":"https:\/\/europeanmoving.co.uk\/sv\/wp-json\/wp\/v2\/types\/page"}],"author":[{"embeddable":true,"href":"https:\/\/europeanmoving.co.uk\/sv\/wp-json\/wp\/v2\/users\/13"}],"replies":[{"embeddable":true,"href":"https:\/\/europeanmoving.co.uk\/sv\/wp-json\/wp\/v2\/comments?post=13894"}],"version-history":[{"count":3,"href":"https:\/\/europeanmoving.co.uk\/sv\/wp-json\/wp\/v2\/pages\/13894\/revisions"}],"predecessor-version":[{"id":22054,"href":"https:\/\/europeanmoving.co.uk\/sv\/wp-json\/wp\/v2\/pages\/13894\/revisions\/22054"}],"up":[{"embeddable":true,"href":"https:\/\/europeanmoving.co.uk\/sv\/wp-json\/wp\/v2\/pages\/13885"}],"wp:attachment":[{"href":"https:\/\/europeanmoving.co.uk\/sv\/wp-json\/wp\/v2\/media?parent=13894"}],"wp:term":[{"taxonomy":"yst_prominent_words","embeddable":true,"href":"https:\/\/europeanmoving.co.uk\/sv\/wp-json\/wp\/v2\/yst_prominent_words?post=13894"}],"curies":[{"name":"wp","href":"https:\/\/api.w.org\/{rel}","templated":true}]}}