{"id":13892,"date":"2019-06-25T10:35:13","date_gmt":"2019-06-25T10:35:13","guid":{"rendered":"http:\/\/europeanmoving.co.uk\/?page_id=13892"},"modified":"2020-09-17T09:56:38","modified_gmt":"2020-09-17T09:56:38","slug":"europeisk-koksleverans-och-kokstransport","status":"publish","type":"page","link":"https:\/\/europeanmoving.co.uk\/sv\/frakt-och-leverans\/europeisk-koksleverans-och-kokstransport\/","title":{"rendered":"Europeisk k\u00f6ksleverans och k\u00f6kstransport"},"content":{"rendered":"<h1 class=\"title-heading-left\"><strong>Europeisk k\u00f6ksleverans och transport<\/strong><\/h1>\n<p>Europeisk k\u00f6ksleverans \u00e4r en av de vanligaste typerna av varor som regelbundet flyttas \u00f6ver hela EU.\u00a0Kostnaden beror p\u00e5 typen av material, vikten och avst\u00e5ndet till destinationen.\u00a0Europeiska tj\u00e4nster f\u00f6r transport av personbilar tillhandah\u00e5lls i hela EU.\u00a0K\u00f6ksmaterial kr\u00e4ver s\u00e4ker och effektiv transport, oavsett om det \u00e4r f\u00f6r en kort resa eller en l\u00e5ngv\u00e4ga resa.\u00a0Vi har stor erfarenhet av att flytta badrum och badrumsm\u00f6bler \u00f6ver hela EU, till och fr\u00e5n Storbritannien till och fr\u00e5n Europa.<\/p>\n<p>Vi v\u00e4lkomnar f\u00f6rfr\u00e5gningar fr\u00e5n k\u00f6kstillverkare som beh\u00f6ver tj\u00e4nster fr\u00e5n en europeisk k\u00f6kskurir som \u00e4r kompetent att flytta dessa ofta \u00f6mt\u00e5liga och stora laster.\u00a0Om du beh\u00f6ver dina k\u00f6ksm\u00f6bler transporteras till ett europeiskt lager eller direkt till \u00e5terf\u00f6rs\u00e4ljare i EU eller Storbritannien har vi erfarenheten och kunskapen f\u00f6r att s\u00e4kerst\u00e4lla s\u00e4ker och punktlig leverans var som helst i EU.\u00a0N\u00e5gra exempel men inte begr\u00e4nsat till var vi h\u00e4mtar \u00e4r nedan:<\/p>\n<ul class=\"list-with-tick col4\">\n<li>B n Q<\/li>\n<li>Hem bas<\/li>\n<li>Bunnings<\/li>\n<li>Wickes<\/li>\n<\/ul>\n<p>Privatpersoner som beh\u00f6ver k\u00f6ksm\u00f6bler som transporteras till, fr\u00e5n eller inom EU \u00e4r ocks\u00e5 en specialitet.\u00a0Vi har flyttat k\u00f6ksredskap, kylsk\u00e5p och diskmaskiner \u00f6ver hela Europa och p\u00e5 Kanarie\u00f6arna och de grekiska \u00f6arna.<br \/>\nSm\u00e5 eller stora laster fr\u00e5n k\u00f6ksm\u00f6belproducenter som beh\u00f6ver att deras varor flyttar in och ut ur Europa \u00e4r v\u00e4lkomna.\u00a0Vi f\u00f6rst\u00e5r logistiken f\u00f6r att transportera k\u00f6k \u00f6ver hela Europa, som inte bara inkluderar sj\u00e4lva transporten utan \u00e4ven f\u00f6rpackningen av dessa k\u00e4nsliga f\u00f6rem\u00e5l, lastning och lossning med stor f\u00f6rsiktighet f\u00f6r att s\u00e4kerst\u00e4lla inga skador eller repor p\u00e5 k\u00f6kselementen under transporten.<\/p>\n<p><strong>Komma i kontakt!<\/strong><\/p>\n<p>Internethandlare som letar efter en p\u00e5litlig och kostnadseffektiv europeisk k\u00f6kskurir beh\u00f6ver inte leta l\u00e4ngre.\u00a0Vi kan ange konkurrenskraftiga k\u00f6ksleveranspriser.\u00a0Vi har ocks\u00e5 ett moget och s\u00e4kert s\u00e4kert lagern\u00e4tverk i hela EU.\u00a0Det erbjuder kostnadseffektiv f\u00f6rvaring av k\u00f6ksm\u00f6bler n\u00e4r och n\u00e4r.\u00a0Ofta s\u00e4ljs k\u00f6ksvaror men kr\u00e4vs inte omedelbart.\u00a0Det kan vara kostnadseffektivt att flytta varorna fr\u00e5n fabriken eller detaljhandelsomr\u00e5det till en lagringsanl\u00e4ggning i Europa redo f\u00f6r plockning, lastning och leverans direkt till \u00e5terf\u00f6rs\u00e4ljare eller kunder i hela Europa och Storbritannien.<\/p>\n<p><strong>Kontakta European Moving f\u00f6r att f\u00e5 en l\u00e5g kostnad f\u00f6r kurirer i hela Europa och EU.<\/strong><\/p>\n","protected":false},"excerpt":{"rendered":"<p>Europeisk k\u00f6ksleverans och transport Europeisk k\u00f6ksleverans \u00e4r en av de vanligaste typerna av varor som regelbundet flyttas \u00f6ver hela EU.\u00a0Kostnaden beror p\u00e5 typen av material, vikten och avst\u00e5ndet till destinationen.\u00a0Europeiska tj\u00e4nster f\u00f6r transport av personbilar tillhandah\u00e5lls i hela EU.\u00a0K\u00f6ksmaterial kr\u00e4ver s\u00e4ker och effektiv transport, oavsett om det \u00e4r f\u00f6r en kort resa eller en l\u00e5ngv\u00e4ga [&hellip;]<\/p>\n","protected":false},"author":13,"featured_media":0,"parent":13885,"menu_order":0,"comment_status":"closed","ping_status":"closed","template":"","meta":[],"yst_prominent_words":[12230,12799,12164,12778,12216,12775,12578],"_links":{"self":[{"href":"https:\/\/europeanmoving.co.uk\/sv\/wp-json\/wp\/v2\/pages\/13892"}],"collection":[{"href":"https:\/\/europeanmoving.co.uk\/sv\/wp-json\/wp\/v2\/pages"}],"about":[{"href":"https:\/\/europeanmoving.co.uk\/sv\/wp-json\/wp\/v2\/types\/page"}],"author":[{"embeddable":true,"href":"https:\/\/europeanmoving.co.uk\/sv\/wp-json\/wp\/v2\/users\/13"}],"replies":[{"embeddable":true,"href":"https:\/\/europeanmoving.co.uk\/sv\/wp-json\/wp\/v2\/comments?post=13892"}],"version-history":[{"count":4,"href":"https:\/\/europeanmoving.co.uk\/sv\/wp-json\/wp\/v2\/pages\/13892\/revisions"}],"predecessor-version":[{"id":22084,"href":"https:\/\/europeanmoving.co.uk\/sv\/wp-json\/wp\/v2\/pages\/13892\/revisions\/22084"}],"up":[{"embeddable":true,"href":"https:\/\/europeanmoving.co.uk\/sv\/wp-json\/wp\/v2\/pages\/13885"}],"wp:attachment":[{"href":"https:\/\/europeanmoving.co.uk\/sv\/wp-json\/wp\/v2\/media?parent=13892"}],"wp:term":[{"taxonomy":"yst_prominent_words","embeddable":true,"href":"https:\/\/europeanmoving.co.uk\/sv\/wp-json\/wp\/v2\/yst_prominent_words?post=13892"}],"curies":[{"name":"wp","href":"https:\/\/api.w.org\/{rel}","templated":true}]}}