{"id":13890,"date":"2019-06-25T10:13:32","date_gmt":"2019-06-25T10:13:32","guid":{"rendered":"http:\/\/europeanmoving.co.uk\/?page_id=13890"},"modified":"2020-09-17T09:25:58","modified_gmt":"2020-09-17T09:25:58","slug":"budtjanster","status":"publish","type":"page","link":"https:\/\/europeanmoving.co.uk\/sv\/frakt-och-leverans\/budtjanster\/","title":{"rendered":"Budtj\u00e4nster"},"content":{"rendered":"<h1 class=\"title-heading-left\"><strong><span>Europeiska och internationella budtj\u00e4nster<\/span><\/strong><\/h1>\n<p><strong><span>Internationell budtj\u00e4nst erbjuder snabb och effektiv leverans av dina varor och paket \u00f6ver hela Europa.<\/span><\/strong><\/p>\n<p><span>V\u00e5rt erfarna team av internationella kurirer arbetar outtr\u00f6ttligt i hela EU dagligen.\u00a0Vi ser till att vi uppfyller v\u00e5ra kunders tidsfrister effektivt och i tid, varje g\u00e5ng.\u00a0Att v\u00e4lja en europeisk budtj\u00e4nst \u00e4r full av potential f\u00f6r besvikelse.<\/span><br \/>\n<span>T\u00e4nk p\u00e5 logistiken f\u00f6r att skicka paket och produkter \u00f6ver hela EU och passerar ofta m\u00e5nga gr\u00e4nser som kan avsl\u00f6ja planering av mardr\u00f6mmar.\u00a0N\u00e4r din leverans \u00e4r uppdragskritisk m\u00e5ste du v\u00e4lja en bepr\u00f6vad och p\u00e5litlig europeisk kurir som har erfarenhet av att f\u00f6rbereda och leverera p\u00e5 strama scheman.<\/span><br \/>\n<span>Vi har stor erfarenhet av att leverera varor \u00f6ver hela EU.\u00a0Fr\u00e5n sm\u00e5 paket till mer massiva besv\u00e4rliga laster har v\u00e5r internationella budtj\u00e4nst varit d\u00e4r tidigare.\u00a0De vet utan tvekan hur man effektivt kan leverera till ett kostnadseffektivt pris.<\/span><br \/>\n<span>Vi \u00e4r en del av Storbritannien och EU: s internationella kurirn\u00e4tverk och anv\u00e4nder endast tj\u00e4nster fr\u00e5n professionella, p\u00e5litliga leverant\u00f6rer.\u00a0Faktum \u00e4r att v\u00e5ra f\u00f6rare \u00e4r smarta, presentabla och dedikerade till att erbjuda tj\u00e4nster av h\u00f6gsta kvalitet.\u00a0N\u00e4r vi till exempel startar fr\u00e5n Storbritannien planerar vi f\u00e4rja eller tunnel\u00f6verg\u00e5ngar och maximerar effektivitetsm\u00f6jligheterna f\u00f6r att h\u00e5lla dina kostnader l\u00e5ga.<\/span><\/p>\n<p><strong><span>Kontakta oss!<\/span><\/strong><\/p>\n<p><span>V\u00e5r europeiska budtj\u00e4nst t\u00e4cker alla EU-omr\u00e5den.\u00a0Edinburgh till Turin kan se skr\u00e4mmande ut, men det \u00e4r en del av v\u00e5r arbetsvecka.\u00a0Att erbjuda budtj\u00e4nster till Frankrike, Tyskland, Spanien, Italien, Ungern, \u00d6sterrike, Portugal, Grekland och alla EU-l\u00e4nderna \u00e4r faktiskt v\u00e5r prioritet att erbjuda budtj\u00e4nster.<\/span><br \/>\n<span>Oavsett storlek eller form p\u00e5 din EU-kurirleverans kan du koppla av med vetskap om att vi troligtvis har gjort det tidigare.\u00a0Stor och liten paketleverans till EU inklusive l\u00e5dor, platta artiklar, besv\u00e4rlig storlek och former som kan inneh\u00e5lla n\u00e5gra mindre m\u00f6bler, datorer, filer och pappersarbete, din leverans sk\u00f6ts som om den vore v\u00e5r.<\/span><br \/>\n<span>F\u00f6r den ultimata europeiska och internationella budtj\u00e4nsten beh\u00f6ver du inte leta l\u00e4ngre.\u00a0Fyll i alla fall v\u00e5rt f\u00f6rfr\u00e5gningsformul\u00e4r eller ring oss.\u00a0Vi kommer att kontakta dig omg\u00e5ende med b\u00e4sta m\u00f6jliga pris f\u00f6r din EU-paketleveransservice.<\/span><\/p>\n","protected":false},"excerpt":{"rendered":"<p>Europeiska och internationella budtj\u00e4nster Internationell budtj\u00e4nst erbjuder snabb och effektiv leverans av dina varor och paket \u00f6ver hela Europa. V\u00e5rt erfarna team av internationella kurirer arbetar outtr\u00f6ttligt i hela EU dagligen.\u00a0Vi ser till att vi uppfyller v\u00e5ra kunders tidsfrister effektivt och i tid, varje g\u00e5ng.\u00a0Att v\u00e4lja en europeisk budtj\u00e4nst \u00e4r full av potential f\u00f6r besvikelse. [&hellip;]<\/p>\n","protected":false},"author":13,"featured_media":0,"parent":13885,"menu_order":0,"comment_status":"closed","ping_status":"closed","template":"","meta":[],"yst_prominent_words":[12282,12544,12414,12901,12898,12791,12257,12721,12784,12780,12164,12778,12785,12787],"_links":{"self":[{"href":"https:\/\/europeanmoving.co.uk\/sv\/wp-json\/wp\/v2\/pages\/13890"}],"collection":[{"href":"https:\/\/europeanmoving.co.uk\/sv\/wp-json\/wp\/v2\/pages"}],"about":[{"href":"https:\/\/europeanmoving.co.uk\/sv\/wp-json\/wp\/v2\/types\/page"}],"author":[{"embeddable":true,"href":"https:\/\/europeanmoving.co.uk\/sv\/wp-json\/wp\/v2\/users\/13"}],"replies":[{"embeddable":true,"href":"https:\/\/europeanmoving.co.uk\/sv\/wp-json\/wp\/v2\/comments?post=13890"}],"version-history":[{"count":4,"href":"https:\/\/europeanmoving.co.uk\/sv\/wp-json\/wp\/v2\/pages\/13890\/revisions"}],"predecessor-version":[{"id":22060,"href":"https:\/\/europeanmoving.co.uk\/sv\/wp-json\/wp\/v2\/pages\/13890\/revisions\/22060"}],"up":[{"embeddable":true,"href":"https:\/\/europeanmoving.co.uk\/sv\/wp-json\/wp\/v2\/pages\/13885"}],"wp:attachment":[{"href":"https:\/\/europeanmoving.co.uk\/sv\/wp-json\/wp\/v2\/media?parent=13890"}],"wp:term":[{"taxonomy":"yst_prominent_words","embeddable":true,"href":"https:\/\/europeanmoving.co.uk\/sv\/wp-json\/wp\/v2\/yst_prominent_words?post=13890"}],"curies":[{"name":"wp","href":"https:\/\/api.w.org\/{rel}","templated":true}]}}