{"id":13865,"date":"2019-06-21T13:25:49","date_gmt":"2019-06-21T13:25:49","guid":{"rendered":"http:\/\/europeanmoving.co.uk\/?page_id=13865"},"modified":"2020-11-03T15:27:51","modified_gmt":"2020-11-03T15:27:51","slug":"internationell-europeisk-kontorsflytt","status":"publish","type":"page","link":"https:\/\/europeanmoving.co.uk\/sv\/internationell-europeisk-kontorsflytt\/","title":{"rendered":"Internationell &#038; Europeisk kontorsflytt"},"content":{"rendered":"<h1 class=\"title-heading-left\"><strong><span>Flyttningar fr\u00e5n internationella och europeiska kontor<\/span><\/strong><\/h1>\n<h2 class=\"title-heading-left\"><strong><span>Kontor flyttar Europa &#8211; Specialist EU och International flyttf\u00f6retag<\/span><\/strong><\/h2>\n<p><img src=\"https:\/\/europeanmoving.info\/wp-content\/uploads\/2018\/07\/Office-Removals.jpeg\" \/><\/p>\n<p><span>Flyttning av kontor: Mer \u00e4n n\u00e5gonsin flyttar f\u00f6retag kontor \u00f6ver hela Europa och beh\u00f6ver tj\u00e4nster av en specialist inom EU-kontor f\u00f6r borttagning av kontor.<\/span><br \/>\n<b><span>Om du planerar att flytta kontor, l\u00e5t oss bjuda in dig att kolla v\u00e5r flyttguide: Det hj\u00e4lper dig att planera och f\u00f6rbereda din borttagning.<\/span><\/b><br \/>\n<span>P\u00e5 papper \u00e4r flyttning av kontor \u00f6ver hela Europa en enkel checklista\u00f6vning.\u00a0Verkligheten kan dock vara n\u00e5got annorlunda.\u00a0Du m\u00e5ste \u00f6verv\u00e4ga logistiken f\u00f6r att tillhandah\u00e5lla tj\u00e4nster till b\u00e5da kontoren.\u00a0N\u00e4r du funderar p\u00e5 att flytta kontor \u00f6ver hela EU kommer du att t\u00e4nka p\u00e5 kontorsm\u00f6bler och inventarier som beh\u00f6ver flyttas.<\/span><br \/>\n<span>Naturligtvis m\u00e5ste du ocks\u00e5 se till att f\u00f6retaget forts\u00e4tter att handla under den tiden.\u00a0Av den anledningen g\u00f6rs borttagning av kontor vanligtvis i tv\u00e5 steg.\u00a0En fest g\u00e5r som ett brohuvud med n\u00f6dv\u00e4ndig utrustning f\u00f6r att b\u00f6rja handla fr\u00e5n de nya lokalerna.\u00a0Resten av f\u00f6retaget st\u00e4nger sedan de gamla kontoren och g\u00f6r resan.<\/span><br \/>\n<span>Avst\u00e4ngningen av ett kontor och \u00e5terupptagandet av ett nytt kontor i Europa kr\u00e4ver noggrann planering f\u00f6r att undvika minimala st\u00f6rningar i f\u00f6retagstj\u00e4nsterna.<\/span><br \/>\n<span>Hur packar du b\u00e4st din europeiska kontorsbuss?\u00a0Vilka f\u00f6rem\u00e5l kommer f\u00f6rst in i ditt nya EU-kontor och vilka kan sorteras senare?\u00a0Och beh\u00f6ver du hj\u00e4lp med de tungaste kontorsartiklarna som skrivbord, datorer etc?<\/span><br \/>\n<span>Dessutom, innan du v\u00e4ljer ditt europeiska kontor f\u00f6r borttagning av kontor, finns det andra saker att t\u00e4nka p\u00e5.\u00a0S\u00e4kerst\u00e4lla att din kontorsutrustning \u00e4r s\u00e4ker p\u00e5 den potentiellt l\u00e5nga resan \u00f6ver hela Europa till ditt nya kontor.\u00a0Driftstopp f\u00f6r viloperioder, m\u00f6jlig \u00f6vernattning etc.<\/span><\/p>\n<h2><strong><span>Flyttande kontorstj\u00e4nster<\/span><\/strong><\/h2>\n<p><span>European Moving erbjuder tv\u00e5 tj\u00e4nster f\u00f6r att hj\u00e4lpa dig med omplacering till EU-kontor.\u00a0Load and Go \u00e4r v\u00e5r tj\u00e4nst d\u00e4r du laddar lastbilarna sj\u00e4lv och vi utf\u00f6r k\u00f6relementet \u00f6ver hela Europa.\u00a0V\u00e5r EasyMoves-kontor f\u00f6r borttagning av kontor ger v\u00e5r chauff\u00f6r \/ er hj\u00e4lp att ladda din kontorsutrustning s\u00e4kert.<\/span><br \/>\n<span>P\u00e5 European Moving har vi hj\u00e4lpt en m\u00e4ngd f\u00f6retag att flytta kontor.\u00a0Fr\u00e5n sm\u00e5 nystartade f\u00f6retag som har odlat sitt befintliga kontor, till mer etablerade f\u00f6retag som har \u00f6ppnat nya kontor.\u00a0Oavsett hur stort f\u00f6retaget har varit, p\u00e5 European Moving f\u00e5r vi dem alltid en snabb och prisv\u00e4rd tj\u00e4nst f\u00f6r flytt av kontor.\u00a0Precis som vid borttagning av hush\u00e5ll erbjuder vi kunderna tv\u00e5 typer av borttagningstj\u00e4nster.<\/span><\/p>\n","protected":false},"excerpt":{"rendered":"<p>Flyttningar fr\u00e5n internationella och europeiska kontor Kontor flyttar Europa &#8211; Specialist EU och International flyttf\u00f6retag Flyttning av kontor: Mer \u00e4n n\u00e5gonsin flyttar f\u00f6retag kontor \u00f6ver hela Europa och beh\u00f6ver tj\u00e4nster av en specialist inom EU-kontor f\u00f6r borttagning av kontor. Om du planerar att flytta kontor, l\u00e5t oss bjuda in dig att kolla v\u00e5r flyttguide: Det [&hellip;]<\/p>\n","protected":false},"author":13,"featured_media":0,"parent":0,"menu_order":0,"comment_status":"closed","ping_status":"closed","template":"","meta":[],"yst_prominent_words":[12230,12164,12726],"_links":{"self":[{"href":"https:\/\/europeanmoving.co.uk\/sv\/wp-json\/wp\/v2\/pages\/13865"}],"collection":[{"href":"https:\/\/europeanmoving.co.uk\/sv\/wp-json\/wp\/v2\/pages"}],"about":[{"href":"https:\/\/europeanmoving.co.uk\/sv\/wp-json\/wp\/v2\/types\/page"}],"author":[{"embeddable":true,"href":"https:\/\/europeanmoving.co.uk\/sv\/wp-json\/wp\/v2\/users\/13"}],"replies":[{"embeddable":true,"href":"https:\/\/europeanmoving.co.uk\/sv\/wp-json\/wp\/v2\/comments?post=13865"}],"version-history":[{"count":5,"href":"https:\/\/europeanmoving.co.uk\/sv\/wp-json\/wp\/v2\/pages\/13865\/revisions"}],"predecessor-version":[{"id":23207,"href":"https:\/\/europeanmoving.co.uk\/sv\/wp-json\/wp\/v2\/pages\/13865\/revisions\/23207"}],"wp:attachment":[{"href":"https:\/\/europeanmoving.co.uk\/sv\/wp-json\/wp\/v2\/media?parent=13865"}],"wp:term":[{"taxonomy":"yst_prominent_words","embeddable":true,"href":"https:\/\/europeanmoving.co.uk\/sv\/wp-json\/wp\/v2\/yst_prominent_words?post=13865"}],"curies":[{"name":"wp","href":"https:\/\/api.w.org\/{rel}","templated":true}]}}