{"id":13863,"date":"2019-06-21T13:22:20","date_gmt":"2019-06-21T13:22:20","guid":{"rendered":"http:\/\/europeanmoving.co.uk\/?page_id=13863"},"modified":"2020-11-03T15:33:00","modified_gmt":"2020-11-03T15:33:00","slug":"sista-minuten-flytt-i-europa","status":"publish","type":"page","link":"https:\/\/europeanmoving.co.uk\/sv\/sista-minuten-flytt-i-europa\/","title":{"rendered":"Sista minuten flytt i Europa"},"content":{"rendered":"<h2 class=\"title-heading-left\"><strong><span>Br\u00e5dskande avl\u00e4gsnande i Europa: Samma dag eller n\u00e4sta dag?<\/span><\/strong><\/h2>\n<p><span>Beh\u00f6ver du en sista-minuten-borttagningstj\u00e4nst i Europa?\u00a0V\u00e5ra europeiska borttagningar med kort varsel ger svaret.\u00a0De t\u00e4cker hela kontinenten och \u00e4r perfekta f\u00f6r situationer d\u00e4r du m\u00e5ste f\u00e5 service samma dag eller n\u00e4sta dag.\u00a0Kanske har ett annat flyttf\u00f6retag svikit dig.\u00a0Du kanske m\u00e5ste \u00e5ka med kort varsel, eller f\u00f6redrar du bara att f\u00e5 saker att r\u00f6ra sig f\u00f6rr snarare \u00e4n senare.<\/span><\/p>\n<h2 class=\"title-heading-left\"><strong><span>Varf\u00f6r v\u00e4lja oss f\u00f6r din borttagning?<\/span><\/strong><\/h2>\n<p><span>Oavsett din motivation beh\u00f6ver du en borttagningsl\u00f6sning du kan lita p\u00e5.\u00a0Vi bokar borttagningen n\u00e4sta dag inom tjugofyra timmar och tar dina saker dit de beh\u00f6ver vara.\u00a0Vi har gjort detta sedan 2010 och har erfarenhet av distribution som str\u00e4cker sig tillbaka till \u00e5r innan dess.\u00a0Under v\u00e5r tid har vi byggt ett n\u00e4tverk av p\u00e5litliga partners och skickat allt fr\u00e5n flyg till konstverk.\u00a0Denna stora erfarenhet g\u00f6r att vi kan hantera \u00e4ven den sv\u00e5raste internationella r\u00f6relsen med kort varsel.<\/span><br \/>\n<span>Om du befinner dig i en stor europeisk stad kan v\u00e5ra f\u00f6rare vara med dig inom n\u00e5gra timmar f\u00f6r borttagning samma dag.\u00a0Men v\u00e5r sista-minuten-borttagningstj\u00e4nst \u00e4r tillg\u00e4nglig \u00e4ven till kontinentets yttersta h\u00f6rn.<\/span><\/p>\n<h2 class=\"title-heading-left\"><strong><span>Sista minuten borttagningar<\/span><\/strong><\/h2>\n<p><span>Oavsett om du rensar ett hus, ett kontor eller ett konstgalleri kan v\u00e5ra chauff\u00f6rer ta dina saker dit de beh\u00f6ver g\u00e5.\u00a0De reser \u00f6verallt i Europa och \u00e4r alltid p\u00e5 spr\u00e5ng.\u00a0Chansen \u00e4r att det finns en bara n\u00e5gra timmar fr\u00e5n dig just nu, bara v\u00e4ntar p\u00e5 chansen att l\u00f6sa ditt problem!<\/span><br \/>\n<span>Oavsett om din destination \u00e4r Bordeaux, Sevilla eller Stockholm, kan vi hj\u00e4lpa till att l\u00f6sa ditt br\u00e5dskande internationella flyttproblem.<\/span><br \/>\n<span>I en idealisk v\u00e4rld planerar vi allt veckor i f\u00f6rv\u00e4g.\u00a0Men i den verkliga v\u00e4rlden kr\u00e4vs ibland en mer br\u00e5dskande l\u00f6sning.\u00a0Om du beh\u00f6ver en europeisk l\u00f6sning samma dag eller n\u00e4sta dag, varf\u00f6r inte kontakta v\u00e5rt kontor?\u00a0V\u00e5rt team av r\u00e5dgivare \u00e4r v\u00e4nliga, kunniga och hj\u00e4lper dig g\u00e4rna att ordna en sista-minuten-borttagning till var som helst i Europa.<\/span><\/p>\n","protected":false},"excerpt":{"rendered":"<p>Br\u00e5dskande avl\u00e4gsnande i Europa: Samma dag eller n\u00e4sta dag? Beh\u00f6ver du en sista-minuten-borttagningstj\u00e4nst i Europa?\u00a0V\u00e5ra europeiska borttagningar med kort varsel ger svaret.\u00a0De t\u00e4cker hela kontinenten och \u00e4r perfekta f\u00f6r situationer d\u00e4r du m\u00e5ste f\u00e5 service samma dag eller n\u00e4sta dag.\u00a0Kanske har ett annat flyttf\u00f6retag svikit dig.\u00a0Du kanske m\u00e5ste \u00e5ka med kort varsel, eller f\u00f6redrar du [&hellip;]<\/p>\n","protected":false},"author":13,"featured_media":0,"parent":0,"menu_order":0,"comment_status":"closed","ping_status":"closed","template":"","meta":[],"yst_prominent_words":[12708,12716,12713,12705,12711,12707],"_links":{"self":[{"href":"https:\/\/europeanmoving.co.uk\/sv\/wp-json\/wp\/v2\/pages\/13863"}],"collection":[{"href":"https:\/\/europeanmoving.co.uk\/sv\/wp-json\/wp\/v2\/pages"}],"about":[{"href":"https:\/\/europeanmoving.co.uk\/sv\/wp-json\/wp\/v2\/types\/page"}],"author":[{"embeddable":true,"href":"https:\/\/europeanmoving.co.uk\/sv\/wp-json\/wp\/v2\/users\/13"}],"replies":[{"embeddable":true,"href":"https:\/\/europeanmoving.co.uk\/sv\/wp-json\/wp\/v2\/comments?post=13863"}],"version-history":[{"count":4,"href":"https:\/\/europeanmoving.co.uk\/sv\/wp-json\/wp\/v2\/pages\/13863\/revisions"}],"predecessor-version":[{"id":21966,"href":"https:\/\/europeanmoving.co.uk\/sv\/wp-json\/wp\/v2\/pages\/13863\/revisions\/21966"}],"wp:attachment":[{"href":"https:\/\/europeanmoving.co.uk\/sv\/wp-json\/wp\/v2\/media?parent=13863"}],"wp:term":[{"taxonomy":"yst_prominent_words","embeddable":true,"href":"https:\/\/europeanmoving.co.uk\/sv\/wp-json\/wp\/v2\/yst_prominent_words?post=13863"}],"curies":[{"name":"wp","href":"https:\/\/api.w.org\/{rel}","templated":true}]}}