{"id":13857,"date":"2019-06-21T13:12:23","date_gmt":"2019-06-21T13:12:23","guid":{"rendered":"http:\/\/europeanmoving.co.uk\/?page_id=13857"},"modified":"2020-09-16T10:16:38","modified_gmt":"2020-09-16T10:16:38","slug":"bohagsflytt-inom-europa","status":"publish","type":"page","link":"https:\/\/europeanmoving.co.uk\/sv\/bohagsflytt-inom-europa\/","title":{"rendered":"Bohagsflytt inom Europa"},"content":{"rendered":"<h1><strong><span>Hem- och husborttagning f\u00f6r att flytta i Europa<\/span><\/strong><\/h1>\n<p><span>Flytt av hus \u00f6ver hela Europa kan vara en skr\u00e4mmande upplevelse.\u00a0I sanning \u00e4r logistiken att f\u00f6ra samman allt n\u00e4r man flyttar hus till en ny l\u00e4genhet, l\u00e4genhet eller hus n\u00e5gon annanstans i Europa inte f\u00f6r svaghj\u00e4rtade.\u00a0Dessutom kan kostnaden f\u00f6r flytt av hus i hela Europa vara utmanande minst sagt.<\/span><\/p>\n<p><img src=\"https:\/\/europeanmoving.info\/wp-content\/uploads\/2018\/07\/House-Removals.jpg\" \/><\/p>\n<p><strong><span>Om du planerar att flytta, l\u00e5t oss bjuda in dig att kolla v\u00e5r flyttguide: Det hj\u00e4lper dig att planera och f\u00f6rbereda din flytt.\u00a0<\/span><\/strong><\/p>\n<p><span>Vi \u00e4r specialiserade &#8211; enligt v\u00e5rt namn, p\u00e5 europeisk flyttning.\u00a0Som s\u00e5dan har vi l\u00e5ng erfarenhet av att samla in dina m\u00f6bler och andra v\u00e4rdefulla f\u00f6rem\u00e5l fr\u00e5n ditt hus och flytta dem till var som helst i Europa.<\/span><br \/>\n<span>Planering och f\u00f6rberedelser \u00e4r viktiga inslag n\u00e4r man \u00f6verv\u00e4ger att flytta i Europa och n\u00e4r man v\u00e4ljer ett ansedd europeiskt flyttf\u00f6retag m\u00e5ste man alltid leta efter deras ackreditering.\u00a0Det \u00e4r absolut n\u00f6dv\u00e4ndigt att se till att semesterdatum till ditt gamla hus och \u00e5tkomstdatum till ditt nya hem matchar dina krav.\u00a0Det g\u00f6r det m\u00f6jligt f\u00f6r borttagningsf\u00f6retaget att resa med vetskapen att de kommer att kunna komma \u00e5t b\u00e5de ditt gamla och nya hem.\u00a0T\u00e4nk ocks\u00e5 p\u00e5 potentiell vilotid om resan fr\u00e5n ditt gamla hus till ett nytt europeiskt hem \u00e4r betydelsefullt.<\/span><br \/>\n<span>Vi \u00e4r europeiska borttagningsspecialister och erbjuder konkurrenskraftiga paket f\u00f6r dina flyttningar.\u00a0V\u00e5rt erbjudande \u00e4r ett helt inkluderande paket d\u00e4r vi inkluderar alla gr\u00e4ns\u00f6verg\u00e5ngar, v\u00e4gtullar och br\u00e4nslekostnader.\u00a0Se till att du klarg\u00f6r den punkten med f\u00f6retag som citerade dig f\u00f6r din europeiska husflyttning.<\/span><\/p>\n<h2><strong><span>Vi t\u00e4cker europeiska husflyttningar i f\u00f6ljande l\u00e4nder i EU:<\/span><\/strong><\/h2>\n<ul class=\"list-with-tick\">\n<li><span>\u00d6sterrike och Belgien<\/span><\/li>\n<li><span>Litauen och Luxemburg<\/span><\/li>\n<li><span>Bulgarien och Kroatien<\/span><\/li>\n<li><span>Malta och Nederl\u00e4nderna<\/span><\/li>\n<li><span>Cypern och Tjeckien<\/span><\/li>\n<li><span>Nordirland och Norge<\/span><\/li>\n<li><span>Danmark och Estland<\/span><\/li>\n<li><span>Polen och Portugal<\/span><\/li>\n<li><span>Finland och Frankrike<\/span><\/li>\n<li><span>Rum\u00e4nien och Spanien<\/span><\/li>\n<li><span>Tyskland och Grekland<\/span><\/li>\n<li><span>Slovakien och Slovenien<\/span><\/li>\n<li><span>Ungern och Irland<\/span><\/li>\n<li><span>Sverige, Schweiz och Storbritannien<\/span><\/li>\n<li><span>Italien och Lettland<\/span><\/li>\n<li><span>Kanarie\u00f6arna och Balearerna<\/span><\/li>\n<\/ul>\n<p><span>Internationell flyttning kan vara en mycket stressande upplevelse.\u00a0Med detta i \u00e5tanke, l\u00e5t oss hj\u00e4lpa genom att erbjuda hela v\u00e5rt utbud av tj\u00e4nster fr\u00e5n f\u00f6rpackningsr\u00e5d och leveransdatum till tidsber\u00e4kningar f\u00f6r dina transeuropeiska husflyttningar samt all lokal kunskap som vi har samlat p\u00e5 v\u00e4gen.<\/span><\/p>\n","protected":false},"excerpt":{"rendered":"<p>Hem- och husborttagning f\u00f6r att flytta i Europa Flytt av hus \u00f6ver hela Europa kan vara en skr\u00e4mmande upplevelse.\u00a0I sanning \u00e4r logistiken att f\u00f6ra samman allt n\u00e4r man flyttar hus till en ny l\u00e4genhet, l\u00e4genhet eller hus n\u00e5gon annanstans i Europa inte f\u00f6r svaghj\u00e4rtade.\u00a0Dessutom kan kostnaden f\u00f6r flytt av hus i hela Europa vara utmanande [&hellip;]<\/p>\n","protected":false},"author":13,"featured_media":0,"parent":0,"menu_order":0,"comment_status":"closed","ping_status":"closed","template":"","meta":[],"yst_prominent_words":[12230,12686,12112,12673,12689,12698,12688,12900],"_links":{"self":[{"href":"https:\/\/europeanmoving.co.uk\/sv\/wp-json\/wp\/v2\/pages\/13857"}],"collection":[{"href":"https:\/\/europeanmoving.co.uk\/sv\/wp-json\/wp\/v2\/pages"}],"about":[{"href":"https:\/\/europeanmoving.co.uk\/sv\/wp-json\/wp\/v2\/types\/page"}],"author":[{"embeddable":true,"href":"https:\/\/europeanmoving.co.uk\/sv\/wp-json\/wp\/v2\/users\/13"}],"replies":[{"embeddable":true,"href":"https:\/\/europeanmoving.co.uk\/sv\/wp-json\/wp\/v2\/comments?post=13857"}],"version-history":[{"count":4,"href":"https:\/\/europeanmoving.co.uk\/sv\/wp-json\/wp\/v2\/pages\/13857\/revisions"}],"predecessor-version":[{"id":21939,"href":"https:\/\/europeanmoving.co.uk\/sv\/wp-json\/wp\/v2\/pages\/13857\/revisions\/21939"}],"wp:attachment":[{"href":"https:\/\/europeanmoving.co.uk\/sv\/wp-json\/wp\/v2\/media?parent=13857"}],"wp:term":[{"taxonomy":"yst_prominent_words","embeddable":true,"href":"https:\/\/europeanmoving.co.uk\/sv\/wp-json\/wp\/v2\/yst_prominent_words?post=13857"}],"curies":[{"name":"wp","href":"https:\/\/api.w.org\/{rel}","templated":true}]}}