{"id":13855,"date":"2019-06-21T13:07:55","date_gmt":"2019-06-21T13:07:55","guid":{"rendered":"http:\/\/europeanmoving.co.uk\/?page_id=13855"},"modified":"2020-09-16T08:26:28","modified_gmt":"2020-09-16T08:26:28","slug":"billig-man-van-for-europeisk-och-internationell-flytt","status":"publish","type":"page","link":"https:\/\/europeanmoving.co.uk\/sv\/billig-man-van-for-europeisk-och-internationell-flytt\/","title":{"rendered":"Billig Man &#038; Van f\u00f6r Europeisk och Internationell Flytt"},"content":{"rendered":"<p><strong><span>Billig man och sk\u00e5pbil f\u00f6r europeiska flyttar<\/span><\/strong><span>\u00a0&#8211; Om du vill minimera kostnaderna f\u00f6r dina internationella flyttningar kan European Moving f\u00f6rse dig med en man och sk\u00e5pbil i Europa som \u00e4r enast\u00e5ende valuta f\u00f6r pengarna.\u00a0Vi \u00e4r stolta \u00f6ver att ha de b\u00e4sta priserna f\u00f6r man och sk\u00e5pbil samtidigt som vi tillhandah\u00e5ller en professionell l\u00e5g- och sk\u00e5pbilstj\u00e4nst utan kompromisser.<\/span><br \/>\n<span>Det har aldrig varit l\u00e4ttare att hitta en billig man och sk\u00e5pbil f\u00f6r europeiska flyttningar med v\u00e5rt nya direkta offert- och bokningssystem online.<\/span><\/p>\n<p><span>Du kan vara s\u00e4ker p\u00e5 att det pris du ser \u00e4r det pris du betalar, med alla tillh\u00f6rande kostnader (f\u00e4rja, v\u00e4gtullar) och moms inkluderad.\u00a0S\u00e5 varf\u00f6r inte fylla i v\u00e5rt onlineformul\u00e4r och f\u00e5 en gratis offert nu?<\/span><br \/>\n<span>European Moving \u00e4r ett etablerat, ansedd flyttf\u00f6retag.\u00a0V\u00e5ra europeiska flytttj\u00e4nster tillhandah\u00e5lls\u00a0<\/span><strong><span>i Storbritannien, Frankrike, Tyskland, Irland, Nordirland, Spanien, Kanarie\u00f6arna, Balearerna, Belgien, Danmark, Estland, Luxemburg, Nederl\u00e4nderna, Polen, \u00d6sterrike, Bulgarien, Kroatien, Tjeckien, Finland, Grekland, Ungern, Italien, Lettland, Litauen, Malta, Cypern, Portugal, Rum\u00e4nien, Slovakien, Slovenien, Sverige, Storbritannien, Schweiz, Norge.<\/span><\/strong><br \/>\n<span>V\u00e5ra dedikerade borttagningschefer \u00e4r fullt utbildade, professionella och artiga, s\u00e5 varf\u00f6r inte ringa oss och diskutera dina billiga flyttbehov.<\/span><\/p>\n","protected":false},"excerpt":{"rendered":"<p>Billig man och sk\u00e5pbil f\u00f6r europeiska flyttar\u00a0&#8211; Om du vill minimera kostnaderna f\u00f6r dina internationella flyttningar kan European Moving f\u00f6rse dig med en man och sk\u00e5pbil i Europa som \u00e4r enast\u00e5ende valuta f\u00f6r pengarna.\u00a0Vi \u00e4r stolta \u00f6ver att ha de b\u00e4sta priserna f\u00f6r man och sk\u00e5pbil samtidigt som vi tillhandah\u00e5ller en professionell l\u00e5g- och sk\u00e5pbilstj\u00e4nst [&hellip;]<\/p>\n","protected":false},"author":13,"featured_media":0,"parent":0,"menu_order":0,"comment_status":"closed","ping_status":"closed","template":"","meta":[],"yst_prominent_words":[],"_links":{"self":[{"href":"https:\/\/europeanmoving.co.uk\/sv\/wp-json\/wp\/v2\/pages\/13855"}],"collection":[{"href":"https:\/\/europeanmoving.co.uk\/sv\/wp-json\/wp\/v2\/pages"}],"about":[{"href":"https:\/\/europeanmoving.co.uk\/sv\/wp-json\/wp\/v2\/types\/page"}],"author":[{"embeddable":true,"href":"https:\/\/europeanmoving.co.uk\/sv\/wp-json\/wp\/v2\/users\/13"}],"replies":[{"embeddable":true,"href":"https:\/\/europeanmoving.co.uk\/sv\/wp-json\/wp\/v2\/comments?post=13855"}],"version-history":[{"count":4,"href":"https:\/\/europeanmoving.co.uk\/sv\/wp-json\/wp\/v2\/pages\/13855\/revisions"}],"predecessor-version":[{"id":21909,"href":"https:\/\/europeanmoving.co.uk\/sv\/wp-json\/wp\/v2\/pages\/13855\/revisions\/21909"}],"wp:attachment":[{"href":"https:\/\/europeanmoving.co.uk\/sv\/wp-json\/wp\/v2\/media?parent=13855"}],"wp:term":[{"taxonomy":"yst_prominent_words","embeddable":true,"href":"https:\/\/europeanmoving.co.uk\/sv\/wp-json\/wp\/v2\/yst_prominent_words?post=13855"}],"curies":[{"name":"wp","href":"https:\/\/api.w.org\/{rel}","templated":true}]}}