{"id":13851,"date":"2019-06-21T12:42:25","date_gmt":"2019-06-21T12:42:25","guid":{"rendered":"http:\/\/europeanmoving.co.uk\/?page_id=13851"},"modified":"2020-09-17T13:21:28","modified_gmt":"2020-09-17T13:21:28","slug":"integritetspolicy","status":"publish","type":"page","link":"https:\/\/europeanmoving.co.uk\/sv\/integritetspolicy\/","title":{"rendered":"Integritetspolicy"},"content":{"rendered":"<h1><span>Integritetspolicy<\/span><\/h1>\n<p><strong><span>EuropeanMoving Holdings Ltd har \u00e5tagit sig att bevara integriteten f\u00f6r alla bes\u00f6kare p\u00e5 europeanmoving.eu<\/span><\/strong><br \/>\n<strong><span>L\u00e4s f\u00f6ljande sekretesspolicy f\u00f6r att f\u00f6rst\u00e5 hur vi anv\u00e4nder och skyddar den information som du tillhandah\u00e5ller oss.<\/span><\/strong><br \/>\n<strong><span>Genom att g\u00f6ra en f\u00f6rfr\u00e5gan via denna webbplats samtycker du till insamling, anv\u00e4ndning och \u00f6verf\u00f6ring av din information enligt villkoren i denna policy.<\/span><\/strong><\/p>\n<h2><span>Information som vi samlar in fr\u00e5n dig<\/span><\/h2>\n<p><span>N\u00e4r du kontaktar oss via www.europeanmoving.eu kommer du att bli ombedd att tillhandah\u00e5lla viss information om dig sj\u00e4lv inklusive ditt namn, e-postadress och webbinformation om din anv\u00e4ndning av European Moving-webbplatsen (s\u00e5som information om din webbl\u00e4sartyp och sidorna p\u00e5 webbplats som du bes\u00f6ker).\u00a0Vi kan ocks\u00e5 samla in information om dig fr\u00e5n e-post eller brev du skickar till oss eller fr\u00e5n telefonsamtal med dig.<\/span><\/p>\n<h2><span>Sm\u00e5kakor<\/span><\/h2>\n<p><span>N\u00e4r du bes\u00f6ker denna webbplats kan vi anv\u00e4nda cookies f\u00f6r att samla in viss surfinformation om din anv\u00e4ndning av European Moving-webbplatsen.\u00a0Cookies \u00e4r sm\u00e5 datafiler som lagras av din webbl\u00e4sare p\u00e5 din dators h\u00e5rddisk och information om den surfinformation som European Moving samlar in beskrivs ovan.\u00a0Vi anv\u00e4nder ocks\u00e5 JavaScript f\u00f6r att p\u00e5skynda din upplevelse av webbplatsen European Moving.<\/span><br \/>\n<span>Du kan \u00e4ndra dina webbl\u00e4sarinst\u00e4llningar f\u00f6r att v\u00e4gra eller ta bort cookies eller JavaScript men observera att om du g\u00f6r det kan detta f\u00f6rs\u00e4mra funktionaliteten p\u00e5 European Moving-webbplatsen.\u00a0Eftersom metoden med vilken du kan v\u00e4lja att v\u00e4gra eller ta bort kakor eller JavaScript varierar fr\u00e5n webbl\u00e4sare till webbl\u00e4sare, v\u00e4nligen se webbl\u00e4sarens hj\u00e4lpmeny f\u00f6r mer information.<\/span><\/p>\n<h3><span>Anv\u00e4ndning av din information<\/span><\/h3>\n<p><span>Din information g\u00f6r det m\u00f6jligt f\u00f6r oss att tillhandah\u00e5lla den information du har beg\u00e4rt.\u00a0Det g\u00f6r det ocks\u00e5 m\u00f6jligt f\u00f6r oss att kontakta dig vid behov ang\u00e5ende din f\u00f6rfr\u00e5gan.\u00a0Vi kommer ocks\u00e5 att anv\u00e4nda och analysera den information vi samlar in s\u00e5 att vi kan administrera, st\u00f6dja, f\u00f6rb\u00e4ttra och utveckla v\u00e5r verksamhet.<\/span><\/p>\n<h2><span>Utl\u00e4mnande av din information<\/span><\/h2>\n<p><span>Informationen du l\u00e4mnar till oss kommer att f\u00f6rvaras i Storbritannien och n\u00e5s av eller ges till v\u00e5r personal eller utsedda ombud som arbetar i Storbritannien.\u00a0Om det inte kr\u00e4vs enligt lag, kommer vi inte p\u00e5 annat s\u00e4tt att dela, s\u00e4lja eller distribuera n\u00e5gon av informationen du ger till oss utan ditt samtycke.<\/span><\/p>\n<h2><span>S\u00e4kerhet och datalagring<\/span><\/h2>\n<p><span>Vi anv\u00e4nder s\u00e4kerhets\u00e5tg\u00e4rder f\u00f6r att skydda din information fr\u00e5n obeh\u00f6rig tillg\u00e5ng och mot olaglig behandling, oavsiktlig f\u00f6rlust, f\u00f6rst\u00f6relse och skada.\u00a0Vi kommer att beh\u00e5lla din information under en rimlig period eller s\u00e5 l\u00e4nge lagen till\u00e5ter det, vilket som \u00e4r kortast.<\/span><\/p>\n<h2><span>\u00c5tkomst och uppdatering<\/span><\/h2>\n<p><span>Du har r\u00e4tt att se informationen om dig och du kan be oss g\u00f6ra n\u00f6dv\u00e4ndiga \u00e4ndringar f\u00f6r att s\u00e4kerst\u00e4lla att den \u00e4r korrekt och uppdaterad.\u00a0Kontakta oss om du vill g\u00f6ra detta.\u00a0Vi har enligt lag r\u00e4tt att ta ut en avgift f\u00f6r att t\u00e4cka v\u00e5ra kostnader f\u00f6r att f\u00f6rse dig med information om den information vi har om dig.<\/span><\/p>\n<h2><span>\u00c4ndringar i v\u00e5r integritetspolicy<\/span><\/h2>\n<p><span>Eventuella \u00e4ndringar av v\u00e5r integritetspolicy i framtiden kommer att publiceras p\u00e5 webbplatsen och i f\u00f6rekommande fall via e-postmeddelande.<\/span><\/p>\n<h2><span>Kontakt<\/span><\/h2>\n<p><span>Alla kommentarer, fr\u00e5gor och f\u00f6rfr\u00e5gningar r\u00f6rande v\u00e5r anv\u00e4ndning av din information \u00e4r v\u00e4lkomna och b\u00f6r riktas till:<\/span><\/p>\n<p><span>European Moving<\/span><br \/>\n<span>Park Farm Close, Folkestone, Kent<\/span><br \/>\n<span>CT19 5DU<\/span><br \/>\n<span>Telefon: +44 (0) 203621 9930<\/span><\/p>\n<p><a href=\"https:\/\/europeanmoving.co.uk\/wp-content\/uploads\/2018\/07\/privacy-policy-Europeanmoving-2018.pdf\" target=\"_blank\" rel=\"noopener noreferrer\"><strong><span>Se v\u00e5r integritetspolicy<\/span><\/strong><\/a><\/p>\n","protected":false},"excerpt":{"rendered":"<p>Integritetspolicy EuropeanMoving Holdings Ltd har \u00e5tagit sig att bevara integriteten f\u00f6r alla bes\u00f6kare p\u00e5 europeanmoving.eu L\u00e4s f\u00f6ljande sekretesspolicy f\u00f6r att f\u00f6rst\u00e5 hur vi anv\u00e4nder och skyddar den information som du tillhandah\u00e5ller oss. Genom att g\u00f6ra en f\u00f6rfr\u00e5gan via denna webbplats samtycker du till insamling, anv\u00e4ndning och \u00f6verf\u00f6ring av din information enligt villkoren i denna policy. [&hellip;]<\/p>\n","protected":false},"author":13,"featured_media":0,"parent":0,"menu_order":0,"comment_status":"closed","ping_status":"closed","template":"","meta":[],"yst_prominent_words":[12164],"_links":{"self":[{"href":"https:\/\/europeanmoving.co.uk\/sv\/wp-json\/wp\/v2\/pages\/13851"}],"collection":[{"href":"https:\/\/europeanmoving.co.uk\/sv\/wp-json\/wp\/v2\/pages"}],"about":[{"href":"https:\/\/europeanmoving.co.uk\/sv\/wp-json\/wp\/v2\/types\/page"}],"author":[{"embeddable":true,"href":"https:\/\/europeanmoving.co.uk\/sv\/wp-json\/wp\/v2\/users\/13"}],"replies":[{"embeddable":true,"href":"https:\/\/europeanmoving.co.uk\/sv\/wp-json\/wp\/v2\/comments?post=13851"}],"version-history":[{"count":2,"href":"https:\/\/europeanmoving.co.uk\/sv\/wp-json\/wp\/v2\/pages\/13851\/revisions"}],"predecessor-version":[{"id":22217,"href":"https:\/\/europeanmoving.co.uk\/sv\/wp-json\/wp\/v2\/pages\/13851\/revisions\/22217"}],"wp:attachment":[{"href":"https:\/\/europeanmoving.co.uk\/sv\/wp-json\/wp\/v2\/media?parent=13851"}],"wp:term":[{"taxonomy":"yst_prominent_words","embeddable":true,"href":"https:\/\/europeanmoving.co.uk\/sv\/wp-json\/wp\/v2\/yst_prominent_words?post=13851"}],"curies":[{"name":"wp","href":"https:\/\/api.w.org\/{rel}","templated":true}]}}