{"id":13833,"date":"2019-06-21T12:00:27","date_gmt":"2019-06-21T12:00:27","guid":{"rendered":"http:\/\/europeanmoving.co.uk\/?page_id=13833"},"modified":"2019-11-06T13:32:37","modified_gmt":"2019-11-06T13:32:37","slug":"europeisk-magasinering-i-internationell-magasinering","status":"publish","type":"page","link":"https:\/\/europeanmoving.co.uk\/sv\/europeisk-magasinering-i-internationell-magasinering\/","title":{"rendered":"Europeisk magasinering     I   Internationell magasinering"},"content":{"rendered":"<h1>Europeisk magasinering | Internationell magasinering<\/h1>\n<div class=\"content-layout\">\n<p align=\"center\">Alla v\u00e5ra lagerl\u00f6sningar hanteras av v\u00e5rt systerbolag, <a href=\"https:\/\/europeanstorage.co.uk\/\"><b>European Storage<\/b><\/a><br \/>\nDu n\u00e5r deras webbplats genom att klicka p\u00e5 nedanst\u00e5ende bild, d\u00e4r du hittar information kring anl\u00e4ggningar och tariffer.<\/p>\n<p><a href=\"https:\/\/europeanstorage.co.uk\/\"><img src=\"https:\/\/europeanmoving.co.uk\/wp-content\/uploads\/2019\/06\/storage-european-mobing-400x225.jpg\" alt=\"Storage Solutions - European Moving\" \/><\/a><\/p>\n<p>Denna tj\u00e4nst ger kunden en trygg s\u00e4ker lagerl\u00f6sning. Alla v\u00e5ra lagerlokaler \u00e4r s\u00e4kra och utrustade med 24\/7 \u00f6vervakning, brandalarm och sprinklersystem. Detta \u00e4r \u00e4ven en ideal l\u00f6sning f\u00f6r kunder med styckegods som beh\u00f6ver extra mycket tid p\u00e5 grund av reseplanen eller f\u00f6r att ordna med boende vid deras destination.<\/p>\n<p>Oavsett om du v\u00e4ljer <a href=\"https:\/\/europeanmoving.co.uk\/sv\/load-go-flytthjalp-till-ett-lagre-pris\/\"><b>Load and Go<\/b><\/a> eller v\u00e5r <a href=\"https:\/\/europeanmoving.co.uk\/sv\/easymoves\/\" target=\"_blank\" rel=\"noopener noreferrer\"><b>Easy Moves<\/b><\/a> EasyMoves l\u00f6sning, beh\u00f6ver du flytta din f\u00f6rvaring mellan d\u00e5 du l\u00e4mnar din gamla fastighet och tidpunkten d\u00e5 du flyttar in, kan vi erbjuda f\u00f6ljande:<b>1 M\u00c5NAD GRATIS F\u00d6RVARING F\u00d6R F\u00d6RS\u00c4NDELSER P\u00c5 10M\u00b3 ELLER MINDRE F\u00d6R ALLA EUROPEISKA FLYTTKUNDER SOM HAR BOKAT SIN TRANSPORT GENOM OSS<\/b><\/p>\n<p><b>1 M\u00c5NADER GRATIS F\u00d6RVARING F\u00d6R F\u00d6RS\u00c4NDELSER \u00d6VER 10M\u00b3 VID BOKNING AV MINST 2 M\u00c5NADER<\/b><\/p>\n<div><b>Observera att lasten beh\u00f6ver g\u00e5 genom brittiska lagerlokal Folkestone, Kent<\/b><\/div>\n<\/div>\n","protected":false},"excerpt":{"rendered":"<p>Europeisk magasinering | Internationell magasinering Alla v\u00e5ra lagerl\u00f6sningar hanteras av v\u00e5rt systerbolag, European Storage Du n\u00e5r deras webbplats genom att klicka p\u00e5 nedanst\u00e5ende bild, d\u00e4r du hittar information kring anl\u00e4ggningar och tariffer. Denna tj\u00e4nst ger kunden en trygg s\u00e4ker lagerl\u00f6sning. Alla v\u00e5ra lagerlokaler \u00e4r s\u00e4kra och utrustade med 24\/7 \u00f6vervakning, brandalarm och sprinklersystem. Detta \u00e4r [&hellip;]<\/p>\n","protected":false},"author":13,"featured_media":0,"parent":0,"menu_order":0,"comment_status":"closed","ping_status":"closed","template":"","meta":[],"yst_prominent_words":[12585,12659,12102,12148,12665,12660,4309,12147,12112,12663,12666,12662,12658,12664,12661,12657,12656,12237,12106,12107],"_links":{"self":[{"href":"https:\/\/europeanmoving.co.uk\/sv\/wp-json\/wp\/v2\/pages\/13833"}],"collection":[{"href":"https:\/\/europeanmoving.co.uk\/sv\/wp-json\/wp\/v2\/pages"}],"about":[{"href":"https:\/\/europeanmoving.co.uk\/sv\/wp-json\/wp\/v2\/types\/page"}],"author":[{"embeddable":true,"href":"https:\/\/europeanmoving.co.uk\/sv\/wp-json\/wp\/v2\/users\/13"}],"replies":[{"embeddable":true,"href":"https:\/\/europeanmoving.co.uk\/sv\/wp-json\/wp\/v2\/comments?post=13833"}],"version-history":[{"count":8,"href":"https:\/\/europeanmoving.co.uk\/sv\/wp-json\/wp\/v2\/pages\/13833\/revisions"}],"predecessor-version":[{"id":17022,"href":"https:\/\/europeanmoving.co.uk\/sv\/wp-json\/wp\/v2\/pages\/13833\/revisions\/17022"}],"wp:attachment":[{"href":"https:\/\/europeanmoving.co.uk\/sv\/wp-json\/wp\/v2\/media?parent=13833"}],"wp:term":[{"taxonomy":"yst_prominent_words","embeddable":true,"href":"https:\/\/europeanmoving.co.uk\/sv\/wp-json\/wp\/v2\/yst_prominent_words?post=13833"}],"curies":[{"name":"wp","href":"https:\/\/api.w.org\/{rel}","templated":true}]}}