{"id":13828,"date":"2019-06-21T11:51:02","date_gmt":"2019-06-21T11:51:02","guid":{"rendered":"http:\/\/europeanmoving.co.uk\/?page_id=13828"},"modified":"2020-09-17T10:11:00","modified_gmt":"2020-09-17T10:11:00","slug":"europeiskt-natverk-for-lastpallar-samlast","status":"publish","type":"page","link":"https:\/\/europeanmoving.co.uk\/sv\/europeiskt-natverk-for-lastpallar-samlast\/","title":{"rendered":"Europeiskt n\u00e4tverk f\u00f6r lastpallar &#038; samlast"},"content":{"rendered":"<h1 class=\"title-heading-left\"><strong><span>European Pallets &amp; Groupage Network<\/span><\/strong><\/h1>\n<p><span>Sj\u00f6farten utg\u00f6r en betydande kostnad f\u00f6r miljoner europeiska f\u00f6retag.\u00a0Men med hj\u00e4lp av v\u00e5rt europeiska pall &amp; gruppn\u00e4tverk erbjuder vi en rad tj\u00e4nster f\u00f6r att m\u00f6ta dessa kostnader.<\/span><\/p>\n<p><img src=\"https:\/\/europeanmoving.im\/wp-content\/uploads\/2018\/07\/pallets-transport.jpg\" \/><\/p>\n<p><span>Gruppage \u00e4r en s\u00e5dan tj\u00e4nst.\u00a0Genom att packa mindre laster i en enda s\u00e4ndning kan vi tillhandah\u00e5lla internationella borttagningar som \u00e4r mer ekonomiska och milj\u00f6v\u00e4nliga.\u00a0Gruppage \u00e4r ett f\u00f6rnuftigt alternativ f\u00f6r mindre s\u00e4ndningar som inte kan motivera en hel lastbil f\u00f6r sig sj\u00e4lva.\u00a0Det g\u00f6r att st\u00f6rre laster kan delas upp i mindre utan att n\u00e5gra extra lastbilar beh\u00f6ver l\u00e4mna dep\u00e5n.<\/span><br \/>\n<span>Effektiv gruppering kr\u00e4ver sofistikerad samordning, av det slag som bara kommer med erfarenhet.\u00a0Vi har f\u00f6rfinat v\u00e5ra metoder under \u00e5tta \u00e5r och tagit varor \u00f6ver hela Europa.\u00a0Med ett europeiskt pall &amp; gruppage-n\u00e4tverk av p\u00e5litliga partners till v\u00e5rt f\u00f6rfogande kan vi ordna allt med precision.\u00a0S\u00e4ndningar styrs till sina destinationer genom att r\u00f6ra sig genom friktionsfria nav.<\/span><\/p>\n<h2><strong><span>Lagringens revolution<\/span><\/strong><\/h2>\n<p><span>Stapelbara pallar har varit med i sin nuvarande form sedan gaffeltruckens utveckling i mitten av 1900-talet.\u00a0De hittar \u00f6kad anv\u00e4ndning i konsumentbranschen s\u00e5v\u00e4l som deras traditionella business-to-business innovation.<\/span><br \/>\n<span>Pallen har revolutionerat lagring och lager, s\u00e5 att \u00e4ven de tyngsta f\u00f6rem\u00e5len kan lyftas vertikalt.\u00a0Med hj\u00e4lp av en s\u00e4rskild gaffeltruck eller en baklyft monterad p\u00e5 baksidan av en lastbil.\u00a0Oavsett om vi vill skicka en pall eller fem hundra kan vi ta dem till vart du \u00e4n vill i Europa att du flyttar till dem.<\/span><br \/>\n<span>Om du skickar n\u00e5got s\u00e4rskilt v\u00e4rdefullt eller \u00f6mt\u00e5ligt kan vi tillhandah\u00e5lla en direkttj\u00e4nst som minimerar hantering och skyddar mot risken f\u00f6r oavsiktlig skada.\u00a0Hur enkelt eller komplicerat dina fraktkrav har vi en tj\u00e4nst som kan uppfylla dem.\u00a0Dessutom hj\u00e4lper v\u00e5r erfarna personal alltid g\u00e4rna till och ger r\u00e5d f\u00f6r att s\u00e4kerst\u00e4lla b\u00e4sta resultat.\u00a0Varf\u00f6r inte komma i kontakt med v\u00e5rt kontor och se vad v\u00e5r europeiska flytttj\u00e4nst kan g\u00f6ra f\u00f6r dig?<\/span><\/p>\n","protected":false},"excerpt":{"rendered":"<p>European Pallets &amp; Groupage Network Sj\u00f6farten utg\u00f6r en betydande kostnad f\u00f6r miljoner europeiska f\u00f6retag.\u00a0Men med hj\u00e4lp av v\u00e5rt europeiska pall &amp; gruppn\u00e4tverk erbjuder vi en rad tj\u00e4nster f\u00f6r att m\u00f6ta dessa kostnader. Gruppage \u00e4r en s\u00e5dan tj\u00e4nst.\u00a0Genom att packa mindre laster i en enda s\u00e4ndning kan vi tillhandah\u00e5lla internationella borttagningar som \u00e4r mer ekonomiska och [&hellip;]<\/p>\n","protected":false},"author":13,"featured_media":0,"parent":0,"menu_order":0,"comment_status":"closed","ping_status":"closed","template":"","meta":[],"yst_prominent_words":[12102,12148,12112,12164,12903,12654,8275,12561,12237,12106,12216,12113],"_links":{"self":[{"href":"https:\/\/europeanmoving.co.uk\/sv\/wp-json\/wp\/v2\/pages\/13828"}],"collection":[{"href":"https:\/\/europeanmoving.co.uk\/sv\/wp-json\/wp\/v2\/pages"}],"about":[{"href":"https:\/\/europeanmoving.co.uk\/sv\/wp-json\/wp\/v2\/types\/page"}],"author":[{"embeddable":true,"href":"https:\/\/europeanmoving.co.uk\/sv\/wp-json\/wp\/v2\/users\/13"}],"replies":[{"embeddable":true,"href":"https:\/\/europeanmoving.co.uk\/sv\/wp-json\/wp\/v2\/comments?post=13828"}],"version-history":[{"count":3,"href":"https:\/\/europeanmoving.co.uk\/sv\/wp-json\/wp\/v2\/pages\/13828\/revisions"}],"predecessor-version":[{"id":22096,"href":"https:\/\/europeanmoving.co.uk\/sv\/wp-json\/wp\/v2\/pages\/13828\/revisions\/22096"}],"wp:attachment":[{"href":"https:\/\/europeanmoving.co.uk\/sv\/wp-json\/wp\/v2\/media?parent=13828"}],"wp:term":[{"taxonomy":"yst_prominent_words","embeddable":true,"href":"https:\/\/europeanmoving.co.uk\/sv\/wp-json\/wp\/v2\/yst_prominent_words?post=13828"}],"curies":[{"name":"wp","href":"https:\/\/api.w.org\/{rel}","templated":true}]}}