{"id":13814,"date":"2019-06-21T10:34:56","date_gmt":"2019-06-21T10:34:56","guid":{"rendered":"http:\/\/europeanmoving.co.uk\/?page_id=13814"},"modified":"2020-09-17T10:32:12","modified_gmt":"2020-09-17T10:32:12","slug":"europeisk-och-internationell-transport-logistik","status":"publish","type":"page","link":"https:\/\/europeanmoving.co.uk\/sv\/europeisk-och-internationell-transport-logistik\/","title":{"rendered":"Europeisk och internationell transport &#038; logistik"},"content":{"rendered":"<h2><strong>Europeiska och internationella logistik- och transporttj\u00e4nster<\/strong><\/h2>\n<p>Vi f\u00f6rst\u00e5r att din h\u00f6gsta prioritet \u00e4r att f\u00e5 dina varor till dina kunder i tid och i sin helhet.\u00a0Vi erbjuder ett komplett spektrum av transportlogistikl\u00f6sningar f\u00f6r att s\u00e4kerst\u00e4lla dig flexibiliteten att skicka olika laststorlekar utan att beh\u00f6va hitta en ny leverant\u00f6r.\u00a0V\u00e5ra transportlogistiktj\u00e4nster inkluderar kontraktdistribution, ad-hoc-transport, gruppering, leveranser av baklift, sl\u00e4pvagnar med dubbeld\u00e4ck, omv\u00e4nd logistik, gardinsidiga fordon, leverans n\u00e4sta dag, leveranser i tid, AM- eller PM-leveranser.\u00a0Du kan vara s\u00e4ker p\u00e5 att vi kommer att kunna leverera dina varor, oavsett storlek.\u00a0Vi inbjuder dig att be oss om r\u00e5d om hur du v\u00e4ljer r\u00e4tt l\u00f6sning;\u00a0v\u00e5rt transportteam, som har mer \u00e4n 12 \u00e5rs erfarenhet, hj\u00e4lper g\u00e4rna till.\u00a0V\u00e5r grupp av partners arbetar nationellt i Storbritannien och levererar b\u00e5de full last, dellast och samlad last.<\/p>\n","protected":false},"excerpt":{"rendered":"<p>Europeiska och internationella logistik- och transporttj\u00e4nster Vi f\u00f6rst\u00e5r att din h\u00f6gsta prioritet \u00e4r att f\u00e5 dina varor till dina kunder i tid och i sin helhet.\u00a0Vi erbjuder ett komplett spektrum av transportlogistikl\u00f6sningar f\u00f6r att s\u00e4kerst\u00e4lla dig flexibiliteten att skicka olika laststorlekar utan att beh\u00f6va hitta en ny leverant\u00f6r.\u00a0V\u00e5ra transportlogistiktj\u00e4nster inkluderar kontraktdistribution, ad-hoc-transport, gruppering, leveranser av [&hellip;]<\/p>\n","protected":false},"author":13,"featured_media":0,"parent":0,"menu_order":0,"comment_status":"closed","ping_status":"closed","template":"","meta":[],"yst_prominent_words":[12102,12148,12583,12590,12149,4309,9490,12106,7378,15715,12113],"_links":{"self":[{"href":"https:\/\/europeanmoving.co.uk\/sv\/wp-json\/wp\/v2\/pages\/13814"}],"collection":[{"href":"https:\/\/europeanmoving.co.uk\/sv\/wp-json\/wp\/v2\/pages"}],"about":[{"href":"https:\/\/europeanmoving.co.uk\/sv\/wp-json\/wp\/v2\/types\/page"}],"author":[{"embeddable":true,"href":"https:\/\/europeanmoving.co.uk\/sv\/wp-json\/wp\/v2\/users\/13"}],"replies":[{"embeddable":true,"href":"https:\/\/europeanmoving.co.uk\/sv\/wp-json\/wp\/v2\/comments?post=13814"}],"version-history":[{"count":8,"href":"https:\/\/europeanmoving.co.uk\/sv\/wp-json\/wp\/v2\/pages\/13814\/revisions"}],"predecessor-version":[{"id":22112,"href":"https:\/\/europeanmoving.co.uk\/sv\/wp-json\/wp\/v2\/pages\/13814\/revisions\/22112"}],"wp:attachment":[{"href":"https:\/\/europeanmoving.co.uk\/sv\/wp-json\/wp\/v2\/media?parent=13814"}],"wp:term":[{"taxonomy":"yst_prominent_words","embeddable":true,"href":"https:\/\/europeanmoving.co.uk\/sv\/wp-json\/wp\/v2\/yst_prominent_words?post=13814"}],"curies":[{"name":"wp","href":"https:\/\/api.w.org\/{rel}","templated":true}]}}