{"id":13812,"date":"2019-06-21T10:26:32","date_gmt":"2019-06-21T10:26:32","guid":{"rendered":"http:\/\/europeanmoving.co.uk\/?page_id=13812"},"modified":"2020-09-17T10:01:58","modified_gmt":"2020-09-17T10:01:58","slug":"export-och-import-inom-europa","status":"publish","type":"page","link":"https:\/\/europeanmoving.co.uk\/sv\/export-och-import-inom-europa\/","title":{"rendered":"Export och import inom Europa"},"content":{"rendered":"<h2><strong><span>Ett s\u00e4kert par h\u00e4nder<\/span><\/strong><\/h2>\n<p><span>Att exportera till Europa kan vara ett knepigt f\u00f6retag.\u00a0F\u00f6retag som k\u00f6per och s\u00e4ljer \u00f6ver internationella gr\u00e4nser kr\u00e4ver en robust och p\u00e5litlig transportl\u00f6sning.\u00a0En som kommer att se till att alla varor kommer som de ska.\u00a0V\u00e5ra europeiska distributionstj\u00e4nster f\u00f6r import och export finns tillg\u00e4ngliga f\u00f6r att tillhandah\u00e5lla exakt en s\u00e5dan l\u00f6sning.<\/span><br \/>\n<span>Att frakta varor till, fr\u00e5n och \u00f6ver hela Europa \u00e4r v\u00e5r raison d&#8217;etre.\u00a0Vi har hj\u00e4lpt internationella transport\u00f6rer sedan 2010 och har erfarenhet av europeiska transporter som str\u00e4cker sig l\u00e5ngt innan dess.\u00a0Med andra ord, vi \u00e4r det s\u00e4kra par h\u00e4nder som ditt f\u00f6retag beh\u00f6ver!<\/span><\/p>\n<h2><strong><span>Kontrollerade kostnader och sinnesro<\/span><\/strong><\/h2>\n<p><span>F\u00f6r m\u00e5nga f\u00f6retag utg\u00f6r sj\u00f6farten en betydande del av de totala utgifterna.\u00a0Vi hj\u00e4lper dig att s\u00e4nka dessa kostnader genom att tillhandah\u00e5lla internationella fraktpriser som inte f\u00e5r dina \u00f6gon att rinna.\u00a0Vi f\u00f6rs\u00f6ker inte s\u00e4lja dig lastningstj\u00e4nster som du inte beh\u00f6ver;\u00a0v\u00e5r Load &amp; Go-transporttj\u00e4nst g\u00f6r det m\u00f6jligt f\u00f6r v\u00e5r chauff\u00f6r att forts\u00e4tta k\u00f6ra, och besparingarna kan \u00f6verf\u00f6ras till dig.<\/span><br \/>\n<span>Var och en av v\u00e5ra f\u00f6rare anv\u00e4nder ett satellitnavigeringssystem som utv\u00e4rderar dem om eventuella trafikproblem och ger en rutt runt dem.\u00a0Dessutom kommer det att till\u00e5ta oss att sp\u00e5ra varje paket och ge information om dess plats l\u00e4ngs v\u00e4gen.\u00a0Med denna information kan vi exakt f\u00f6ruts\u00e4ga ankomsttider &#8211; vilket ger v\u00e5ra kunder lugn och ro.<\/span><\/p>\n<h2><strong><span>Komma i kontakt<\/span><\/strong><\/h2>\n<p><span>Du hittar minst en av v\u00e5ra transportnav bara n\u00e5gra timmar fr\u00e5n alla st\u00f6rre st\u00e4der i Europa.\u00a0Men vi hj\u00e4lper dig ocks\u00e5 att ta itu med mer utmanande platser;\u00a0vi skickar till Balearerna, Kanarie\u00f6arna, Cypern och alla norska avl\u00e4gsna \u00f6ar.\u00a0V\u00e5ra tj\u00e4nster \u00e4r tillg\u00e4ngliga f\u00f6r alla EU-l\u00e4nder, liksom europeiska l\u00e4nder utanf\u00f6r EU som Cypern, Norge och Schweiz.\u00a0Naturligtvis forts\u00e4tter vi att leverera till Storbritannien \u00e4ven efter Brexit!<\/span><br \/>\n<span>Om du vill diskutera dina europeiska import- och exportdistributionskrav, varf\u00f6r inte kontakta v\u00e5rt kontor?\u00a0V\u00e5r personal \u00e4r erfaren, v\u00e4nlig och kunnig och kommer g\u00e4rna prata med dig om alla tillg\u00e4ngliga alternativ.<\/span><\/p>\n","protected":false},"excerpt":{"rendered":"<p>Ett s\u00e4kert par h\u00e4nder Att exportera till Europa kan vara ett knepigt f\u00f6retag.\u00a0F\u00f6retag som k\u00f6per och s\u00e4ljer \u00f6ver internationella gr\u00e4nser kr\u00e4ver en robust och p\u00e5litlig transportl\u00f6sning.\u00a0En som kommer att se till att alla varor kommer som de ska.\u00a0V\u00e5ra europeiska distributionstj\u00e4nster f\u00f6r import och export finns tillg\u00e4ngliga f\u00f6r att tillhandah\u00e5lla exakt en s\u00e5dan l\u00f6sning. Att frakta [&hellip;]<\/p>\n","protected":false},"author":13,"featured_media":0,"parent":0,"menu_order":0,"comment_status":"closed","ping_status":"closed","template":"","meta":[],"yst_prominent_words":[12585,15953,12583,3484,12845,12112,15267,12853,12580,15266,12216,12584,12113],"_links":{"self":[{"href":"https:\/\/europeanmoving.co.uk\/sv\/wp-json\/wp\/v2\/pages\/13812"}],"collection":[{"href":"https:\/\/europeanmoving.co.uk\/sv\/wp-json\/wp\/v2\/pages"}],"about":[{"href":"https:\/\/europeanmoving.co.uk\/sv\/wp-json\/wp\/v2\/types\/page"}],"author":[{"embeddable":true,"href":"https:\/\/europeanmoving.co.uk\/sv\/wp-json\/wp\/v2\/users\/13"}],"replies":[{"embeddable":true,"href":"https:\/\/europeanmoving.co.uk\/sv\/wp-json\/wp\/v2\/comments?post=13812"}],"version-history":[{"count":2,"href":"https:\/\/europeanmoving.co.uk\/sv\/wp-json\/wp\/v2\/pages\/13812\/revisions"}],"predecessor-version":[{"id":22089,"href":"https:\/\/europeanmoving.co.uk\/sv\/wp-json\/wp\/v2\/pages\/13812\/revisions\/22089"}],"wp:attachment":[{"href":"https:\/\/europeanmoving.co.uk\/sv\/wp-json\/wp\/v2\/media?parent=13812"}],"wp:term":[{"taxonomy":"yst_prominent_words","embeddable":true,"href":"https:\/\/europeanmoving.co.uk\/sv\/wp-json\/wp\/v2\/yst_prominent_words?post=13812"}],"curies":[{"name":"wp","href":"https:\/\/api.w.org\/{rel}","templated":true}]}}