{"id":13706,"date":"2019-06-19T10:42:33","date_gmt":"2019-06-19T10:42:33","guid":{"rendered":"http:\/\/europeanmoving.co.uk\/?page_id=13706"},"modified":"2020-11-03T15:31:57","modified_gmt":"2020-11-03T15:31:57","slug":"allmanna-packtips","status":"publish","type":"page","link":"https:\/\/europeanmoving.co.uk\/sv\/movers-guide-table\/allmanna-packtips\/","title":{"rendered":"Allm\u00e4nna Packtips"},"content":{"rendered":"<h1 class=\"title-heading-left\"><strong>Allm\u00e4nna f\u00f6rpackningstips<\/strong><\/h1>\n<p><img src=\"https:\/\/europeanmoving.im\/wp-content\/uploads\/2020\/01\/PackingV2.png\" \/><\/p>\n<p>Alla kan packa eftersom det f\u00f6rst och fr\u00e4mst kr\u00e4ver sunt f\u00f6rnuft.\u00a0F\u00f6rpackning f\u00f6r internationell transport kr\u00e4ver dock en extra skyddsniv\u00e5.\u00a0P\u00e5 den h\u00e4r sidan hittar du n\u00e5gra f\u00f6rpackningstips som vi hoppas kommer att vara anv\u00e4ndbara.<\/p>\n<h2><strong>F\u00f6rpackningstips: M\u00e4rkning av dina artiklar<\/strong><\/h2>\n<p>Oavsett om du sj\u00e4lv hanterar flytten eller ber European Moving att ta hand om din transport (se de tj\u00e4nster vi erbjuder,\u00a0\u00a0<a href=\"https:\/\/europeanmoving.co.uk\/international-load-and-go-transport-only-service\/\" target=\"_blank\" rel=\"noopener noreferrer\">Load &amp; Go<\/a>\u00a0\u00a0och\u00a0\u00a0<a href=\"https:\/\/europeanmoving.info\/basic-international-removal-service\/\" target=\"_blank\" rel=\"noopener noreferrer\">Easymoves<\/a>\u00a0), \u00e4r det bra att markera varje ruta med ett nummer, ditt namn och en lista \u00f6ver dess inneh\u00e5ll .\u00a0F\u00e4rgkodning av etiketterna enligt rummet, med f\u00e4rgat papper eller f\u00e4rgat tejp.<br \/>\nOavsett vilket f\u00f6retag du anv\u00e4nder m\u00e5ste du g\u00f6ra en inventering.\u00a0Du borde g\u00f6ra en \u00e4ven om du flyttar p\u00e5 egen hand.\u00a0P\u00e5 det h\u00e4r s\u00e4ttet, om en etikett \u00e4r s\u00f6nderriven eller v\u00e5t, har du ett papper med inneh\u00e5llet i dessa l\u00e5dor med dig.<br \/>\nDet kan l\u00e5ta som mycket arbete f\u00f6r liten vinst: det \u00e4r det inte.\u00a0Det kommer att visa sig ov\u00e4rderligt vid din destination och spara dig fr\u00e5n att \u00f6ppna alla dina l\u00e5dor n\u00e4r du letar efter ett specifikt objekt.<br \/>\nOBS!\u00a0<b>Om du bokar dina varor som en dellast<\/b>\u00a0, kommer du troligtvis att dela utrymme p\u00e5 sk\u00e5pbilen med andras transporter.\u00a0D\u00e4rf\u00f6r \u00e4r det viktigt att du tydligt m\u00e4rker dina varor med ditt fullst\u00e4ndiga namn (detta m\u00e5ste ocks\u00e5 vara namnet p\u00e5 bokningen) och destinationsadress.\u00a0Du kan g\u00f6ra dem i det format du v\u00e4ljer men vad du \u00e4n best\u00e4mmer beh\u00f6ver du m\u00e4rka dina varor och vi rekommenderar att du anv\u00e4nder f\u00f6ljande format:<\/p>\n<ul class=\"list-with-tick col4\">\n<li>Ruta 1 av 20<\/li>\n<li>K\u00f6parens namn<\/li>\n<li>Nummer och v\u00e4gnamn<\/li>\n<li>Stad<\/li>\n<li>Grevskap<\/li>\n<li>Land<\/li>\n<li>Telefonnummer<\/li>\n<\/ul>\n<h3><strong>F\u00f6rpackningstips: Inventarielista<\/strong><\/h3>\n<p>Oavsett vilket f\u00f6retag du anv\u00e4nder m\u00e5ste du g\u00f6ra en inventering.\u00a0Du borde skapa en \u00e4ven om du flyttar p\u00e5 egen hand.\u00a0P\u00e5 det h\u00e4r s\u00e4ttet, om en etikett \u00e4r s\u00f6nderriven eller v\u00e5t, har du ett papper med inneh\u00e5llet i dessa l\u00e5dor med dig.<br \/>\nDet kan l\u00e5ta som mycket arbete f\u00f6r liten vinst: det \u00e4r det inte.\u00a0Det kommer att visa sig ov\u00e4rderligt vid din destination och spara dig fr\u00e5n att \u00f6ppna alla dina l\u00e5dor n\u00e4r du letar efter ett specifikt objekt.<br \/>\nVi ber dig att f\u00f6rse din flyttkoordinator med en inventeringslista med artiklar 3 till 5 dagar f\u00f6re din insamlingsdag, detta hj\u00e4lper oss att bed\u00f6ma storleken p\u00e5 din last och f\u00f6rhoppningsvis undvika ov\u00e4ntade problem p\u00e5 dagen.\u00a0Kom ih\u00e5g att vi inte kan m\u00e4ta vikten p\u00e5 dina varor eftersom l\u00e5dor och m\u00f6bler varierar s\u00e5 mycket.<br \/>\nVi beg\u00e4r ocks\u00e5 att du skriver ut tv\u00e5 exemplar av din inventering redo f\u00f6r insamlingsdagen, en f\u00f6r dig sj\u00e4lv och en f\u00f6r f\u00f6raren.<br \/>\nKontrollera alla varor p\u00e5 sk\u00e5pbilen vid lastningsplatsen och se till att du (kunden) och f\u00f6raren undertecknar b\u00e5da kopiorna.\u00a0Detta kommer att bekr\u00e4fta att allt som listas har laddats.<br \/>\nSe till att du kollar alla varor fr\u00e5n sk\u00e5pbilen p\u00e5 lossningsplatsen och att du (kunden) och f\u00f6raren undertecknar b\u00e5da kopiorna igen.<br \/>\n<strong>Skriv inte in n\u00e5gra leveransdokument om det finns en avvikelse.\u00a0N\u00e4r CMR har undertecknats kan vi inte behandla n\u00e5got anspr\u00e5k.<\/strong><\/p>\n<h2><strong>F\u00f6rpackningstips: Pianon<\/strong><\/h2>\n<p>Vi \u00e4r inte specialpianof\u00f6rare.\u00a0D\u00e4rf\u00f6r, om du har ett dyrt piano att flytta, rekommenderar vi starkt att du anv\u00e4nder ett specialpianof\u00f6retag.<\/p>\n<p>Vi har framg\u00e5ngsrikt flyttat pianon och \u00e4r villiga att g\u00f6ra det.\u00a0T\u00e4nk dock p\u00e5 f\u00f6ljande:<\/p>\n<ul>\n<li>Vi tar inget ansvar f\u00f6r n\u00e5gra skador.<\/li>\n<li>Kunden m\u00e5ste ta det fulla ansvaret f\u00f6r lastning och lossning, inklusive vagnar, ramper etc.<\/li>\n<li>V\u00e5ra sk\u00e5pbilar kommer inte med bakliftar.\u00a0Du m\u00e5ste \u00f6verv\u00e4ga hur du kommer att ta den av och p\u00e5 lastbilen som \u00e4r cirka 1,5 meter h\u00f6g.<\/li>\n<li>V\u00e5ra sk\u00e5pbilar har inte r\u00f6rliga filtar som standard.\u00a0Du m\u00e5ste k\u00f6pa n\u00e5gra av dina egna innan du h\u00e4mtar.\u00a0Dessa f\u00f6rblir hos dig efter leveransen.<\/li>\n<li>I de flesta fall kan vi inte stapla ovanp\u00e5 pianot.\u00a0D\u00e4rf\u00f6r \u00e4r n\u00e5got utrymme ovanf\u00f6r eller under d\u00f6tt utrymme.\u00a0Du m\u00e5ste dock betala f\u00f6r det oanv\u00e4nda omr\u00e5det.<\/li>\n<li>V\u00e5ra sk\u00e5pbilar har bara en f\u00f6rare s\u00e5 se till att du tillhandah\u00e5ller tillr\u00e4cklig personal.\u00a0Ta h\u00e4nsyn till pianots vikt.<\/li>\n<\/ul>\n<h2><strong>F\u00f6rpackningstips: M\u00f6bler<\/strong><\/h2>\n<p>Se till att du t\u00f6mmer alla l\u00e5dor och fack.\u00a0Ta bort l\u00e5dor och d\u00f6rrar och packa dem separat om detta g\u00f6r f\u00f6rem\u00e5let f\u00f6r tungt.\u00a0Dina m\u00f6bler kommer att uts\u00e4ttas f\u00f6r mindre vibrationer, s\u00e5v\u00e4l som strukturella begr\u00e4nsningar fr\u00e5n sk\u00e5pbilens r\u00f6relser.\u00a0Detta kan orsaka att n\u00e5gra av skruvarna vibrerar bortsett fr\u00e5n m\u00f6blerna och kan skada dina varor.\u00a0F\u00f6r att undvika detta f\u00f6resl\u00e5r vi att du tar is\u00e4r alla platta m\u00f6bler och packar dem i kartong.\u00a0Se till att du skyddar h\u00f6rnen tillr\u00e4ckligt f\u00f6r s\u00e4ker transport.\u00a0Varken v\u00e5ra f\u00f6rs\u00e4kringsgivare eller vi tar ansvar f\u00f6r monterade platta m\u00f6bler som \u00e4r skadade under transporten.<\/p>\n<h2><strong>F\u00f6rpackningstips: Tyg- och l\u00e4derm\u00f6bler<\/strong><\/h2>\n<p><iframe loading=\"lazy\" src=\"https:\/\/www.youtube.com\/embed\/QbT04NwjDWk\" width=\"560\" height=\"315\" frameborder=\"0\" allowfullscreen=\"allowfullscreen\" data-origwidth=\"560\" data-origheight=\"315\" data-mce-fragment=\"1\"><\/iframe><\/p>\n<p>F\u00f6rem\u00e5l som soffor och stolar sliter l\u00e4tt och m\u00e4rker om du inte skyddar dem tillr\u00e4ckligt.\u00a0V\u00e5ra f\u00f6rare kommer att behandla din egendom med st\u00f6rsta f\u00f6rsiktighet och omtanke;\u00a0dock vill du att din gr\u00e4dde i tre delar kommer att vara i or\u00f6rda skick.\u00a0European Moving rekommenderar starkt att du s\u00e4tter in m\u00f6blerna i r\u00f6rliga filtar eller \u00e5tminstone bubbelplast och kraftig plastfolie.\u00a0F\u00f6rst\u00e4rka alla h\u00f6rn med kartong eller plasth\u00f6lje.<br \/>\nSe till att du tar bort alla kuddar och skyddar dem till din tillfredsst\u00e4llelse.\u00a0Kuddar \u00e4r fantastiska f\u00f6r att fylla i det \u00e5terst\u00e5ende utrymmet p\u00e5 bokl\u00e5dor eller andra skrymmande f\u00f6rem\u00e5l.<br \/>\nVi hittade den h\u00e4r anv\u00e4ndbara YouTube-videon om f\u00f6rpackning av tyg- och l\u00e4derm\u00f6bler:<\/p>\n<h2><strong>F\u00f6rpackningstips: V\u00e4lja dina f\u00f6rpackningsmaterial<\/strong><\/h2>\n<p>F\u00f6r att g\u00f6ra ett bra jobb med din f\u00f6rpackning m\u00e5ste du b\u00f6rja med r\u00e4tt material!\u00a0Det b\u00f6r noteras att vi INTE tillhandah\u00e5ller borttagningsfiltar.\u00a0Alla v\u00e5ra sk\u00e5pbilar kommer med remmar f\u00f6r att s\u00e4kra st\u00f6rre f\u00f6rem\u00e5l i fordonet.<\/p>\n<p><strong>Plastf\u00f6rvaringsl\u00e5dor Anv\u00e4nd<\/strong><br \/>\ninte f\u00f6rvaringsboxar av plast f\u00f6r att ta bort dem!\u00a0Dessa l\u00e5dor anv\u00e4nds f\u00f6r f\u00f6rvaring eftersom de vanligtvis \u00e4r genomskinliga och l\u00e4tt staplar, men de \u00e4r inte l\u00e4mpliga att transportera alls.\u00a0\u00c4ven vid lagring finner vi att de inte kan staplas mer \u00e4n tv\u00e5 h\u00f6ga utan att riskera lockens integritet, som alltid \u00e4r mycket spr\u00f6da och spricker mycket l\u00e4tt.<br \/>\nDessutom \u00e4r plastv\u00e4ggarna och basen n\u00e4stan alltid f\u00f6r tunna och ocks\u00e5 mycket spr\u00f6da.\u00a0Detta g\u00f6r att v\u00e4ggarna kan spricka, och \u00e4nnu viktigare, till\u00e5ter inte tillr\u00e4ckligt &#8221;ge&#8221;, vilket \u00e4r viktigt f\u00f6r att skydda varorna inuti under transport.\u00a0Det \u00e4r ocks\u00e5 mycket sv\u00e5rt att tejpa kanterna ordentligt s\u00e5 att de inte kan g\u00f6ras luftt\u00e4ta, vilket \u00e4r ett annat problem.\u00a0Med otillr\u00e4ckligt &#8221;ge&#8221; i l\u00e5dorna och inget s\u00e4tt att g\u00f6ra dem luftt\u00e4ta \u00f6verf\u00f6rs varje liten vibration p\u00e5 resan direkt till de \u00f6mt\u00e5liga f\u00f6rem\u00e5len inuti.<br \/>\n<b>Kort sagt, anv\u00e4nd inte plastf\u00f6rvaringsl\u00e5dor f\u00f6r en resa p\u00e5 20 km, \u00e4n mindre en resa p\u00e5 \u00f6ver 2000 km.<\/b><\/p>\n<p><strong>L\u00e5dor<\/strong><br \/>\nDet \u00e4r ingen mening att investera mycket tid i att f\u00f6rsiktigt packa dina l\u00e5dor om du har valt l\u00e5dor som \u00e4r f\u00f6r tunna eller \u00e4r gjorda av spr\u00f6tt plast och inte \u00e4r l\u00e4mpliga att transportera.\u00a0En bra k\u00e4lla f\u00f6r gratisboxar \u00e4r ditt lokala snabbk\u00f6p (eller apotek).\u00a0Ibland kan du beh\u00f6va \u00e5ka under en viss tid p\u00e5 dagen, eftersom vissa livsmedelsbutiker tar emot leveranser bara en g\u00e5ng i veckan.<br \/>\nSamla b\u00e5de stora och sm\u00e5 l\u00e5dor och om du k\u00e4nner n\u00e5gon som nyligen har flyttat, fr\u00e5ga dem om de kan ge dig en l\u00e5da eller tv\u00e5.\u00a0Det \u00e4r OK att anv\u00e4nda begagnade l\u00e5dor s\u00e5 l\u00e4nge de \u00e4r i gott skick, inte kl\u00e4mda, skrynkliga p\u00e5 n\u00e5got s\u00e4tt eller skadade av fukt etc. De ska vara helt t\u00e4tbara och inte \u00f6ppna.\u00a0Det \u00e4r b\u00e4st att inte anv\u00e4nda st\u00f6rre l\u00e5dor som de \u00e4r f\u00f6r tunga eller besv\u00e4rliga att b\u00e4ra.<br \/>\nDet \u00e4r ocks\u00e5 m\u00f6jligt att best\u00e4lla l\u00e5dor med specifikt storlek f\u00f6r specifika artiklar om det beh\u00f6vs (t.ex. cyklar, fiskesp\u00f6n), \u00e4ven om de flesta n\u00f6jer sig med vanliga l\u00e5dor f\u00f6r att undvika de h\u00f6ga kostnaderna f\u00f6r att best\u00e4lla eng\u00e5ngsartiklar.<\/p>\n<p><strong>F\u00f6rpackningstejp<\/strong><br \/>\nL\u00e4tt att skaffa i valfri DIY eller station\u00e4r butik, s\u00e5 vi litar p\u00e5 att du inte har n\u00e5gra problem att hitta dessa f\u00f6rn\u00f6denheter.\u00a0Tejpen \u00e4r naturligtvis avg\u00f6rande f\u00f6r tejpning och t\u00e4tning av l\u00e5dorna och f\u00f6r att s\u00e4kra skyddsmaterialet p\u00e5 dina m\u00f6bler.\u00a0Det finns flera typer tillg\u00e4ngliga &#8211; \u00e4ven om vi brukar anv\u00e4nda den dyrare typen eftersom den \u00e4r l\u00e4ttare att anv\u00e4nda (den brukar inte brytas av och rivas av i en vinkel s\u00e5 ofta), \u00e4r det OK att anv\u00e4nda billigare tejp om du f\u00f6redrar, som tejp kan vara mycket dyrt om det k\u00f6ps i sm\u00e5 m\u00e4ngder.<\/p>\n<p><strong>F\u00f6rpackningspapper<\/strong><br \/>\nF\u00f6rpackningspapper \u00e4r viktigt f\u00f6r att linda in \u00f6mt\u00e5liga f\u00f6rem\u00e5l innan de l\u00e4ggs i l\u00e5dorna.\u00a0Den vanligaste sorten kallas ibland slaktpapper eller &#8221;news off cut&#8221; -papper.\u00a0Observera att det inte \u00e4r samma som tidningen: anv\u00e4nd inte tidningen f\u00f6r att linda in \u00f6mt\u00e5liga f\u00f6rem\u00e5l.\u00a0Bl\u00e4cket kommer \u00f6ver allt och sj\u00e4lva pappret \u00e4r inte lika flexibelt som slaktpapper eller mjukpapper.\u00a0Det g\u00e5r inte att kl\u00e4mma och forma lika l\u00e4tt och g\u00f6r inte lika bra jobb.<br \/>\nV\u00e4vnadspapper \u00e4r ocks\u00e5 mycket anv\u00e4ndbart &#8211; det \u00e4r tunnare \u00e4n avskuren nyheter och finns i tv\u00e5 typer &#8211; traditionellt och &#8221;syrafritt&#8221;.\u00a0Det senare \u00e4r anv\u00e4ndbart f\u00f6r att f\u00f6rpacka silver och hj\u00e4lpa till med f\u00f6rpackning av oljem\u00e5lningar.\u00a0N\u00e5gon av dessa tre typer av papper \u00e4r l\u00e4mpliga &#8211; du beh\u00f6ver inte n\u00f6dv\u00e4ndigtvis alla tre typerna.\u00a0Anv\u00e4nd bara inte tidningen!<\/p>\n<p><strong>Bubbelplast och skum<\/strong><br \/>\nDu kan ocks\u00e5 anv\u00e4nda bubbelplast eller skum f\u00f6r att packa \u00f6mt\u00e5liga f\u00f6rem\u00e5l, men det \u00e4r inte absolut n\u00f6dv\u00e4ndigt.\u00a0Professionella borttagare brukar anv\u00e4nda mjukpapper som en preferens i de flesta fall.\u00a0Ibland kan du anv\u00e4nda tomrumsmedel, men dessa material \u00e4r inte absolut n\u00f6dv\u00e4ndiga om du g\u00f6r din egen f\u00f6rpackning.<\/p>\n<p><strong>Garderobsl\u00e5dor<\/strong><br \/>\nGarderobsl\u00e5dor \u00e4r oerh\u00f6rt anv\u00e4ndbara eftersom de sparar att beh\u00f6va l\u00e4gga alla dina kl\u00e4der i l\u00e5dor och stryka dem igen i andra \u00e4nden.\u00a0Ist\u00e4llet h\u00e4nger de s\u00e4kert p\u00e5 en galge hela v\u00e4gen dit.\u00a0Skyddande f\u00f6rpackningsmaterial \u00e4r v\u00e4sentliga f\u00f6r korrekt exportf\u00f6rpackning.\u00a0Guldstandardprodukten \u00e4r &#8221;bubbelfilt&#8221;, vilket \u00e4r den generiska beteckningen f\u00f6r Jiffys Furniguard- och Furnisoft-sortiment.\u00a0Vi tycker att dessa produkter \u00e4r utm\u00e4rkta.\u00a0De \u00e4r inte lika l\u00e4tta att hitta i sm\u00e5 \u00e5terf\u00f6rs\u00e4ljare eller lagringscentra.<br \/>\nOm du inte har en produkt av Furnisoft-typ kan du anv\u00e4nda bubbelplast.\u00a0Vi rekommenderar att du anv\u00e4nder minst tv\u00e5 lager plus ett lager plast utanf\u00f6r f\u00f6r att ge mer styrka till omslaget.\u00a0Bubbelf\u00f6rpackning ensam \u00e4r vanligtvis f\u00f6r tunn f\u00f6r att ge tillr\u00e4ckligt skydd p\u00e5 egen hand om det inte f\u00f6rpackas m\u00e5nga g\u00e5nger.<br \/>\nAndra &#8221;trevligt att ha&#8221; -material inkluderar h\u00f6rnskydd och wellpapp.\u00a0Observera igen att filtf\u00f6rpackning ensam inte r\u00e4cker f\u00f6r fj\u00e4rrflyttning utomlands.\u00a0Filtar \u00e4r ett anv\u00e4ndbart verktyg f\u00f6r att ge extra skydd till m\u00f6bler som redan har f\u00f6rpackats.<\/p>\n<h2><strong>F\u00f6rpackningstips: Br\u00e4ckliga f\u00f6rem\u00e5l<\/strong><\/h2>\n<p>M\u00e5nga av v\u00e5ra kunder st\u00e4ller fr\u00e5gor om de mest l\u00e4mpliga metoderna f\u00f6r f\u00f6rpackning av porslin, glas och \u00f6mt\u00e5liga prydnader.\u00a0Med mjukpapper kan du beh\u00f6va ett extra lager eller tv\u00e5 bara f\u00f6r att det \u00e4r tunnare.\u00a0Om du packar silver eller n\u00e5gra f\u00f6rem\u00e5l med silverpl\u00e4tering, anv\u00e4nd syrafritt mjukpapper f\u00f6r dessa.\u00a0Med s\u00e4rskilt \u00f6mt\u00e5liga f\u00f6rem\u00e5l \u00e4r det OK att anv\u00e4nda lite extra bubbelplast eller skum, men inte p\u00e5 bekostnad av mjukpapperet, s\u00e4rskilt det uppskruvade &#8221;studsandet&#8221; runt och mellan f\u00f6rem\u00e5len, vilket fyller l\u00e5dan och hindrar allt fr\u00e5n att r\u00f6ra sig.<\/p>\n<h2><strong>F\u00f6rpackningstips: Utem\u00f6bler &amp; parabolantenn<\/strong><\/h2>\n<p>Se till att alla utem\u00f6bler \u00e4r borttagna fr\u00e5n fastigheten, demonterade och packade redo f\u00f6r transitering innan v\u00e5ra fordon anl\u00e4nder till din egendom.\u00a0Kom ih\u00e5g att f\u00f6rpackningen ocks\u00e5 skyddar de andra f\u00f6rem\u00e5len i sk\u00e5pbilen.<\/p>\n<h2><strong>F\u00f6rpackningstips: Gas och elektriska apparater<\/strong><\/h2>\n<p>Vid behov ha dem f\u00f6rberedda f\u00f6r borttagning av kvalificerade servicetj\u00e4nster.\u00a0Du kan beh\u00f6va koppla bort ugnar eller v\u00e4rmare, skruva ned kylmotorer eller tv\u00e4ttmaskintrummor, ta bort elektriska beslag (v\u00e4ggv\u00e4rmare, elektriska klockor etc.) som \u00e4r anslutna till eln\u00e4tet eller f\u00e5 TV-antennen ner fr\u00e5n taket.<\/p>\n<h2><strong>F\u00f6rpackningstips: Armaturer och beslag<\/strong><\/h2>\n<p>Tekniskt definieras de som f\u00f6rem\u00e5l som \u00e4r f\u00e4sta p\u00e5 v\u00e4ggen, taket eller golvet, men vissa saker som TV-antenner, torktumlare och nattf\u00f6rvarare kanske inte faller inom denna kategori.\u00a0Det \u00e4r b\u00e4st att g\u00f6ra alla dessa tvivelaktiga f\u00f6rem\u00e5l f\u00f6r ett formellt avtal mellan European Moving och dig sj\u00e4lv.\u00a0Det \u00e4r ocks\u00e5 v\u00e4rt att inkludera f\u00f6rem\u00e5l som utrustade k\u00f6k i avtalet.<\/p>\n<h2><strong>F\u00f6rpackningstips: Mattor och dekorationer<\/strong><\/h2>\n<p>Om du l\u00e4gger in mattan, m\u00e5lar eller t\u00e4tar golven i det nya huset g\u00f6rs det b\u00e4st f\u00f6re flytten.\u00a0Om du har mattor, gardiner, stolskydd etc. \u00e4r det en bra id\u00e9 att reng\u00f6ra och \/ eller \u00e4ndra dessa i f\u00f6rv\u00e4g.<\/p>\n<h2><strong>F\u00f6rpackningstips: Nycklar<\/strong><\/h2>\n<p>Advokater rekommenderar normalt klienter att l\u00e4mna in nycklar endast efter eller efter avveckling.\u00a0\u00c4ven om detta kan vara besv\u00e4rligt, f\u00f6rhindrar det eventuella problem.\u00a0Din advokat eller fastighetsm\u00e4klaren kan vanligtvis hj\u00e4lpa till att s\u00e4kerst\u00e4lla \u00f6verl\u00e4mnandet av nycklar vid en tidpunkt och plats som passar ditt schema.\u00a0V\u00e4nligen kontakta European Moving om det finns n\u00e5gra f\u00f6rseningar med destinationen s\u00e5 snart som m\u00f6jligt eftersom detta kommer att p\u00e5verka din flytt.<\/p>\n<h2><strong>F\u00f6rpackningstips: Personliga researrangemang<\/strong><\/h2>\n<p>Beh\u00f6ver du hotellboende, p\u00e5 v\u00e4g eller ett par dagar i andra \u00e4nden?\u00a0\u00d6verv\u00e4g att boka tidigt.<br \/>\n<b>V\u00e4nligen planera inte din avg\u00e5ng direkt efter lastning, s\u00e4rskilt om du tar t\u00e5get eller flyger<\/b>\u00a0.\u00a0F\u00f6rseningar intr\u00e4ffar, oavsett om det \u00e4r trafik, otillr\u00e4cklig arbetskraft, \u00f6vervikt &#8230; Vi ska inte h\u00e5llas ansvariga f\u00f6r konsekvenserna av f\u00f6rseningar vid lastning eller lossning.<\/p>\n<p><b>Har du n\u00e5gra anv\u00e4ndbara f\u00f6rpackningstips att dela?\u00a0Skicka ett mail till oss p\u00e5\u00a0\u00a0<a href=\"mailto:hello@europeanmoving.eu\">hello@europeanmoving.eu<\/a>\u00a0.\u00a0Vi kommer att l\u00e4gga till de b\u00e4sta p\u00e5 v\u00e5r sida om f\u00f6rpackningstips.<\/b><\/p>\n","protected":false},"excerpt":{"rendered":"<p>Allm\u00e4nna f\u00f6rpackningstips Alla kan packa eftersom det f\u00f6rst och fr\u00e4mst kr\u00e4ver sunt f\u00f6rnuft.\u00a0F\u00f6rpackning f\u00f6r internationell transport kr\u00e4ver dock en extra skyddsniv\u00e5.\u00a0P\u00e5 den h\u00e4r sidan hittar du n\u00e5gra f\u00f6rpackningstips som vi hoppas kommer att vara anv\u00e4ndbara. F\u00f6rpackningstips: M\u00e4rkning av dina artiklar Oavsett om du sj\u00e4lv hanterar flytten eller ber European Moving att ta hand om din [&hellip;]<\/p>\n","protected":false},"author":13,"featured_media":0,"parent":19702,"menu_order":0,"comment_status":"closed","ping_status":"closed","template":"","meta":[],"yst_prominent_words":[12211,12146,12167,12220,4309,12112,12164,12212,12223,12145],"_links":{"self":[{"href":"https:\/\/europeanmoving.co.uk\/sv\/wp-json\/wp\/v2\/pages\/13706"}],"collection":[{"href":"https:\/\/europeanmoving.co.uk\/sv\/wp-json\/wp\/v2\/pages"}],"about":[{"href":"https:\/\/europeanmoving.co.uk\/sv\/wp-json\/wp\/v2\/types\/page"}],"author":[{"embeddable":true,"href":"https:\/\/europeanmoving.co.uk\/sv\/wp-json\/wp\/v2\/users\/13"}],"replies":[{"embeddable":true,"href":"https:\/\/europeanmoving.co.uk\/sv\/wp-json\/wp\/v2\/comments?post=13706"}],"version-history":[{"count":17,"href":"https:\/\/europeanmoving.co.uk\/sv\/wp-json\/wp\/v2\/pages\/13706\/revisions"}],"predecessor-version":[{"id":22120,"href":"https:\/\/europeanmoving.co.uk\/sv\/wp-json\/wp\/v2\/pages\/13706\/revisions\/22120"}],"up":[{"embeddable":true,"href":"https:\/\/europeanmoving.co.uk\/sv\/wp-json\/wp\/v2\/pages\/19702"}],"wp:attachment":[{"href":"https:\/\/europeanmoving.co.uk\/sv\/wp-json\/wp\/v2\/media?parent=13706"}],"wp:term":[{"taxonomy":"yst_prominent_words","embeddable":true,"href":"https:\/\/europeanmoving.co.uk\/sv\/wp-json\/wp\/v2\/yst_prominent_words?post=13706"}],"curies":[{"name":"wp","href":"https:\/\/api.w.org\/{rel}","templated":true}]}}