{"id":13629,"date":"2019-06-18T11:17:33","date_gmt":"2019-06-18T11:17:33","guid":{"rendered":"http:\/\/europeanmoving.co.uk\/kubikraknare\/"},"modified":"2020-09-17T11:28:37","modified_gmt":"2020-09-17T11:28:37","slug":"kubikraknare","status":"publish","type":"page","link":"https:\/\/europeanmoving.co.uk\/sv\/kubikraknare\/","title":{"rendered":"Kubikr\u00e4knare"},"content":{"rendered":"<div id=\"calcExpl\" class=\"contain\">\n<h1>Kubisk minir\u00e4knare<\/h1>\n<p>Denna kubikr\u00e4knare ger dig en uppskattning av volymen p\u00e5 din last, baserat p\u00e5 branschgenomsnitt.<\/p>\n<p><b>Fyll bara i den centrala kolumnen, m\u00e4rkt &#8221;Antal&#8221;<\/b>\u00a0.\u00a0B\u00e5de v\u00e4nstra och h\u00f6gra kolumnerna \u00e4r tekniska kolumner f\u00f6r att utf\u00f6ra ber\u00e4kningen.<\/p>\n<p>Om du av misstag fyller i en cell i n\u00e5gon av dessa tv\u00e5 kolumner, v\u00e4nligen uppdatera sidan och b\u00f6rja om.<\/p>\n<p>Ber\u00e4kningen utf\u00f6rs n\u00e4r du fyller i formul\u00e4ret.\u00a0L\u00e4ngst ner p\u00e5 sidan hittar du tre celler, som fr\u00e5n v\u00e4nster till h\u00f6ger visar den ber\u00e4knade volymen i kubikfot, den uppskattade volymen i kubikmeter och det totala antalet artiklar.<\/p>\n<\/div>\n<div class=\"contain\">\n<section id=\"first\">\n<table id=\"lounge\">\n<tbody>\n<tr>\n<td>LOUNGE \/ Vardagsrum<\/td>\n<td>VOLYM<\/td>\n<td>KVANTITET<\/td>\n<td>TOTALT (m\u00a0<sup>3<\/sup>\u00a0)<\/td>\n<\/tr>\n<tr>\n<td class=\"item\">Uppr\u00e4tt piano<\/td>\n<td class=\"vol\"><\/td>\n<td class=\"qty\"><\/td>\n<td class=\"total\"><\/td>\n<\/tr>\n<tr>\n<td class=\"item\">Babyflygel<\/td>\n<td class=\"vol\"><\/td>\n<td class=\"qty\"><\/td>\n<td class=\"total\"><\/td>\n<\/tr>\n<tr>\n<td class=\"item\">Liten bokhylla<\/td>\n<td class=\"vol\"><\/td>\n<td class=\"qty\"><\/td>\n<td class=\"total\"><\/td>\n<\/tr>\n<tr>\n<td class=\"item\">Stor bokhylla<\/td>\n<td class=\"vol\"><\/td>\n<td class=\"qty\"><\/td>\n<td class=\"total\"><\/td>\n<\/tr>\n<tr>\n<td class=\"item\">2-sits soffa<\/td>\n<td class=\"vol\"><\/td>\n<td class=\"qty\"><\/td>\n<td class=\"total\"><\/td>\n<\/tr>\n<tr>\n<td class=\"item\">3-sits soffa<\/td>\n<td class=\"vol\"><\/td>\n<td class=\"qty\"><\/td>\n<td class=\"total\"><\/td>\n<\/tr>\n<tr>\n<td class=\"item\">4-sits soffa<\/td>\n<td class=\"vol\"><\/td>\n<td class=\"qty\"><\/td>\n<td class=\"total\"><\/td>\n<\/tr>\n<tr>\n<td class=\"item\">F\u00e5t\u00f6lj<\/td>\n<td class=\"vol\"><\/td>\n<td class=\"qty\"><\/td>\n<td class=\"total\"><\/td>\n<\/tr>\n<tr>\n<td class=\"item\">K\u00e4rleks s\u00e4te<\/td>\n<td class=\"vol\"><\/td>\n<td class=\"qty\"><\/td>\n<td class=\"total\"><\/td>\n<\/tr>\n<tr>\n<td class=\"item\">Fotpall<\/td>\n<td class=\"vol\"><\/td>\n<td class=\"qty\"><\/td>\n<td class=\"total\"><\/td>\n<\/tr>\n<tr>\n<td class=\"item\">H\u00f6g golvlampa<\/td>\n<td class=\"vol\"><\/td>\n<td class=\"qty\"><\/td>\n<td class=\"total\"><\/td>\n<\/tr>\n<tr>\n<td class=\"item\">Bordslampa<\/td>\n<td class=\"vol\"><\/td>\n<td class=\"qty\"><\/td>\n<td class=\"total\"><\/td>\n<\/tr>\n<tr>\n<td class=\"item\">Stor matta<\/td>\n<td class=\"vol\"><\/td>\n<td class=\"qty\"><\/td>\n<td class=\"total\"><\/td>\n<\/tr>\n<tr>\n<td class=\"item\">Liten matta<\/td>\n<td class=\"vol\"><\/td>\n<td class=\"qty\"><\/td>\n<td class=\"total\"><\/td>\n<\/tr>\n<tr>\n<td class=\"item\">Golvur<\/td>\n<td class=\"vol\"><\/td>\n<td class=\"qty\"><\/td>\n<td class=\"total\"><\/td>\n<\/tr>\n<tr>\n<td class=\"item\">Skrivbord<\/td>\n<td class=\"vol\"><\/td>\n<td class=\"qty\"><\/td>\n<td class=\"total\"><\/td>\n<\/tr>\n<tr>\n<td class=\"item\">Litet sk\u00e5p \/ sk\u00e4nk<\/td>\n<td class=\"vol\"><\/td>\n<td class=\"qty\"><\/td>\n<td class=\"total\"><\/td>\n<\/tr>\n<tr>\n<td class=\"item\">Stort sk\u00e5p \/ sk\u00e4nk<\/td>\n<td class=\"vol\"><\/td>\n<td class=\"qty\"><\/td>\n<td class=\"total\"><\/td>\n<\/tr>\n<tr>\n<td class=\"item\">Soffbord \/ Litet bord av bord<\/td>\n<td class=\"vol\"><\/td>\n<td class=\"qty\"><\/td>\n<td class=\"total\"><\/td>\n<\/tr>\n<tr>\n<td class=\"item\">Television Small 28 \u2033 &#8211; 32 \u2033<\/td>\n<td class=\"vol\"><\/td>\n<td class=\"qty\"><\/td>\n<td class=\"total\"><\/td>\n<\/tr>\n<tr>\n<td class=\"item\">TV &#8211; stort bakprojektion<\/td>\n<td class=\"vol\"><\/td>\n<td class=\"qty\"><\/td>\n<td class=\"total\"><\/td>\n<\/tr>\n<tr>\n<td class=\"item\">TV &#8211; 42 \u2033 platt sk\u00e4rm<\/td>\n<td class=\"vol\"><\/td>\n<td class=\"qty\"><\/td>\n<td class=\"total\"><\/td>\n<\/tr>\n<tr>\n<td class=\"item\">TV &#8211; 50 \u2033 platt sk\u00e4rm<\/td>\n<td class=\"vol\"><\/td>\n<td class=\"qty\"><\/td>\n<td class=\"total\"><\/td>\n<\/tr>\n<tr>\n<td class=\"item\">TV-stativ<\/td>\n<td class=\"vol\"><\/td>\n<td class=\"qty\"><\/td>\n<td class=\"total\"><\/td>\n<\/tr>\n<tr>\n<td class=\"item\">DVD \/ Blu Ray-spelkonsol<\/td>\n<td class=\"vol\"><\/td>\n<td class=\"qty\"><\/td>\n<td class=\"total\"><\/td>\n<\/tr>\n<tr>\n<td class=\"item\">CD-spelare \/ Hi-Fi-system<\/td>\n<td class=\"vol\"><\/td>\n<td class=\"qty\"><\/td>\n<td class=\"total\"><\/td>\n<\/tr>\n<tr>\n<td class=\"item\">H\u00f6gtalare<\/td>\n<td class=\"vol\"><\/td>\n<td class=\"qty\"><\/td>\n<td class=\"total\"><\/td>\n<\/tr>\n<tr>\n<td class=\"item\">Stor kartong ca storlek (cm) 50x45x50<\/td>\n<td class=\"vol\"><\/td>\n<td class=\"qty\"><\/td>\n<td class=\"total\"><\/td>\n<\/tr>\n<tr>\n<td class=\"item\">Medium kartong ca storlek (cm) 40x45x40<\/td>\n<td class=\"vol\"><\/td>\n<td class=\"qty\"><\/td>\n<td class=\"total\"><\/td>\n<\/tr>\n<\/tbody>\n<\/table>\n<table id=\"study\">\n<tbody>\n<tr>\n<td>STUDIE \/ KONTOR<\/td>\n<td>VOLYM<\/td>\n<td>KVANTITET<\/td>\n<td>TOTALT (m\u00a0<sup>3<\/sup>\u00a0)<\/td>\n<\/tr>\n<tr>\n<td class=\"item\">Dator (inklusive skrivare)<\/td>\n<td class=\"vol\"><\/td>\n<td class=\"qty\"><\/td>\n<td class=\"total\"><\/td>\n<\/tr>\n<tr>\n<td class=\"item\">Liten datorskrivbord<\/td>\n<td class=\"vol\"><\/td>\n<td class=\"qty\"><\/td>\n<td class=\"total\"><\/td>\n<\/tr>\n<tr>\n<td class=\"item\">Kontorsskrivbord<\/td>\n<td class=\"vol\"><\/td>\n<td class=\"qty\"><\/td>\n<td class=\"total\"><\/td>\n<\/tr>\n<tr>\n<td class=\"item\">Filing Cabiner 4 l\u00e5dor<\/td>\n<td class=\"vol\"><\/td>\n<td class=\"qty\"><\/td>\n<td class=\"total\"><\/td>\n<\/tr>\n<tr>\n<td class=\"item\">Kopiator \/ faxmaskin<\/td>\n<td class=\"vol\"><\/td>\n<td class=\"qty\"><\/td>\n<td class=\"total\"><\/td>\n<\/tr>\n<tr>\n<td class=\"item\">Stor kartong ca storlek (cm) 50x45x50<\/td>\n<td class=\"vol\"><\/td>\n<td class=\"qty\"><\/td>\n<td class=\"total\"><\/td>\n<\/tr>\n<tr>\n<td class=\"item\">Medium kartong ca storlek (cm) 40x45x45<\/td>\n<td class=\"vol\"><\/td>\n<td class=\"qty\"><\/td>\n<td class=\"total\"><\/td>\n<\/tr>\n<\/tbody>\n<\/table>\n<\/section>\n<section id=\"second\">\n<table id=\"dining\">\n<tbody>\n<tr>\n<td>MATSAL<\/td>\n<td>VOLYM<\/td>\n<td>KVANTITET<\/td>\n<td>TOTALT (m\u00a0<sup>3<\/sup>\u00a0)<\/td>\n<\/tr>\n<tr>\n<td class=\"item\">Standard matbord<\/td>\n<td class=\"vol\"><\/td>\n<td class=\"qty\"><\/td>\n<td class=\"total\"><\/td>\n<\/tr>\n<tr>\n<td class=\"item\">Stort matbord<\/td>\n<td class=\"vol\"><\/td>\n<td class=\"qty\"><\/td>\n<td class=\"total\"><\/td>\n<\/tr>\n<tr>\n<td class=\"item\">Matstolar<\/td>\n<td class=\"vol\"><\/td>\n<td class=\"qty\"><\/td>\n<td class=\"total\"><\/td>\n<\/tr>\n<tr>\n<td class=\"item\">Liten matta<\/td>\n<td class=\"vol\"><\/td>\n<td class=\"qty\"><\/td>\n<td class=\"total\"><\/td>\n<\/tr>\n<tr>\n<td class=\"item\">Stor matta<\/td>\n<td class=\"vol\"><\/td>\n<td class=\"qty\"><\/td>\n<td class=\"total\"><\/td>\n<\/tr>\n<tr>\n<td class=\"item\">V\u00e4rdinna vagn \/ litet bord<\/td>\n<td class=\"vol\"><\/td>\n<td class=\"qty\"><\/td>\n<td class=\"total\"><\/td>\n<\/tr>\n<tr>\n<td class=\"item\">Stor kartong ca storlek (cm) 50x45x50<\/td>\n<td class=\"vol\"><\/td>\n<td class=\"qty\"><\/td>\n<td class=\"total\"><\/td>\n<\/tr>\n<tr>\n<td class=\"item\">Medium kartong ca storlek (cm) 40x45x45<\/td>\n<td class=\"vol\"><\/td>\n<td class=\"qty\"><\/td>\n<td class=\"total\"><\/td>\n<\/tr>\n<\/tbody>\n<\/table>\n<table id=\"kitchen\">\n<tbody>\n<tr>\n<td>K\u00d6K<\/td>\n<td>VOLYM<\/td>\n<td>KVANTITET<\/td>\n<td>TOTALT (m\u00a0<sup>3<\/sup>\u00a0)<\/td>\n<\/tr>\n<tr>\n<td class=\"item\">Frukoststol \/ pall<\/td>\n<td class=\"vol\"><\/td>\n<td class=\"qty\"><\/td>\n<td class=\"total\"><\/td>\n<\/tr>\n<tr>\n<td class=\"item\">Frukostbord<\/td>\n<td class=\"vol\"><\/td>\n<td class=\"qty\"><\/td>\n<td class=\"total\"><\/td>\n<\/tr>\n<tr>\n<td class=\"item\">B\u00e4nkstol<\/td>\n<td class=\"vol\"><\/td>\n<td class=\"qty\"><\/td>\n<td class=\"total\"><\/td>\n<\/tr>\n<tr>\n<td class=\"item\">Pedalfack<\/td>\n<td class=\"vol\"><\/td>\n<td class=\"qty\"><\/td>\n<td class=\"total\"><\/td>\n<\/tr>\n<tr>\n<td class=\"item\">Barnstol<\/td>\n<td class=\"vol\"><\/td>\n<td class=\"qty\"><\/td>\n<td class=\"total\"><\/td>\n<\/tr>\n<tr>\n<td class=\"item\">Liten handh\u00e5llen apparat<\/td>\n<td class=\"vol\"><\/td>\n<td class=\"qty\"><\/td>\n<td class=\"total\"><\/td>\n<\/tr>\n<tr>\n<td class=\"item\">Vattenkokare \/ kaffebryggare<\/td>\n<td class=\"vol\"><\/td>\n<td class=\"qty\"><\/td>\n<td class=\"total\"><\/td>\n<\/tr>\n<tr>\n<td class=\"item\">Mikrov\u00e5gsugn<\/td>\n<td class=\"vol\"><\/td>\n<td class=\"qty\"><\/td>\n<td class=\"total\"><\/td>\n<\/tr>\n<tr>\n<td class=\"item\">Strykj\u00e4rn \/ strykbr\u00e4da<\/td>\n<td class=\"vol\"><\/td>\n<td class=\"qty\"><\/td>\n<td class=\"total\"><\/td>\n<\/tr>\n<tr>\n<td class=\"item\">Dammsugare<\/td>\n<td class=\"vol\"><\/td>\n<td class=\"qty\"><\/td>\n<td class=\"total\"><\/td>\n<\/tr>\n<tr>\n<td class=\"item\">Tv\u00e4ttmaskin<\/td>\n<td class=\"vol\"><\/td>\n<td class=\"qty\"><\/td>\n<td class=\"total\"><\/td>\n<\/tr>\n<tr>\n<td class=\"item\">Torktumlare<\/td>\n<td class=\"vol\"><\/td>\n<td class=\"qty\"><\/td>\n<td class=\"total\"><\/td>\n<\/tr>\n<tr>\n<td class=\"item\">Diskmaskin<\/td>\n<td class=\"vol\"><\/td>\n<td class=\"qty\"><\/td>\n<td class=\"total\"><\/td>\n<\/tr>\n<tr>\n<td class=\"item\">Frys<\/td>\n<td class=\"vol\"><\/td>\n<td class=\"qty\"><\/td>\n<td class=\"total\"><\/td>\n<\/tr>\n<tr>\n<td class=\"item\">Kylsk\u00e5p<\/td>\n<td class=\"vol\"><\/td>\n<td class=\"qty\"><\/td>\n<td class=\"total\"><\/td>\n<\/tr>\n<tr>\n<td class=\"item\">Kyl frys<\/td>\n<td class=\"vol\"><\/td>\n<td class=\"qty\"><\/td>\n<td class=\"total\"><\/td>\n<\/tr>\n<tr>\n<td class=\"item\">Spis<\/td>\n<td class=\"vol\"><\/td>\n<td class=\"qty\"><\/td>\n<td class=\"total\"><\/td>\n<\/tr>\n<tr>\n<td class=\"item\">Stor kartong ca storlek (cm) 50x45x50<\/td>\n<td class=\"vol\"><\/td>\n<td class=\"qty\"><\/td>\n<td class=\"total\"><\/td>\n<\/tr>\n<tr>\n<td class=\"item\">Medium kartong ca storlek (cm) 40x45x45<\/td>\n<td class=\"vol\"><\/td>\n<td class=\"qty\"><\/td>\n<td class=\"total\"><\/td>\n<\/tr>\n<\/tbody>\n<\/table>\n<table id=\"nursery\">\n<tbody>\n<tr>\n<td>Barnkammare<\/td>\n<td>VOLYM<\/td>\n<td>KVANTITET<\/td>\n<td>TOTALT (m\u00a0<sup>3<\/sup>\u00a0)<\/td>\n<\/tr>\n<tr>\n<td class=\"item\">Br\u00f6st<\/td>\n<td class=\"vol\"><\/td>\n<td class=\"qty\"><\/td>\n<td class=\"total\"><\/td>\n<\/tr>\n<tr>\n<td class=\"item\">Lekhage<\/td>\n<td class=\"vol\"><\/td>\n<td class=\"qty\"><\/td>\n<td class=\"total\"><\/td>\n<\/tr>\n<tr>\n<td class=\"item\">Barnens bad<\/td>\n<td class=\"vol\"><\/td>\n<td class=\"qty\"><\/td>\n<td class=\"total\"><\/td>\n<\/tr>\n<tr>\n<td class=\"item\">Barnstol<\/td>\n<td class=\"vol\"><\/td>\n<td class=\"qty\"><\/td>\n<td class=\"total\"><\/td>\n<\/tr>\n<tr>\n<td class=\"item\">Spj\u00e4ls\u00e4ng \/ barns\u00e4ng<\/td>\n<td class=\"vol\"><\/td>\n<td class=\"qty\"><\/td>\n<td class=\"total\"><\/td>\n<\/tr>\n<tr>\n<td class=\"item\">Leksakbr\u00f6st<\/td>\n<td class=\"vol\"><\/td>\n<td class=\"qty\"><\/td>\n<td class=\"total\"><\/td>\n<\/tr>\n<tr>\n<td class=\"item\">Liten garderob<\/td>\n<td class=\"vol\"><\/td>\n<td class=\"qty\"><\/td>\n<td class=\"total\"><\/td>\n<\/tr>\n<tr>\n<td class=\"item\">Stor kartong ca storlek (cm) 50x45x50<\/td>\n<td class=\"vol\"><\/td>\n<td class=\"qty\"><\/td>\n<td class=\"total\"><\/td>\n<\/tr>\n<tr>\n<td class=\"item\">Medium kartong ca storlek (cm) 40x45x45<\/td>\n<td class=\"vol\"><\/td>\n<td class=\"qty\"><\/td>\n<td class=\"total\"><\/td>\n<\/tr>\n<\/tbody>\n<\/table>\n<\/section>\n<section id=\"third\">\n<table id=\"bedroom\">\n<tbody>\n<tr>\n<td>SOVRUM (S)<\/td>\n<td>VOLYM<\/td>\n<td>KVANTITET<\/td>\n<td>TOTALT (m\u00a0<sup>3<\/sup>\u00a0)<\/td>\n<\/tr>\n<tr>\n<td class=\"item\">Liten matta<\/td>\n<td class=\"vol\"><\/td>\n<td class=\"qty\"><\/td>\n<td class=\"total\"><\/td>\n<\/tr>\n<tr>\n<td class=\"item\">Stor matta<\/td>\n<td class=\"vol\"><\/td>\n<td class=\"qty\"><\/td>\n<td class=\"total\"><\/td>\n<\/tr>\n<tr>\n<td class=\"item\">Enkels\u00e4ng (inkl. Madrass)<\/td>\n<td class=\"vol\"><\/td>\n<td class=\"qty\"><\/td>\n<td class=\"total\"><\/td>\n<\/tr>\n<tr>\n<td class=\"item\">Dubbels\u00e4ng (inkl. Madrass)<\/td>\n<td class=\"vol\"><\/td>\n<td class=\"qty\"><\/td>\n<td class=\"total\"><\/td>\n<\/tr>\n<tr>\n<td class=\"item\">Kingsize-s\u00e4ng (inkl. Madrass)<\/td>\n<td class=\"vol\"><\/td>\n<td class=\"qty\"><\/td>\n<td class=\"total\"><\/td>\n<\/tr>\n<tr>\n<td class=\"item\">Super Kingsize-s\u00e4ng<\/td>\n<td class=\"vol\"><\/td>\n<td class=\"qty\"><\/td>\n<td class=\"total\"><\/td>\n<\/tr>\n<tr>\n<td class=\"item\">V\u00e5ningss\u00e4ng (demonterad)<\/td>\n<td class=\"vol\"><\/td>\n<td class=\"qty\"><\/td>\n<td class=\"total\"><\/td>\n<\/tr>\n<tr>\n<td class=\"item\">Byr\u00e5 \/ walesisk byr\u00e5 \/ l\u00e5dor<\/td>\n<td class=\"vol\"><\/td>\n<td class=\"qty\"><\/td>\n<td class=\"total\"><\/td>\n<\/tr>\n<tr>\n<td class=\"item\">F\u00f6rvaring ottomanska<\/td>\n<td class=\"vol\"><\/td>\n<td class=\"qty\"><\/td>\n<td class=\"total\"><\/td>\n<\/tr>\n<tr>\n<td class=\"item\">Sminkbord<\/td>\n<td class=\"vol\"><\/td>\n<td class=\"qty\"><\/td>\n<td class=\"total\"><\/td>\n<\/tr>\n<tr>\n<td class=\"item\">S\u00e4ng sk\u00e5p<\/td>\n<td class=\"vol\"><\/td>\n<td class=\"qty\"><\/td>\n<td class=\"total\"><\/td>\n<\/tr>\n<tr>\n<td class=\"item\">Enkel garderob<\/td>\n<td class=\"vol\"><\/td>\n<td class=\"qty\"><\/td>\n<td class=\"total\"><\/td>\n<\/tr>\n<tr>\n<td class=\"item\">Dubbel garderob<\/td>\n<td class=\"vol\"><\/td>\n<td class=\"qty\"><\/td>\n<td class=\"total\"><\/td>\n<\/tr>\n<tr>\n<td class=\"item\">Garderobskartong<\/td>\n<td class=\"vol\"><\/td>\n<td class=\"qty\"><\/td>\n<td class=\"total\"><\/td>\n<\/tr>\n<tr>\n<td class=\"item\">Stor kartong ca storlek (cm) 50x45x50<\/td>\n<td class=\"vol\"><\/td>\n<td class=\"qty\"><\/td>\n<td class=\"total\"><\/td>\n<\/tr>\n<tr>\n<td class=\"item\">Medium kartong ca storlek (cm) 40x45x45<\/td>\n<td class=\"vol\"><\/td>\n<td class=\"qty\"><\/td>\n<td class=\"total\"><\/td>\n<\/tr>\n<\/tbody>\n<\/table>\n<table id=\"garden\">\n<tbody>\n<tr>\n<td>TR\u00c4DG\u00c5RD<\/td>\n<td>VOLYM<\/td>\n<td>KVANTITET<\/td>\n<td>TOTALT (m\u00a0<sup>3<\/sup>\u00a0)<\/td>\n<\/tr>\n<tr>\n<td class=\"item\">Tabell<\/td>\n<td class=\"vol\"><\/td>\n<td class=\"qty\"><\/td>\n<td class=\"total\"><\/td>\n<\/tr>\n<tr>\n<td class=\"item\">Stol<\/td>\n<td class=\"vol\"><\/td>\n<td class=\"qty\"><\/td>\n<td class=\"total\"><\/td>\n<\/tr>\n<tr>\n<td class=\"item\">Skottk\u00e4rra<\/td>\n<td class=\"vol\"><\/td>\n<td class=\"qty\"><\/td>\n<td class=\"total\"><\/td>\n<\/tr>\n<tr>\n<td class=\"item\">Tr\u00e4dg\u00e5rdsslang<\/td>\n<td class=\"vol\"><\/td>\n<td class=\"qty\"><\/td>\n<td class=\"total\"><\/td>\n<\/tr>\n<tr>\n<td class=\"item\">Stege<\/td>\n<td class=\"vol\"><\/td>\n<td class=\"qty\"><\/td>\n<td class=\"total\"><\/td>\n<\/tr>\n<tr>\n<td class=\"item\">Gr\u00e4sklippare (hand)<\/td>\n<td class=\"vol\"><\/td>\n<td class=\"qty\"><\/td>\n<td class=\"total\"><\/td>\n<\/tr>\n<tr>\n<td class=\"item\">Gr\u00e4sklippare (kraft)<\/td>\n<td class=\"vol\"><\/td>\n<td class=\"qty\"><\/td>\n<td class=\"total\"><\/td>\n<\/tr>\n<tr>\n<td class=\"item\">Gr\u00e4sklippare (ridning)<\/td>\n<td class=\"vol\"><\/td>\n<td class=\"qty\"><\/td>\n<td class=\"total\"><\/td>\n<\/tr>\n<tr>\n<td class=\"item\">F\u00e5gelbad<\/td>\n<td class=\"vol\"><\/td>\n<td class=\"qty\"><\/td>\n<td class=\"total\"><\/td>\n<\/tr>\n<tr>\n<td class=\"item\">BBQ<\/td>\n<td class=\"vol\"><\/td>\n<td class=\"qty\"><\/td>\n<td class=\"total\"><\/td>\n<\/tr>\n<tr>\n<td class=\"item\">Tr\u00e4dg\u00e5rdsredskap<\/td>\n<td class=\"vol\"><\/td>\n<td class=\"qty\"><\/td>\n<td class=\"total\"><\/td>\n<\/tr>\n<tr>\n<td class=\"item\">Litet barns glid<\/td>\n<td class=\"vol\"><\/td>\n<td class=\"qty\"><\/td>\n<td class=\"total\"><\/td>\n<\/tr>\n<tr>\n<td class=\"item\">Barns gunga<\/td>\n<td class=\"vol\"><\/td>\n<td class=\"qty\"><\/td>\n<td class=\"total\"><\/td>\n<\/tr>\n<tr>\n<td class=\"item\">Liten picknickb\u00e4nk<\/td>\n<td class=\"vol\"><\/td>\n<td class=\"qty\"><\/td>\n<td class=\"total\"><\/td>\n<\/tr>\n<tr>\n<td class=\"item\">Stor kartong ca (cm) 50x45x50<\/td>\n<td class=\"vol\"><\/td>\n<td class=\"qty\"><\/td>\n<td class=\"total\"><\/td>\n<\/tr>\n<tr>\n<td class=\"item\">Medium kartong ca storlek (cm) 40x45x45<\/td>\n<td class=\"vol\"><\/td>\n<td class=\"qty\"><\/td>\n<td class=\"total\"><\/td>\n<\/tr>\n<\/tbody>\n<\/table>\n<table id=\"loft\">\n<tbody>\n<tr>\n<td>LOFT \/ LAGRING<\/td>\n<td>VOLYM<\/td>\n<td>KVANTITET<\/td>\n<td>TOTALT (m\u00a0<sup>3<\/sup>\u00a0)<\/td>\n<\/tr>\n<tr>\n<td class=\"item\">Stor kartong ca (cm) 50x45x50<\/td>\n<td class=\"vol\"><\/td>\n<td class=\"qty\"><\/td>\n<td class=\"total\"><\/td>\n<\/tr>\n<tr>\n<td class=\"item\">Medium kartong ca storlek (cm) 40x45x45<\/td>\n<td class=\"vol\"><\/td>\n<td class=\"qty\"><\/td>\n<td class=\"total\"><\/td>\n<\/tr>\n<tr>\n<td class=\"item\">Liten kartong ca storlek (cm) 30x45x40<\/td>\n<td class=\"vol\"><\/td>\n<td class=\"qty\"><\/td>\n<td class=\"total\"><\/td>\n<\/tr>\n<\/tbody>\n<\/table>\n<\/section>\n<section id=\"fourth\">\n<table id=\"other\">\n<tbody>\n<tr>\n<td>\u00d6VRIG<\/td>\n<td>VOLYM<\/td>\n<td>KVANTITET<\/td>\n<td>TOTALT (m\u00a0<sup>3<\/sup>\u00a0)<\/td>\n<\/tr>\n<tr>\n<td class=\"item\">Resv\u00e4ska<\/td>\n<td class=\"vol\"><\/td>\n<td class=\"qty\"><\/td>\n<td class=\"total\"><\/td>\n<\/tr>\n<tr>\n<td class=\"item\">Arbetsb\u00e4nk<\/td>\n<td class=\"vol\"><\/td>\n<td class=\"qty\"><\/td>\n<td class=\"total\"><\/td>\n<\/tr>\n<tr>\n<td class=\"item\">L\u00f6pband<\/td>\n<td class=\"vol\"><\/td>\n<td class=\"qty\"><\/td>\n<td class=\"total\"><\/td>\n<\/tr>\n<tr>\n<td class=\"item\">Rockstativ<\/td>\n<td class=\"vol\"><\/td>\n<td class=\"qty\"><\/td>\n<td class=\"total\"><\/td>\n<\/tr>\n<tr>\n<td class=\"item\">Elverktyg<\/td>\n<td class=\"vol\"><\/td>\n<td class=\"qty\"><\/td>\n<td class=\"total\"><\/td>\n<\/tr>\n<tr>\n<td class=\"item\">Symaskin<\/td>\n<td class=\"vol\"><\/td>\n<td class=\"qty\"><\/td>\n<td class=\"total\"><\/td>\n<\/tr>\n<tr>\n<td class=\"item\">Barns cykel<\/td>\n<td class=\"vol\"><\/td>\n<td class=\"qty\"><\/td>\n<td class=\"total\"><\/td>\n<\/tr>\n<tr>\n<td class=\"item\">Vuxen cykel<\/td>\n<td class=\"vol\"><\/td>\n<td class=\"qty\"><\/td>\n<td class=\"total\"><\/td>\n<\/tr>\n<tr>\n<td class=\"item\">Stor kartong ca (cm) 50x45x50<\/td>\n<td class=\"vol\"><\/td>\n<td class=\"qty\"><\/td>\n<td class=\"total\"><\/td>\n<\/tr>\n<tr>\n<td class=\"item\">Medium kartong ca storlek (cm) 40x45x45<\/td>\n<td class=\"vol\"><\/td>\n<td class=\"qty\"><\/td>\n<td class=\"total\"><\/td>\n<\/tr>\n<\/tbody>\n<\/table>\n<table id=\"additional\">\n<tbody>\n<tr>\n<td>FREETYPE YTTERLIGARE PUNKTER<\/td>\n<td>VOLYM<\/td>\n<td>KVANTITET<\/td>\n<td>TOTALT (m\u00a0<sup>3<\/sup>\u00a0)<\/td>\n<\/tr>\n<tr>\n<td class=\"item\"><\/td>\n<td class=\"vol\"><\/td>\n<td class=\"qty\"><\/td>\n<td class=\"total\"><\/td>\n<\/tr>\n<tr>\n<td class=\"item\"><\/td>\n<td class=\"vol\"><\/td>\n<td class=\"qty\"><\/td>\n<td class=\"total\"><\/td>\n<\/tr>\n<tr>\n<td class=\"item\"><\/td>\n<td class=\"vol\"><\/td>\n<td class=\"qty\"><\/td>\n<td class=\"total\"><\/td>\n<\/tr>\n<tr>\n<td class=\"item\"><\/td>\n<td class=\"vol\"><\/td>\n<td class=\"qty\"><\/td>\n<td class=\"total\"><\/td>\n<\/tr>\n<tr>\n<td class=\"item\"><\/td>\n<td class=\"vol\"><\/td>\n<td class=\"qty\"><\/td>\n<td class=\"total\"><\/td>\n<\/tr>\n<tr>\n<td class=\"item\"><\/td>\n<td class=\"vol\"><\/td>\n<td class=\"qty\"><\/td>\n<td class=\"total\"><\/td>\n<\/tr>\n<tr>\n<td class=\"item\"><\/td>\n<td class=\"vol\"><\/td>\n<td class=\"qty\"><\/td>\n<td class=\"total\"><\/td>\n<\/tr>\n<tr>\n<td class=\"item\"><\/td>\n<td class=\"vol\"><\/td>\n<td class=\"qty\"><\/td>\n<td class=\"total\"><\/td>\n<\/tr>\n<tr>\n<td class=\"item\"><\/td>\n<td class=\"vol\"><\/td>\n<td class=\"qty\"><\/td>\n<td class=\"total\"><\/td>\n<\/tr>\n<tr>\n<td class=\"item\"><\/td>\n<td class=\"vol\"><\/td>\n<td class=\"qty\"><\/td>\n<td class=\"total\"><\/td>\n<\/tr>\n<tr>\n<td class=\"item\"><\/td>\n<td class=\"vol\"><\/td>\n<td class=\"qty\"><\/td>\n<td class=\"total\"><\/td>\n<\/tr>\n<tr>\n<td class=\"item\"><\/td>\n<td class=\"vol\"><\/td>\n<td class=\"qty\"><\/td>\n<td class=\"total\"><\/td>\n<\/tr>\n<tr>\n<td class=\"item\"><\/td>\n<td class=\"vol\"><\/td>\n<td class=\"qty\"><\/td>\n<td class=\"total\"><\/td>\n<\/tr>\n<tr>\n<td class=\"item\"><\/td>\n<td class=\"vol\"><\/td>\n<td class=\"qty\"><\/td>\n<td class=\"total\"><\/td>\n<\/tr>\n<tr>\n<td class=\"item\"><\/td>\n<td class=\"vol\"><\/td>\n<td class=\"qty\"><\/td>\n<td class=\"total\"><\/td>\n<\/tr>\n<tr>\n<td class=\"item\"><\/td>\n<td class=\"vol\"><\/td>\n<td class=\"qty\"><\/td>\n<td class=\"total\"><\/td>\n<\/tr>\n<tr>\n<td class=\"item\"><\/td>\n<td class=\"vol\"><\/td>\n<td class=\"qty\"><\/td>\n<td class=\"total\"><\/td>\n<\/tr>\n<tr>\n<td class=\"item\"><\/td>\n<td class=\"vol\"><\/td>\n<td class=\"qty\"><\/td>\n<td class=\"total\"><\/td>\n<\/tr>\n<tr>\n<td class=\"item\"><\/td>\n<td class=\"vol\"><\/td>\n<td class=\"qty\"><\/td>\n<td class=\"total\"><\/td>\n<\/tr>\n<tr>\n<td class=\"item\"><\/td>\n<td class=\"vol\"><\/td>\n<td class=\"qty\"><\/td>\n<td class=\"total\"><\/td>\n<\/tr>\n<tr>\n<td class=\"item\"><\/td>\n<td class=\"vol\"><\/td>\n<td class=\"qty\"><\/td>\n<td class=\"total\"><\/td>\n<\/tr>\n<tr>\n<td class=\"item\"><\/td>\n<td class=\"vol\"><\/td>\n<td class=\"qty\"><\/td>\n<td class=\"total\"><\/td>\n<\/tr>\n<tr>\n<td class=\"item\"><\/td>\n<td class=\"vol\"><\/td>\n<td class=\"qty\"><\/td>\n<td class=\"total\"><\/td>\n<\/tr>\n<tr>\n<td class=\"item\"><\/td>\n<td class=\"vol\"><\/td>\n<td class=\"qty\"><\/td>\n<td class=\"total\"><\/td>\n<\/tr>\n<tr>\n<td class=\"item\"><\/td>\n<td class=\"vol\"><\/td>\n<td class=\"qty\"><\/td>\n<td class=\"total\"><\/td>\n<\/tr>\n<tr>\n<td class=\"item\"><\/td>\n<td class=\"vol\"><\/td>\n<td class=\"qty\"><\/td>\n<td class=\"total\"><\/td>\n<\/tr>\n<tr>\n<td class=\"item\"><\/td>\n<td class=\"vol\"><\/td>\n<td class=\"qty\"><\/td>\n<td class=\"total\"><\/td>\n<\/tr>\n<tr>\n<td class=\"item\"><\/td>\n<td class=\"vol\"><\/td>\n<td class=\"qty\"><\/td>\n<td class=\"total\"><\/td>\n<\/tr>\n<\/tbody>\n<\/table>\n<\/section>\n<section id=\"result\">\n<div>\n<p>Total volym (m<sup>3<\/sup>):<\/p>\n<\/div>\n<div>\n<p>Total kvantitet:<\/p>\n<\/div>\n<\/section>\n<\/div>\n","protected":false},"excerpt":{"rendered":"<p>Kubisk minir\u00e4knare Denna kubikr\u00e4knare ger dig en uppskattning av volymen p\u00e5 din last, baserat p\u00e5 branschgenomsnitt. Fyll bara i den centrala kolumnen, m\u00e4rkt &#8221;Antal&#8221;\u00a0.\u00a0B\u00e5de v\u00e4nstra och h\u00f6gra kolumnerna \u00e4r tekniska kolumner f\u00f6r att utf\u00f6ra ber\u00e4kningen. Om du av misstag fyller i en cell i n\u00e5gon av dessa tv\u00e5 kolumner, v\u00e4nligen uppdatera sidan och b\u00f6rja om. [&hellip;]<\/p>\n","protected":false},"author":13,"featured_media":0,"parent":0,"menu_order":0,"comment_status":"closed","ping_status":"closed","template":"","meta":[],"yst_prominent_words":[5163],"_links":{"self":[{"href":"https:\/\/europeanmoving.co.uk\/sv\/wp-json\/wp\/v2\/pages\/13629"}],"collection":[{"href":"https:\/\/europeanmoving.co.uk\/sv\/wp-json\/wp\/v2\/pages"}],"about":[{"href":"https:\/\/europeanmoving.co.uk\/sv\/wp-json\/wp\/v2\/types\/page"}],"author":[{"embeddable":true,"href":"https:\/\/europeanmoving.co.uk\/sv\/wp-json\/wp\/v2\/users\/13"}],"replies":[{"embeddable":true,"href":"https:\/\/europeanmoving.co.uk\/sv\/wp-json\/wp\/v2\/comments?post=13629"}],"version-history":[{"count":4,"href":"https:\/\/europeanmoving.co.uk\/sv\/wp-json\/wp\/v2\/pages\/13629\/revisions"}],"predecessor-version":[{"id":22163,"href":"https:\/\/europeanmoving.co.uk\/sv\/wp-json\/wp\/v2\/pages\/13629\/revisions\/22163"}],"wp:attachment":[{"href":"https:\/\/europeanmoving.co.uk\/sv\/wp-json\/wp\/v2\/media?parent=13629"}],"wp:term":[{"taxonomy":"yst_prominent_words","embeddable":true,"href":"https:\/\/europeanmoving.co.uk\/sv\/wp-json\/wp\/v2\/yst_prominent_words?post=13629"}],"curies":[{"name":"wp","href":"https:\/\/api.w.org\/{rel}","templated":true}]}}