{"id":9646,"date":"2018-12-21T11:48:05","date_gmt":"2018-12-21T11:48:05","guid":{"rendered":"https:\/\/europeanmoving.fr\/?page_id=9646"},"modified":"2020-11-03T15:20:39","modified_gmt":"2020-11-03T15:20:39","slug":"general-tips-on-packing","status":"publish","type":"page","link":"https:\/\/europeanmoving.co.uk\/nl\/movers-guide-table\/general-tips-on-packing\/","title":{"rendered":"General Tips on Packing"},"content":{"rendered":"<h1 class=\"title-heading-left\"><strong><span>Algemene verpakkingstips<\/span><\/strong><\/h1>\n<p><img src=\"https:\/\/europeanmoving.im\/wp-content\/uploads\/2020\/01\/PackingV2.png\" \/><\/p>\n<p><span>Iedereen kan inpakken omdat het eerst en vooral gezond verstand vereist.\u00a0Maar het verpakken voor internationaal transport vraagt \u200b\u200bom een \u200b\u200bextra beschermingsniveau.\u00a0Op deze pagina vindt u enkele inpaktips waarvan we hopen dat ze nuttig zullen zijn.<\/span><\/p>\n<h2><strong><span>Verpakkingstips: uw items labelen<\/span><\/strong><\/h2>\n<p><span>Of u nu zelf de verhuizing regelt of European Moving vraagt \u200b\u200bom voor uw transport te zorgen (zie de diensten die wij aanbieden,\u00a0\u00a0<\/span><a href=\"https:\/\/europeanmoving.co.uk\/international-load-and-go-transport-only-service\/\" target=\"_blank\" rel=\"noopener noreferrer\"><span>Load &amp; Go<\/span><\/a><span>\u00a0\u00a0en\u00a0\u00a0<\/span><a href=\"https:\/\/europeanmoving.info\/basic-international-removal-service\/\" target=\"_blank\" rel=\"noopener noreferrer\"><span>Easymoves<\/span><\/a><span>\u00a0), het is een goede gewoonte om elk vakje te markeren met een nummer, uw naam en een lijst met de inhoud ervan. .\u00a0Kleurcodering van de labels volgens de kamer, met gekleurd papier of gekleurde tape.<\/span><br \/>\n<span>Ongeacht het bedrijf dat u gebruikt, moet u een inventaris maken.\u00a0Je moet er ook een maken, zelfs als je alleen verhuist.\u00a0Op deze manier heeft u, als een etiket gescheurd of nat is, een papiertje met de inhoud van die dozen bij u.<\/span><br \/>\n<span>Het klinkt misschien als veel werk voor weinig winst: dat is het niet.\u00a0Het zal op uw bestemming van onschatbare waarde blijken te zijn en u ervan weerhouden al uw dozen te openen wanneer u naar een specifiek item zoekt.<\/span><br \/>\n<span>NB\u00a0<\/span><b><span>Als u uw goederen als deellading boekt<\/span><\/b><span>\u00a0, deelt u waarschijnlijk de ruimte op de bestelwagen met de zendingen van anderen.\u00a0Daarom is het essentieel dat u uw goederen duidelijk labelt met uw volledige naam (dit moet ook de naam op de boeking zijn) en het bestemmingsadres.\u00a0U kunt ze doen in het formaat van uw keuze, maar wat u ook besluit, u moet uw goederen etiketteren en we raden u aan het volgende formaat te gebruiken:<\/span><\/p>\n<ul class=\"list-with-tick col4\">\n<li><span>Doos 1 van 20<\/span><\/li>\n<li><span>klantnaam<\/span><\/li>\n<li><span>Nummer en wegnaam<\/span><\/li>\n<li><span>stad<\/span><\/li>\n<li><span>Provincie<\/span><\/li>\n<li><span>Land<\/span><\/li>\n<li><span>Telefoonnummer<\/span><\/li>\n<\/ul>\n<h3><strong><span>Verpakkingstips: inventarislijst<\/span><\/strong><\/h3>\n<p><span>Ongeacht het bedrijf dat u gebruikt, moet u een inventaris maken.\u00a0Je moet er ook een maken, zelfs als je alleen verhuist.\u00a0Op deze manier heb je, als een etiket gescheurd of nat is, een papiertje met de inhoud van die dozen bij je.<\/span><br \/>\n<span>Het klinkt misschien als veel werk voor weinig winst: dat is het niet.\u00a0Het zal op uw bestemming van onschatbare waarde blijken te zijn en u ervan weerhouden al uw dozen te openen wanneer u naar een specifiek item zoekt.<\/span><br \/>\n<span>We verzoeken u uw verhuisco\u00f6rdinator 3 tot 5 dagen voor uw afhaaldag een inventarislijst met items te bezorgen, dit zal ons helpen de grootte van uw lading te beoordelen en hopelijk onverwachte problemen op de dag te voorkomen.\u00a0Houd er rekening mee dat we het gewicht van uw goederen niet kunnen meten, omdat dozen en meubels zo sterk verschillen.<\/span><br \/>\n<span>We vragen u ook om twee exemplaren van uw inventaris af te drukken die klaar zijn voor de afhaaldag, \u00e9\u00e9n voor uzelf en \u00e9\u00e9n voor de chauffeur.<\/span><br \/>\n<span>Controleer alle goederen op de bestelwagen op de laadplaats en zorg ervoor dat u (de klant) en de chauffeur beide exemplaren ondertekenen.\u00a0Dit zal bevestigen dat alles in de lijst is geladen.<\/span><br \/>\n<span>Zorg ervoor dat u alle goederen van de bestelwagen op de losplaats controleert en dat u (de klant) en de chauffeur beide exemplaren nogmaals ondertekenen.<\/span><br \/>\n<strong><span>Onderteken geen afleveringsdocumenten als er een discrepantie is.\u00a0Zodra de CMR is ondertekend, kunnen we geen enkele claim in behandeling nemen.<\/span><\/strong><\/p>\n<h2><strong><span>Verpakkingstips: Piano&#8217;s<\/span><\/strong><\/h2>\n<p><span>Wij zijn geen gespecialiseerde piano verhuizers.\u00a0Als u een dure piano heeft om te verhuizen, raden we u daarom ten zeerste aan om een \u200b\u200bgespecialiseerd pianobedrijf in te schakelen.<\/span><\/p>\n<p><span>We hebben met succes piano&#8217;s verplaatst en zijn daartoe bereid.\u00a0Houd echter rekening met het volgende:<\/span><\/p>\n<ul>\n<li><span>Voor eventuele schade zijn wij niet verantwoordelijk.<\/span><\/li>\n<li><span>De klant zou de volledige verantwoordelijkheid moeten nemen voor het laden en lossen, inclusief eventuele trolleys, opritten enz.<\/span><\/li>\n<li><span>Onze busjes hebben geen laadkleppen.\u00a0U moet bedenken hoe u het in en uit de vrachtwagen krijgt, die ongeveer 1,5 meter hoog is.<\/span><\/li>\n<li><span>Onze busjes hebben standaard geen verhuisdekens.\u00a0U moet er zelf een kopen voordat u het ophaalt.\u00a0Deze blijven na de bevalling bij u.<\/span><\/li>\n<li><span>In de meeste gevallen kunnen we niet op de piano stapelen.\u00a0Daarom is elke ruimte erboven of eronder dode ruimte.\u00a0U moet echter betalen voor het ongebruikte gebied.<\/span><\/li>\n<li><span>Onze busjes hebben maar \u00e9\u00e9n chauffeur, dus zorg voor voldoende personeel.\u00a0Houd rekening met het gewicht van de piano.<\/span><\/li>\n<\/ul>\n<h2><strong><span>Verpakkingstips: meubels<\/span><\/strong><\/h2>\n<p><span>Zorg ervoor dat u alle lades en vakken leegt.\u00a0Verwijder lades en deuren en verpak ze apart als dit het item te zwaar maakt.\u00a0Uw meubelstukken zullen worden blootgesteld aan kleine trillingen, evenals structurele beperkingen van de bewegingen van de bestelwagen.\u00a0Hierdoor kunnen sommige schroeven los van het meubilair trillen en uw goederen beschadigen.\u00a0Om dit te voorkomen, raden we u aan alle flatpack-meubels te demonteren en in karton te verpakken.\u00a0Zorg ervoor dat u de hoeken goed beschermt voor veilig transport.\u00a0Noch onze verzekeraars, noch wij aanvaarden aansprakelijkheid voor gemonteerde flatpack-meubels die tijdens het transport beschadigd zijn geraakt.<\/span><\/p>\n<h2><strong><span>Verpakkingstips: stoffen en lederen meubels<\/span><\/strong><\/h2>\n<p><iframe loading=\"lazy\" src=\"https:\/\/www.youtube.com\/embed\/QbT04NwjDWk\" width=\"560\" height=\"315\" frameborder=\"0\" allowfullscreen=\"allowfullscreen\" data-origwidth=\"560\" data-origheight=\"315\" data-mce-fragment=\"1\"><\/iframe><\/p>\n<p><span>Artikelen zoals banken en stoelen kunnen gemakkelijk krassen en markeren als u ze niet voldoende beschermt.\u00a0Onze chauffeurs behandelen uw eigendom met de grootste zorg en aandacht;\u00a0u wilt echter dat uw cr\u00e8mekleurige driedelige suite in onberispelijke staat aankomt.\u00a0European Moving raadt u ten zeerste aan om de meubels in verhuisdekens te wikkelen, of op zijn minst noppenfolie en stevige plastic zeilen.\u00a0Verstevig alle hoeken met een kartonnen of plastic omhulsel.<\/span><br \/>\n<span>Zorg ervoor dat u alle kussens verwijdert en ze naar tevredenheid beschermt.\u00a0Kussens zijn geweldig om de resterende ruimte op boekendozen of andere grote voorwerpen op te vullen.<\/span><br \/>\n<span>We vonden deze handige YouTube-video over het inpakken van stoffen en leren meubels:<\/span><\/p>\n<h2><strong><span>Verpakkingstips: uw verpakkingsmateriaal kiezen<\/span><\/strong><\/h2>\n<p><span>Om je inpakken goed te kunnen doen, moet je beginnen met de juiste materialen!\u00a0Opgemerkt dient te worden dat wij GEEN verhuisdekens verstrekken.\u00a0Al onze busjes worden geleverd met riemen om grotere voorwerpen in het voertuig vast te zetten.<\/span><\/p>\n<p><strong><span>Plastic<\/span><\/strong><br \/>\n<span>opbergdozen Gebruik geen plastic opbergdozen voor uw verhuizing!\u00a0Deze dozen worden gebruikt voor opslag omdat ze meestal transparant zijn en gemakkelijk stapelbaar, maar ze zijn helemaal niet geschikt om te vervoeren.\u00a0Zelfs als ze zijn opgeslagen, merken we dat ze niet meer dan twee hoog kunnen worden gestapeld zonder de integriteit van de deksels in gevaar te brengen, die altijd erg broos zijn en heel gemakkelijk barsten.<\/span><br \/>\n<span>Bovendien zijn de kunststof wanden en basis bijna altijd te dun en ook erg broos.\u00a0Hierdoor kunnen de wanden barsten en, nog belangrijker, wordt niet genoeg \u201cmeegegeven\u201d, wat essentieel is om de goederen binnenin te beschermen tijdens transport.\u00a0Het is ook erg moeilijk om de randen goed af te plakken, zodat ze niet luchtdicht kunnen worden gemaakt, wat een ander probleem is.\u00a0Met onvoldoende &#8220;meegeven&#8221; in de dozen en geen manier om ze luchtdicht te maken, wordt elke kleine trilling tijdens de reis direct overgebracht op de kwetsbare items binnenin.<\/span><br \/>\n<b><span>Kortom, gebruik geen plastic opbergboxen voor een reis van 20 km, laat staan \u200b\u200bvoor een reis van meer dan 2000 km.<\/span><\/b><\/p>\n<p><strong><span>Dozen<\/span><\/strong><br \/>\n<span>Het heeft geen zin veel tijd te investeren in het zorgvuldig inpakken van uw dozen als u dozen heeft gekozen die te dun zijn of van bros plastic zijn gemaakt en niet geschikt zijn voor transport.\u00a0Een goede bron voor gratis dozen is uw plaatselijke supermarkt (of apotheek).\u00a0Soms moet u misschien op een bepaald tijdstip van de dag gaan, omdat sommige supermarkten maar \u00e9\u00e9n keer per week zendingen ontvangen.<\/span><br \/>\n<span>Verzamel zowel grote als kleine dozen en als je toevallig iemand kent die onlangs is verhuisd, vraag hem dan of ze je een paar dozen kunnen geven.\u00a0Het is ok\u00e9 om tweedehands dozen te gebruiken, zolang ze in goede staat zijn, niet platgedrukt, verfrommeld of beschadigd door vocht enz. Ze moeten volledig afsluitbaar zijn en niet open van bovenaf.\u00a0Het is het beste om niet te gebruiken voor grotere dozen die te zwaar of onhandig zijn om te dragen.<\/span><br \/>\n<span>Het is ook mogelijk om dozen met een specifieke maat te bestellen voor specifieke items indien nodig (bijvoorbeeld: fietsen, hengels), hoewel de meeste mensen genoegen nemen met normale dozen om de hoge kosten van eenmalige bestellen te vermijden.<\/span><\/p>\n<p><strong><span>Verpakkingstape<\/span><\/strong><br \/>\n<span>Gemakkelijk te verkrijgen bij elke doe-het-zelf- of stationaire winkel, dus we vertrouwen erop dat u geen moeite zult hebben om deze benodigdheden te vinden.\u00a0De tape is natuurlijk cruciaal voor het vastplakken en sluiten van de dozen en het vastzetten van de beschermende verpakkingsmaterialen op uw meubels.\u00a0Er zijn verschillende soorten beschikbaar &#8211; hoewel we de neiging hebben om het duurdere type te gebruiken omdat het gemakkelijker te gebruiken is (het neigt niet zo vaak af te breken en af \u200b\u200bte scheuren in een hoek), is het ok om goedkopere tape te gebruiken als je dat liever hebt. tape kan erg duur zijn als deze in kleine hoeveelheden wordt gekocht.<\/span><\/p>\n<p><strong><span>Inpakpapier Pakpapier<\/span><\/strong><br \/>\n<span>is essentieel om breekbare voorwerpen in te pakken voordat u ze in de dozen doet.\u00a0De meest gebruikte variant wordt ook wel slagerspapier of &#8220;news off cut&#8221; -papier genoemd.\u00a0Houd er rekening mee dat het niet hetzelfde is als krant: gebruik geen krant om breekbare spullen in te pakken.\u00a0De inkt dringt overal doorheen en het papier zelf is niet zo flexibel als slagerspapier of vloeipapier.\u00a0Het kan niet zo gemakkelijk worden gekrast en gevormd en doet het niet zo goed.<\/span><br \/>\n<span>Tissuepapier is ook erg handig &#8211; het is dunner dan uitgesneden nieuws en is er in twee soorten: traditioneel en &#8220;zuurvrij&#8221;.\u00a0Dit laatste is handig voor het inpakken van zilverwerk en assisteren bij het inpakken van olieverfschilderijen.\u00a0Elk van deze drie papiersoorten is geschikt &#8211; u hebt niet per se alle drie de papiersoorten nodig.\u00a0Gebruik gewoon geen krant!<\/span><\/p>\n<p><strong><span>Noppenfolie en schuim<\/span><\/strong><br \/>\n<span>U kunt ook noppenfolie of schuim gebruiken voor het inpakken van breekbare artikelen, maar dit is niet absoluut noodzakelijk.\u00a0Professionele verhuizers gebruiken in de meeste gevallen meestal tissuepapier.\u00a0Af en toe kunt u opvulmaterialen gebruiken, maar deze materialen zijn niet absoluut noodzakelijk als u zelf inpakt.<\/span><\/p>\n<p><strong><span>Garderobedozen<\/span><\/strong><br \/>\n<span>Garderobedozen zijn ongelooflijk handig omdat u niet al uw kleding in dozen hoeft te vouwen en ze aan de andere kant opnieuw hoeft te strijken.\u00a0In plaats daarvan hangen ze de hele weg daar veilig aan een hanger.\u00a0Beschermende verpakkingsmaterialen zijn essentieel voor een goede exportverpakking.\u00a0Het gouden standaardproduct is &#8220;bubbeldeken&#8221;, de verzamelnaam voor Jiffy&#8217;s Furniguard en Furnisoft-assortiment.\u00a0Wij vinden deze producten uitstekend.\u00a0Ze zijn niet zo gemakkelijk te vinden in kleine winkeliers of opslagcentra.<\/span><br \/>\n<span>Als u geen product van het type Furnisoft heeft, kunt u noppenfolie gebruiken.\u00a0We raden aan om minimaal 2 lagen plus een laag plastic aan de buitenkant te gebruiken om de verpakking meer stevigheid te geven.\u00a0Luchtkussenfolie alleen is meestal te dun om op zichzelf voldoende bescherming te bieden, tenzij het vaak wordt omwikkeld.<\/span><br \/>\n<span>Andere \u201cnice to have\u201d materialen zijn hoekbeschermers en golfkarton.\u00a0Houd er nogmaals rekening mee dat het omwikkelen van een deken alleen niet voldoende is voor overzeese verhuizingen over grote afstanden.\u00a0Dekens zijn een handig hulpmiddel om extra bescherming te bieden aan meubels die al zijn ingepakt.<\/span><\/p>\n<h2><strong><span>Verpakkingstips: kwetsbare artikelen<\/span><\/strong><\/h2>\n<p><span>Veel van onze klanten stellen ons vragen over de meest geschikte methoden voor het verpakken van porselein, glaswerk en kwetsbare ornamenten.\u00a0Bij tissuepapier heb je misschien een of twee extra lagen nodig, alleen omdat het dunner is.\u00a0Als u zilverwerk of items met verzilvering verpakt, gebruik hiervoor zuurvrij tissuepapier.\u00a0Bij bijzonder kwetsbare items is het ok\u00e9 om wat extra noppenfolie of schuim te gebruiken, maar niet ten koste van het vloeipapier, met name het gekreukte &#8220;stuiteren&#8221; rond en tussen de items, waardoor de doos wordt gevuld en alles niet kan bewegen.<\/span><\/p>\n<h2><strong><span>Verpakkingstips: buitenmeubilair en schotelantenne<\/span><\/strong><\/h2>\n<p><span>Zorg ervoor dat al het buitenmeubilair is losgemaakt van het pand, gedemonteerd en klaar is voor transport voordat onze voertuigen bij uw eigendom aankomen.\u00a0Onthoud dat de verpakking ook de andere items in de bestelwagen beschermt.<\/span><\/p>\n<h2><strong><span>Verpakkingstips: gas- en elektrische apparaten<\/span><\/strong><\/h2>\n<p><span>Laat ze indien nodig door gekwalificeerde servicemonteurs klaarmaken voor verwijdering.\u00a0Mogelijk moet u kachels of verwarmingstoestellen loskoppelen, koelkastmotoren of trommels van de wasmachine vastschroeven, elektrische armaturen (wandverwarmers, elektrische klokken, enz.) Verwijderen die op het lichtnet zijn aangesloten of de tv-antenne van het dak halen.<\/span><\/p>\n<h2><strong><span>Verpakkingstips: armaturen en fittingen<\/span><\/strong><\/h2>\n<p><span>Technisch gezien worden ze gedefinieerd als items die aan de muur, het plafond of de vloer zijn bevestigd, maar sommige dingen zoals tv-antennes, wasdrogers en nachtverwarmers vallen mogelijk niet in deze categorie.\u00a0Het is het beste om al deze twijfelachtige zaken het onderwerp te maken van een formele overeenkomst tussen European Moving en uzelf.\u00a0Ook loont het de moeite om zaken als inbouwkeukens in de overeenkomst op te nemen.<\/span><\/p>\n<h2><strong><span>Verpakkingstips: tapijten en decoraties<\/span><\/strong><\/h2>\n<p><span>Als u in de nieuwe woning vasttapijt legt, schildert of de vloeren verzegelt, kunt u dit het beste doen voor de verhuizing.\u00a0Als u vloerkleden, gordijnen, stoelhoezen etc. heeft, is het een goed idee om deze van tevoren te laten reinigen en \/ of aanpassen.<\/span><\/p>\n<h2><strong><span>Verpakkingstips: sleutels<\/span><\/strong><\/h2>\n<p><span>Advocaten adviseren cli\u00ebnten normaal gesproken om de sleutels pas bij of na afwikkeling te overhandigen.\u00a0Hoewel dit lastig kan zijn, voorkomt het mogelijke zorgen.\u00a0Uw advocaat of de makelaar kan u meestal helpen om ervoor te zorgen dat de sleutels worden overhandigd op een tijdstip en plaats die volgens uw planning passen.\u00a0Neem zo snel mogelijk contact op met European Moving als er vertragingen zijn met de bestemming, aangezien dit gevolgen heeft voor uw verhuizing.<\/span><\/p>\n<h2><strong><span>Verpakkingstips: persoonlijke reisarrangementen<\/span><\/strong><\/h2>\n<p><span>Heeft u hotelaccommodatie nodig, onderweg of voor een paar dagen aan de andere kant?\u00a0Overweeg om vroeg te boeken.<\/span><br \/>\n<b><span>Plan uw vertrek niet onmiddellijk na het laden, vooral niet als u de trein neemt of vliegt<\/span><\/b><span>\u00a0.\u00a0Vertragingen komen voor, of het nu gaat om verkeer, onvoldoende personeel, overgewicht\u2026 Wij zijn niet verantwoordelijk voor de gevolgen van vertragingen bij het laden of lossen.<\/span><\/p>\n<p><b><span>Heb je handige inpaktips om te delen?\u00a0Stuur ons een mailtje op\u00a0\u00a0<\/span><a href=\"mailto:hello@europeanmoving.eu\"><span>hello@europeanmoving.eu<\/span><\/a><span>\u00a0.\u00a0We zullen de beste toevoegen aan onze pagina met verpakkingstips.<\/span><\/b><\/p>\n","protected":false},"excerpt":{"rendered":"<p>Algemene verpakkingstips Iedereen kan inpakken omdat het eerst en vooral gezond verstand vereist.\u00a0Maar het verpakken voor internationaal transport vraagt \u200b\u200bom een \u200b\u200bextra beschermingsniveau.\u00a0Op deze pagina vindt u enkele inpaktips waarvan we hopen dat ze nuttig zullen zijn. Verpakkingstips: uw items labelen Of u nu zelf de verhuizing regelt of European Moving vraagt \u200b\u200bom voor uw [&hellip;]<\/p>\n","protected":false},"author":13,"featured_media":0,"parent":19696,"menu_order":0,"comment_status":"closed","ping_status":"closed","template":"","meta":[],"yst_prominent_words":[7265,7968,7287,3484,7498,206,7257,7567,7217,7218],"_links":{"self":[{"href":"https:\/\/europeanmoving.co.uk\/nl\/wp-json\/wp\/v2\/pages\/9646"}],"collection":[{"href":"https:\/\/europeanmoving.co.uk\/nl\/wp-json\/wp\/v2\/pages"}],"about":[{"href":"https:\/\/europeanmoving.co.uk\/nl\/wp-json\/wp\/v2\/types\/page"}],"author":[{"embeddable":true,"href":"https:\/\/europeanmoving.co.uk\/nl\/wp-json\/wp\/v2\/users\/13"}],"replies":[{"embeddable":true,"href":"https:\/\/europeanmoving.co.uk\/nl\/wp-json\/wp\/v2\/comments?post=9646"}],"version-history":[{"count":8,"href":"https:\/\/europeanmoving.co.uk\/nl\/wp-json\/wp\/v2\/pages\/9646\/revisions"}],"predecessor-version":[{"id":22114,"href":"https:\/\/europeanmoving.co.uk\/nl\/wp-json\/wp\/v2\/pages\/9646\/revisions\/22114"}],"up":[{"embeddable":true,"href":"https:\/\/europeanmoving.co.uk\/nl\/wp-json\/wp\/v2\/pages\/19696"}],"wp:attachment":[{"href":"https:\/\/europeanmoving.co.uk\/nl\/wp-json\/wp\/v2\/media?parent=9646"}],"wp:term":[{"taxonomy":"yst_prominent_words","embeddable":true,"href":"https:\/\/europeanmoving.co.uk\/nl\/wp-json\/wp\/v2\/yst_prominent_words?post=9646"}],"curies":[{"name":"wp","href":"https:\/\/api.w.org\/{rel}","templated":true}]}}