{"id":9634,"date":"2018-09-12T10:40:43","date_gmt":"2018-09-12T10:40:43","guid":{"rendered":"https:\/\/europeanmoving.co.uk\/?page_id=9634"},"modified":"2020-09-16T08:31:51","modified_gmt":"2020-09-16T08:31:51","slug":"europese-en-internationale-verhuizingen-van-en-man","status":"publish","type":"page","link":"https:\/\/europeanmoving.co.uk\/nl\/europese-en-internationale-verhuizingen-van-en-man\/","title":{"rendered":"Goedkope &#8216;Man &#038; Van&#8217; voor Europese en internationale verhuizingen"},"content":{"rendered":"<p><strong><span>Goedkope man en bus voor Europese verhuizingen<\/span><\/strong><span>\u00a0&#8211; Als u de kosten van uw internationale verhuizingen wilt minimaliseren, kan European Moving u voorzien van een man en bus binnen Europa met een uitstekende prijs-kwaliteitverhouding.\u00a0We zijn er trots op dat we de beste man- en bestelwagenprijzen hebben, terwijl we een professionele, goedkope man- en bestelwagen-service bieden zonder compromissen.<\/span><br \/>\n<span>Het is nog nooit zo eenvoudig geweest om een \u200b\u200bgoedkope man en busje te vinden voor Europese verhuizingen met ons nieuwe instant online offerte- en boekingssysteem.<\/span><\/p>\n<p><span>U kunt er zeker van zijn dat de prijs die u ziet de prijs is die u betaalt, inclusief alle bijbehorende kosten (veerboot, tol) en BTW.\u00a0Dus waarom vul je ons online formulier niet in en ontvang je nu een gratis offerte?<\/span><br \/>\n<span>European Moving is een gevestigd en gerenommeerd verhuisbedrijf.\u00a0Onze Europese\u00a0<\/span><strong><span>verhuisdiensten<\/span><\/strong><span>\u00a0worden aangeboden in\u00a0<strong>het VK, Frankrijk, Duitsland, Ierland, Noord-Ierland, Spanje, Canarische Eilanden, Balearen, Belgi\u00eb, Denemarken, Estland, Luxemburg, Nederland, Polen, Oostenrijk, Bulgarije, Kroati\u00eb, Tsjechi\u00eb, Finland, Griekenland, Hongarije, Itali\u00eb, Letland, Litouwen, Malta, Cyprus, Portugal, Roemeni\u00eb, Slowakije, Sloveni\u00eb, Zweden, Verenigd Koninkrijk, Zwitserland, Noorwegen.<\/strong><\/span><br \/>\n<span>Onze toegewijde verhuismanagers zijn volledig opgeleid, professioneel en hoffelijk, dus waarom belt u ons niet op en bespreekt u uw goedkope verhuisvereisten.<\/span><\/p>\n","protected":false},"excerpt":{"rendered":"<p>Goedkope man en bus voor Europese verhuizingen\u00a0&#8211; Als u de kosten van uw internationale verhuizingen wilt minimaliseren, kan European Moving u voorzien van een man en bus binnen Europa met een uitstekende prijs-kwaliteitverhouding.\u00a0We zijn er trots op dat we de beste man- en bestelwagenprijzen hebben, terwijl we een professionele, goedkope man- en bestelwagen-service bieden zonder [&hellip;]<\/p>\n","protected":false},"author":13,"featured_media":0,"parent":0,"menu_order":0,"comment_status":"closed","ping_status":"closed","template":"","meta":[],"yst_prominent_words":[3823,8225,7287,3484,133,7380,247,9647,206,9637],"_links":{"self":[{"href":"https:\/\/europeanmoving.co.uk\/nl\/wp-json\/wp\/v2\/pages\/9634"}],"collection":[{"href":"https:\/\/europeanmoving.co.uk\/nl\/wp-json\/wp\/v2\/pages"}],"about":[{"href":"https:\/\/europeanmoving.co.uk\/nl\/wp-json\/wp\/v2\/types\/page"}],"author":[{"embeddable":true,"href":"https:\/\/europeanmoving.co.uk\/nl\/wp-json\/wp\/v2\/users\/13"}],"replies":[{"embeddable":true,"href":"https:\/\/europeanmoving.co.uk\/nl\/wp-json\/wp\/v2\/comments?post=9634"}],"version-history":[{"count":4,"href":"https:\/\/europeanmoving.co.uk\/nl\/wp-json\/wp\/v2\/pages\/9634\/revisions"}],"predecessor-version":[{"id":21913,"href":"https:\/\/europeanmoving.co.uk\/nl\/wp-json\/wp\/v2\/pages\/9634\/revisions\/21913"}],"wp:attachment":[{"href":"https:\/\/europeanmoving.co.uk\/nl\/wp-json\/wp\/v2\/media?parent=9634"}],"wp:term":[{"taxonomy":"yst_prominent_words","embeddable":true,"href":"https:\/\/europeanmoving.co.uk\/nl\/wp-json\/wp\/v2\/yst_prominent_words?post=9634"}],"curies":[{"name":"wp","href":"https:\/\/api.w.org\/{rel}","templated":true}]}}