{"id":22047,"date":"2020-09-17T09:16:04","date_gmt":"2020-09-17T09:16:04","guid":{"rendered":"http:\/\/europeanmoving.im\/?page_id=22047"},"modified":"2020-09-17T09:16:04","modified_gmt":"2020-09-17T09:16:04","slug":"europese-verzending","status":"publish","type":"page","link":"https:\/\/europeanmoving.co.uk\/nl\/europese-verzending\/","title":{"rendered":"Europese verzending"},"content":{"rendered":"<h1 class=\"title-heading-left\"><strong><span>Europees en internationaal zeevervoer<\/span><\/strong><\/h1>\n<p><strong><span>Ons toegewijde International Marine Transport-team<\/span><\/strong><\/p>\n<p><span>Bij European Moving hebben we ons eigen Europese en internationale maritieme transportteam gebaseerd op de Zwarte Zee &#8211; Port Varna.\u00a0Onze aanzienlijke ervaring in Europese zeetransporten voor volledige of gedeeltelijke containers &#8211; strekt zich uit tot de volgende gebieden:<\/span><\/p>\n<ul class=\"list-with-tick fullCol\">\n<li><span>De Griekse eilanden: Kreta, Euboea, Lesbos, Rhodos, Ch\u00edos, Kefalonia, Corfu, Lemnos, Samos, Naxos, Zakynthos, Thassos, Andros, Lefkada, Karpathos, Kos, Kythira, Ikaria, Skyros, Paros, Tinos, Samothrace, Milos, Kea, Amorgos, Kalymnos, Ios, Kythnos, Astypalaia, Ithaca plus alle andere op verzoek en afhankelijk van beschikbaarheid.<\/span><\/li>\n<li><span>De Balkanlanden: Albani\u00eb, Bulgarije, Bosni\u00eb en Herzegovina, Kosovo, Macedoni\u00eb, Servi\u00eb, Kroati\u00eb en Montenegro.<\/span><\/li>\n<li><span>Forma Sovjetstaten: Armeni\u00eb, Azerbeidzjan, Georgi\u00eb, Wit-Rusland, Moldavi\u00eb en Oekra\u00efne.<\/span><\/li>\n<li><span>De Canarische Eilanden: El Hierro, Fuerteventura, Gran Canaria, La Gomera, Lanzarote, Chinijo-archipel, La Palma, Tenerife.<\/span><\/li>\n<li><span>Turkije en eilanden<\/span><\/li>\n<li><span>Belangrijkste eilanden van Maderia<\/span><\/li>\n<li><span>Belangrijkste eilanden van de Azuren<\/span><\/li>\n<\/ul>\n<p><img src=\"https:\/\/europeanmoving.im\/wp-content\/uploads\/2018\/07\/Marine.jpeg\" \/><\/p>\n<h2><strong><span>Neem contact op<\/span><\/strong><\/h2>\n<p><span>Het doorkruisen van de Europese zee\u00ebn kan een logistieke nachtmerrie zijn, maar vormt vaak ook een kosteneffectief alternatief voor pan-Europese reizen over land.\u00a0Met oog voor detail en een zorgvuldige organisatie stemmen wij onze Internationale Zeetransporten af \u200b\u200bop de individuele klant.\u00a0Onze medewerkers zijn gespecialiseerd in internationale verzending, export en verhuizingen.\u00a0Of u nu een volledige verhuizing of een deellast heeft, wij kunnen een service bieden die aan uw eisen voldoet.\u00a0Zeetransport met volledige en gedeeltelijke lading door Europa is het enige dat ons gespecialiseerde team in Varna doet.\u00a0Bijgevolg kunt u erop vertrouwen dat onze ervaring uw wensen ten goede komt.\u00a0Er is niet veel dat we niet hebben gedaan in deze sector en we kunnen al uw vragen beantwoorden over European Marine Transport en hoe we u kunnen helpen.\u00a0Wat u ook door Europa verhuist en waar u ook naartoe verhuist,\u00a0je hebt gemoedsrust nodig.\u00a0Als u verzending nodig heeft, is het nog moeilijker en heeft u een specialist nodig om u te helpen.\u00a0We helpen bedrijven in heel Europa elke dag.\u00a0Als u een prijsopgave voor een van de plaatsen wilt, neem dan contact op met ons European Marine Transport-team via het contactformulier.<\/span><\/p>\n","protected":false},"excerpt":{"rendered":"<p>Europees en internationaal zeevervoer Ons toegewijde International Marine Transport-team Bij European Moving hebben we ons eigen Europese en internationale maritieme transportteam gebaseerd op de Zwarte Zee &#8211; Port Varna.\u00a0Onze aanzienlijke ervaring in Europese zeetransporten voor volledige of gedeeltelijke containers &#8211; strekt zich uit tot de volgende gebieden: De Griekse eilanden: Kreta, Euboea, Lesbos, Rhodos, Ch\u00edos, [&hellip;]<\/p>\n","protected":false},"author":13,"featured_media":0,"parent":0,"menu_order":0,"comment_status":"closed","ping_status":"closed","template":"","meta":[],"yst_prominent_words":[7265,9649,3823,9639,7287,15039,521,7261,15038,7379,9577,7788,7438,15045,206,7257,7811],"_links":{"self":[{"href":"https:\/\/europeanmoving.co.uk\/nl\/wp-json\/wp\/v2\/pages\/22047"}],"collection":[{"href":"https:\/\/europeanmoving.co.uk\/nl\/wp-json\/wp\/v2\/pages"}],"about":[{"href":"https:\/\/europeanmoving.co.uk\/nl\/wp-json\/wp\/v2\/types\/page"}],"author":[{"embeddable":true,"href":"https:\/\/europeanmoving.co.uk\/nl\/wp-json\/wp\/v2\/users\/13"}],"replies":[{"embeddable":true,"href":"https:\/\/europeanmoving.co.uk\/nl\/wp-json\/wp\/v2\/comments?post=22047"}],"version-history":[{"count":1,"href":"https:\/\/europeanmoving.co.uk\/nl\/wp-json\/wp\/v2\/pages\/22047\/revisions"}],"predecessor-version":[{"id":22053,"href":"https:\/\/europeanmoving.co.uk\/nl\/wp-json\/wp\/v2\/pages\/22047\/revisions\/22053"}],"wp:attachment":[{"href":"https:\/\/europeanmoving.co.uk\/nl\/wp-json\/wp\/v2\/media?parent=22047"}],"wp:term":[{"taxonomy":"yst_prominent_words","embeddable":true,"href":"https:\/\/europeanmoving.co.uk\/nl\/wp-json\/wp\/v2\/yst_prominent_words?post=22047"}],"curies":[{"name":"wp","href":"https:\/\/api.w.org\/{rel}","templated":true}]}}