{"id":22035,"date":"2020-09-16T18:00:17","date_gmt":"2020-09-16T18:00:17","guid":{"rendered":"http:\/\/europeanmoving.im\/?page_id=22035"},"modified":"2020-09-16T18:00:17","modified_gmt":"2020-09-16T18:00:17","slug":"europees-en-internationaal-liefdadigheidsvervoer","status":"publish","type":"page","link":"https:\/\/europeanmoving.co.uk\/nl\/europees-en-internationaal-liefdadigheidsvervoer\/","title":{"rendered":"Europees en internationaal liefdadigheidsvervoer"},"content":{"rendered":"<p><strong><span>Europese en internationale liefdadigheidsvervoer<\/span><\/strong><span>\u00a0met Europese verhuiswagens en man-diensten worden aangeboden in het VK, Frankrijk, Duitsland, Ierland, Noord-Ierland, Spanje, Cari\u00ebs-eilanden en de Balearen, Belgi\u00eb, Denemarken, Estland, Luxemburg, Nederland, Polen, Oostenrijk, Bulgarije, Kroati\u00eb, Tsjechi\u00eb, Finland, Griekenland, Honger, Itali\u00eb, Letland, Litouwen, Malta, Cyprus, Portugal, Roemeni\u00eb, Slowakije, Sloveni\u00eb, Zweden, Verenigd Koninkrijk, Zwitserland, Noorwegen en de hele Europese Unie.<\/span><\/p>\n","protected":false},"excerpt":{"rendered":"<p>Europese en internationale liefdadigheidsvervoer\u00a0met Europese verhuiswagens en man-diensten worden aangeboden in het VK, Frankrijk, Duitsland, Ierland, Noord-Ierland, Spanje, Cari\u00ebs-eilanden en de Balearen, Belgi\u00eb, Denemarken, Estland, Luxemburg, Nederland, Polen, Oostenrijk, Bulgarije, Kroati\u00eb, Tsjechi\u00eb, Finland, Griekenland, Honger, Itali\u00eb, Letland, Litouwen, Malta, Cyprus, Portugal, Roemeni\u00eb, Slowakije, Sloveni\u00eb, Zweden, Verenigd Koninkrijk, Zwitserland, Noorwegen en de hele Europese Unie.<\/p>\n","protected":false},"author":13,"featured_media":0,"parent":0,"menu_order":0,"comment_status":"closed","ping_status":"closed","template":"","meta":[],"yst_prominent_words":[3823,3484,7347,7380],"_links":{"self":[{"href":"https:\/\/europeanmoving.co.uk\/nl\/wp-json\/wp\/v2\/pages\/22035"}],"collection":[{"href":"https:\/\/europeanmoving.co.uk\/nl\/wp-json\/wp\/v2\/pages"}],"about":[{"href":"https:\/\/europeanmoving.co.uk\/nl\/wp-json\/wp\/v2\/types\/page"}],"author":[{"embeddable":true,"href":"https:\/\/europeanmoving.co.uk\/nl\/wp-json\/wp\/v2\/users\/13"}],"replies":[{"embeddable":true,"href":"https:\/\/europeanmoving.co.uk\/nl\/wp-json\/wp\/v2\/comments?post=22035"}],"version-history":[{"count":1,"href":"https:\/\/europeanmoving.co.uk\/nl\/wp-json\/wp\/v2\/pages\/22035\/revisions"}],"predecessor-version":[{"id":22044,"href":"https:\/\/europeanmoving.co.uk\/nl\/wp-json\/wp\/v2\/pages\/22035\/revisions\/22044"}],"wp:attachment":[{"href":"https:\/\/europeanmoving.co.uk\/nl\/wp-json\/wp\/v2\/media?parent=22035"}],"wp:term":[{"taxonomy":"yst_prominent_words","embeddable":true,"href":"https:\/\/europeanmoving.co.uk\/nl\/wp-json\/wp\/v2\/yst_prominent_words?post=22035"}],"curies":[{"name":"wp","href":"https:\/\/api.w.org\/{rel}","templated":true}]}}