{"id":21987,"date":"2020-09-16T12:07:07","date_gmt":"2020-09-16T12:07:07","guid":{"rendered":"http:\/\/europeanmoving.im\/?page_id=21987"},"modified":"2020-09-16T17:36:36","modified_gmt":"2020-09-16T17:36:36","slug":"international-events-logistics-transport","status":"publish","type":"page","link":"https:\/\/europeanmoving.co.uk\/nl\/international-events-logistics-transport\/","title":{"rendered":"International Events Logistics &#038; Transport"},"content":{"rendered":"<p><strong><span>Internationale evenementen logistiek en transport\u00a0<\/span><\/strong><\/p>\n<p><span lang=\"en\"><span>Deze dienst is gespecialiseerd in Europees en internationaal evenemententransport met vestigingen door heel Europa.\u00a0We zijn al meer dan 20 jaar aanwezig in het vak, zowel als belanghebbenden als in de live evenementenindustrie.\u00a0We bieden goedkope logistieke diensten in:<\/span><\/span><\/p>\n<ul class=\"list-with-tick col3\">\n<li><span>Muziek en entertainment<\/span><\/li>\n<li><span>Festivals en nachtclubs<\/span><\/li>\n<li><span>Corporate events<\/span><\/li>\n<li><span>Theatershows<\/span><\/li>\n<li><span>Festivals en beurzen<\/span><\/li>\n<li><span>Promotionele reizen<\/span><\/li>\n<li><span>Pop-up-evenementen<\/span><\/li>\n<li><span>Conferenties<\/span><\/li>\n<li><span>Prijsuitreiking<\/span><\/li>\n<li><span>Feesten en vieringen<\/span><\/li>\n<\/ul>\n<p class=\"tw-data-text tw-ta tw-text-small\"><span lang=\"en\"><span>Wat uw wensen ook zijn, onze ervaren medewerkers zorgen voor gemoedsrust.\u00a0Onze diensten worden geleverd in Frankrijk, het Verenigd Koninkrijk, Duitsland, Ierland, Noord-Ierland en Spanje.\u00a0Andere bestemmingen zijn de Cari\u00ebs-eilanden en de Balearen, Belgi\u00eb, Denemarken, Estland, Luxemburg, Nederland, Polen, Oostenrijk, Bulgarije en Kroati\u00eb.\u00a0Ga voor een volledige lijst met locaties naar onze Moving Guide-pagina.<\/span><\/span><span lang=\"en\"><span>Onze klanten behoren tot de bekendste in de wereld van zaken, entertainment en muziek en hebben ervaring in het produceren en beheren van concerten en shows.\u00a0We begrijpen de complexiteit van het organiseren en beheren van alle evenementen op dit gebied.\u00a0Onze filosofie is om de beste oplossingen te bieden en ervoor te zorgen dat uw evenement een succes wordt.\u00a0We weten dat live-evenementen tijdgevoelige leveringen en ophalingen vereisen en we zijn er trots op betrouwbaar te zijn en veilig te werken.\u00a0Onze uitstekende reputatie is de sleutel tot ons succes.<\/span><\/span><\/p>\n<p id=\"tw-target-text\" class=\"tw-data-text tw-ta tw-text-small\"><span lang=\"en\"><span>Dankzij ons gevestigde Europese logistieke netwerk kunnen we een complete end-to-end service bieden om uw evenement soepel te laten verlopen.\u00a0We kunnen ook vliegtuigcharter regelen, daarnaast kunnen we containers voor zeevracht leveren als u dat nodig heeft.\u00a0Voor meer informatie over onze transportevenementen kunt u ons contactformulier invullen of ons bellen.<\/span><\/span><\/p>\n","protected":false},"excerpt":{"rendered":"<p>Internationale evenementen logistiek en transport\u00a0 Deze dienst is gespecialiseerd in Europees en internationaal evenemententransport met vestigingen door heel Europa.\u00a0We zijn al meer dan 20 jaar aanwezig in het vak, zowel als belanghebbenden als in de live evenementenindustrie.\u00a0We bieden goedkope logistieke diensten in: Muziek en entertainment Festivals en nachtclubs Corporate events Theatershows Festivals en beurzen Promotionele [&hellip;]<\/p>\n","protected":false},"author":13,"featured_media":0,"parent":0,"menu_order":0,"comment_status":"closed","ping_status":"closed","template":"","meta":[],"yst_prominent_words":[6407,8221,7806,7287,7404,7261,7887,9549,7379,9577,7498,8010,9543,206,7811,7567],"_links":{"self":[{"href":"https:\/\/europeanmoving.co.uk\/nl\/wp-json\/wp\/v2\/pages\/21987"}],"collection":[{"href":"https:\/\/europeanmoving.co.uk\/nl\/wp-json\/wp\/v2\/pages"}],"about":[{"href":"https:\/\/europeanmoving.co.uk\/nl\/wp-json\/wp\/v2\/types\/page"}],"author":[{"embeddable":true,"href":"https:\/\/europeanmoving.co.uk\/nl\/wp-json\/wp\/v2\/users\/13"}],"replies":[{"embeddable":true,"href":"https:\/\/europeanmoving.co.uk\/nl\/wp-json\/wp\/v2\/comments?post=21987"}],"version-history":[{"count":1,"href":"https:\/\/europeanmoving.co.uk\/nl\/wp-json\/wp\/v2\/pages\/21987\/revisions"}],"predecessor-version":[{"id":21995,"href":"https:\/\/europeanmoving.co.uk\/nl\/wp-json\/wp\/v2\/pages\/21987\/revisions\/21995"}],"wp:attachment":[{"href":"https:\/\/europeanmoving.co.uk\/nl\/wp-json\/wp\/v2\/media?parent=21987"}],"wp:term":[{"taxonomy":"yst_prominent_words","embeddable":true,"href":"https:\/\/europeanmoving.co.uk\/nl\/wp-json\/wp\/v2\/yst_prominent_words?post=21987"}],"curies":[{"name":"wp","href":"https:\/\/api.w.org\/{rel}","templated":true}]}}