{"id":13638,"date":"2019-06-18T11:49:19","date_gmt":"2019-06-18T11:49:19","guid":{"rendered":"http:\/\/europeanmoving.co.uk\/tillaggstjanster-packning-extra-arbetskraft-hjalp-till-overvaning-med-mera\/"},"modified":"2020-02-28T13:51:35","modified_gmt":"2020-02-28T13:51:35","slug":"tillaggstjanster-packning-extra-arbetskraft-hjalp-till-overvaning-med-mera","status":"publish","type":"page","link":"https:\/\/europeanmoving.co.uk\/nl\/tillaggstjanster-packning-extra-arbetskraft-hjalp-till-overvaning-med-mera\/","title":{"rendered":"Packning, extra arbetskraft, hj\u00e4lp till \u00f6verv\u00e5ning&#8230;"},"content":{"rendered":"<h1><span style=\"color: #1774b5;\"><b>Packning, extra arbetskraft, hj\u00e4lp till \u00f6verv\u00e5ning&#8230;<\/b><\/span><\/h1>\n<p>Om en enkel L\u00c5GKOSTNADS Man&amp;Van tj\u00e4nst inte r\u00e4cker till s\u00e5 kan European Moving \u00e4ven erbjuda fullst\u00e4ndig packtj\u00e4nst och\/eller uppackningstj\u00e4nst.<br \/>\nDessa tj\u00e4nster finns endast tillg\u00e4ngliga f\u00f6r fulla flyttbilar, en eller flera.<\/p>\n<h2><span style=\"color: #1774b5;\"><b>Till\u00e4ggstj\u00e4nster: Packtj\u00e4nster<\/b><\/span><\/h2>\n<ol style=\"padding-left: 30px; margin-bottom: 10px; line-height: 25px;\">\n<li>1. Minst 3 b\u00e4rare f\u00f6r 1 dedikerad luton-sk\u00e5pbil skickas, ytterligare b\u00e4rare medf\u00f6ljer om fler sk\u00e5pbilar skickas.<\/li>\n<li>2. Allt kvalitativt emballage som beh\u00f6vs medf\u00f6ljer.<\/li>\n<li>3. Alla stora m\u00f6bler som ska nedmonteras (Ikea-m\u00f6bler ing\u00e5r; men, vi tar inget ansvar f\u00f6r dessa m\u00f6bler och om specialverktyg kr\u00e4vs, tillhandah\u00e5ller kunden dessa). Du kan vara s\u00e4ker p\u00e5 att ALLA \u00e4godelar kommer hanteras med st\u00f6rsta omsorg och h\u00e4nsyn.<\/li>\n<\/ol>\n<p>F\u00f6rpackningstid f\u00f6r 1 dedikerad luton-sk\u00e5pbil \u00e4r 1 dag, och en extra dag l\u00e4ggs till per ytterligare sk\u00e5pbil.<\/p>\n<p>Denna tj\u00e4nst kostar som f\u00f6ljer i Storbritannien och Irland, och i alla andra europeiska l\u00e4nder beh\u00f6ver kostnaden kollas med din flyttsamordnare.<\/p>\n<ul style=\"list-style-type: disc; padding-left: 20px;\">\n<li>1 sk\u00e5pbil \u20ac1375\/\u00a31235 + MOMS<\/li>\n<li>2 sk\u00e5pbilar \u20ac2695\/\u00a32420 + MOMS<\/li>\n<li>3 sk\u00e5pbilar \u20ac3850\/\u00a33450 + MOMS<\/li>\n<li>F\u00f6r varje efterf\u00f6ljande sk\u00e5pbil d\u00e4refter \u20ac1285\/\u00a31150 + MOMS<\/li>\n<\/ul>\n<h2><span style=\"color: #1774b5;\"><b>Till\u00e4ggstj\u00e4nster: Uppackning tj\u00e4nster<\/b><\/span><\/h2>\n<ol style=\"padding-left: 30px; margin-bottom: 10px; line-height: 25px;\">\n<li>1. Minst 2 b\u00e4rare medf\u00f6ljer per 1 dedikerad luton-sk\u00e5pbil, ytterligare b\u00e4rare medf\u00f6ljer vid st\u00f6rre antal sk\u00e5pbilar.<\/li>\n<li>2. Allt st\u00f6rre m\u00f6blemang monteras ihop igen (Ikea-m\u00f6bler inkluderade; dock, tar vi inget ansvar f\u00f6r dessa m\u00f6bler och vid behov av specialverktyg, m\u00e5ste kunden tillhandah\u00e5lla dessa). Du kan k\u00e4nna dig trygg med att ALLA \u00e4godelar kommer hanteras med yttersta omsorg och h\u00e4nsyn.<\/li>\n<li>3. Avyttring av allt emballage, vid behov.<\/li>\n<\/ol>\n<p>Kostnaden f\u00f6r denna tj\u00e4nst i Storbritannien och Irland \u00e4r som f\u00f6ljer, f\u00f6r alla andra europeiska l\u00e4nder beh\u00f6ver du kontrollera priset med din flyttsamordnare.<\/p>\n<ul style=\"list-style-type: disc; padding-left: 20px;\">\n<li>1 sk\u00e5pbil \u20ac1100\/\u00a3995 + MOMS<\/li>\n<li>2 sk\u00e5pbilar \u20ac2200\/\u00a31950 + MOMS<\/li>\n<li>3 sk\u00e5pbilar \u20ac3300\/\u00a32950 + MOMS<\/li>\n<li>Per ytterligare sk\u00e5pbil d\u00e4refter \u20ac1100\/\u00a3985 + MOMS<\/li>\n<\/ul>\n<p>Beh\u00f6ver du mer information s\u00e5 tveka inte att prata med n\u00e5gon i v\u00e5rt erfarna team som n\u00e5s via en av v\u00e5ra v\u00e4nliga kontakttj\u00e4nster, d\u00e4r du kan antingen ringa +44 203 6219930, e-posta <a style=\"color: #1774b5;\" href=\"mailto:europeanmoving@europeanmoving.org\">europeanmoving@europeanmoving.org<\/a> eller b\u00f6rja chatta nu med livechattalternativet l\u00e4ngst ned i h\u00f6gra h\u00f6rnet.<\/p>\n<h2><span style=\"color: #1774b5;\"><b>Till\u00e4ggstj\u00e4nster: Extra arbetskraft<\/b><\/span><\/h2>\n<p>Varje enskild flyttbil fr\u00e5n oss anl\u00e4nder med 1 f\u00f6rare. D\u00e4rtill kr\u00e4vs \u00e5tminstone 1 person, per sk\u00e5pbil som hj\u00e4lper f\u00f6rare\/f\u00f6rarna lasta och lasta ur.<\/p>\n<p>Oftast kan kunden hj\u00e4lpa f\u00f6raren, eller ringa p\u00e5 hj\u00e4lp fr\u00e5n v\u00e4nner eller familjemedlemmar. Dock, f\u00f6rst\u00e5r vi verkligen att inte alla har m\u00f6jlighet till detta.<\/p>\n<p>Om du \u00e4r of\u00f6rm\u00f6gen att hj\u00e4lpa till eller ordna med hj\u00e4lp till f\u00f6raren, s\u00e5 kan European Moving hj\u00e4lpa dig med detta.<\/p>\n<p style=\"color: red;\"><b>Denna tj\u00e4nst finns endast tillg\u00e4nglig f\u00f6r sk\u00e5pbilar med partigods, inte styckegods. <\/b><\/p>\n<p>Tj\u00e4nsten kostar enligt f\u00f6ljande;<\/p>\n<h4><b>I Storbritannien<\/b><\/h4>\n<ul style=\"list-style-type: disc; padding-left: 20px;\">\n<li>1 extra hj\u00e4lpare \u00a3200 + MOMS<\/li>\n<li>2 extra hj\u00e4lpare \u00a3350 + MOMS<\/li>\n<li>3 extra hj\u00e4lpare \u00a3500 + MOMS<\/li>\n<\/ul>\n<h4><b>F\u00f6r alla andra europeiska l\u00e4nder (utanf\u00f6r storbritannien)<\/b><\/h4>\n<ul style=\"list-style-type: disc; padding-left: 20px;\">\n<li>1 extra hj\u00e4lpare \u20ac250 + MOMS<\/li>\n<li>2 extra hj\u00e4lpare \u20ac450 + MOMS<\/li>\n<li>3 extra hj\u00e4lpare \u20ac600 + MOMS<\/li>\n<\/ul>\n<p>Rabatten f\u00f6r flera hj\u00e4lpare g\u00e4ller bara om du bokar dem f\u00f6r samma plats, bokar du 1 hj\u00e4lpare vid upph\u00e4mtning och 1 hj\u00e4lpare vid leverans s\u00e5 debiteras du fullt pris p\u00e5 \u00a3200 + MOMS (eller \u20ac250 + MOMS p\u00e5 fastlandet) f\u00f6r varje.<\/p>\n<p>\u00c4ven om vi p\u00e5 European Moving har turen att ha ett brett n\u00e4tverk av seri\u00f6sa leverant\u00f6rer \u00f6ver hela Europa, kan det finnas mindre och mer avl\u00e4gsna orter och st\u00e4der som vi inte kan t\u00e4cka. H\u00f6r av dig till din flyttsamordnare f\u00f6r att kontrollera tillg\u00e4ngligheten.<\/p>\n<h2><span style=\"color: #1774b5;\"><b>Till\u00e4ggstj\u00e4nster: Hj\u00e4lp p\u00e5 \u00f6verv\u00e5ning<\/b><\/span><\/h2>\n<p>V\u00e5ra flyttbilar anl\u00e4nder med bara 1 f\u00f6rare, det beh\u00f6ver alltid finnas \u00e5tminstone 1 person, per flyttbil som hj\u00e4lper f\u00f6raren\/f\u00f6rarna med p\u00e5lastning och avlastning.<\/p>\n<p>Har du bokat v\u00e5r <a href=\"https:\/\/europeanmoving.eu\/en\/international-load-and-go-transport-only-service\/\" target=\"_blank\" rel=\"noopener noreferrer\"><b>Load &amp; Go<\/b><\/a> tj\u00e4nst s\u00e5 hj\u00e4lper f\u00f6raren dig bara p\u00e5 och av sk\u00e5pbilen, det inneb\u00e4r upph\u00e4mtning och leverans vid v\u00e4gkanten.<\/p>\n<p style=\"text-align: center;\"><b>Hj\u00e4lp p\u00e5 \u00f6verv\u00e5ningen av f\u00f6raren\/f\u00f6rarna \u00e4r inte tillg\u00e4ngligt med v\u00e5r Load &amp; Go tj\u00e4nst.<\/b><\/p>\n<p>Har du bokat v\u00e5r <a href=\"https:\/\/europeanmoving.eu\/en\/international-removal-service-easy-moves\/\" target=\"_blank\" rel=\"noopener noreferrer\"><b>Easy Moves<\/b><\/a> tj\u00e4nst s\u00e5 f\u00e5r du hj\u00e4lp av f\u00f6raren\/f\u00f6rarna in och ut ur fastigheten, rum till rum, fr\u00e5n och till markplansv\u00e5ning endast. Hj\u00e4lp p\u00e5 \u00f6verv\u00e5ningen av f\u00f6raren f\u00e5r du bara vid bokning av EasyMoves tj\u00e4nsten.<\/p>\n<p>Beh\u00f6ver du hj\u00e4lp av f\u00f6raren fr\u00e5n och till \u00f6verv\u00e5ningar s\u00e5 kan detta l\u00e4ggas till merkostnad. Kostnaden f\u00f6r denna tj\u00e4nst h\u00e4nger p\u00e5 lastens storlek, v\u00e5ningsplanet och tillg\u00e5ngen till hiss. Prata med din flyttsamordnare som kan ge dig en prisbekr\u00e4ftelse.<\/p>\n<p>Om du har bokat en fullst\u00e4ndig flyttpackning hos European Moving s\u00e5 kan packningsteamet hj\u00e4lpa f\u00f6rare lasta flyttbil(ar) fr\u00e5n ditt val av rum.<\/p>\n<p>Om du har bokat en uppackningstj\u00e4nst hos European Moving s\u00e5 kan uppackningsteamet hj\u00e4lpa f\u00f6raren\/f\u00f6rarna lasta flyttbil(ar) fr\u00e5n ett rum som du anvisar.<\/p>\n<p style=\"color: red;\"><b>R\u00e5dg\u00f6r med din flyttsamordnare s\u00e5 snart som m\u00f6jligt g\u00e4llande eventuella \u00e5tkomstproblem eftersom ytterligare arrangemang kan beh\u00f6va g\u00f6ras f\u00f6r att tillgodose detta, extraavgifter kan debiteras.<\/b><\/p>\n<h2><span style=\"color: #1774b5;\"><b>Till\u00e4ggstj\u00e4nster: Extra Bagage tj\u00e4nster<\/b><\/span><\/h2>\n<h3><b>Extra bagage<\/b><\/h3>\n<p>Om du bara har n\u00e5gra personliga \u00e4godelar att transportera, en resv\u00e4ska, en v\u00e4ska eller till och med en enda l\u00e5da s\u00e5 kan vi ordna s\u00e5 att dina \u00e4godelar h\u00e4mtas upp, transporteras och levereras av en av v\u00e5ra betrodda och h\u00f6gt respekterade extra bagage partners i branschen.<\/p>\n<p>European Moving har tillg\u00e5ng till ett n\u00e4tverk av extraresurser f\u00f6r att flytta dina \u00e4godelar varsomhelst inom Europa. Denna tj\u00e4nst \u00e4r s\u00e4rskilt l\u00e4mpad f\u00f6r utflyttade, utl\u00e4ndska medborgare, studenter, semesterfirande och vi erbjuder ett brett urval av alternativ f\u00f6r att tillgodose dina personliga krav.<\/p>\n<h3><b>Semesterbagage<\/b><\/h3>\n<p>Du kanske har bokat ditt flyg med ett budgetflygbolag men n\u00e4r du v\u00e4l vill l\u00e4gga till en v\u00e4ska eller resv\u00e4ska kan det bli en otrevlig \u00f6verraskning d\u00e5 priset sticker iv\u00e4g s\u00e5 det du trodde var en billig resel\u00f6sning verkar nu inte alls s\u00e5 kostnadseffektivt som du hade ber\u00e4knat. European Moving kan se till att dina v\u00e4skor h\u00e4mtas i ditt hem och levereras till ditt resm\u00e5l och finns redo n\u00e4r du anl\u00e4nder, vilket inneb\u00e4r att du kan undvika alla l\u00e5nga k\u00f6er vid flygplatsen och sl\u00e4ppa den gnagande oron och b\u00f6rja njuta av din semester tidigare!<\/p>\n<h3><b>F\u00f6r Stort Bagage eller B\u00f6kigt Bagage<\/b><\/h3>\n<p>Vi funderar ofta \u00f6ver huruvida v\u00e5rt bagage \u00e4r f\u00f6r tungt eller inte uppfyller den l\u00e5nga lista av krav som flygbolagen s\u00e4tter som dessutom jobbigt nog troligen skiljer sig \u00e5t flygbolagen emellan. Den goda nyheten \u00e4r att ingen \u00e4godel \u00e4r f\u00f6r stor eller tung f\u00f6r att transporteras av European Moving extra bagage tj\u00e4nst. Du kan slappna av eftersom du vet att du slipper oron \u00f6ver att dyka upp p\u00e5 flygplatsen och sedan f\u00e5 reda p\u00e5 att n\u00e5got du verkligen vill ta med inte kan tas med det eller att det g\u00e5r men skulle kosta en hutl\u00f6s summa pengar att transportera.<\/p>\n<h3><b>Studenttj\u00e4nster<\/b><\/h3>\n<p>Alla vet att \u00e4r det en sak som studenter inte har i \u00f6verfl\u00f6d s\u00e5 \u00e4r det pengar. Att skicka dina personliga \u00e4godelar med v\u00e5r extra bagagetj\u00e4nst \u00e4r inte bara l\u00e4tt eller p\u00e5litligt utan kostnadseffektivt s\u00e5 du sparar b\u00e5de tid och pengar p\u00e5 det.<\/p>\n<h3><b>F\u00f6retagstj\u00e4nster<\/b><\/h3>\n<p>Det \u00e4r ett m\u00e5ste f\u00f6r dig att f\u00e5 inneh\u00e5llet i dina kontorsl\u00e5dor och arkiveringssk\u00e5p upph\u00e4mtade och levererade p\u00e5 ett s\u00e4kert s\u00e4tt men \u00e4r det om\u00f6jligt att transportera dem p\u00e5 t\u00e5get eller i en bil? D\u00e5 \u00e4r European Moving extra bagage tj\u00e4nst perfekt f\u00f6r dig och den ideala l\u00f6sningen f\u00f6r ditt bagageproblem. Hos oss hittar du flera smidiga och helt\u00e4ckande alternativ f\u00f6r att \u00e4ven innefatta omfattande f\u00f6rs\u00e4kringsskydd och sp\u00e5rning.<\/p>\n<h2><span style=\"color: #1774b5;\"><b>Till\u00e4ggstj\u00e4nster: M\u00f6belliftar, externa liftar, hissuthyrning<\/b><\/span><\/h2>\n<p>Ingen flytt \u00e4r den andra lik och har sina egna utmaningar, vissa sv\u00e5righeter med flytten \u00e4r st\u00f6rre, och vissa mindre. European Moving har erfarenhet av att hitta en l\u00f6sning oavsett problem vilket g\u00f6r flytten s\u00e5 smidig och kr\u00e5ngelfri som m\u00f6jligt f\u00f6r dig som \u00e4r v\u00e5r kund.<\/p>\n<p>I m\u00e5nga byggnader i flertalet europeiska orter och st\u00e4der g\u00e5r det inte att ta in m\u00f6bler i fastigheten den vanliga v\u00e4gen. European Moving har ett n\u00e4tverk av h\u00f6gkompetent arbetskraft \u00f6ver hela Europa som kan hj\u00e4lpa dig, tillsammans med specialverktyg som anpassas efter dina behov.<\/p>\n<p>Oavsett om du beh\u00f6ver f\u00e5 ut soffan ur f\u00f6nstret p\u00e5 markplan eller allt som finns i hemmet fr\u00e5n 5:e v\u00e5ningen s\u00e5 har vi s\u00e4kerligen en l\u00f6sning som passar dig.<\/p>\n<p>En m\u00f6bellift \u00e4r en lyftplattform som monteras p\u00e5 lastbil kapabel att lyfta tung last till h\u00f6ga byggnader, de kkan ocks\u00e5 beskrivas som m\u00f6belkranar, flyttliftar eller vischar.<\/p>\n<p>\u00c4ven om det \u00e4r m\u00f6jligt att f\u00e5 in dina m\u00f6bler genom d\u00f6rrarna, upp i hissen och in i din fastighet p\u00e5 5:e v\u00e5ningen, \u00e4r detta v\u00e4ldigt tidskr\u00e4vande, anstr\u00e4ngande och kan bli dyrt. Att anv\u00e4nda en m\u00f6bellift g\u00f6r denna uppgift betydligt enklare och ger f\u00f6ljande f\u00f6rdelar;<\/p>\n<ul style=\"list-style-type: disc; padding-left: 20px;\">\n<li>Till all utrustning medf\u00f6ljer en tr\u00e4nad maskinist<\/li>\n<li>Ingen byggnadsst\u00e4llning beh\u00f6vs<\/li>\n<li>Sparar tid och pengar<\/li>\n<li>Kan lyfta upp till 15m3 i timmen<\/li>\n<li>B\u00e5de tim- och dagstaxor \u00e4r tillg\u00e4ngliga<\/li>\n<li>Snabb installation<\/li>\n<\/ul>\n<p>Tala om f\u00f6r din flyttsamordnare om du vill l\u00e4gga till detta i din bokning s\u00e5 ser de till att du f\u00e5r en flyttj\u00e4nst av h\u00f6gsta kvalitet till ett mycket konkurrenskraftigt pris.<\/p>\n<h2><span style=\"color: #1774b5;\"><b>Till\u00e4ggstj\u00e4nster: Skytteltrafik<\/b><\/span><\/h2>\n<p>En av de f\u00f6rst sakerna som du beh\u00f6ver \u00f6verv\u00e4ga vid planeringen av din flytt \u00e4r typen av fordon som du beh\u00f6ver, och huruvida det kan n\u00e5 alla adresser. Detta \u00e4r n\u00e5got man ofta missar men det \u00e4r avg\u00f6rande f\u00f6r att s\u00e4kerst\u00e4lla en smidig flyttprocess.<\/p>\n<p>P\u00e5 European Moving anv\u00e4nder vi 3.5 tons luton-sk\u00e5pbilar f\u00f6r att transportera dina \u00e4godelar, enligt v\u00e5r l\u00e5nga erfarenhet ger en s\u00e5dan den enklaste och mest kostnadseffektiva flyttj\u00e4nsten i Europa, antingen med hj\u00e4lp av en eller flera flyttbilar.<\/p>\n<p>Du har s\u00e4kert blivit erbjuden alla m\u00f6jliga tj\u00e4nster d\u00e4r olika flyttbilar anv\u00e4nds. Att anv\u00e4nda ett st\u00f6rre fordon \u00e4n en 3.5 tons luton-sk\u00e5pbil kan ge dig \u00e5tkomstproblem, vi \u00e4r helt s\u00e4kra p\u00e5 att de flesta inte kommer kunna anv\u00e4nda en arktisk lastbil varken f\u00f6r att h\u00e4mta upp eller lasta ur!<\/p>\n<p>\u00c4ven om vi \u00e4r s\u00e4kra p\u00e5 att en 3.5 tons sk\u00e5pbil kan n\u00e5 de flesta platser s\u00e5 kommer det dyka upp tillf\u00e4llen d\u00e5 inte ens detta \u00e4r m\u00f6jligt. I dessa fall, kan European Moving ordna med en lokal skytteltj\u00e4nst som transporterar ditt flyttgods fr\u00e5n flyttbilen till ditt hem.<\/p>\n<p>Meddela din flyttsamordnare s\u00e5 snart som m\u00f6jligt om du tror att du kommer beh\u00f6va en skytteltj\u00e4nst eller om du har n\u00e5gon som helst oro vad g\u00e4ller \u00e5tkomst. De diskuterar g\u00e4rna alternativen mer ing\u00e5ende.<\/p>\n<p>Kostnaden f\u00f6r denna tj\u00e4nst h\u00e4nger p\u00e5 l\u00e4get; Dock, kan vi garantera dig h\u00f6gsta standard till marknadens mest konkurrenskraftiga priser. Genom att anpassa oss till dina personliga krav kan vi tillhandah\u00e5lla b\u00e4sta m\u00f6jliga flyttj\u00e4nst.<\/p>\n","protected":false},"excerpt":{"rendered":"<p>Packning, extra arbetskraft, hj\u00e4lp till \u00f6verv\u00e5ning&#8230; Om en enkel L\u00c5GKOSTNADS Man&amp;Van tj\u00e4nst inte r\u00e4cker till s\u00e5 kan European Moving \u00e4ven erbjuda fullst\u00e4ndig packtj\u00e4nst och\/eller uppackningstj\u00e4nst. Dessa tj\u00e4nster finns endast tillg\u00e4ngliga f\u00f6r fulla flyttbilar, en eller flera. Till\u00e4ggstj\u00e4nster: Packtj\u00e4nster 1. Minst 3 b\u00e4rare f\u00f6r 1 dedikerad luton-sk\u00e5pbil skickas, ytterligare b\u00e4rare medf\u00f6ljer om fler sk\u00e5pbilar skickas. 2. [&hellip;]<\/p>\n","protected":false},"author":13,"featured_media":0,"parent":0,"menu_order":0,"comment_status":"closed","ping_status":"closed","template":"","meta":[],"yst_prominent_words":[13564,13554,13556,13562,12102,13563,4309,3484,133,13559,13561,12112,13557,12164,13555,13565,13560,12106,12145,13558],"_links":{"self":[{"href":"https:\/\/europeanmoving.co.uk\/nl\/wp-json\/wp\/v2\/pages\/13638"}],"collection":[{"href":"https:\/\/europeanmoving.co.uk\/nl\/wp-json\/wp\/v2\/pages"}],"about":[{"href":"https:\/\/europeanmoving.co.uk\/nl\/wp-json\/wp\/v2\/types\/page"}],"author":[{"embeddable":true,"href":"https:\/\/europeanmoving.co.uk\/nl\/wp-json\/wp\/v2\/users\/13"}],"replies":[{"embeddable":true,"href":"https:\/\/europeanmoving.co.uk\/nl\/wp-json\/wp\/v2\/comments?post=13638"}],"version-history":[{"count":3,"href":"https:\/\/europeanmoving.co.uk\/nl\/wp-json\/wp\/v2\/pages\/13638\/revisions"}],"predecessor-version":[{"id":14801,"href":"https:\/\/europeanmoving.co.uk\/nl\/wp-json\/wp\/v2\/pages\/13638\/revisions\/14801"}],"wp:attachment":[{"href":"https:\/\/europeanmoving.co.uk\/nl\/wp-json\/wp\/v2\/media?parent=13638"}],"wp:term":[{"taxonomy":"yst_prominent_words","embeddable":true,"href":"https:\/\/europeanmoving.co.uk\/nl\/wp-json\/wp\/v2\/yst_prominent_words?post=13638"}],"curies":[{"name":"wp","href":"https:\/\/api.w.org\/{rel}","templated":true}]}}