{"id":13633,"date":"2019-06-18T11:30:19","date_gmt":"2019-06-18T11:30:19","guid":{"rendered":"http:\/\/europeanmoving.co.uk\/?page_id=13633"},"modified":"2020-11-03T13:55:17","modified_gmt":"2020-11-03T13:55:17","slug":"easymoves-2","status":"publish","type":"page","link":"https:\/\/europeanmoving.co.uk\/nl\/easymoves-2\/","title":{"rendered":"Easy Moves"},"content":{"rendered":"<h1><strong><span>Gemakkelijke bewegingen<\/span><\/strong><\/h1>\n<p><b><span>Het belangrijkste dat u bij EasyMoves moet onthouden, is dat elk van onze bestelwagens slechts met \u00e9\u00e9n bestuurder wordt geleverd<\/span><\/b><\/p>\n<p><span>EasyMoves is onze meest populaire verhuisservice voor klanten die een extra paar handen nodig hebben.\u00a0Onze erkende chauffeur helpt u bij het laden en lossen van en naar de begane grond van uw pand, naar elke kamer naar keuze.\u00a0Als u hulp nodig heeft van en naar de bovenverdiepingen, neem dan contact op met uw verhuisco\u00f6rdinator, die dit voor u kan regelen. Hiervoor worden extra kosten in rekening gebracht.\u00a0De kosten van deze service zijn gebaseerd op het vloerniveau en of er een lift beschikbaar is.<\/span><\/p>\n<p><img src=\"https:\/\/europeanmoving.im\/wp-content\/uploads\/2018\/08\/easymoves.png\" \/><\/p>\n<h2><strong><span>EasyMoves: laden \/ lossen<\/span><\/strong><\/h2>\n<p><span>Onze chauffeur zal u assisteren om uw goederen te vervoeren van de begane grond van uw eigendom bij het ophalen en naar de begane grond van uw eigendom bij aflevering naar elke kamer van uw keuze.<\/span><\/p>\n<p><span>Begrijp alsjeblieft dat om de kosten tot een minimum te beperken,\u00a0<\/span><b><span>we slechts \u00e9\u00e9n bestuurder per busje leveren<\/span><\/b><span>\u00a0.\u00a0U moet daarom aan beide uiteinden van uw verhuizing zorgen voor voldoende personeel van vrienden en \/ of familie.\u00a0Het aantal benodigde personen is afhankelijk van de aard, het volume en het gewicht van uw artikelen.\u00a0Dozen kunnen gemakkelijk door \u00e9\u00e9n persoon worden gehanteerd als u het gewicht onder de 20 kg houdt;\u00a0Een bank vereist minimaal twee personen en een grote kledingkast in totaal vier extra personen.\u00a0Over het algemeen zijn we van mening dat voor een volle bestelwagen minimaal \u00e9\u00e9n persoon nodig is om de bestuurder te helpen, twee of drie is ideaal.\u00a0Onthoud dat u uw huishoudelijke artikelen beter kent dan wij.<\/span><\/p>\n<p><span>Bij kleinere deelladingen van 10 tot 20 dozen is het vaak mogelijk dat de chauffeur tegen een meerprijs al het in- en uitladen alleen doet. Neem voor meer informatie contact op met uw verhuisco\u00f6rdinator.\u00a0Bedenk ook dat dit alleen mogelijk is als elk item of doos door \u00e9\u00e9n persoon kan worden gedragen.<\/span><\/p>\n<p><strong><span>EasyMoves: laad- \/ lostijden<\/span><\/strong><\/p>\n<h3><b><span>Dedicated Van Service &#8211; Full Load<\/span><\/b><\/h3>\n<p><span>Laadtijden &#8211; 5 uur<\/span><br \/>\n<span>Losstijden &#8211; 3 uur<\/span><\/p>\n<h3><b><span>Service voor deelladen<\/span><\/b><\/h3>\n<p><span><strong>Laadtijden<\/strong>\u00a0&#8211; 2-3 uur\u00a0<strong>Laadtijden<\/strong><\/span><br \/>\n<span>&#8211; 1-2 uur<\/span><br \/>\n<strong><span>EasyMoves: ophaal- en leverdata en -tijden<\/span><\/strong><\/p>\n<h3><b><span>Dedicated Van Service &#8211; Full Load<\/span><\/b><\/h3>\n<p><span>Wanneer u een speciale bestelwagen heeft geboekt op onze EasyMoves-service, kunt u een ophaaldag naar keuze van maandag tot en met zaterdag kiezen en de levering zal direct zijn, de transittijd van de reis is afhankelijk van de afstand.\u00a0Als uw bezorgdag belangrijker is, spreek dan met uw verhuisco\u00f6rdinator, die u kan adviseren over de best mogelijke afhaaldag om dit op te vangen.<\/span><br \/>\n<span>U kunt de gekozen datum voor uw afhaling tot 3 dagen ervoor zonder kosten wijzigen.\u00a0Mocht u het echter minder dan 3 dagen voordat de inning moet beginnen, wijzigen, dan kunnen er extra kosten van toepassing zijn.<\/span><br \/>\n<span>U gebruikt de bestelwagen als enige en deelt de ruimte niet met de goederen van andere klanten.\u00a0U kunt de ruimte en het gewicht van 20m3 of 1 ton (volle bestelwagen) naar wens gebruiken.<\/span><b><span>Houd er rekening mee dat de bestelwagen een maximale capaciteit van 20m3 of 1 ton kan vervoeren, of, wat het eerste bereikt wordt.<\/span><\/b><br \/>\n<span>U kunt een ochtend- of middagtijdvak kiezen. De ochtenden zijn tussen 8.00 en 12.00 uur en de middagen zijn tussen 12.00 en 16.00 uur (Britse tijd).\u00a0Vanwege de aard van het bedrijf kunnen er soms vertragingen optreden, daarom geven we geen specifieke tijden voor ophaling of levering.\u00a0Alle tijden die aan u worden gegeven, worden te goeder trouw gedaan.<\/span><br \/>\n<span>Houd rekening met mogelijke vertragingen, aangezien sommige problemen niet kunnen worden vermeden, bijvoorbeeld verkeers- of mechanische problemen.\u00a0<\/span><b><span>Wij vergoeden geen te late ophalingen of leveringen.<\/span><\/b><\/p>\n<h3><b><span>Gedeeltelijke belasting<\/span><\/b><\/h3>\n<p><span>We hebben een venster van 3 werkdagen nodig voor het ophalen.\u00a0We verwachten natuurlijk niet dat u gedurende deze tijd binnen blijft en we streven ernaar u minimaal 24 uur van tevoren op de hoogte te stellen;\u00a0Als we echter op die dag ruimte beschikbaar hebben in een van onze busjes bij u in de buurt, kunnen we u bellen om u deze optie ook aan te bieden.<\/span><br \/>\n<span>We hebben ook iemand nodig die beschikbaar is tussen 8.00 en 18.00 uur (Britse tijd).\u00a0Houd er rekening mee dat er soms vertragingen kunnen optreden door meerdere afhalingen en leveringen.\u00a0Als de chauffeur ernstige vertraging heeft, kunnen we uw afhaling uitstellen tot de volgende ochtend.<\/span><br \/>\n<b><span>Wij vergoeden geen te late ophalingen of leveringen.<\/span><\/b><br \/>\n<span>Levering voor deelladingen is doorgaans tussen de 1 dag en 14 dagen, afhankelijk van de route.\u00a0Er moet iemand beschikbaar zijn om de levering vanaf de vroegst mogelijke datum in ontvangst te nemen.\u00a0We zullen er altijd naar streven uw goederen rechtstreeks te verzenden.\u00a0We kunnen ze echter naar ons opslagdepot brengen voor groupage met andere ladingen die in dezelfde richting gaan.\u00a0Uw verhuisco\u00f6rdinator zal u hiervan op de hoogte stellen bij het bevestigen van uw ophaaldatum.<\/span><br \/>\n<span>Als u echter niet over de flexibiliteit beschikt die nodig is voor uw ophaal- en afleverdata, kunt u een speciale bestelwagen (volledige lading) overwegen.\u00a0Het zal waarschijnlijk nog steeds goedkoper uitpakken dan de meeste van onze concurrenten.<\/span><\/p>\n<p><strong><span>EasyMoves: inventaris<\/span><\/strong><\/p>\n<p><span>We vragen u vriendelijk om 3-5 dagen voor het ophalen een kopie van uw inventaris aan uw verhuisco\u00f6rdinator te bezorgen.\u00a0Hierdoor kunnen ze de kubieke capaciteit vaststellen en bevestigen.<\/span><\/p>\n<p><b><span>Houd er rekening mee dat het voor ons onmogelijk is om het gewicht te schatten.<\/span><\/b><\/p>\n<p><span>U moet ook twee exemplaren van de inventaris op papier afdrukken, klaar voor de dag van afhaling.\u00a0U of uw vertegenwoordiger moet uw goederen in en uit de bestelwagen samen met de chauffeur controleren aan de hand van deze inventaris.\u00a0E\u00e9n exemplaar is voor u en \u00e9\u00e9n exemplaar is voor de chauffeur.\u00a0Beiden moeten elke inventaris ondertekenen bij het ophalen en afleveren.<\/span><\/p>\n<p><b><span>Let op: Indien u uw goederen zonder inventaris wilt verzenden, dan doet u dit geheel op eigen risico.<\/span><\/b><\/p>\n<p><b><span>De douane kan ook om een \u200b\u200blijst vragen als ze het busje bij een grens stoppen.<\/span><\/b><\/p>\n<p><b><span>Lees onze\u00a0<\/span><a href=\"https:\/\/europeanmoving.im\/movers-guide\/\" target=\"_blank\" rel=\"noopener noreferrer\"><span>verhuizersgids<\/span><\/a><span>\u00a0voor andere handige tips.\u00a0<\/span><\/b><strong><span>EasyMoves: laadvolume en gewicht<\/span><\/strong><\/p>\n<p><span>We gebruiken voornamelijk Luton-bestelwagens van 3,5 ton.\u00a0Ze hebben de standaardcapaciteit voor dit type voertuig in de transportsector.\u00a0De grootste overweging bij het verplaatsen van uw goederen moet het gewicht zijn.\u00a0Onze bestelwagens kunnen tussen de 20m3 en 24m3 vervoeren met een laadvermogen van 1000 kg.\u00a0Sommige landen, zoals Zwitserland, Noorwegen en Oostenrijk, verminderen de legale capaciteit tot 800 kg.\u00a0Het maximumgewicht blijft hetzelfde, ongeacht of de bestelwagen 20m3 of 24m3 is.<\/span><\/p>\n<p><b><span>Uw boeking is altijd gebaseerd op de kubieke capaciteit OF het gewicht &#8211; afhankelijk van wat het eerst wordt bereikt.<\/span><\/b><\/p>\n<p><span>U kunt overwegen dat als u veel dozen heeft die elk 20 kg wegen, u slechts 50 dozen op de bestelwagen kunt krijgen voordat de gewichtslimiet is bereikt.\u00a0Dit betekent dat, hoewel uw bestelwagen misschien maar half vol is, hij op volle gewicht zal zijn.\u00a0Er is\u00a0<\/span><u><b><span>wettelijk<\/span><\/b><\/u><span>\u00a0niet meer voor nodig.<\/span><\/p>\n<p><b><span>Let op<\/span><\/b><span>\u00a0: de meeste van onze busjes\u00a0<\/span><b><span>hebben geen laadklep.\u00a0<\/span><\/b><span>Mogelijk kunnen we u er echter een leveren tegen een extra vergoeding en onder voorbehoud van beschikbaarheid.\u00a0Houd er echter rekening mee dat de hydraulica het maximale gewicht met nog eens 250 kg vermindert (het heeft geen invloed op het volume).<\/span><\/p>\n<p><strong><span>EasyMoves: inpakken<\/span><\/strong><\/p>\n<p><span>Alle goederen moeten goed verpakt en beschermd zijn voordat ze worden afgehaald.\u00a0De busjes vervoeren geen verhuisdekens en \/ of laadmateriaal.<\/span><\/p>\n<p><span>Zie onze\u00a0<\/span><a href=\"https:\/\/europeanmoving.im\/en\/movers-guide-table\/\" target=\"_blank\" rel=\"noopener noreferrer\"><b><span>Verhuizersgids<\/span><\/b><\/a><span>\u00a0, en meer specifiek onze\u00a0<\/span><a href=\"https:\/\/europeanmoving.im\/en\/movers-guide-table\/general-info-for-moving-to-a-new-country\/\" target=\"_blank\" rel=\"noopener noreferrer\"><b><span>inpaktips<\/span><\/b><\/a><span>\u00a0.<\/span><\/p>\n<p><b><span>Vergeet niet onze\u00a0<a href=\"https:\/\/europeanmoving.im\/en\/removals-insurance-and-compensation\/\" target=\"_blank\" rel=\"noopener noreferrer\">Verzekeringspagina<\/a>\u00a0te lezen<\/span><\/b><\/p>\n<p><b><span>Als u genoeg vrienden, familieleden of buren kunt krijgen om u zowel bij het laden als het lossen te helpen, kunt u\u00a0<\/span><a href=\"https:\/\/europeanmoving.im\/en\/international-load-and-go-transport-only-service\/\" target=\"_blank\" rel=\"noopener noreferrer\"><span>onze Load &amp; Go-service<\/span><\/a><span>\u00a0overwegen,\u00a0want die is nog goedkoper<\/span><\/b><\/p>\n","protected":false},"excerpt":{"rendered":"<p>Gemakkelijke bewegingen Het belangrijkste dat u bij EasyMoves moet onthouden, is dat elk van onze bestelwagens slechts met \u00e9\u00e9n bestuurder wordt geleverd EasyMoves is onze meest populaire verhuisservice voor klanten die een extra paar handen nodig hebben.\u00a0Onze erkende chauffeur helpt u bij het laden en lossen van en naar de begane grond van uw pand, [&hellip;]<\/p>\n","protected":false},"author":13,"featured_media":0,"parent":0,"menu_order":0,"comment_status":"closed","ping_status":"closed","template":"","meta":[],"yst_prominent_words":[7253,7249,7254,7247,3484,7260,7261,7259,7258,7250],"_links":{"self":[{"href":"https:\/\/europeanmoving.co.uk\/nl\/wp-json\/wp\/v2\/pages\/13633"}],"collection":[{"href":"https:\/\/europeanmoving.co.uk\/nl\/wp-json\/wp\/v2\/pages"}],"about":[{"href":"https:\/\/europeanmoving.co.uk\/nl\/wp-json\/wp\/v2\/types\/page"}],"author":[{"embeddable":true,"href":"https:\/\/europeanmoving.co.uk\/nl\/wp-json\/wp\/v2\/users\/13"}],"replies":[{"embeddable":true,"href":"https:\/\/europeanmoving.co.uk\/nl\/wp-json\/wp\/v2\/comments?post=13633"}],"version-history":[{"count":4,"href":"https:\/\/europeanmoving.co.uk\/nl\/wp-json\/wp\/v2\/pages\/13633\/revisions"}],"predecessor-version":[{"id":21914,"href":"https:\/\/europeanmoving.co.uk\/nl\/wp-json\/wp\/v2\/pages\/13633\/revisions\/21914"}],"wp:attachment":[{"href":"https:\/\/europeanmoving.co.uk\/nl\/wp-json\/wp\/v2\/media?parent=13633"}],"wp:term":[{"taxonomy":"yst_prominent_words","embeddable":true,"href":"https:\/\/europeanmoving.co.uk\/nl\/wp-json\/wp\/v2\/yst_prominent_words?post=13633"}],"curies":[{"name":"wp","href":"https:\/\/api.w.org\/{rel}","templated":true}]}}