{"id":22326,"date":"2020-09-18T09:13:13","date_gmt":"2020-09-18T09:13:13","guid":{"rendered":"http:\/\/europeanmoving.im\/?page_id=22326"},"modified":"2020-09-18T09:20:31","modified_gmt":"2020-09-18T09:20:31","slug":"dettagli-sui-prezzi","status":"publish","type":"page","link":"https:\/\/europeanmoving.co.uk\/it\/dettagli-sui-prezzi\/","title":{"rendered":"Dettagli sui prezzi"},"content":{"rendered":"<p>&nbsp;<\/p>\n<h1 data-fontsize=\"30\" data-lineheight=\"42\">Importante: il prezzo indicato si basa sulla cilindrata o sul peso (a seconda di quale sia il maggiore)<\/h1>\n<p><strong>Ad esempio: la<\/strong>\u00a0tua merce pu\u00f2 avere una capacit\u00e0 cubica di soli 10 m\u00b3 ma pesare 1000 kg, nel qual caso si tratter\u00e0 di un carico a pieno carico.\u00a0Si prega di vedere quanto segue &#8211;<\/p>\n<p><strong>Pieno carico<\/strong>\u00a0= 20 m\u00b3 o 1000 kg (a seconda di quale sia il maggiore)<\/p>\n<p><strong>Carichi<\/strong>\u00a0parziali = Ogni unit\u00e0 \u00e8 composta da 1 m\u00b3 o 50 kg (a seconda di quale sia il maggiore)<\/p>\n<h1 data-fontsize=\"30\" data-lineheight=\"42\"><u><strong>Manodopera extra per il\u00a0<\/strong><\/u><u><strong>Regno Unito<\/strong><\/u><\/h1>\n<p><strong>1 aiutante = \u00a3 200 + IVA<\/strong><\/p>\n<p><strong>2 aiutanti = \u00a3 350 + IVA<\/strong><\/p>\n<p><strong>3 aiutanti = \u00a3 500 + IVA<\/strong><\/p>\n<p>&nbsp;<\/p>\n<h1 data-fontsize=\"30\" data-lineheight=\"42\"><u><strong>Manodopera extra per tutti gli altri paesi europei (\u00a0<\/strong><\/u><u><strong>escluso il\u00a0Regno Unito\u00a0<\/strong><\/u><u><strong>)<\/strong><\/u><\/h1>\n<p><strong>1 aiutante = \u20ac 250 + IVA<\/strong><\/p>\n<p><strong>2 aiutanti = 450 \u20ac + IVA<\/strong><\/p>\n<p><strong>3 aiutanti = 600 \u20ac + IVA<\/strong><\/p>\n<p>&nbsp;<\/p>\n<p>Disponibile nella maggior parte delle citt\u00e0 e delle citt\u00e0 costiere pi\u00f9 grandi, si prega di parlare con il coordinatore del trasloco per maggiori dettagli al +44 203 9662905 o inviare un&#8217;e-mail a\u00a0<a href=\"mailto:europeanmoving@europeanmoving.org\">europeanmoving@europeanmoving.org<\/a><\/p>\n<p>&nbsp;<\/p>\n<h1 data-fontsize=\"30\" data-lineheight=\"42\"><span style=\"font-size: x-large;\"><strong><u>Servizi di imballaggio.<\/u><\/strong><\/span><\/h1>\n<p><strong>1 furgone = \u20ac 1375 \/ \u00a3 1235 + IVA<\/strong><\/p>\n<p><strong>2 furgoni = \u20ac 2695 \/ \u00a3 2420 + IVA<\/strong><\/p>\n<p><strong>3 furgoni = \u20ac 3850 \/ \u00a3 3450 + IVA<\/strong><\/p>\n<p>&nbsp;<\/p>\n<p><em><strong>Include assistenza per il caricamento del furgone \/ i<\/strong><\/em><\/p>\n<p>Questo servizio include tutti i materiali di imballaggio il giorno del ritiro, si prega di parlare con il coordinatore del trasloco per maggiori dettagli al +44 203 9662905 o inviare un&#8217;e-mail a\u00a0<a href=\"mailto:europeanmoving@europeanmoving.org\">europeanmoving@europeanmoving.org<\/a><\/p>\n<p>&nbsp;<\/p>\n<h1 data-fontsize=\"30\" data-lineheight=\"42\"><span style=\"font-size: x-large;\"><strong><u>Disimballaggio alla consegna<\/u><\/strong><\/span><\/h1>\n<p><strong>1 furgone = \u20ac 1100 \/ \u00a3 995 + IVA<\/strong><\/p>\n<p><strong>2 furgoni = \u20ac 2200 \/ \u00a3 1950 + IVA<\/strong><\/p>\n<p><strong>3 furgoni = \u20ac 3300 \/ \u00a3 2950 + IVA<\/strong><\/p>\n<p>&nbsp;<\/p>\n<p>&nbsp;<\/p>\n<p><em><strong>Include assistenza per lo scarico del furgone \/ i<\/strong><\/em><\/p>\n<p>Parla con il tuo coordinatore del trasloco per maggiori dettagli al numero +44 203 9662905 o invia un&#8217;e-mail a\u00a0<a href=\"mailto:europeanmoving@europeanmoving.org\">europeanmoving@europeanmoving.org<\/a><\/p>\n<p><strong>Disponibile solo nel Regno Unito e in Irlanda, altri Paesi disponibili su richiesta<\/strong><\/p>\n<p>&nbsp;<\/p>\n<h1 data-fontsize=\"30\" data-lineheight=\"42\"><span style=\"font-size: x-large;\"><strong><a href=\"https:\/\/europeanmoving.co.uk\/international-load-and-go-transport-only-service\/?utm_source=emailNiftyQuote&amp;utm_medium=loadNgo&amp;utm_campaign=a&amp;utm_term=b&amp;utm_content=c\"><u>Load N Go &#8211; ritiro e consegna su strada<\/u><\/a><\/strong><\/span><\/h1>\n<p>&nbsp;<\/p>\n<p>Questa \u00e8 la nostra soluzione pi\u00f9 economica ed \u00e8 rivolta a clienti con carichi parziali pi\u00f9 piccoli che sono in grado di trasportare tutti i loro effetti personali da e verso il furgone o per clienti che hanno un sacco di aiuto sia per il ritiro che per la consegna per fare il carico e lo scarico &#8211;\u00a0<strong>l&#8217;autista assister\u00e0 solo in salita e in discesa dal furgone.<\/strong><\/p>\n<h1 data-fontsize=\"30\" data-lineheight=\"42\"><a href=\"https:\/\/europeanmoving.co.uk\/international-removal-service-easy-moves\/?utm_source=emailNiftyQuote&amp;utm_medium=easyMoves&amp;utm_campaign=a&amp;utm_term=b&amp;utm_content=c\"><span style=\"font-size: x-large;\"><strong><u>EasyMoves &#8211; aiuto dal conducente &#8211; solo piano terra<\/u><\/strong><\/span><\/a><\/h1>\n<p>&nbsp;<\/p>\n<p>La nostra soluzione a basso costo pi\u00f9 popolare \u00e8 rivolta a clienti con articoli pi\u00f9 grandi o traslochi completi.\u00a0Ciascuno dei nostri furgoni Luton viene fornito con un autista che assister\u00e0 con il carico e lo scarico da stanza a stanza &#8211; solo al piano terra.\u00a0Si raccomanda che per ogni furgone e autista Luton fornito da noi il cliente fornisca almeno una persona abile per l&#8217;assistenza.\u00a0Ad esempio: 1 furgone = 1 aiutante extra o 2 furgoni = 2 aiutanti extra<\/p>\n<p>&nbsp;<\/p>\n<h1 data-fontsize=\"30\" data-lineheight=\"42\"><a href=\"https:\/\/europeanmoving.co.uk\/?utm_source=emailNiftyQuote&amp;utm_medium=loadingUnloadingTimes&amp;utm_campaign=a&amp;utm_term=b&amp;utm_content=c\"><span style=\"font-size: x-large;\"><strong><u>Tempi di carico e scarico<\/u><\/strong><\/span><\/a><\/h1>\n<p>&nbsp;<\/p>\n<ul>\n<li>Carichi completi (1 furgone o pi\u00f9) = 5 ore di carico e 3 ore di scarico<\/li>\n<li>Carichi parziali (meno di 16 m\u00b3) = 3 ore di carico e 3 ore di scarico<\/li>\n<\/ul>\n<h1 data-fontsize=\"30\" data-lineheight=\"42\"><a href=\"https:\/\/europeanmoving.co.uk\/?utm_source=emailNiftyQuote&amp;utm_medium=collectionDayTimes&amp;utm_campaign=a&amp;utm_term=b&amp;utm_content=c\"><span style=\"font-size: x-large;\"><strong><u>Giorno e orari della raccolta<\/u><\/strong><\/span><\/a><\/h1>\n<p>&nbsp;<\/p>\n<p><u><strong>Carichi parziali<\/strong>\u00a0\u00a0<\/u><\/p>\n<p>&nbsp;<\/p>\n<p><strong>Raccolta<\/strong>\u00a0&#8211;\u00a0<strong>Raccolta<\/strong>\u00a0flessibile 3 &#8211; 14 giorni lavorativi consecutivi, a seconda del servizio scelto.<\/p>\n<p><strong>Consegna\u00a0<\/strong>\u00a0\u00a0 &#8211; Tra 1 giorno e 2 settimane, a seconda del servizio scelto &#8211; non \u00e8 possibile scegliere una data specifica tra questo periodo di tempo.<\/p>\n<p>Abbiamo bisogno che qualcuno sia disponibile tra le 8:00 e le 18:00 sia per il ritiro che per la consegna.<\/p>\n<p>&nbsp;<\/p>\n<p><strong>Nota<\/strong>\u00a0: se ti \u00e8 stato dato un ca.\u00a0una volta che ci\u00f2 \u00e8 stato fatto in buona fede, \u00e8 importante che qualcuno sia disponibile tutto il giorno poich\u00e9 a volte possono verificarsi ritardi a causa di pi\u00f9 ritiri e riconsegne.<\/p>\n<p>&nbsp;<\/p>\n<p><u><strong>Carichi completi<\/strong>\u00a0<\/u><\/p>\n<p>&nbsp;<\/p>\n<p>Giorno di ritiro a scelta dal luned\u00ec al sabato e consegna diretta (a seconda della distanza)<\/p>\n<p>Ti offriamo la possibilit\u00e0 di scegliere una fascia oraria mattutina o pomeridiana per consentire eventuali problemi di traffico o ritardi, questi sono i seguenti:<\/p>\n<p><strong>Mattina<\/strong>\u00a0&#8211; 8:00 &#8211; 12:00<\/p>\n<p><strong>Pomeriggio<\/strong>\u00a0&#8211; 12:00 &#8211; 16:00<\/p>\n<p><strong>Nota: la<\/strong>\u00a0merce verr\u00e0 inviata direttamente alla destinazione di consegna dal ritiro e quindi sar\u00e0 necessario che qualcuno sia disponibile a prendere in consegna la merce al suo arrivo.<\/p>\n<p>Se hai bisogno di pi\u00f9 tempo per raggiungere la tua destinazione, possiamo offrire le seguenti alternative, anche se tieni presente che il\u00a0modo\u00a0<strong>pi\u00f9 economico<\/strong>\u00a0per spedire la merce \u00e8 diretto.<\/p>\n<p>&nbsp;<\/p>\n<p><strong>1.<\/strong>\u00a0Possiamo trattenere la merce sul furgone per un\u00a0<strong>massimo<\/strong>\u00a0di 2 giorni, il costo sar\u00e0 di un\u00a0<strong>minimo<\/strong>\u00a0di \u20ac 200 o \u00a3 180 al giorno.\u00a0Si prega di parlare con uno dei nostri coordinatori di trasloco per ulteriori informazioni.<\/p>\n<p>&nbsp;<\/p>\n<p><strong>2.<\/strong>\u00a0Se la tua spedizione sta passando uno dei nostri depositi a Folkestone, nel Regno Unito o in Lussemburgo, possiamo organizzare il deposito della tua merce, consulta i seguenti costi per questo servizio:<br \/>\nPer i ritiri e le consegne da e per l&#8217;Isola di Venezia, il prezzo include solo fino al punto pi\u00f9 vicino a cui il furgone pu\u00f2 accedere.\u00a0Tieni presente che di solito questo \u00e8 il parcheggio principale dell&#8217;isola, quindi tu (come cliente) dovrai organizzare la parte locale del tuo ritiro o consegna in barca, se necessario.\u00a0Questo \u00e8 valido per tutte le isole dove abbiamo alcune limitazioni al trasporto su strada.<\/p>\n<p><strong><em>Nota: durante il mese di agosto non possiamo garantire che i carichi parziali verranno consegnati entro il tempo specificato e potrebbe richiedere pi\u00f9 tempo.<\/em><\/strong><\/p>\n<p><em>Tutti gli orari e le fasce orarie sono forniti in buona fede, tuttavia a causa della natura dell&#8217;attivit\u00e0 e delle lunghe distanze che i conducenti coprono a volte possono verificarsi ritardi.\u00a0Cercheremo sempre di trovare una soluzione alternativa, se possibile, tuttavia per chiarimenti non offriamo risarcimenti per ritardi o consegne in ritardo<\/em><\/p>\n<h1 data-fontsize=\"30\" data-lineheight=\"42\"><a href=\"https:\/\/europeanmoving.co.uk\/international-storage-solutions-for-goods\/?utm_source=emailNiftyQuote&amp;utm_medium=storage&amp;utm_campaign=a&amp;utm_term=b&amp;utm_content=c\"><span style=\"font-size: x-large;\"><strong><u>Stoccaggio: tutti i prezzi si intendono\u00a0IVA\u00a0inclusa<\/u><\/strong><\/span><\/a><\/h1>\n<p>Per i prezzi di archiviazione, fare clic qui:\u00a0\u00a0<strong><a href=\"https:\/\/europeanmoving.co.uk\/international-storage-solutions-for-goods\/\">https:\/\/europeanmoving.co.uk\/international-storage-solutions-for-goods\/<\/a><\/strong><\/p>\n<h1 title=\"Clicca per modificare\" data-fontsize=\"30\" data-lineheight=\"42\"><\/h1>\n<h1 data-fontsize=\"30\" data-lineheight=\"42\"><a href=\"https:\/\/europeanmoving.co.uk\/?utm_source=emailNiftyQuote&amp;utm_medium=packingProtectingYourGoods&amp;utm_campaign=a&amp;utm_term=b&amp;utm_content=c\"><span style=\"font-size: x-large;\"><strong><u>Imballaggio e protezione delle vostre merci<\/u><\/strong><\/span><\/a><\/h1>\n<p data-pd-redactor=\"\">Si prega di leggere la nostra guida ai traslochi in modo da poter garantire che i vostri articoli siano imballati correttamente:<\/p>\n<p data-pd-redactor=\"\">http:\/\/europeanmoving.co.uk\/transportation-and-movers-guide<\/p>\n<p data-pd-redactor=\"\">I nostri furgoni\u00a0<strong>NON<\/strong>\u00a0vengono forniti con coperte o attrezzature di carico, queste dovrebbero essere fornite dal cliente se necessario<\/p>\n<p data-pd-redactor=\"\">I nostri furgoni\u00a0<strong>NON<\/strong>\u00a0\u00a0sono dotati di sponde montacarichi di serie (\u00e8 necessario richiederlo al momento della prenotazione e sar\u00e0 soggetto a disponibilit\u00e0)<\/p>\n<h1 data-fontsize=\"30\" data-lineheight=\"42\"><a href=\"https:\/\/europeanmoving.co.uk\/international-movers-and-removers-insurance\/?utm_source=emailNiftyQuote&amp;utm_medium=insurance&amp;utm_campaign=a&amp;utm_term=b&amp;utm_content=c\"><span style=\"font-size: x-large;\"><strong><u>Assicurazione<\/u><\/strong><\/span><\/a><\/h1>\n<p data-pd-redactor=\"\">Il nostro preventivo esclude la copertura assicurativa, tuttavia invece di provare a venderti un&#8217;assicurazione non necessaria come la maggior parte dei nostri concorrenti fa per un ulteriore 3% solo per scoprire che la nostra assicurazione ha un intero elenco di limitazioni, offriamo un indennizzo di \u00a3 40 per articolo o scatola per un massimo a \u00a3 10.000 per spedizione.\u00a0Questo \u00e8 solo in caso di perdita totale o di un articolo mancante dietro prova di un inventario firmato.\u00a0Potresti anche scoprire di avere gi\u00e0 un&#8217;assicurazione in base alla tua polizza familiare o sarai in grado di aggiungere un&#8217;assicurazione di trasloco alla tua polizza familiare per circa \u00a3 30 e in caso contrario ci sono molti fornitori di terze parti su Internet che possono aiutare a tariffe molto inferiori rispetto a rispetto al 3% spesso citato dalla maggior parte delle societ\u00e0 di traslochi.\u00a0Fare riferimento alla nostra\u00a0<strong><a href=\"https:\/\/europeanmoving.co.uk\/international-movers-and-removers-insurance\/?utm_source=emailNiftyQuote&amp;utm_medium=insurance&amp;utm_campaign=a&amp;utm_term=b&amp;utm_content=c\">PAGINA ASSICURAZIONI<\/a>\u00a0<\/strong>sul nostro sito web per tutti i dettagli dove troverai anche alcuni suggerimenti se desideri cercare una copertura completa.<\/p>\n<p data-pd-redactor=\"\"><strong>Non esiste alcuna copertura per rotture generali o danni da trasporto con noi o con i nostri assicuratori, quindi assicurati che le tue cose siano ben protette e che la tua assicurazione sulla casa ti copra per tali questioni, la maggior parte ha una copertura gi\u00e0 integrata, ma controlla le scritte in piccolo.<\/strong><\/p>\n<h1 data-fontsize=\"30\" data-lineheight=\"42\"><a href=\"https:\/\/europeanmoving.co.uk\/?utm_source=emailNiftyQuote&amp;utm_medium=inventory3-5DaysBeforeCollection&amp;utm_campaign=a&amp;utm_term=b&amp;utm_content=c\"><span style=\"font-size: x-large;\"><strong><u>Inventario 3-5 giorni prima del ritiro<\/u><\/strong><\/span><\/a><\/h1>\n<p>Devi inviarci un inventario finale almeno 3-5 giorni lavorativi prima del tuo trasloco.\u00a0Stampa anche due copie cartacee, una per te e una per il conducente.\u00a0Tutte le merci devono essere controllate e verificate dal furgone al momento del ritiro e della consegna, tu e l&#8217;autista dovete firmare entrambe le copie.<\/p>\n<h1 data-fontsize=\"30\" data-lineheight=\"42\"><a href=\"https:\/\/europeanmoving.co.uk\/?utm_source=emailNiftyQuote&amp;utm_medium=excessiveWeight&amp;utm_campaign=a&amp;utm_term=b&amp;utm_content=c\"><span style=\"font-size: x-large;\"><strong><u>Peso eccessivo<\/u><\/strong><\/span><\/a><\/h1>\n<p><em><strong>Ogni furgone pu\u00f2 trasportare un massimo di 1000 kg (a pieno carico)<\/strong><\/em><\/p>\n<p><em><strong>o 50 kg per m3 (carico parziale)<\/strong><\/em><br \/>\n<strong>Se il tuo carico supera il peso durante la raccolta, ti verr\u00e0 addebitato come segue:<\/strong><\/p>\n<p>&nbsp;<\/p>\n<p><u><strong>CARICHI PARZIALI\u00a0<\/strong><\/u><strong>\u00a0\u00a0<\/strong><\/p>\n<p><strong>Ogni unit\u00e0 \u00e8 composta da 1 mo 50 kg (a seconda di quale viene raggiunto per primo)<\/strong><\/p>\n<p><strong>Ti verr\u00e0 addebitato per ogni unit\u00e0 aggiuntiva su base proporzionale in base alla tua prenotazione originale<\/strong><\/p>\n<p>&nbsp;<\/p>\n<p><u><strong>CARICHI<\/strong><\/u><strong>\u00a0\u00a0COMPLETI (20 m3 o 1000 kg, a seconda di quale sia il pi\u00f9 grande)<\/strong><\/p>\n<p>&nbsp;<\/p>\n<p><strong>Se le tue merci superano i 20 m3 o 1000 kg, avrai la possibilit\u00e0 di prenotare un carico parziale aggiuntivo per un altro periodo o un furgone \/ i extra a seconda del resto della merce rimasta.\u00a0Di solito possiamo organizzare furgoni aggiuntivi lo stesso giorno o il giorno successivo.<\/strong><\/p>\n<p>&nbsp;<\/p>\n<p data-pd-redactor=\"\"><strong data-redactor-tag=\"strong\">Il peso eccessivo dovuto al sovraccarico dei furgoni \u00e8 responsabilit\u00e0 del cliente, tutte le multe da parte di Polizia, VOSA o altre autorit\u00e0 estere dovranno essere pagate dal cliente prima che i veicoli vengano inviati alla destinazione di scarico.\u00a0Verranno inoltre applicate le tariffe per il recupero di merci sovraccariche.<\/strong><\/p>\n<h1 data-fontsize=\"30\" data-lineheight=\"42\"><a href=\"https:\/\/europeanmoving.co.uk\/?utm_source=emailNiftyQuote&amp;utm_medium=ferryTollCrossingCharges&amp;utm_campaign=a&amp;utm_term=b&amp;utm_content=c\"><span style=\"font-size: x-large;\"><strong><u>Tariffe per traghetti e attraversamenti a pedaggio<\/u><\/strong><\/span><\/a><\/h1>\n<p>Tutti i pedaggi e le traversate in traghetto per la terraferma sono inclusi nel preventivo.\u00a0Tuttavia, alcune delle isole o destinazioni pi\u00f9 remote o oscure\u00a0\u00a0<strong>non sono incluse<\/strong>\u00a0(comprese alcune delle isole greche).\u00a0Se non sei sicuro, parla con uno dei nostri coordinatori di traslochi esperti.<\/p>\n<p><em>** In alcuni casi, per spedizioni pi\u00f9 piccole, in genere inferiori a 5 m\u00b3, la merce potrebbe essere inviata su un servizio pallet **<\/em><\/p>\n<p><em>** In rari casi, se le tue merci vengono trasportate in alcune delle isole europee pi\u00f9 piccole, le tue merci potrebbero essere spedite tramite container: eventuali costi aggiuntivi per l&#8217;utilizzo di questo servizio saranno coperti da European Moving **<\/em><\/p>\n<p>&nbsp;<\/p>\n<p>&nbsp;<\/p>\n<h1 data-fontsize=\"30\" data-lineheight=\"42\"><a href=\"https:\/\/europeanmoving.co.uk\/?utm_source=emailNiftyQuote&amp;utm_medium=customsClearance&amp;utm_campaign=a&amp;utm_term=b&amp;utm_content=c\"><span style=\"font-size: x-large;\"><strong><u>Sdoganamento<\/u><\/strong><\/span><\/a><\/h1>\n<p>I nostri preventivi includono le spese di sdoganamento.\u00a0Organizzeremo questo per tuo conto sia per la Svizzera che per la Norvegia, a meno che tu non preferisca organizzare tu stesso lo sdoganamento (con un&#8217;agenzia doganale).\u00a0Questo servizio non include tasse o imposte che potrebbero dover essere pagate.\u00a0Si prega di contattare il proprio coordinatore del trasloco se non si necessita di questo servizio.<\/p>\n<p><strong>** Per tutti gli altri paesi che hanno implicazioni doganali (incluse Turchia, Isole Canarie e Groenlandia) \u00e8 responsabilit\u00e0 del cliente prendere accordi prima del ritiro.\u00a0Non saremo in grado di ritirare la tua merce senza la corretta documentazione **<\/strong><\/p>\n<p>&nbsp;<\/p>\n<p><strong>Domande frequenti &#8211; Consulta le nostre domande frequenti<\/strong>\u00a0sul nostro sito Web: http:\/\/europeanmoving.co.uk\/moving-faqs-for-international-removals<\/p>\n<p>Hai gi\u00e0 un preventivo di un altro fornitore e desideri vedere se possiamo abbinare o battere il prezzo?<\/p>\n<p>Offriamo una garanzia di corrispondenza del prezzo in cui faremo del nostro meglio per abbinare qualsiasi prezzo simile offerto da un&#8217;altra societ\u00e0.\u00a0Inviaci una copia del preventivo o uno screenshot \/\u00a0<strong><a href=\"mailto:PriceMatch@europeanmoving.co.uk\">cattura<\/a><\/strong>\u00a0dell&#8217;offerta al seguente indirizzo email:\u00a0<strong><a href=\"mailto:PriceMatch@europeanmoving.co.uk\">PriceMatch@europeanmoving.co.uk<\/a><\/strong><\/p>\n<h1 data-fontsize=\"30\" data-lineheight=\"42\"><a href=\"https:\/\/europeanmoving.co.uk\/live-chat\/?utm_source=emailNiftyQuote&amp;utm_medium=liveChat&amp;utm_campaign=a&amp;utm_term=b&amp;utm_content=c\"><span style=\"font-size: x-large;\"><strong><u>Domande<\/u><\/strong><\/span><\/a><\/h1>\n<p>Se hai domande di qualsiasi tipo, non esitare a\u00a0<strong><a href=\"mailto:europeanmoving@europeanmoving.org?subject=European%20Moving%20-%20Quote%20Question\">contattarci<\/a>\u00a0.\u00a0<\/strong>Puoi inviarci un&#8217;e-mail o contattarci sulla nostra\u00a0<strong><a href=\"https:\/\/europeanmoving.co.uk\/live-chat\/?utm_source=emailNiftyQuote&amp;utm_medium=liveChat&amp;utm_campaign=a&amp;utm_term=b&amp;utm_content=c\">live chat<\/a><\/strong>\u00a0sul nostro\u00a0<strong><a href=\"http:\/\/europeanmoving.co.uk\/?utm_source=emailNiftyQuote&amp;utm_medium=website&amp;utm_campaign=a&amp;utm_term=b&amp;utm_content=c\">sito web<\/a><\/strong>\u00a0\u00a0o su Whatsapp al\u00a0<strong><a href=\"https:\/\/api.whatsapp.com\/send?phone=447747713598&amp;text=I%27d%20like%20to%20request%20a%20free%20no%20obligation%20quote\">+44 7747 713 598<\/a>\u00a0<\/strong>\u00a0e saremo pi\u00f9 che felici di ricontattarti.<\/p>\n<p>&nbsp;<\/p>\n<p><em>Questo sito Web e tutti i nomi di dominio associati e il suo contenuto sono di propriet\u00e0 di European Moving Holdings Limited, Dubai e gestiti da European Moving Limited, Malta.\u00a0Se hai bisogno di informazioni sulla societ\u00e0 locale e numeri di partita IVA per le nostre societ\u00e0 registrate in Francia, Regno Unito e Irlanda, fai riferimento alla fattura di vendita.\u00a0Tutte le transazioni effettuate su questo sito Web, sull&#8217;infrastruttura IT associata o per telefono sono classificate come transazioni digitali ai fini dell&#8217;IVA.<\/em><\/p>\n<p><em>Questo sito Web e tutti i nomi di dominio associati e il suo contenuto sono di propriet\u00e0 di European Moving Holdings Limited, Dubai e gestiti da European Moving Limited, Malta.\u00a0Se hai bisogno di informazioni sulla societ\u00e0 locale e numeri di partita IVA per le nostre societ\u00e0 registrate in Francia, Regno Unito e Irlanda, fai riferimento alla fattura di vendita.\u00a0Tutte le transazioni effettuate su questo sito Web, sull&#8217;infrastruttura IT associata o per telefono sono classificate come transazioni digitali ai fini dell&#8217;IVA.<\/em><\/p>\n","protected":false},"excerpt":{"rendered":"<p>&nbsp; Importante: il prezzo indicato si basa sulla cilindrata o sul peso (a seconda di quale sia il maggiore) Ad esempio: la\u00a0tua merce pu\u00f2 avere una capacit\u00e0 cubica di soli 10 m\u00b3 ma pesare 1000 kg, nel qual caso si tratter\u00e0 di un carico a pieno carico.\u00a0Si prega di vedere quanto segue &#8211; Pieno carico\u00a0= [&hellip;]<\/p>\n","protected":false},"author":13,"featured_media":0,"parent":0,"menu_order":0,"comment_status":"closed","ping_status":"closed","template":"","meta":[],"yst_prominent_words":[3939,14838,12194,12192],"_links":{"self":[{"href":"https:\/\/europeanmoving.co.uk\/it\/wp-json\/wp\/v2\/pages\/22326"}],"collection":[{"href":"https:\/\/europeanmoving.co.uk\/it\/wp-json\/wp\/v2\/pages"}],"about":[{"href":"https:\/\/europeanmoving.co.uk\/it\/wp-json\/wp\/v2\/types\/page"}],"author":[{"embeddable":true,"href":"https:\/\/europeanmoving.co.uk\/it\/wp-json\/wp\/v2\/users\/13"}],"replies":[{"embeddable":true,"href":"https:\/\/europeanmoving.co.uk\/it\/wp-json\/wp\/v2\/comments?post=22326"}],"version-history":[{"count":2,"href":"https:\/\/europeanmoving.co.uk\/it\/wp-json\/wp\/v2\/pages\/22326\/revisions"}],"predecessor-version":[{"id":22337,"href":"https:\/\/europeanmoving.co.uk\/it\/wp-json\/wp\/v2\/pages\/22326\/revisions\/22337"}],"wp:attachment":[{"href":"https:\/\/europeanmoving.co.uk\/it\/wp-json\/wp\/v2\/media?parent=22326"}],"wp:term":[{"taxonomy":"yst_prominent_words","embeddable":true,"href":"https:\/\/europeanmoving.co.uk\/it\/wp-json\/wp\/v2\/yst_prominent_words?post=22326"}],"curies":[{"name":"wp","href":"https:\/\/api.w.org\/{rel}","templated":true}]}}