{"id":22298,"date":"2020-09-18T08:42:31","date_gmt":"2020-09-18T08:42:31","guid":{"rendered":"http:\/\/europeanmoving.im\/?page_id=22298"},"modified":"2020-09-18T08:45:26","modified_gmt":"2020-09-18T08:45:26","slug":"trasporto-di-componenti-per-laviazione-europea","status":"publish","type":"page","link":"https:\/\/europeanmoving.co.uk\/it\/trasporto-di-componenti-per-laviazione-europea\/","title":{"rendered":"Trasporto di componenti per l&#8217;aviazione europea"},"content":{"rendered":"<p>Negli ultimi decenni, l&#8217;aviazione \u00e8 diventata uno degli elementi essenziali del progresso moderno.\u00a0Con ci\u00f2, nasce anche la necessit\u00e0 di un trasporto efficiente.<\/p>\n<p><strong>Trasporto di componenti per l&#8217;aviazione europea: per cosa?<\/strong><br \/>\nGli aerei hanno una vasta gamma di utilizzo: spostamento di persone e merci, agricoltura, sicurezza nazionale, ecc., Il che significa che la gamma di componenti \u00e8 altrettanto ampia.\u00a0E pi\u00f9 \u00e8 leggero, meglio \u00e8.<\/p>\n<p>Fortunatamente, il mercato pu\u00f2 agevolare bene le esigenze dei clienti per quanto riguarda le parti di aviazione ultraleggera.<\/p>\n<p>Ma mentre i servizi di corriere fanno parte di molte grandi aziende manifatturiere, non \u00e8 sempre cos\u00ec per quelle pi\u00f9 piccole o per i privati.\u00a0Un servizio di trasporto affidabile, preferibilmente con esperienza nel settore, si riveler\u00e0 favorevole in tali tempi.<\/p>\n<p>\u00c8 qui che entra in gioco il nostro servizio di trasporto di componenti per l&#8217;aviazione europea. Trasporteremo i componenti per l&#8217;aviazione ultraleggeri di cui avete bisogno, in modo sicuro e ad un prezzo adatto alle vostre aspettative.\u00a0E non \u00e8 tutto!<br \/>\nSe stai distribuendo parti di aviazione per aerei privati \u200b\u200be stai cercando di espandere la tua attivit\u00e0 oltre il mercato locale, possiamo assisterti occupandoci del trasporto internazionale.<\/p>\n<p><strong>Trasporto di componenti per l&#8217;aviazione europea: come funziona?<\/strong><br \/>\nVeloce e leggero come un uccello.<br \/>\nCompila semplicemente il modulo online o chiamaci.\u00a0Il nostro team dedicato di coordinatori dei trasporti prender\u00e0 i tuoi dati e ti fornir\u00e0 un preventivo gratuito per le tue esigenze.\u00a0I nostri autisti attraversano l&#8217;Europa ogni giorno.\u00a0Ci\u00f2 significa che dobbiamo ritirare i tuoi pezzi di aviazione dal Regno Unito e portarteli in Spagna o dalla Germania alla Grecia.<\/p>\n<p>Volare era uno dei pi\u00f9 grandi sogni dell&#8217;umanit\u00e0, realizzato dalla meravigliosa invenzione dell&#8217;aviazione.\u00a0Ora, come parte della vita quotidiana, \u00e8 della massima importanza continuare lo sviluppo e il miglioramento di questo sogno.<\/p>\n","protected":false},"excerpt":{"rendered":"<p>Negli ultimi decenni, l&#8217;aviazione \u00e8 diventata uno degli elementi essenziali del progresso moderno.\u00a0Con ci\u00f2, nasce anche la necessit\u00e0 di un trasporto efficiente. Trasporto di componenti per l&#8217;aviazione europea: per cosa? Gli aerei hanno una vasta gamma di utilizzo: spostamento di persone e merci, agricoltura, sicurezza nazionale, ecc., Il che significa che la gamma di componenti [&hellip;]<\/p>\n","protected":false},"author":13,"featured_media":0,"parent":0,"menu_order":0,"comment_status":"closed","ping_status":"closed","template":"","meta":[],"yst_prominent_words":[12404,12184,13129,14858],"_links":{"self":[{"href":"https:\/\/europeanmoving.co.uk\/it\/wp-json\/wp\/v2\/pages\/22298"}],"collection":[{"href":"https:\/\/europeanmoving.co.uk\/it\/wp-json\/wp\/v2\/pages"}],"about":[{"href":"https:\/\/europeanmoving.co.uk\/it\/wp-json\/wp\/v2\/types\/page"}],"author":[{"embeddable":true,"href":"https:\/\/europeanmoving.co.uk\/it\/wp-json\/wp\/v2\/users\/13"}],"replies":[{"embeddable":true,"href":"https:\/\/europeanmoving.co.uk\/it\/wp-json\/wp\/v2\/comments?post=22298"}],"version-history":[{"count":2,"href":"https:\/\/europeanmoving.co.uk\/it\/wp-json\/wp\/v2\/pages\/22298\/revisions"}],"predecessor-version":[{"id":22308,"href":"https:\/\/europeanmoving.co.uk\/it\/wp-json\/wp\/v2\/pages\/22298\/revisions\/22308"}],"wp:attachment":[{"href":"https:\/\/europeanmoving.co.uk\/it\/wp-json\/wp\/v2\/media?parent=22298"}],"wp:term":[{"taxonomy":"yst_prominent_words","embeddable":true,"href":"https:\/\/europeanmoving.co.uk\/it\/wp-json\/wp\/v2\/yst_prominent_words?post=22298"}],"curies":[{"name":"wp","href":"https:\/\/api.w.org\/{rel}","templated":true}]}}