{"id":13528,"date":"2019-06-14T10:14:55","date_gmt":"2019-06-14T10:14:55","guid":{"rendered":"http:\/\/europeanmoving.co.uk\/assicurazione\/"},"modified":"2020-09-18T09:31:34","modified_gmt":"2020-09-18T09:31:34","slug":"assicurazione-draft","status":"publish","type":"page","link":"https:\/\/europeanmoving.co.uk\/it\/assicurazione-draft\/","title":{"rendered":"Assicurazione"},"content":{"rendered":"<p><span>Quando sposti le tue merci con qualsiasi societ\u00e0 di trasloco o di trasporto, in genere avrai 3 opzioni assicurative da considerare per quanto riguarda l&#8217;assicurazione di transito, spedizione o trasloco.<\/span><\/p>\n<ul class=\"list-with-tick col3 bignum\">\n<li><span class=\"num\"><span>1.<\/span><\/span><span>Copertura della propria compagnia di assicurazioni sulla propria assicurazione sui contenuti domestici &#8211;\u00a0<\/span><strong><span>Proprietario o Imballaggio professionale<\/span><\/strong><\/li>\n<li><span class=\"num\"><span>2.<\/span><\/span><span>L&#8217;assicurazione della compagnia di traslochi o la compagnia di assicurazioni di terze parti &#8211;\u00a0\u00a0<\/span><strong><span>Owner Packed<\/span><\/strong><\/li>\n<li><span class=\"num\"><span>3.<\/span><\/span><span>L&#8217;assicurazione della compagnia di traslochi o la compagnia di assicurazioni di terze parti &#8211;\u00a0\u00a0<\/span><strong><span>Imballaggio professionale<\/span><\/strong><\/li>\n<\/ul>\n<p><span>La maggior parte delle societ\u00e0 di traslochi offre una copertura assicurativa aggiuntiva da circa il 3% del valore totale delle merci spedite e ti verr\u00e0 richiesto di fare un inventario dettagliato di ogni singolo articolo o scatola.<\/span><br \/>\n<span>In European Moving non offriamo tale copertura assicurativa aggiuntiva in quanto generalmente queste polizze assicurative non coprono molto ed escludono molto, il che significa che quando devi presentare un reclamo \u00e8 probabile che NON sarai coperto per quello che pensavi di essere .<\/span><br \/>\n<span>Non riteniamo etico o giusto offrire ai nostri clienti queste formule ingiuste e in molti casi impilate ingiustamente verso le polizze assicurative della compagnia di assicurazioni.<\/span><br \/>\n<span>In molte occasioni queste polizze saranno molto al di sotto delle aspettative di copertura assicurativa dei nostri clienti.<\/span><br \/>\n<span>Tuttavia, copriamo gli scenari del caso peggiore in assoluto, le tue merci sono indennizzate con noi per \u00a3 40 per articolo o scatola (in linea con i Termini e condizioni BAR, sezione 8.1 e 8.2) fino al valore di \u00a3 10.000 in caso di incendio, furto, incidente automobilistico o disastro navale.<\/span><br \/>\n<span>Offriamo inoltre una polizza di compensazione di \u00a3 40 per articolo mancante o scatola.<\/span><br \/>\n<span>Per motivi di chiarezza le vostre merci non sono assicurate per rotture, danni di trasporto minori o articoli mancanti vari con European Moving, sia imballati da voi che da noi.<\/span><br \/>\n<span>European Moving consiglia sempre di stipulare una copertura assicurativa aggiuntiva se \u00e8 richiesta una copertura assicurativa completa, tuttavia l&#8217;opzione dipende interamente da te.<\/span><br \/>\n<span>Si consiglia di imballare e proteggere tutte le merci prima del ritiro, indipendentemente dalle disposizioni assicurative.<\/span><br \/>\n<span>Se le vostre merci sono adeguatamente imballate e protette, dovrebbero essere in grado di sopportare la normale movimentazione e trasporto.<\/span><br \/>\n<span>Il nostro consiglio \u00e8 di controllare prima la copertura della polizza assicurativa sui contenuti della casa poich\u00e9 potresti gi\u00e0 avere alcune assicurazioni per traslochi integrate nella tua polizza o essere in grado di aggiungere una copertura extra per un piccolo premio.<\/span><br \/>\n<span>Se hai ancora bisogno di una copertura aggiuntiva, ci sono molte compagnie disponibili online che possono darti un preventivo per l&#8217;assicurazione del carico marittimo e \/ o per i traslochi.<\/span><br \/>\n<span>Assicurazione come\u00a0<\/span><a href=\"https:\/\/www.freightcover.com\/\" target=\"_blank\" rel=\"noopener noreferrer\"><strong><span>https:\/\/www.freightcover.com<\/span><\/strong><\/a><span>\u00a0o\u00a0<\/span><a href=\"https:\/\/www.insure-your-move.com\/\" target=\"_blank\" rel=\"noopener noreferrer\"><strong><span>https:\/\/www.insure-your-move.com<\/span><\/strong><\/a><span>\u00a0.<\/span><br \/>\n<span>Puoi anche fare una ricerca su Google per &#8220;Assicurazione del carico marittimo&#8221; o &#8220;Assicurazione per traslochi&#8221;, ci sono molte compagnie l\u00e0 fuori che possono darti esattamente il tipo di copertura di cui hai bisogno e nella maggior parte dei casi la copertura sar\u00e0 di gran lunga superiore a quella copertura assicurativa fornita alla rinfusa che ti viene offerta al 3% da una societ\u00e0 di traslochi che per essere sinceri in molti casi non vale la carta su cui \u00e8 scritta.<\/span><\/p>\n<p><strong><span>Si prega di non elencare European Moving come imballatori professionisti a meno che non l&#8217;abbiamo concordato con voi previo accordo e per iscritto che questo servizio verr\u00e0 fornito in quanto ci\u00f2 potrebbe invalidare la vostra polizza assicurativa.<\/span><\/strong><\/p>\n<h2><strong><span>Fare richieste di risarcimento<\/span><\/strong><\/h2>\n<p><span>La realt\u00e0 dello spostamento di effetti personali attraverso qualsiasi compagnia di trasloco, trasporto e spedizione su lunghe distanze \u00e8 che c&#8217;\u00e8 sempre il rischio che qualcosa si rompa durante il trasporto.<\/span><br \/>\n<span>Nella maggior parte dei casi si tratta normalmente di una perdita trascurabile, ma in alcuni casi potrebbe essere necessario presentare un reclamo assicurativo o un reclamo contro il nostro sistema di risarcimento di \u00a3 40 per scatola o articolo.<\/span><br \/>\n<span>A causa delle molte migliaia di spedizioni che inviamo ogni anno e dell&#8217;enorme quantit\u00e0 di paesi e lingue coinvolte, la tua richiesta di risarcimento, qualora ne avessi una, sar\u00e0 gestita da periti internazionali professionali Crawford &amp; Company Adjusters (UK) Limited<\/span><br \/>\n<span>Per presentare un reclamo con i nostri periti, richiedici un modulo di reclamo.\u00a0Se stai facendo richiesta contro la tua assicurazione assicurati di aver controllato la formulazione della tua polizza assicurativa per stabilire di avere la copertura per la quale intendi chiedere.<\/span><br \/>\n<span>Si prega di notare che le vostre merci non sono assicurate per rotture o danni di transito con European Moving, ma possiamo assistervi con alcuni aspetti del vostro reclamo con la vostra compagnia di assicurazioni.<\/span><br \/>\n<span>Se hai bisogno di informazioni o documenti quando fai un reclamo contro la tua compagnia di assicurazioni, ti preghiamo di contattarci al seguente indirizzo email\u00a0<\/span><strong><span>claims@europeanmoving.eu\u00a0<\/span><span>.<\/span><\/strong><br \/>\n<span>Assicurati di fornire quanti pi\u00f9 dettagli possibili, incluso il nome completo del richiedente, il numero di polizza e il punto di contatto per qualsiasi corrispondenza, assicurati di fornire quante pi\u00f9 informazioni possibili.<\/span><br \/>\n<span>Di seguito \u00e8 riportato un elenco di alcune delle cose di cui potresti aver bisogno per presentare la tua richiesta:<\/span><\/p>\n<ul class=\"list-with-tick fullcol\">\n<li><span>Numero di polizza<\/span><\/li>\n<li><span>Nome dell&#8217;assicurato<\/span><\/li>\n<li><span>Una copia delle bolle di ritiro e di consegna firmate o CMR<\/span><\/li>\n<li><span>Una copia di un inventario firmato con le firme dell&#8217;autista del ritiro e dell&#8217;autista della consegna<\/span><\/li>\n<li><span>Una stima da parte di una societ\u00e0 professionale per il costo delle riparazioni o della sostituzione delle perdite<\/span><\/li>\n<li><span>Prova fotografica dell&#8217;imballaggio prima e dopo l&#8217;incidente<\/span><\/li>\n<li><span>Prova fotografica dei danni, prova di acquisto e \/ o propriet\u00e0<\/span><\/li>\n<\/ul>\n<p><span>Quando restituisci il modulo di richiesta a Crawford, assicurati di avere quante pi\u00f9 informazioni a portata di mano e se hai stipulato un&#8217;assicurazione avranno bisogno del nome, numero di telefono, numero di reclamo e indirizzo e-mail della persona presso la tua compagnia di assicurazioni che ha a che fare con il tuo Richiesta.<\/span><\/p>\n<p><span>I dettagli completi per Crawford sono di seguito:<\/span><br \/>\n<strong><span>Crawford &amp; Company Adjusters (UK) Limited<\/span><\/strong><br \/>\n<span>Registered Number: 2908444<\/span><br \/>\n<span>Sede legale: 70 Mark Lane, London EC3R 7NQ<\/span><\/p>\n","protected":false},"excerpt":{"rendered":"<p>Quando sposti le tue merci con qualsiasi societ\u00e0 di trasloco o di trasporto, in genere avrai 3 opzioni assicurative da considerare per quanto riguarda l&#8217;assicurazione di transito, spedizione o trasloco. 1.Copertura della propria compagnia di assicurazioni sulla propria assicurazione sui contenuti domestici &#8211;\u00a0Proprietario o Imballaggio professionale 2.L&#8217;assicurazione della compagnia di traslochi o la compagnia di [&hellip;]<\/p>\n","protected":false},"author":13,"featured_media":0,"parent":0,"menu_order":0,"comment_status":"closed","ping_status":"closed","template":"","meta":[],"yst_prominent_words":[],"_links":{"self":[{"href":"https:\/\/europeanmoving.co.uk\/it\/wp-json\/wp\/v2\/pages\/13528"}],"collection":[{"href":"https:\/\/europeanmoving.co.uk\/it\/wp-json\/wp\/v2\/pages"}],"about":[{"href":"https:\/\/europeanmoving.co.uk\/it\/wp-json\/wp\/v2\/types\/page"}],"author":[{"embeddable":true,"href":"https:\/\/europeanmoving.co.uk\/it\/wp-json\/wp\/v2\/users\/13"}],"replies":[{"embeddable":true,"href":"https:\/\/europeanmoving.co.uk\/it\/wp-json\/wp\/v2\/comments?post=13528"}],"version-history":[{"count":2,"href":"https:\/\/europeanmoving.co.uk\/it\/wp-json\/wp\/v2\/pages\/13528\/revisions"}],"predecessor-version":[{"id":22346,"href":"https:\/\/europeanmoving.co.uk\/it\/wp-json\/wp\/v2\/pages\/13528\/revisions\/22346"}],"wp:attachment":[{"href":"https:\/\/europeanmoving.co.uk\/it\/wp-json\/wp\/v2\/media?parent=13528"}],"wp:term":[{"taxonomy":"yst_prominent_words","embeddable":true,"href":"https:\/\/europeanmoving.co.uk\/it\/wp-json\/wp\/v2\/yst_prominent_words?post=13528"}],"curies":[{"name":"wp","href":"https:\/\/api.w.org\/{rel}","templated":true}]}}