{"id":13350,"date":"2019-06-13T07:13:07","date_gmt":"2019-06-13T07:13:07","guid":{"rendered":"http:\/\/europeanmoving.co.uk\/?page_id=13350"},"modified":"2020-09-17T10:59:12","modified_gmt":"2020-09-17T10:59:12","slug":"guida-trasloco-veicolo","status":"publish","type":"page","link":"https:\/\/europeanmoving.co.uk\/it\/guida-trasloco-veicolo\/","title":{"rendered":"Consigli sul veicolo"},"content":{"rendered":"<h1 class=\"title-heading-left\"><strong><span>Suggerimenti relativi al veicolo<\/span><\/strong><\/h1>\n<p><span>Abbiamo messo insieme alcuni articoli relativi ai furgoni.\u00a0Questi suggerimenti relativi al veicolo ti aiuteranno a stimare il volume del tuo trasloco e ad assicurarti che il furgone possa accedere alla tua propriet\u00e0 ad entrambe le estremit\u00e0 del viaggio.<\/span><\/p>\n<p><img src=\"https:\/\/europeanmoving.im\/wp-content\/uploads\/2018\/07\/vehicle-tips.jpg\" \/><\/p>\n<h2><strong><span>Suggerimenti relativi al veicolo: i nostri furgoni<\/span><\/strong><\/h2>\n<p><span>Abbiamo furgoni che viaggiano ogni giorno in tutti i paesi europei.\u00a0La maggior parte di questi sono furgoni Luton da 3,5 tonnellate, con le seguenti dimensioni esterne:<\/span><\/p>\n<ul class=\"list-with-tick col4\">\n<li><span>Lunghezza = 7,5 metri<\/span><\/li>\n<li><span>Larghezza = 2,2 metri<\/span><\/li>\n<li><span>Altezza = 3,3 metri<\/span><\/li>\n<\/ul>\n<p><strong><span>Verificare sempre con il proprio Move Coordinator prima del ritiro e della consegna per chiarimenti.<\/span><\/strong><br \/>\n<span>Un transito di Luton \u00e8 uno dei cavalli di battaglia dell&#8217;industria dei traslochi.\u00a0\u00c8 un furgone per traslochi molto popolare per molti motivi.\u00a0Questo tipo di veicolo \u00e8 manovrabile e non troppo grande.\u00a0Si parchegger\u00e0 sul tuo disco se ne hai uno.\u00a0Inoltre, per volumi maggiori, due furgoni insieme sono generalmente pi\u00f9 veloci ed economici di uno singolo, pi\u00f9 grande come un 7,5 tonnellate.<\/span><br \/>\n<span>Un furgone Luton ha una capacit\u00e0 di 20 metri cubi e pu\u00f2 trasportare fino a 1.000 kg.\u00a0In alcuni paesi, gli stessi furgoni non possono trasportare legalmente pi\u00f9 di 800 kg.\u00a0Il volume massimo, tuttavia, rimane invariato.\u00a0Un furgone di queste dimensioni di solito pu\u00f2 far fronte a un trasloco di dimensioni medio-piccole.\u00a0A meno che tu non sia un accaparratore severo, probabilmente sarai in grado di adattare le tue cose da qualsiasi cosa fino a una casa con due camere da letto in un furgone per traslochi domestici come questo.<\/span><\/p>\n<h2><strong><span>Suggerimenti relativi al veicolo: il problema critico del peso<\/span><\/strong><\/h2>\n<p>&nbsp;<\/p>\n<p><strong><span>Stimare il peso \u00e8 difficile.\u00a0Questo vincolo di peso \u00e8 il motivo per cui ti abbiamo consigliato di pesare ogni articolo mentre imballavi nella nostra stanza di imballaggio per stanza.\u00a0<\/span><\/strong><span>Il conducente a volte pu\u00f2 avvisare quando il furgone \u00e8 sovraccarico, anche se questo pu\u00f2 essere difficile anche per i conducenti pi\u00f9 esperti!\u00a0In alcune circostanze e solo per carichi completi possiamo organizzare l&#8217;invio del furgone a una pesa a ponte nella tua zona, se disponibile.\u00a0Ci\u00f2 potrebbe comportare costi aggiuntivi a seconda del costo e dell&#8217;ubicazione di questo servizio.<\/span><br \/>\n<span>Per chiarimenti, il cliente \u00e8 responsabile della stima del peso della loro rimozione.\u00a0Se la polizia ferma il furgone per sovrappeso, il cliente dovr\u00e0 pagare la multa.\u00a0Se abbiamo bisogno di inviare un altro veicolo per togliere il peso in eccesso, anche il costo sar\u00e0 a carico del cliente.<\/span><br \/>\n<span>Qualora non fossimo in grado di contattarti in quel momento, European Moving potrebbe coprire questi costi per mantenere in movimento i furgoni.\u00a0In questo caso, il cliente dovr\u00e0 rimborsare tutti i costi aggiuntivi prima di iniziare a scaricare.<\/span><br \/>\n<span>Il costo per un furgone aggiuntivo dipender\u00e0 dalla posizione del veicolo fermo e da dove si trova il furgone disponibile pi\u00f9 vicino.\u00a0Ricorda che il costo sar\u00e0 in aggiunta alla multa.<\/span><br \/>\n<strong><span>Dovresti pagare l&#8217;importo totale della multa, pi\u00f9 l&#8217;addebito per portare un furgone al primo veicolo e da l\u00ec alla tua destinazione.<\/span><\/strong><\/p>\n<h2><strong><span>Suggerimenti relativi al veicolo: stima del volume del tuo movimento<\/span><\/strong><\/h2>\n<p><span>Il carico utile deve essere adeguatamente stimato.\u00a0Abbiamo ideato\u00a0<\/span><strong><span>questo calcolatore online<\/span><\/strong><span>\u00a0per la tua lettura.\u00a0Tutto quello che devi fare \u00e8 compilare la colonna centrale (quantit\u00e0) con la quantit\u00e0 di ogni articolo, stanza per stanza.<\/span><br \/>\n<span>Preferiamo lavorare in metri cubi invece che in piedi cubi, ma saremmo felici di parlare in entrambi, se lo desideri.\u00a0Ecco un convertitore online per convertire i piedi cubi in metri cubi.<\/span><br \/>\n<span>Se hai bisogno di aiuto per stimare le dimensioni del tuo carico, contatta il tuo rappresentante di vendita.\u00a0Puoi sempre inoltrare una copia del tuo inventario a uno dei nostri pianificatori del carico.\u00a0Lo calcoleremo sulla base delle medie del settore.\u00a0Siamo qui per aiutarti e rendere la tua mossa il pi\u00f9 agevole possibile.<\/span><\/p>\n<h2><strong><span>Suggerimenti relativi al veicolo: accesso alla tua propriet\u00e0<\/span><\/strong><\/h2>\n<p><span>\u00c8 essenziale che conosciamo il pi\u00f9 possibile i dettagli di accesso sia dei siti di ritiro che di consegna per fornirti un preventivo accurato.\u00a0Se scopriamo un problema di accesso inadeguato o non dichiarato &#8211; ad esempio, se ti trovi al 3 \u00b0 piano di un edificio e non hai un ascensore e non ce l&#8217;hai informato &#8211; dovremo addebitarti il \u200b\u200blavoro extra.<\/span><br \/>\n<span>Inoltre, assicurati di aver verificato i requisiti di accesso e le restrizioni sia al carico che allo scarico.\u00a0Ad esempio, se \u00e8 necessario rimuovere porte o finestre, \u00e8 necessario rimuoverle prima di arrivare a destinazione.<\/span><br \/>\n<span>\u00c8 necessario assicurarsi che vi sia un buon accesso al veicolo prenotato sia all&#8217;indirizzo di ritiro che a quello di consegna.\u00a0\u00c8 inoltre necessario organizzare eventuali permessi di parcheggio, se necessario, prima del giorno di ritiro o consegna.<\/span><br \/>\n<span>Assicurati che la distanza tra il parcheggio e la propriet\u00e0 (a entrambe le estremit\u00e0) sia ridotta al minimo.\u00a0Se supera i 30 metri o gi\u00f9 di l\u00ec, avvisa il tuo coordinatore Move il prima possibile.\u00a0Potremmo addebitarti un supplemento se la distanza \u00e8 troppo grande o se non ci hai avvisato.<\/span><br \/>\n<span>Se non c&#8217;\u00e8 un parcheggio adeguato per l&#8217;arresto del veicolo e ci\u00f2 si traduce in una multa di parcheggio, il cliente \u00e8 responsabile del pagamento completo prima che l&#8217;autista lasci la propriet\u00e0.<\/span><br \/>\n<span>Informa i tuoi vicini in anticipo in modo che siano preparati per eventuali disturbi il giorno del ritiro o della consegna.\u00a0Non solo \u00e8 educato, ma possono anche offrire una mano o una tazza di t\u00e8!<\/span><br \/>\n<span>Assicurati di avere la manodopera adeguata per caricare tutti i tuoi articoli sul nostro veicolo e scaricarli a destinazione.\u00a0Se hai prenotato il nostro livello di servizio SOLO TRASPORTO, questo elemento diventa fondamentale in quanto l&#8217;autista ti aiuter\u00e0 solo dal furgone.<\/span><\/p>\n<h2><strong><span>Suggerimenti relativi al veicolo: caricamento del furgone<\/span><\/strong><\/h2>\n<p><strong><span>Pensa al carico come un puzzle e utilizza ogni spazio nel miglior modo possibile.<\/span><\/strong><br \/>\n<span>Posiziona pezzi pi\u00f9 consistenti, come armadi e divani contro la parete interna anteriore del furgone dietro la cabina.\u00a0Fissarli correttamente con corde o cinghie.\u00a0I nostri veicoli sono dotati di cinghie di serie, ma \u00e8 sempre bene avere una corda a portata di mano per un supporto extra per oggetti insolitamente pesanti.\u00a0Ricorda che i nostri furgoni non vengono forniti con le coperte.<\/span><br \/>\n<span>Posiziona gli oggetti grandi e robusti sullo strato inferiore e gli oggetti pi\u00f9 fragili sopra.\u00a0Usa oggetti pi\u00f9 piccoli come tappeti e cuscini per tappare i buchi e riempire gli spazi vuoti.\u00a0Coperte e lenzuola sono utili in quanto forniscono una protezione extra.\u00a0Oggetti lunghi e fragili, come specchi o quadri, si adatteranno perfettamente tra i materassi.\u00a0Infine, assicurati che tutto sia adeguatamente protetto.<\/span><\/p>\n","protected":false},"excerpt":{"rendered":"<p>Suggerimenti relativi al veicolo Abbiamo messo insieme alcuni articoli relativi ai furgoni.\u00a0Questi suggerimenti relativi al veicolo ti aiuteranno a stimare il volume del tuo trasloco e ad assicurarti che il furgone possa accedere alla tua propriet\u00e0 ad entrambe le estremit\u00e0 del viaggio. Suggerimenti relativi al veicolo: i nostri furgoni Abbiamo furgoni che viaggiano ogni giorno [&hellip;]<\/p>\n","protected":false},"author":13,"featured_media":0,"parent":0,"menu_order":0,"comment_status":"closed","ping_status":"closed","template":"","meta":[],"yst_prominent_words":[7107,3939,13474,14850,3863],"_links":{"self":[{"href":"https:\/\/europeanmoving.co.uk\/it\/wp-json\/wp\/v2\/pages\/13350"}],"collection":[{"href":"https:\/\/europeanmoving.co.uk\/it\/wp-json\/wp\/v2\/pages"}],"about":[{"href":"https:\/\/europeanmoving.co.uk\/it\/wp-json\/wp\/v2\/types\/page"}],"author":[{"embeddable":true,"href":"https:\/\/europeanmoving.co.uk\/it\/wp-json\/wp\/v2\/users\/13"}],"replies":[{"embeddable":true,"href":"https:\/\/europeanmoving.co.uk\/it\/wp-json\/wp\/v2\/comments?post=13350"}],"version-history":[{"count":9,"href":"https:\/\/europeanmoving.co.uk\/it\/wp-json\/wp\/v2\/pages\/13350\/revisions"}],"predecessor-version":[{"id":22133,"href":"https:\/\/europeanmoving.co.uk\/it\/wp-json\/wp\/v2\/pages\/13350\/revisions\/22133"}],"wp:attachment":[{"href":"https:\/\/europeanmoving.co.uk\/it\/wp-json\/wp\/v2\/media?parent=13350"}],"wp:term":[{"taxonomy":"yst_prominent_words","embeddable":true,"href":"https:\/\/europeanmoving.co.uk\/it\/wp-json\/wp\/v2\/yst_prominent_words?post=13350"}],"curies":[{"name":"wp","href":"https:\/\/api.w.org\/{rel}","templated":true}]}}