{"id":13313,"date":"2019-06-12T14:06:05","date_gmt":"2019-06-12T14:06:05","guid":{"rendered":"http:\/\/europeanmoving.co.uk\/?page_id=13313"},"modified":"2020-09-17T09:24:42","modified_gmt":"2020-09-17T09:24:42","slug":"corriere-espresso-internazionale-europa","status":"publish","type":"page","link":"https:\/\/europeanmoving.co.uk\/it\/corriere-espresso-internazionale-europa\/","title":{"rendered":"Corriere espresso internazionale in Europa"},"content":{"rendered":"<h1 class=\"title-heading-left\"><strong><span>Corriere europeo e internazionale<\/span><\/strong><\/h1>\n<p><strong><span>Il servizio di corriere internazionale offre una consegna rapida ed efficiente di merci e pacchi in tutta Europa.<\/span><\/strong><\/p>\n<p><span>Il nostro esperto team di corrieri internazionali lavora quotidianamente instancabilmente in tutta l&#8217;UE.\u00a0Ci assicuriamo di rispettare le scadenze dei nostri clienti in modo efficiente e puntuale, ogni volta.\u00a0La selezione di un servizio di corriere europeo \u00e8 irta di potenziali delusioni.<\/span><br \/>\n<span>Considera la logistica dell&#8217;invio di pacchi e prodotti in tutta l&#8217;UE, spesso attraversando molti confini che possono rivelare incubi di pianificazione.\u00a0Quando la tua consegna \u00e8 fondamentale, devi selezionare un corriere europeo collaudato e affidabile che abbia l&#8217;esperienza per preparare e consegnare in tempi ristretti.<\/span><br \/>\n<span>Abbiamo una significativa esperienza nella consegna di merci in tutta l&#8217;UE.\u00a0Dai piccoli pacchi ai carichi pi\u00f9 imponenti, il nostro servizio di corriere internazionale \u00e8 gi\u00e0 stato presente.\u00a0Indubbiamente sanno come garantire la consegna a un prezzo conveniente in modo efficiente.<\/span><br \/>\n<span>Facciamo parte della rete di corrieri internazionali del Regno Unito e dell&#8217;UE e utilizziamo solo i servizi di fornitori professionali e affidabili.\u00a0In effetti, i nostri autisti sono intelligenti, presentabili e dediti a offrire un servizio di altissima qualit\u00e0.\u00a0Quando si parte dal Regno Unito, ad esempio, pianifichiamo traversate in traghetto o tunnel e massimizziamo le opportunit\u00e0 di efficienza per mantenere bassi i costi.<\/span><\/p>\n<p><strong><span>Contattaci!<\/span><\/strong><\/p>\n<p><span>Il nostro servizio di corriere europeo copre tutte le aree dell&#8217;UE.\u00a0Edimburgo a Torino pu\u00f2 sembrare scoraggiante, ma \u00e8 parte integrante della nostra settimana lavorativa.\u00a0Infatti, offrendo servizi di corriere in Francia, Germania, Spagna, Italia, Ungheria, Austria, Portogallo, Grecia e tutti gli Stati membri dell&#8217;UE, far arrivare la consegna a destinazione in tempo \u00e8 la nostra priorit\u00e0.<\/span><br \/>\n<span>Indipendentemente dalle dimensioni o dalla forma della consegna del corriere dell&#8217;UE, puoi rilassarti sapendo che molto probabilmente l&#8217;abbiamo gi\u00e0 fatto.\u00a0Consegna di pacchi grandi e piccoli nell&#8217;UE, comprese scatole, articoli flat pack, dimensioni e forme scomode che possono includere alcuni mobili pi\u00f9 piccoli, computer, file e documenti, la consegna \u00e8 curata come se fosse nostra.<\/span><br \/>\n<span>Per il miglior servizio di corriere europeo e internazionale, non devi cercare oltre.\u00a0In ogni caso, compila il nostro modulo di richiesta o chiamaci.\u00a0Ti risponderemo prontamente con il miglior prezzo possibile per il tuo servizio di consegna pacchi nell&#8217;UE.<\/span><\/p>\n","protected":false},"excerpt":{"rendered":"<p>Corriere europeo e internazionale Il servizio di corriere internazionale offre una consegna rapida ed efficiente di merci e pacchi in tutta Europa. Il nostro esperto team di corrieri internazionali lavora quotidianamente instancabilmente in tutta l&#8217;UE.\u00a0Ci assicuriamo di rispettare le scadenze dei nostri clienti in modo efficiente e puntuale, ogni volta.\u00a0La selezione di un servizio di [&hellip;]<\/p>\n","protected":false},"author":13,"featured_media":0,"parent":0,"menu_order":0,"comment_status":"closed","ping_status":"closed","template":"","meta":[],"yst_prominent_words":[12348,14770,12184,12179,12346,12339,14855,12347,14858,12337,12403],"_links":{"self":[{"href":"https:\/\/europeanmoving.co.uk\/it\/wp-json\/wp\/v2\/pages\/13313"}],"collection":[{"href":"https:\/\/europeanmoving.co.uk\/it\/wp-json\/wp\/v2\/pages"}],"about":[{"href":"https:\/\/europeanmoving.co.uk\/it\/wp-json\/wp\/v2\/types\/page"}],"author":[{"embeddable":true,"href":"https:\/\/europeanmoving.co.uk\/it\/wp-json\/wp\/v2\/users\/13"}],"replies":[{"embeddable":true,"href":"https:\/\/europeanmoving.co.uk\/it\/wp-json\/wp\/v2\/comments?post=13313"}],"version-history":[{"count":3,"href":"https:\/\/europeanmoving.co.uk\/it\/wp-json\/wp\/v2\/pages\/13313\/revisions"}],"predecessor-version":[{"id":22058,"href":"https:\/\/europeanmoving.co.uk\/it\/wp-json\/wp\/v2\/pages\/13313\/revisions\/22058"}],"wp:attachment":[{"href":"https:\/\/europeanmoving.co.uk\/it\/wp-json\/wp\/v2\/media?parent=13313"}],"wp:term":[{"taxonomy":"yst_prominent_words","embeddable":true,"href":"https:\/\/europeanmoving.co.uk\/it\/wp-json\/wp\/v2\/yst_prominent_words?post=13313"}],"curies":[{"name":"wp","href":"https:\/\/api.w.org\/{rel}","templated":true}]}}