{"id":13308,"date":"2019-06-12T14:00:34","date_gmt":"2019-06-12T14:00:34","guid":{"rendered":"http:\/\/europeanmoving.co.uk\/?page_id=13308"},"modified":"2020-09-16T11:40:38","modified_gmt":"2020-09-16T11:40:38","slug":"servizio-di-trasporti-di-materiale-edile-in-tutta-europa","status":"publish","type":"page","link":"https:\/\/europeanmoving.co.uk\/it\/servizio-di-trasporti-di-materiale-edile-in-tutta-europa\/","title":{"rendered":"Servizio di trasporti di materiale edile in tutta Europa"},"content":{"rendered":"<h2><strong><span>Trasporto di materiali da costruzione nell&#8217;UE<\/span><\/strong><\/h2>\n<p><span>Un settore in forte crescita, sia dentro che fuori dal Regno Unito verso l&#8217;Europa, \u00e8 il trasporto di materiali da costruzione.\u00a0La ragione di questa crescita \u00e8 il numero di persone che si spostano e si trasferiscono in Europa e realizzano i loro progetti di costruzione.\u00a0Questi progetti di costruzione richiedono molto spesso i servizi specialistici di un&#8217;azienda di trasporto di materiali da costruzione europea.<\/span><br \/>\n<span>Abbiamo una vasta esperienza nel trasporto di materiali da costruzione in tutta Europa.\u00a0Non c&#8217;\u00e8 molto che non abbiamo spostato per i clienti, inclusi mattoni e isolamento per nuove costruzioni e ristrutturazioni di propriet\u00e0 in Europa.\u00a0Altri rimozioni includono pannelli di cemento, acciaio e materiali per coperture, muri a secco e prodotti in legno.\u00a0Abbiamo trasportato anche cartongesso in Europa, pavimenti, telai di edifici, acciaio e molto altro ancora.<\/span><br \/>\n<span>La natura dei materiali da costruzione che desideri trasportare nell&#8217;UE \u00e8 un elemento cruciale per la determinazione del prezzo.\u00a0\u00c8 essenziale selezionare il veicolo corretto ed economico che porter\u00e0 i materiali da costruzione a destinazione.\u00a0Ad esempio, i vostri materiali da costruzione sono impermeabili o necessitano di protezione durante il trasporto nell&#8217;UE?\u00a0Possono essere imballati in piano su un trasportatore a rimorchio aperto?\u00a0O sono materiali da costruzione insoliti o scomodi, come alcuni prodotti per tetti?<\/span><\/p>\n<h1 class=\"title-heading-left\"><strong><span>Trasporto e logistica dei materiali da costruzione<\/span><\/strong><\/h1>\n<p><span>Anche il peso dei vostri materiali da costruzione destinati all&#8217;UE \u00e8, ovviamente, una considerazione significativa.\u00a0Mattoni, scossaline di piombo e cartongesso si sommano a pesi notevoli.<\/span><br \/>\n<span>Molte persone hanno bisogno del trasporto di materiali da costruzione in Europa a causa della natura specialistica dei prodotti disponibili nel Regno Unito, o perch\u00e9 sono semplicemente molto pi\u00f9 economici, anche dopo aver incluso i costi di trasporto.\u00a0Progetti di costruzione pi\u00f9 grandi o ristrutturazioni di edifici nell&#8217;UE possono essere costosi, ed \u00e8 spesso conveniente trasportare materiali da costruzione nell&#8217;UE piuttosto che acquistarli l\u00ec.<\/span><br \/>\n<span>Traghetto o tunnel?\u00a0Strade a pedaggio o cross country?\u00a0Quanto tempo ci vorr\u00e0 per far trasportare i materiali da costruzione in Europa?\u00a0C&#8217;\u00e8 una scadenza per il loro arrivo o una certa flessibilit\u00e0?\u00a0I materiali da costruzione sono assicurati durante il transito?\u00a0L&#8217;assicurazione li copre una volta scesi dal furgone a destinazione?\u00a0Il sito \u00e8 di facile accesso e anche facile da scaricare?\u00a0Avrai bisogno di ascensori per scaricare i tuoi materiali da costruzione o gli autisti della societ\u00e0 di traslochi europea possono occuparsene per te?\u00a0Solo alcune delle domande che devono essere prese in considerazione quando si seleziona un&#8217;azienda di rimozione e trasporto di materiali da costruzione che si rechi in Europa per te.<\/span><\/p>\n","protected":false},"excerpt":{"rendered":"<p>Trasporto di materiali da costruzione nell&#8217;UE Un settore in forte crescita, sia dentro che fuori dal Regno Unito verso l&#8217;Europa, \u00e8 il trasporto di materiali da costruzione.\u00a0La ragione di questa crescita \u00e8 il numero di persone che si spostano e si trasferiscono in Europa e realizzano i loro progetti di costruzione.\u00a0Questi progetti di costruzione richiedono [&hellip;]<\/p>\n","protected":false},"author":13,"featured_media":0,"parent":0,"menu_order":0,"comment_status":"closed","ping_status":"closed","template":"","meta":[],"yst_prominent_words":[],"_links":{"self":[{"href":"https:\/\/europeanmoving.co.uk\/it\/wp-json\/wp\/v2\/pages\/13308"}],"collection":[{"href":"https:\/\/europeanmoving.co.uk\/it\/wp-json\/wp\/v2\/pages"}],"about":[{"href":"https:\/\/europeanmoving.co.uk\/it\/wp-json\/wp\/v2\/types\/page"}],"author":[{"embeddable":true,"href":"https:\/\/europeanmoving.co.uk\/it\/wp-json\/wp\/v2\/users\/13"}],"replies":[{"embeddable":true,"href":"https:\/\/europeanmoving.co.uk\/it\/wp-json\/wp\/v2\/comments?post=13308"}],"version-history":[{"count":5,"href":"https:\/\/europeanmoving.co.uk\/it\/wp-json\/wp\/v2\/pages\/13308\/revisions"}],"predecessor-version":[{"id":21970,"href":"https:\/\/europeanmoving.co.uk\/it\/wp-json\/wp\/v2\/pages\/13308\/revisions\/21970"}],"wp:attachment":[{"href":"https:\/\/europeanmoving.co.uk\/it\/wp-json\/wp\/v2\/media?parent=13308"}],"wp:term":[{"taxonomy":"yst_prominent_words","embeddable":true,"href":"https:\/\/europeanmoving.co.uk\/it\/wp-json\/wp\/v2\/yst_prominent_words?post=13308"}],"curies":[{"name":"wp","href":"https:\/\/api.w.org\/{rel}","templated":true}]}}