{"id":13300,"date":"2019-06-12T13:14:52","date_gmt":"2019-06-12T13:14:52","guid":{"rendered":"http:\/\/europeanmoving.co.uk\/?page_id=13300"},"modified":"2020-09-16T13:07:18","modified_gmt":"2020-09-16T13:07:18","slug":"trasporti-internazionali-nautica","status":"publish","type":"page","link":"https:\/\/europeanmoving.co.uk\/it\/trasporti-internazionali-nautica\/","title":{"rendered":"Un servizio di trasporti internazionali per la nautica in tutta Europa"},"content":{"rendered":"<h1 class=\"title-heading-left\"><strong><span>Trasporto di parti marittime europee<\/span><\/strong><\/h1>\n<p><span>Il trasporto europeo di componenti marittimi si sta sviluppando a un ritmo molto rapido, poich\u00e9 la domanda di componenti di seconda mano \u00e8 fortemente aumentata.<\/span><\/p>\n<p><strong><span>Trasporto di componenti marittimi in Europa: per cosa?<\/span><\/strong><br \/>\n<span>Al giorno d&#8217;oggi ci dedichiamo pi\u00f9 che mai alle attivit\u00e0 acquatiche: dalle piccole imbarcazioni per la pesca come hobby allo sci d&#8217;acqua come parte di un&#8217;attivit\u00e0 estiva.\u00a0Di conseguenza, il mantenimento di ogni hobby o attivit\u00e0 commerciale richiede una scelta di materiali adeguati, preferibilmente a un prezzo ragionevole.<\/span><br \/>\n<span>Fortunatamente, il mercato offre ai clienti una vasta gamma di prodotti per soddisfare le loro esigenze.\u00a0Tuttavia, a volte non si tratta di trovare la parte giusta, ma i mezzi per trasportarla da un luogo a un altro.<\/span><br \/>\n<span>Sebbene alcuni dei nomi importanti del settore forniscano i propri servizi di trasporto, ci\u00f2 non sempre si applica alle aziende pi\u00f9 piccole o ai privati.\u00a0L&#8217;opzione migliore \u00e8 trovare un&#8217;azienda di trasporti affidabile con esperienza nel settore.\u00a0\u00c8 un compito pi\u00f9 facile di quanto sembri.<\/span><br \/>\n<span>\u00c8 qui che il nostro servizio di trasporto di componenti marittimi europeo pu\u00f2 essere d&#8217;aiuto.\u00a0Che si tratti di un motore fuoribordo o di un&#8217;attrezzatura da pesca, trasporteremo tutte le parti necessarie fino alla tua posizione.\u00a0Sar\u00e0 sicuro e conveniente.\u00a0E non \u00e8 tutto!<\/span><br \/>\n<span>Potresti essere quello che vende parti marine e sta considerando di espandere l&#8217;attivit\u00e0 sui mercati di tutta Europa.\u00a0In tal caso, ci occuperemo del trasporto internazionale alle stesse buone condizioni.<\/span><\/p>\n<p><strong><span>Trasporto di componenti marittimi in Europa: come funziona?<\/span><\/strong><br \/>\n<span>\u00c8 una vendita regolare.<\/span><br \/>\n<span>Compila semplicemente il modulo online o chiamaci.\u00a0Il nostro team dedicato di coordinatori dei trasporti prender\u00e0 i tuoi dati e ti fornir\u00e0 un preventivo gratuito per le tue esigenze.\u00a0I nostri autisti attraversano l&#8217;Europa ogni giorno.\u00a0Ci\u00f2 significa che siamo in grado di ritirare il tuo motore o la tua attrezzatura da pesca dal Regno Unito e portartela in Spagna o dalla Germania alla Grecia.<\/span><\/p>\n<p><span>Se il mare \u00e8 la tua passione, siamo qui per aiutarti a perseguirla.<\/span><\/p>\n","protected":false},"excerpt":{"rendered":"<p>Trasporto di parti marittime europee Il trasporto europeo di componenti marittimi si sta sviluppando a un ritmo molto rapido, poich\u00e9 la domanda di componenti di seconda mano \u00e8 fortemente aumentata. Trasporto di componenti marittimi in Europa: per cosa? Al giorno d&#8217;oggi ci dedichiamo pi\u00f9 che mai alle attivit\u00e0 acquatiche: dalle piccole imbarcazioni per la pesca [&hellip;]<\/p>\n","protected":false},"author":13,"featured_media":0,"parent":0,"menu_order":0,"comment_status":"closed","ping_status":"closed","template":"","meta":[],"yst_prominent_words":[12354,12404,3939,12184,409,12964,14861,3863],"_links":{"self":[{"href":"https:\/\/europeanmoving.co.uk\/it\/wp-json\/wp\/v2\/pages\/13300"}],"collection":[{"href":"https:\/\/europeanmoving.co.uk\/it\/wp-json\/wp\/v2\/pages"}],"about":[{"href":"https:\/\/europeanmoving.co.uk\/it\/wp-json\/wp\/v2\/types\/page"}],"author":[{"embeddable":true,"href":"https:\/\/europeanmoving.co.uk\/it\/wp-json\/wp\/v2\/users\/13"}],"replies":[{"embeddable":true,"href":"https:\/\/europeanmoving.co.uk\/it\/wp-json\/wp\/v2\/comments?post=13300"}],"version-history":[{"count":3,"href":"https:\/\/europeanmoving.co.uk\/it\/wp-json\/wp\/v2\/pages\/13300\/revisions"}],"predecessor-version":[{"id":22015,"href":"https:\/\/europeanmoving.co.uk\/it\/wp-json\/wp\/v2\/pages\/13300\/revisions\/22015"}],"wp:attachment":[{"href":"https:\/\/europeanmoving.co.uk\/it\/wp-json\/wp\/v2\/media?parent=13300"}],"wp:term":[{"taxonomy":"yst_prominent_words","embeddable":true,"href":"https:\/\/europeanmoving.co.uk\/it\/wp-json\/wp\/v2\/yst_prominent_words?post=13300"}],"curies":[{"name":"wp","href":"https:\/\/api.w.org\/{rel}","templated":true}]}}