{"id":13290,"date":"2019-06-12T11:50:22","date_gmt":"2019-06-12T11:50:22","guid":{"rendered":"http:\/\/europeanmoving.co.uk\/un-servizio-di-trasporti-internazionali-dedicato-a-tutti-i-rivenditori-per-inviare-ricambi-auto-in-tutta-europa\/"},"modified":"2020-09-16T17:45:39","modified_gmt":"2020-09-16T17:45:39","slug":"trasporti-internazionali-auto-ricambi","status":"publish","type":"page","link":"https:\/\/europeanmoving.co.uk\/it\/trasporti-internazionali-auto-ricambi\/","title":{"rendered":"Un servizio di trasporti internazionali dedicato a tutti i rivenditori per inviare ricambi auto in tutta Europa."},"content":{"rendered":"<h1 class=\"title-heading-left\"><strong><span>Trasporto di ricambi auto in Europa<\/span><\/strong><\/h1>\n<p><span>Il trasporto di parti di automobili in Europa rappresenta un mercato in crescita poich\u00e9 la domanda di ricambi di seconda mano si \u00e8 spostata dal tuo deposito di rottami locale a un mercato paneuropeo.<\/span><\/p>\n<h2><strong><span>Trasporto di componenti per auto in Europa: per cosa?<\/span><\/strong><\/h2>\n<p><span>La nostra dipendenza dai veicoli a motore &#8211; automobili, biciclette, camion, ecc. \u00c8 aumentata in modo significativo negli ultimi 40 anni.\u00a0Tuttavia mantenerli \u00e8 anche pi\u00f9 specializzato e pi\u00f9 costoso.\u00a0Fortunatamente, e in gran parte grazie a certi siti di aste online, l&#8217;offerta di ricambi non \u00e8 mai stata cos\u00ec ricca.\u00a0L&#8217;unico problema che deve essere risolto \u00e8 quello dei trasporti.<\/span><\/p>\n<p><span>Naturalmente, la maggior parte dei nuovi rivenditori di ricambi per auto e i pi\u00f9 grandi rivenditori di seconda mano hanno il proprio servizio di corriere.\u00a0Ma questo non \u00e8 certo il caso dei venditori pi\u00f9 piccoli e dei privati \u200b\u200bche, avendo appena acquistato una nuova serie di leghe, vendono le vecchie leghe online.<\/span><br \/>\n<span>Ed \u00e8 qui che interviene il nostro servizio di trasporto di parti di automobili in Europa. Trasporteremo tutti i pezzi necessari fino alla vostra posizione;\u00a0sar\u00e0 sicuro e ad un prezzo che ti piacer\u00e0.\u00a0Ma c&#8217;\u00e8 di pi\u00f9!<\/span><\/p>\n<p><span>Potresti vendere invece di comprare.\u00a0Invece di limitare il tuo mercato alla tua citt\u00e0 locale, potresti beneficiare del regolamento UE che afferma:<\/span><br \/>\n<span>&#8220;Le merci che sono state prodotte nell&#8217;Unione europea (UE), o che sono state importate in un paese dell&#8217;UE con dazi pagati, sono&#8221; in libera circolazione &#8216;all&#8217;interno dell&#8217;UE.\u00a0Il dazio doganale non \u00e8 dovuto sugli acquisti (importazioni o acquisti) di beni in libera pratica &#8220;.<\/span><br \/>\n<span>In altre parole, puoi vendere in tutta l&#8217;UE, noi ci occuperemo del tuo trasporto internazionale e non avrai tasse o dazi da pagare.<\/span><\/p>\n<h2><strong><span>Trasporto di ricambi auto in Europa: come funziona?<\/span><\/strong><\/h2>\n<p><span>Facile e veloce.<\/span><br \/>\n<span>Compila semplicemente il modulo online o chiamaci.\u00a0Il nostro team dedicato di coordinatori dei trasporti prender\u00e0 i tuoi dati e ti fornir\u00e0 un preventivo gratuito per le tue esigenze.\u00a0I nostri autisti attraversano l&#8217;Europa ogni giorno.\u00a0Ci\u00f2 significa che siamo pronti a ritirare il tuo motore o il tuo cambio dal Regno Unito e portartelo in Spagna o dalla Germania alla Grecia.<\/span><br \/>\n<span>Il mondo sta progredendo a un ritmo estremamente veloce ed \u00e8 fondamentale per noi stare al passo.\u00a0Quindi non esitare a contattarci, siamo qui per aiutarti!<\/span><\/p>\n","protected":false},"excerpt":{"rendered":"<p>Trasporto di ricambi auto in Europa Il trasporto di parti di automobili in Europa rappresenta un mercato in crescita poich\u00e9 la domanda di ricambi di seconda mano si \u00e8 spostata dal tuo deposito di rottami locale a un mercato paneuropeo. Trasporto di componenti per auto in Europa: per cosa? La nostra dipendenza dai veicoli a [&hellip;]<\/p>\n","protected":false},"author":13,"featured_media":0,"parent":0,"menu_order":0,"comment_status":"closed","ping_status":"closed","template":"","meta":[],"yst_prominent_words":[14961,14965,14963,13052,13129,14959],"_links":{"self":[{"href":"https:\/\/europeanmoving.co.uk\/it\/wp-json\/wp\/v2\/pages\/13290"}],"collection":[{"href":"https:\/\/europeanmoving.co.uk\/it\/wp-json\/wp\/v2\/pages"}],"about":[{"href":"https:\/\/europeanmoving.co.uk\/it\/wp-json\/wp\/v2\/types\/page"}],"author":[{"embeddable":true,"href":"https:\/\/europeanmoving.co.uk\/it\/wp-json\/wp\/v2\/users\/13"}],"replies":[{"embeddable":true,"href":"https:\/\/europeanmoving.co.uk\/it\/wp-json\/wp\/v2\/comments?post=13290"}],"version-history":[{"count":2,"href":"https:\/\/europeanmoving.co.uk\/it\/wp-json\/wp\/v2\/pages\/13290\/revisions"}],"predecessor-version":[{"id":22030,"href":"https:\/\/europeanmoving.co.uk\/it\/wp-json\/wp\/v2\/pages\/13290\/revisions\/22030"}],"wp:attachment":[{"href":"https:\/\/europeanmoving.co.uk\/it\/wp-json\/wp\/v2\/media?parent=13290"}],"wp:term":[{"taxonomy":"yst_prominent_words","embeddable":true,"href":"https:\/\/europeanmoving.co.uk\/it\/wp-json\/wp\/v2\/yst_prominent_words?post=13290"}],"curies":[{"name":"wp","href":"https:\/\/api.w.org\/{rel}","templated":true}]}}