{"id":13265,"date":"2019-06-12T08:33:58","date_gmt":"2019-06-12T08:33:58","guid":{"rendered":"http:\/\/europeanmoving.co.uk\/?page_id=13265"},"modified":"2020-09-17T10:09:57","modified_gmt":"2020-09-17T10:09:57","slug":"pallet-groupage-europa","status":"publish","type":"page","link":"https:\/\/europeanmoving.co.uk\/it\/pallet-groupage-europa\/","title":{"rendered":"European Moving offre una rete di pallet e groupage che copre e raggiunge tutta Europa."},"content":{"rendered":"<h1 class=\"title-heading-left\"><strong><span>Rete europea di pallet e groupage<\/span><\/strong><\/h1>\n<p><span>La spedizione rappresenta una spesa considerevole per milioni di imprese europee.\u00a0Ma con l&#8217;aiuto della nostra rete europea di pallet e groupage, offriamo una gamma di servizi per far fronte a tali costi.<\/span><\/p>\n<p><img src=\"https:\/\/europeanmoving.im\/wp-content\/uploads\/2018\/07\/pallets-transport.jpg\" \/><\/p>\n<p><span>Il groupage \u00e8 uno di questi servizi.\u00a0Imballando carichi pi\u00f9 piccoli in una singola spedizione, siamo in grado di fornire traslochi internazionali pi\u00f9 economici ed ecologici.\u00a0Il groupage \u00e8 un&#8217;opzione sensata per le spedizioni pi\u00f9 piccole che non possono giustificare un intero camion a se stesse.\u00a0Permetter\u00e0 di dividere carichi pi\u00f9 grandi in carichi pi\u00f9 piccoli senza che nessun camion aggiuntivo debba lasciare il deposito.<\/span><br \/>\n<span>Un groupage efficace richiede un coordinamento sofisticato, del tipo che viene fornito solo con l&#8217;esperienza.\u00a0Abbiamo perfezionato i nostri metodi nel corso di otto anni, trasportando merci in tutta Europa.\u00a0Con una rete europea di pallet e groupage di partner fidati a nostra disposizione, siamo in grado di orchestrare tutto con precisione.\u00a0Le spedizioni sono guidate alle loro destinazioni instradando attraverso hub privi di attrito.<\/span><\/p>\n<h2><strong><span>La rivoluzione dello storage<\/span><\/strong><\/h2>\n<p><span>I pallet impilabili sono stati con noi nella loro forma attuale sin dallo sviluppo del carrello elevatore a met\u00e0 del XX secolo.\u00a0Stanno trovando un uso crescente nel settore dei consumatori cos\u00ec come la loro tradizionale innovazione business-to-business.<\/span><br \/>\n<span>Il pallet ha rivoluzionato lo stoccaggio e il magazzinaggio, consentendo di sollevare verticalmente anche gli articoli pi\u00f9 pesanti.\u00a0Con l&#8217;ausilio di un carrello elevatore dedicato o di una sponda montata sul retro di un camion.\u00a0Che tu stia cercando di spedire un pallet o cinquecento, siamo in grado di portarli ovunque in Europa tu abbia bisogno che si trasferiscano.<\/span><br \/>\n<span>Se stai spedendo qualcosa di particolarmente prezioso o fragile, possiamo fornire un servizio diretto che ridurr\u00e0 al minimo la manipolazione e protegger\u00e0 dalla possibilit\u00e0 di danni accidentali.\u00a0Per quanto semplici o complesse siano le tue esigenze di spedizione, abbiamo un servizio in grado di soddisfarle.\u00a0Inoltre, il nostro personale esperto \u00e8 sempre felice di aiutare e consigliare per garantire il miglior risultato.\u00a0Perch\u00e9 non metterti in contatto con il nostro ufficio e vedere cosa pu\u00f2 fare per te il nostro servizio di trasloco europeo?<\/span><\/p>\n","protected":false},"excerpt":{"rendered":"<p>Rete europea di pallet e groupage La spedizione rappresenta una spesa considerevole per milioni di imprese europee.\u00a0Ma con l&#8217;aiuto della nostra rete europea di pallet e groupage, offriamo una gamma di servizi per far fronte a tali costi. Il groupage \u00e8 uno di questi servizi.\u00a0Imballando carichi pi\u00f9 piccoli in una singola spedizione, siamo in grado [&hellip;]<\/p>\n","protected":false},"author":13,"featured_media":0,"parent":0,"menu_order":0,"comment_status":"closed","ping_status":"closed","template":"","meta":[],"yst_prominent_words":[13297,14882],"_links":{"self":[{"href":"https:\/\/europeanmoving.co.uk\/it\/wp-json\/wp\/v2\/pages\/13265"}],"collection":[{"href":"https:\/\/europeanmoving.co.uk\/it\/wp-json\/wp\/v2\/pages"}],"about":[{"href":"https:\/\/europeanmoving.co.uk\/it\/wp-json\/wp\/v2\/types\/page"}],"author":[{"embeddable":true,"href":"https:\/\/europeanmoving.co.uk\/it\/wp-json\/wp\/v2\/users\/13"}],"replies":[{"embeddable":true,"href":"https:\/\/europeanmoving.co.uk\/it\/wp-json\/wp\/v2\/comments?post=13265"}],"version-history":[{"count":5,"href":"https:\/\/europeanmoving.co.uk\/it\/wp-json\/wp\/v2\/pages\/13265\/revisions"}],"predecessor-version":[{"id":22094,"href":"https:\/\/europeanmoving.co.uk\/it\/wp-json\/wp\/v2\/pages\/13265\/revisions\/22094"}],"wp:attachment":[{"href":"https:\/\/europeanmoving.co.uk\/it\/wp-json\/wp\/v2\/media?parent=13265"}],"wp:term":[{"taxonomy":"yst_prominent_words","embeddable":true,"href":"https:\/\/europeanmoving.co.uk\/it\/wp-json\/wp\/v2\/yst_prominent_words?post=13265"}],"curies":[{"name":"wp","href":"https:\/\/api.w.org\/{rel}","templated":true}]}}