{"id":13259,"date":"2019-06-12T08:26:46","date_gmt":"2019-06-12T08:26:46","guid":{"rendered":"http:\/\/europeanmoving.co.uk\/?page_id=13259"},"modified":"2020-09-17T10:00:47","modified_gmt":"2020-09-17T10:00:47","slug":"distribuzione-import-export-europa","status":"publish","type":"page","link":"https:\/\/europeanmoving.co.uk\/it\/distribuzione-import-export-europa\/","title":{"rendered":"Distribuzione internazionale per ogni necessit\u00e0 di import\/export"},"content":{"rendered":"<h2><strong><span>Ein sicheres Paar H\u00e4nde<\/span><\/strong><\/h2>\n<p><span>Der Export nach Europa kann ein heikles Gesch\u00e4ft sein.\u00a0Unternehmen, die \u00fcber internationale Grenzen hinweg kaufen und verkaufen, ben\u00f6tigen eine robuste und zuverl\u00e4ssige Transportl\u00f6sung.\u00a0Eine, die daf\u00fcr sorgt, dass jedes Gut so ankommt, wie es sollte.\u00a0Unsere europ\u00e4ischen Import- und Exportvertriebsdienste bieten genau eine solche L\u00f6sung.<\/span><br \/>\n<span>Der Versand von Waren nach, von und in ganz Europa ist unsere Daseinsberechtigung.\u00a0Wir helfen seit 2010 internationalen Umzugsunternehmen und H\u00e4ndlern und haben bereits lange zuvor Erfahrung mit europ\u00e4ischen Transporten.\u00a0Mit anderen Worten, wir sind das sichere Paar H\u00e4nde, das Ihr Unternehmen ben\u00f6tigt!<\/span><\/p>\n<h2><strong><span>Kontrollierte Kosten und Sicherheit<\/span><\/strong><\/h2>\n<p><span>F\u00fcr viele Unternehmen macht die \u00dcberseeschifffahrt einen erheblichen Teil der Gesamtausgaben aus.\u00a0Wir helfen Ihnen dabei, diese Kosten zu senken, indem wir internationale Versandangebote erstellen, die Ihre Augen nicht tr\u00e4nen lassen.\u00a0Wir versuchen nicht, Ihnen Ladedienste zu verkaufen, die Sie nicht ben\u00f6tigen.\u00a0Unser Load &amp; Go-Transportservice erm\u00f6glicht es unserem Fahrer, mit dem Fahren fortzufahren und die Einsparungen an Sie weiterzugeben.<\/span><br \/>\n<span>Jeder unserer Fahrer verwendet ein Satellitennavigationssystem, das ihn \u00fcber Verkehrsprobleme informiert und eine Route um ihn herum bereitstellt.\u00a0Dar\u00fcber hinaus k\u00f6nnen wir jedes Paket verfolgen und Details zu seinem Standort auf dem Weg bereitstellen.\u00a0Mit diesen Informationen k\u00f6nnen wir die Ankunftszeiten genau vorhersagen und unseren Kunden ein beruhigendes Gef\u00fchl geben.<\/span><\/p>\n<h2><strong><span>In Kontakt kommen<\/span><\/strong><\/h2>\n<p><span>Sie finden mindestens einen unserer Verkehrsknotenpunkte nur wenige Stunden von jeder gr\u00f6\u00dferen Stadt in Europa entfernt.\u00a0Wir helfen Ihnen aber auch bei der Bew\u00e4ltigung anspruchsvollerer Standorte.\u00a0Wir versenden auf die Balearen, die Kanarischen Inseln, Zypern und jede abgelegene norwegische Insel.\u00a0Unsere Dienstleistungen stehen allen EU-L\u00e4ndern sowie europ\u00e4ischen Nicht-EU-Staaten wie Zypern, Norwegen und der Schweiz zur Verf\u00fcgung.\u00a0Nat\u00fcrlich werden wir auch nach dem Brexit weiter nach Gro\u00dfbritannien liefern!<\/span><br \/>\n<span>Wenn Sie Ihre europ\u00e4ischen Import- und Exportvertriebsanforderungen besprechen m\u00f6chten, wenden Sie sich an unser B\u00fcro.\u00a0Unsere Mitarbeiter sind erfahren, freundlich und kompetent und werden Sie gerne \u00fcber alle verf\u00fcgbaren Optionen informieren.<\/span><\/p>\n","protected":false},"excerpt":{"rendered":"<p>Ein sicheres Paar H\u00e4nde Der Export nach Europa kann ein heikles Gesch\u00e4ft sein.\u00a0Unternehmen, die \u00fcber internationale Grenzen hinweg kaufen und verkaufen, ben\u00f6tigen eine robuste und zuverl\u00e4ssige Transportl\u00f6sung.\u00a0Eine, die daf\u00fcr sorgt, dass jedes Gut so ankommt, wie es sollte.\u00a0Unsere europ\u00e4ischen Import- und Exportvertriebsdienste bieten genau eine solche L\u00f6sung. Der Versand von Waren nach, von und in [&hellip;]<\/p>\n","protected":false},"author":13,"featured_media":0,"parent":0,"menu_order":0,"comment_status":"closed","ping_status":"closed","template":"","meta":[],"yst_prominent_words":[5911,5851,6224,6263,5853,6757,6774,6772,6775,6219,6482,5844,6265,6777,5939,6770,6769],"_links":{"self":[{"href":"https:\/\/europeanmoving.co.uk\/it\/wp-json\/wp\/v2\/pages\/13259"}],"collection":[{"href":"https:\/\/europeanmoving.co.uk\/it\/wp-json\/wp\/v2\/pages"}],"about":[{"href":"https:\/\/europeanmoving.co.uk\/it\/wp-json\/wp\/v2\/types\/page"}],"author":[{"embeddable":true,"href":"https:\/\/europeanmoving.co.uk\/it\/wp-json\/wp\/v2\/users\/13"}],"replies":[{"embeddable":true,"href":"https:\/\/europeanmoving.co.uk\/it\/wp-json\/wp\/v2\/comments?post=13259"}],"version-history":[{"count":5,"href":"https:\/\/europeanmoving.co.uk\/it\/wp-json\/wp\/v2\/pages\/13259\/revisions"}],"predecessor-version":[{"id":22087,"href":"https:\/\/europeanmoving.co.uk\/it\/wp-json\/wp\/v2\/pages\/13259\/revisions\/22087"}],"wp:attachment":[{"href":"https:\/\/europeanmoving.co.uk\/it\/wp-json\/wp\/v2\/media?parent=13259"}],"wp:term":[{"taxonomy":"yst_prominent_words","embeddable":true,"href":"https:\/\/europeanmoving.co.uk\/it\/wp-json\/wp\/v2\/yst_prominent_words?post=13259"}],"curies":[{"name":"wp","href":"https:\/\/api.w.org\/{rel}","templated":true}]}}